{"id":1094,"date":"2022-01-19T11:33:39","date_gmt":"2022-01-19T10:33:39","guid":{"rendered":"https:\/\/ariste.aeneasroute.org\/ariste\/?page_id=1094"},"modified":"2022-06-16T16:15:05","modified_gmt":"2022-06-16T14:15:05","slug":"edremit","status":"publish","type":"page","link":"https:\/\/ariste.aeneasroute.org\/en\/edremit\/","title":{"rendered":"Edremit"},"content":{"rendered":"\t\t<div data-elementor-type=\"wp-page\" data-elementor-id=\"1094\" class=\"elementor elementor-1094\">\n\t\t\t\t\t\t\t\t\t<section class=\"elementor-section elementor-top-section elementor-element elementor-element-0f4aad4 elementor-section-height-full elementor-section-stretched elementor-section-boxed elementor-section-height-default elementor-section-items-middle\" data-id=\"0f4aad4\" data-element_type=\"section\" data-settings=\"{&quot;stretch_section&quot;:&quot;section-stretched&quot;,&quot;background_background&quot;:&quot;classic&quot;}\">\n\t\t\t\t\t\t<div class=\"elementor-container elementor-column-gap-default\">\n\t\t\t\t\t<div class=\"elementor-column elementor-col-100 elementor-top-column elementor-element elementor-element-9a5c600\" data-id=\"9a5c600\" data-element_type=\"column\">\n\t\t\t<div class=\"elementor-widget-wrap elementor-element-populated\">\n\t\t\t\t\t\t\t\t<div class=\"elementor-element elementor-element-b38a2bf elementor-widget elementor-widget-text-editor\" data-id=\"b38a2bf\" data-element_type=\"widget\" data-widget_type=\"text-editor.default\">\n\t\t\t\t<div class=\"elementor-widget-container\">\n\t\t\t<style>\/*! elementor - v3.7.8 - 02-10-2022 *\/\n.elementor-widget-text-editor.elementor-drop-cap-view-stacked .elementor-drop-cap{background-color:#818a91;color:#fff}.elementor-widget-text-editor.elementor-drop-cap-view-framed .elementor-drop-cap{color:#818a91;border:3px solid;background-color:transparent}.elementor-widget-text-editor:not(.elementor-drop-cap-view-default) .elementor-drop-cap{margin-top:8px}.elementor-widget-text-editor:not(.elementor-drop-cap-view-default) .elementor-drop-cap-letter{width:1em;height:1em}.elementor-widget-text-editor .elementor-drop-cap{float:left;text-align:center;line-height:1;font-size:50px}.elementor-widget-text-editor .elementor-drop-cap-letter{display:inline-block}<\/style>\t\t\t\t<h2><span style=\"color: #ffffff;\">EDREMIT<\/span><\/h2><h4 class=\"MsoNormal\" style=\"text-align: justify;\"><span style=\"color: #ffffff;\"><i>A town surrounded by nature, just a stone&#8217;s throw from the starting point of Aeneas&#8217; long and adventurous journey across the Mediterranean<\/i><\/span><\/h4>\t\t\t\t\t\t<\/div>\n\t\t\t\t<\/div>\n\t\t\t\t\t<\/div>\n\t\t<\/div>\n\t\t\t\t\t\t\t<\/div>\n\t\t<\/section>\n\t\t\t\t<section class=\"elementor-section elementor-top-section elementor-element elementor-element-d3e5c3c elementor-section-stretched elementor-section-boxed elementor-section-height-default elementor-section-height-default\" data-id=\"d3e5c3c\" data-element_type=\"section\" data-settings=\"{&quot;stretch_section&quot;:&quot;section-stretched&quot;}\">\n\t\t\t\t\t\t<div class=\"elementor-container elementor-column-gap-wider\">\n\t\t\t\t\t<div class=\"elementor-column elementor-col-100 elementor-top-column elementor-element elementor-element-d6df846\" data-id=\"d6df846\" data-element_type=\"column\">\n\t\t\t<div class=\"elementor-widget-wrap elementor-element-populated\">\n\t\t\t\t\t\t\t\t<section class=\"elementor-section elementor-inner-section elementor-element elementor-element-e098026 elementor-section-boxed elementor-section-height-default elementor-section-height-default\" data-id=\"e098026\" data-element_type=\"section\">\n\t\t\t\t\t\t<div class=\"elementor-container elementor-column-gap-default\">\n\t\t\t\t\t<div class=\"elementor-column elementor-col-100 elementor-inner-column elementor-element elementor-element-9285098\" data-id=\"9285098\" data-element_type=\"column\">\n\t\t\t<div class=\"elementor-widget-wrap elementor-element-populated\">\n\t\t\t\t\t\t\t\t<div class=\"elementor-element elementor-element-55b54ee elementor-widget elementor-widget-text-editor\" data-id=\"55b54ee\" data-element_type=\"widget\" data-widget_type=\"text-editor.default\">\n\t\t\t\t<div class=\"elementor-widget-container\">\n\t\t\t\t\t\t\t<h3><strong>THE CITY OF EDREMIT<\/strong><\/h3><p>The <strong>city of Edremit<\/strong>, located in the Bal\u0131kesir Province district in the Aegean region of Turkey, is an important tourist centre known for its history, the natural scenery surrounding it and its curative thermal waters.<\/p><p>It is also known as the olive oil capital of Turkey, due to the vast expanses of olive trees that cover the countryside around the city.<\/p><p>Edremit is an ideal destination for relaxation, nature walks through the mountains and the green spaces of the <strong>Kazda\u011f\u0131 Mill\u00ee Park\u0131 <\/strong>and <strong>Mount Ida National Park<\/strong>, and for discovering the art and culture that make this place, overlooking the sea, so evocative and inextricably linked to the myth of Aeneas and his long journey across the Mediterranean.<\/p>\t\t\t\t\t\t<\/div>\n\t\t\t\t<\/div>\n\t\t\t\t<div class=\"elementor-element elementor-element-8a1f335 elementor-widget elementor-widget-text-editor\" data-id=\"8a1f335\" data-element_type=\"widget\" data-widget_type=\"text-editor.default\">\n\t\t\t\t<div class=\"elementor-widget-container\">\n\t\t\t\t\t\t\t<h3 style=\"text-align: justify;\"><b>THE ARCHAEOLOGICAL SITE OF ANTANDROS<\/b><\/h3><p>The <strong>ancient city of Antandros is located a <\/strong>few kilometres away from Edremit.<\/p><p>Ancient historians trace the origins of the settlement back to a wide variety of peoples. The first attempts to locate the site of Antandros date back to Schliemann, the discoverer of the legendary city of Troy, who tried to locate the site by sailing up the Gulf of Edremit, following the hypothetical route taken by Aeneas.<\/p><p>Since 2001, systematic excavation campaigns have been undertaken that have led to the identification of the ancient city of Antandros at the site of Altinoluk, near Edremit.<\/p><p>The finds are kept in the &#8216;Kuva-yi Milliye&#8217; National Museum in Bal\u0131kesir, but the Edremit Municipality intends to set up a museum centre for the Antandros archaeological site and other excavations in the area.<\/p><p>So far, in addition to the necropolis, the archaeological excavations have brought to light a section of the city walls and an extraordinary residential villa from the Roman era, built in the 4th century and used until the 6th-7th century AD, which extends over a spectacular terrace overlooking the sea.<\/p><p>In the story of Virgil&#8217;s Aeneid, the Trojan refugees who fled from the burning city of Troy, led by Aeneas, arrive at Antandros, at the foot of Mount Ida, and there build the ships that will take them to Italy, to the coast of Latium.<\/p>\t\t\t\t\t\t<\/div>\n\t\t\t\t<\/div>\n\t\t\t\t<div class=\"elementor-element elementor-element-1d037cf elementor-widget elementor-widget-text-editor\" data-id=\"1d037cf\" data-element_type=\"widget\" data-widget_type=\"text-editor.default\">\n\t\t\t\t<div class=\"elementor-widget-container\">\n\t\t\t\t\t\t\t<h3><strong>MOUNT IDA<\/strong><\/h3><p><strong>Mount Ida <\/strong>is the linchpin of many mythological tales, including the legend of Aeneas. It is said that the wooden horse designed by Ulysses, with which the Greeks conquered Troy, was also made from the wood of its trees.<\/p><p>With its National Park status, gained in 1988, it boasts nine hundred different botanical species, including sixty-eight rare ones. Its fauna is also very rich, with large numbers of wild boar, prairie wolves and foxes.<\/p><p>Mount Ida National Park offers opportunities for a variety of outdoor activities such as forest trekking, mountain biking, jeep safaris, horse riding, climbing, swimming in rivers and lakes. There are also many picnic and rest areas.<\/p><p>If you are travelling and want to visit the town of Edremit and its surroundings, the <strong>\u00c7anakkale Tourist Guide Association <\/strong>is a great way to discover all the treasures of this area and explore the trails of Mount Ida.<\/p>\t\t\t\t\t\t<\/div>\n\t\t\t\t<\/div>\n\t\t\t\t\t<\/div>\n\t\t<\/div>\n\t\t\t\t\t\t\t<\/div>\n\t\t<\/section>\n\t\t\t\t<section class=\"elementor-section elementor-inner-section elementor-element elementor-element-37003d1 elementor-section-boxed elementor-section-height-default elementor-section-height-default\" data-id=\"37003d1\" data-element_type=\"section\">\n\t\t\t\t\t\t<div class=\"elementor-container elementor-column-gap-default\">\n\t\t\t\t\t<div class=\"elementor-column elementor-col-100 elementor-inner-column elementor-element elementor-element-727883c\" data-id=\"727883c\" data-element_type=\"column\">\n\t\t\t<div class=\"elementor-widget-wrap elementor-element-populated\">\n\t\t\t\t\t\t\t\t<div class=\"elementor-element elementor-element-5a77ceb elementor-widget elementor-widget-text-editor\" data-id=\"5a77ceb\" data-element_type=\"widget\" data-widget_type=\"text-editor.default\">\n\t\t\t\t<div class=\"elementor-widget-container\">\n\t\t\t\t\t\t\t<h2>Read more<\/h2>\n<h4><a style=\"text-align: justify; letter-spacing: 0px;\" href=\"https:\/\/www.edremit.bel.tr\/\">Edremit Municipality<\/a><\/h4>\n<h4><a href=\"https:\/\/caro.org.tr\/\">Associazione delle guide turistiche di \u00c7anakkale<\/a><\/h4>\t\t\t\t\t\t<\/div>\n\t\t\t\t<\/div>\n\t\t\t\t<div class=\"elementor-element elementor-element-e809dc1 elementor-widget elementor-widget-lightbox\" data-id=\"e809dc1\" data-element_type=\"widget\" data-widget_type=\"lightbox.default\">\n\t\t\t\t<div class=\"elementor-widget-container\">\n\t\t\t        <div id=\"bdt-lightbox-e809dc1\" class=\"bdt-lightbox-wrapper\">              \n\t\t\t<div data-bdt-lightbox=\" animation: slide; video-autoplay: true;\">\t\t\t\n\n\t\t\t    <a data-elementor-open-lightbox=\"no\" class=\"elementor-button elementor-size-md\" data-caption=\"Edremit\" href=\"https:\/\/www.ariste.aeneasroute.org\/ariste\/wp-content\/uploads\/video\/Video-Edremit.mp4\">\n\n\t\t\t    \t\n\t\t\t\t\t\n\t\t\t\t\t\t\t\t    \t\t\t\t<span class=\"elementor-button-content-wrapper\">\n\t\t\t\t\t\t<span class=\"elementor-button-text\">Promotional video of Edremit Municipality<\/span>\n\t\t<\/span>\n\t\t\t\t\t    \t\t\t    \t<\/a>\n\n\t\t\t\t\n\t\t\t<\/div>     \n        <\/div>\n        \t\t<\/div>\n\t\t\t\t<\/div>\n\t\t\t\t\t<\/div>\n\t\t<\/div>\n\t\t\t\t\t\t\t<\/div>\n\t\t<\/section>\n\t\t\t\t<section class=\"elementor-section elementor-inner-section elementor-element elementor-element-25360e1 elementor-section-boxed elementor-section-height-default elementor-section-height-default\" data-id=\"25360e1\" data-element_type=\"section\">\n\t\t\t\t\t\t<div class=\"elementor-container elementor-column-gap-default\">\n\t\t\t\t\t<div class=\"elementor-column elementor-col-100 elementor-inner-column elementor-element elementor-element-104566d\" data-id=\"104566d\" data-element_type=\"column\">\n\t\t\t<div class=\"elementor-widget-wrap elementor-element-populated\">\n\t\t\t\t\t\t\t\t<div class=\"elementor-element elementor-element-745cb97 elementor-widget elementor-widget-text-editor\" data-id=\"745cb97\" data-element_type=\"widget\" data-widget_type=\"text-editor.default\">\n\t\t\t\t<div class=\"elementor-widget-container\">\n\t\t\t\t\t\t\t<h2><span class=\"themecolor\">Gallery<\/span><\/h2>\t\t\t\t\t\t<\/div>\n\t\t\t\t<\/div>\n\t\t\t\t<div class=\"elementor-element elementor-element-6d83fc7 elementor-arrows-position-inside elementor-pagination-position-outside elementor-widget elementor-widget-image-carousel\" data-id=\"6d83fc7\" data-element_type=\"widget\" data-settings=\"{&quot;navigation&quot;:&quot;both&quot;,&quot;autoplay&quot;:&quot;yes&quot;,&quot;pause_on_hover&quot;:&quot;yes&quot;,&quot;pause_on_interaction&quot;:&quot;yes&quot;,&quot;autoplay_speed&quot;:5000,&quot;infinite&quot;:&quot;yes&quot;,&quot;speed&quot;:500}\" data-widget_type=\"image-carousel.default\">\n\t\t\t\t<div class=\"elementor-widget-container\">\n\t\t\t<style>\/*! elementor - v3.7.8 - 02-10-2022 *\/\n.elementor-widget-image-carousel .swiper-container{position:static}.elementor-widget-image-carousel .swiper-container .swiper-slide figure{line-height:inherit}.elementor-widget-image-carousel .swiper-slide{text-align:center}.elementor-image-carousel-wrapper:not(.swiper-container-initialized) .swiper-slide{max-width:calc(100% \/ var(--e-image-carousel-slides-to-show, 3))}<\/style>\t\t<div class=\"elementor-image-carousel-wrapper swiper-container\" dir=\"ltr\">\n\t\t\t<div class=\"elementor-image-carousel swiper-wrapper\">\n\t\t\t\t\t\t\t\t<div class=\"swiper-slide\"><a data-elementor-open-lightbox=\"yes\" data-elementor-lightbox-slideshow=\"6d83fc7\" data-elementor-lightbox-title=\"Gallery_Edremit_immagine 1\" e-action-hash=\"#elementor-action%3Aaction%3Dlightbox%26settings%3DeyJpZCI6MjQ2LCJ1cmwiOiJodHRwczpcL1wvYXJpc3RlLmFlbmVhc3JvdXRlLm9yZ1wvYXJpc3RlXC93cC1jb250ZW50XC91cGxvYWRzXC8yMDIyXC8wMVwvR2FsbGVyeV9FZHJlbWl0X2ltbWFnaW5lLTEuanBnIiwic2xpZGVzaG93IjoiNmQ4M2ZjNyJ9\" href=\"https:\/\/ariste.aeneasroute.org\/ariste\/wp-content\/uploads\/2022\/01\/Gallery_Edremit_immagine-1.jpg\"><figure class=\"swiper-slide-inner\"><img decoding=\"async\" class=\"swiper-slide-image\" src=\"https:\/\/ariste.aeneasroute.org\/ariste\/wp-content\/uploads\/2022\/01\/Gallery_Edremit_immagine-1.jpg\" alt=\"Gallery_Edremit_immagine 1\" \/><\/figure><\/a><\/div><div class=\"swiper-slide\"><a data-elementor-open-lightbox=\"yes\" data-elementor-lightbox-slideshow=\"6d83fc7\" data-elementor-lightbox-title=\"Gallery_Edremit_immagine 2\" e-action-hash=\"#elementor-action%3Aaction%3Dlightbox%26settings%3DeyJpZCI6MjQ3LCJ1cmwiOiJodHRwczpcL1wvYXJpc3RlLmFlbmVhc3JvdXRlLm9yZ1wvYXJpc3RlXC93cC1jb250ZW50XC91cGxvYWRzXC8yMDIyXC8wMVwvR2FsbGVyeV9FZHJlbWl0X2ltbWFnaW5lLTIuanBnIiwic2xpZGVzaG93IjoiNmQ4M2ZjNyJ9\" href=\"https:\/\/ariste.aeneasroute.org\/ariste\/wp-content\/uploads\/2022\/01\/Gallery_Edremit_immagine-2.jpg\"><figure class=\"swiper-slide-inner\"><img decoding=\"async\" class=\"swiper-slide-image\" src=\"https:\/\/ariste.aeneasroute.org\/ariste\/wp-content\/uploads\/2022\/01\/Gallery_Edremit_immagine-2.jpg\" alt=\"Gallery_Edremit_immagine 2\" \/><\/figure><\/a><\/div><div class=\"swiper-slide\"><a data-elementor-open-lightbox=\"yes\" data-elementor-lightbox-slideshow=\"6d83fc7\" data-elementor-lightbox-title=\"Gallery_Edremit_immagine 3\" e-action-hash=\"#elementor-action%3Aaction%3Dlightbox%26settings%3DeyJpZCI6MjQ4LCJ1cmwiOiJodHRwczpcL1wvYXJpc3RlLmFlbmVhc3JvdXRlLm9yZ1wvYXJpc3RlXC93cC1jb250ZW50XC91cGxvYWRzXC8yMDIyXC8wMVwvR2FsbGVyeV9FZHJlbWl0X2ltbWFnaW5lLTMuanBnIiwic2xpZGVzaG93IjoiNmQ4M2ZjNyJ9\" href=\"https:\/\/ariste.aeneasroute.org\/ariste\/wp-content\/uploads\/2022\/01\/Gallery_Edremit_immagine-3.jpg\"><figure class=\"swiper-slide-inner\"><img decoding=\"async\" class=\"swiper-slide-image\" src=\"https:\/\/ariste.aeneasroute.org\/ariste\/wp-content\/uploads\/2022\/01\/Gallery_Edremit_immagine-3.jpg\" alt=\"Gallery_Edremit_immagine 3\" \/><\/figure><\/a><\/div><div class=\"swiper-slide\"><a data-elementor-open-lightbox=\"yes\" data-elementor-lightbox-slideshow=\"6d83fc7\" data-elementor-lightbox-title=\"Gallery_Edremit_immagine 7\" e-action-hash=\"#elementor-action%3Aaction%3Dlightbox%26settings%3DeyJpZCI6MjUyLCJ1cmwiOiJodHRwczpcL1wvYXJpc3RlLmFlbmVhc3JvdXRlLm9yZ1wvYXJpc3RlXC93cC1jb250ZW50XC91cGxvYWRzXC8yMDIyXC8wMVwvR2FsbGVyeV9FZHJlbWl0X2ltbWFnaW5lLTcuanBnIiwic2xpZGVzaG93IjoiNmQ4M2ZjNyJ9\" href=\"https:\/\/ariste.aeneasroute.org\/ariste\/wp-content\/uploads\/2022\/01\/Gallery_Edremit_immagine-7.jpg\"><figure class=\"swiper-slide-inner\"><img decoding=\"async\" class=\"swiper-slide-image\" src=\"https:\/\/ariste.aeneasroute.org\/ariste\/wp-content\/uploads\/2022\/01\/Gallery_Edremit_immagine-7.jpg\" alt=\"Gallery_Edremit_immagine 7\" \/><\/figure><\/a><\/div><div class=\"swiper-slide\"><a data-elementor-open-lightbox=\"yes\" data-elementor-lightbox-slideshow=\"6d83fc7\" data-elementor-lightbox-title=\"Gallery_Edremit_immagine 12\" e-action-hash=\"#elementor-action%3Aaction%3Dlightbox%26settings%3DeyJpZCI6MjU3LCJ1cmwiOiJodHRwczpcL1wvYXJpc3RlLmFlbmVhc3JvdXRlLm9yZ1wvYXJpc3RlXC93cC1jb250ZW50XC91cGxvYWRzXC8yMDIyXC8wMVwvR2FsbGVyeV9FZHJlbWl0X2ltbWFnaW5lLTEyLmpwZyIsInNsaWRlc2hvdyI6IjZkODNmYzcifQ%3D%3D\" href=\"https:\/\/ariste.aeneasroute.org\/ariste\/wp-content\/uploads\/2022\/01\/Gallery_Edremit_immagine-12.jpg\"><figure class=\"swiper-slide-inner\"><img decoding=\"async\" class=\"swiper-slide-image\" src=\"https:\/\/ariste.aeneasroute.org\/ariste\/wp-content\/uploads\/2022\/01\/Gallery_Edremit_immagine-12.jpg\" alt=\"Gallery_Edremit_immagine 12\" \/><\/figure><\/a><\/div><div class=\"swiper-slide\"><a data-elementor-open-lightbox=\"yes\" data-elementor-lightbox-slideshow=\"6d83fc7\" data-elementor-lightbox-title=\"Gallery_Edremit_immagine 4\" e-action-hash=\"#elementor-action%3Aaction%3Dlightbox%26settings%3DeyJpZCI6MjQ5LCJ1cmwiOiJodHRwczpcL1wvYXJpc3RlLmFlbmVhc3JvdXRlLm9yZ1wvYXJpc3RlXC93cC1jb250ZW50XC91cGxvYWRzXC8yMDIyXC8wMVwvR2FsbGVyeV9FZHJlbWl0X2ltbWFnaW5lLTQuanBnIiwic2xpZGVzaG93IjoiNmQ4M2ZjNyJ9\" href=\"https:\/\/ariste.aeneasroute.org\/ariste\/wp-content\/uploads\/2022\/01\/Gallery_Edremit_immagine-4.jpg\"><figure class=\"swiper-slide-inner\"><img decoding=\"async\" class=\"swiper-slide-image\" src=\"https:\/\/ariste.aeneasroute.org\/ariste\/wp-content\/uploads\/2022\/01\/Gallery_Edremit_immagine-4.jpg\" alt=\"Gallery_Edremit_immagine 4\" \/><\/figure><\/a><\/div><div class=\"swiper-slide\"><a data-elementor-open-lightbox=\"yes\" data-elementor-lightbox-slideshow=\"6d83fc7\" data-elementor-lightbox-title=\"Gallery_Edremit_immagine 11\" e-action-hash=\"#elementor-action%3Aaction%3Dlightbox%26settings%3DeyJpZCI6MjU2LCJ1cmwiOiJodHRwczpcL1wvYXJpc3RlLmFlbmVhc3JvdXRlLm9yZ1wvYXJpc3RlXC93cC1jb250ZW50XC91cGxvYWRzXC8yMDIyXC8wMVwvR2FsbGVyeV9FZHJlbWl0X2ltbWFnaW5lLTExLmpwZyIsInNsaWRlc2hvdyI6IjZkODNmYzcifQ%3D%3D\" href=\"https:\/\/ariste.aeneasroute.org\/ariste\/wp-content\/uploads\/2022\/01\/Gallery_Edremit_immagine-11.jpg\"><figure class=\"swiper-slide-inner\"><img decoding=\"async\" class=\"swiper-slide-image\" src=\"https:\/\/ariste.aeneasroute.org\/ariste\/wp-content\/uploads\/2022\/01\/Gallery_Edremit_immagine-11.jpg\" alt=\"Gallery_Edremit_immagine 11\" \/><\/figure><\/a><\/div><div class=\"swiper-slide\"><a data-elementor-open-lightbox=\"yes\" data-elementor-lightbox-slideshow=\"6d83fc7\" data-elementor-lightbox-title=\"Gallery_Edremit_immagine 10\" e-action-hash=\"#elementor-action%3Aaction%3Dlightbox%26settings%3DeyJpZCI6MjU1LCJ1cmwiOiJodHRwczpcL1wvYXJpc3RlLmFlbmVhc3JvdXRlLm9yZ1wvYXJpc3RlXC93cC1jb250ZW50XC91cGxvYWRzXC8yMDIyXC8wMVwvR2FsbGVyeV9FZHJlbWl0X2ltbWFnaW5lLTEwLmpwZyIsInNsaWRlc2hvdyI6IjZkODNmYzcifQ%3D%3D\" href=\"https:\/\/ariste.aeneasroute.org\/ariste\/wp-content\/uploads\/2022\/01\/Gallery_Edremit_immagine-10.jpg\"><figure class=\"swiper-slide-inner\"><img decoding=\"async\" class=\"swiper-slide-image\" src=\"https:\/\/ariste.aeneasroute.org\/ariste\/wp-content\/uploads\/2022\/01\/Gallery_Edremit_immagine-10.jpg\" alt=\"Gallery_Edremit_immagine 10\" \/><\/figure><\/a><\/div><div class=\"swiper-slide\"><a data-elementor-open-lightbox=\"yes\" data-elementor-lightbox-slideshow=\"6d83fc7\" data-elementor-lightbox-title=\"Gallery_Edremit_immagine 9\" e-action-hash=\"#elementor-action%3Aaction%3Dlightbox%26settings%3DeyJpZCI6MjU0LCJ1cmwiOiJodHRwczpcL1wvYXJpc3RlLmFlbmVhc3JvdXRlLm9yZ1wvYXJpc3RlXC93cC1jb250ZW50XC91cGxvYWRzXC8yMDIyXC8wMVwvR2FsbGVyeV9FZHJlbWl0X2ltbWFnaW5lLTkuanBnIiwic2xpZGVzaG93IjoiNmQ4M2ZjNyJ9\" href=\"https:\/\/ariste.aeneasroute.org\/ariste\/wp-content\/uploads\/2022\/01\/Gallery_Edremit_immagine-9.jpg\"><figure class=\"swiper-slide-inner\"><img decoding=\"async\" class=\"swiper-slide-image\" src=\"https:\/\/ariste.aeneasroute.org\/ariste\/wp-content\/uploads\/2022\/01\/Gallery_Edremit_immagine-9.jpg\" alt=\"Gallery_Edremit_immagine 9\" \/><\/figure><\/a><\/div><div class=\"swiper-slide\"><a data-elementor-open-lightbox=\"yes\" data-elementor-lightbox-slideshow=\"6d83fc7\" data-elementor-lightbox-title=\"Gallery_Edremit_immagine 8\" e-action-hash=\"#elementor-action%3Aaction%3Dlightbox%26settings%3DeyJpZCI6MjUzLCJ1cmwiOiJodHRwczpcL1wvYXJpc3RlLmFlbmVhc3JvdXRlLm9yZ1wvYXJpc3RlXC93cC1jb250ZW50XC91cGxvYWRzXC8yMDIyXC8wMVwvR2FsbGVyeV9FZHJlbWl0X2ltbWFnaW5lLTguanBnIiwic2xpZGVzaG93IjoiNmQ4M2ZjNyJ9\" href=\"https:\/\/ariste.aeneasroute.org\/ariste\/wp-content\/uploads\/2022\/01\/Gallery_Edremit_immagine-8.jpg\"><figure class=\"swiper-slide-inner\"><img decoding=\"async\" class=\"swiper-slide-image\" src=\"https:\/\/ariste.aeneasroute.org\/ariste\/wp-content\/uploads\/2022\/01\/Gallery_Edremit_immagine-8.jpg\" alt=\"Gallery_Edremit_immagine 8\" \/><\/figure><\/a><\/div><div class=\"swiper-slide\"><a data-elementor-open-lightbox=\"yes\" data-elementor-lightbox-slideshow=\"6d83fc7\" data-elementor-lightbox-title=\"Gallery_Edremit_immagine 6\" e-action-hash=\"#elementor-action%3Aaction%3Dlightbox%26settings%3DeyJpZCI6MjUxLCJ1cmwiOiJodHRwczpcL1wvYXJpc3RlLmFlbmVhc3JvdXRlLm9yZ1wvYXJpc3RlXC93cC1jb250ZW50XC91cGxvYWRzXC8yMDIyXC8wMVwvR2FsbGVyeV9FZHJlbWl0X2ltbWFnaW5lLTYuanBnIiwic2xpZGVzaG93IjoiNmQ4M2ZjNyJ9\" href=\"https:\/\/ariste.aeneasroute.org\/ariste\/wp-content\/uploads\/2022\/01\/Gallery_Edremit_immagine-6.jpg\"><figure class=\"swiper-slide-inner\"><img decoding=\"async\" class=\"swiper-slide-image\" src=\"https:\/\/ariste.aeneasroute.org\/ariste\/wp-content\/uploads\/2022\/01\/Gallery_Edremit_immagine-6.jpg\" alt=\"Gallery_Edremit_immagine 6\" \/><\/figure><\/a><\/div><div class=\"swiper-slide\"><a data-elementor-open-lightbox=\"yes\" data-elementor-lightbox-slideshow=\"6d83fc7\" data-elementor-lightbox-title=\"Gallery_Edremit_immagine 5\" e-action-hash=\"#elementor-action%3Aaction%3Dlightbox%26settings%3DeyJpZCI6MjUwLCJ1cmwiOiJodHRwczpcL1wvYXJpc3RlLmFlbmVhc3JvdXRlLm9yZ1wvYXJpc3RlXC93cC1jb250ZW50XC91cGxvYWRzXC8yMDIyXC8wMVwvR2FsbGVyeV9FZHJlbWl0X2ltbWFnaW5lLTUuanBnIiwic2xpZGVzaG93IjoiNmQ4M2ZjNyJ9\" href=\"https:\/\/ariste.aeneasroute.org\/ariste\/wp-content\/uploads\/2022\/01\/Gallery_Edremit_immagine-5.jpg\"><figure class=\"swiper-slide-inner\"><img decoding=\"async\" class=\"swiper-slide-image\" src=\"https:\/\/ariste.aeneasroute.org\/ariste\/wp-content\/uploads\/2022\/01\/Gallery_Edremit_immagine-5.jpg\" alt=\"Gallery_Edremit_immagine 5\" \/><\/figure><\/a><\/div>\t\t\t<\/div>\n\t\t\t\t\t\t\t\t\t\t\t\t<div class=\"swiper-pagination\"><\/div>\n\t\t\t\t\t\t\t\t\t\t\t\t\t<div class=\"elementor-swiper-button elementor-swiper-button-prev\">\n\t\t\t\t\t\t<i aria-hidden=\"true\" class=\"eicon-chevron-left\"><\/i>\t\t\t\t\t\t<span class=\"elementor-screen-only\">Previous<\/span>\n\t\t\t\t\t<\/div>\n\t\t\t\t\t<div class=\"elementor-swiper-button elementor-swiper-button-next\">\n\t\t\t\t\t\t<i aria-hidden=\"true\" class=\"eicon-chevron-right\"><\/i>\t\t\t\t\t\t<span class=\"elementor-screen-only\">Next<\/span>\n\t\t\t\t\t<\/div>\n\t\t\t\t\t\t\t\t\t<\/div>\n\t\t\t\t<\/div>\n\t\t\t\t<\/div>\n\t\t\t\t<div class=\"elementor-element elementor-element-060b9c7 elementor-widget elementor-widget-text-editor\" data-id=\"060b9c7\" data-element_type=\"widget\" data-widget_type=\"text-editor.default\">\n\t\t\t\t<div class=\"elementor-widget-container\">\n\t\t\t\t\t\t\t<h2><span class=\"themecolor\">Video<\/span><\/h2>\t\t\t\t\t\t<\/div>\n\t\t\t\t<\/div>\n\t\t\t\t<div class=\"elementor-element elementor-element-c47dfb5 elementor-aspect-ratio-169 elementor-widget elementor-widget-video\" data-id=\"c47dfb5\" data-element_type=\"widget\" data-settings=\"{&quot;video_type&quot;:&quot;hosted&quot;,&quot;show_image_overlay&quot;:&quot;yes&quot;,&quot;image_overlay&quot;:{&quot;url&quot;:&quot;https:\\\/\\\/ariste.aeneasroute.org\\\/ariste\\\/wp-content\\\/uploads\\\/2022\\\/01\\\/Video_Sezione-Experiences_Pagina-Edremit_Moment.jpg&quot;,&quot;id&quot;:374,&quot;alt&quot;:&quot;&quot;,&quot;source&quot;:&quot;library&quot;},&quot;controls&quot;:&quot;yes&quot;,&quot;aspect_ratio&quot;:&quot;169&quot;}\" data-widget_type=\"video.default\">\n\t\t\t\t<div class=\"elementor-widget-container\">\n\t\t\t<style>\/*! elementor - v3.7.8 - 02-10-2022 *\/\n.elementor-widget-video .elementor-widget-container{overflow:hidden;-webkit-transform:translateZ(0);transform:translateZ(0)}.elementor-widget-video .elementor-open-inline .elementor-custom-embed-image-overlay{position:absolute;top:0;left:0;width:100%;height:100%;background-size:cover;background-position:50%}.elementor-widget-video .elementor-custom-embed-image-overlay{cursor:pointer;text-align:center}.elementor-widget-video .elementor-custom-embed-image-overlay:hover .elementor-custom-embed-play i{opacity:1}.elementor-widget-video .elementor-custom-embed-image-overlay img{display:block;width:100%}.elementor-widget-video .e-hosted-video .elementor-video{-o-object-fit:cover;object-fit:cover}.e-container>.elementor-widget-video{width:var(--container-widget-width,100%)}<\/style>\t\t<div class=\"e-hosted-video elementor-wrapper elementor-fit-aspect-ratio elementor-open-inline\">\n\t\t\t\t\t<video class=\"elementor-video\" src=\"https:\/\/ariste.aeneasroute.org\/ariste\/wp-content\/uploads\/video\/Video_Sezione Experiences_Pagina_Edremit.mp4\" controls=\"\" controlsList=\"nodownload\"><\/video>\n\t\t\t\t\t\t<div class=\"elementor-custom-embed-image-overlay\" style=\"background-image: url(https:\/\/ariste.aeneasroute.org\/ariste\/wp-content\/uploads\/2022\/01\/Video_Sezione-Experiences_Pagina-Edremit_Moment.jpg);\">\n\t\t\t\t\t\t\t\t\t\t\t\t\t\t\t\t<div class=\"elementor-custom-embed-play\" role=\"button\" aria-label=\"Play Video\" tabindex=\"0\">\n\t\t\t\t\t\t\t<i aria-hidden=\"true\" class=\"eicon-play\"><\/i>\t\t\t\t\t\t\t<span class=\"elementor-screen-only\">Play Video<\/span>\n\t\t\t\t\t\t<\/div>\n\t\t\t\t\t\t\t\t\t<\/div>\n\t\t\t\t\t<\/div>\n\t\t\t\t<\/div>\n\t\t\t\t<\/div>\n\t\t\t\t\t<\/div>\n\t\t<\/div>\n\t\t\t\t\t\t\t<\/div>\n\t\t<\/section>\n\t\t\t\t\t<\/div>\n\t\t<\/div>\n\t\t\t\t\t\t\t<\/div>\n\t\t<\/section>\n\t\t\t\t\t\t\t<\/div>\n\t\t","protected":false},"excerpt":{"rendered":"<p>EDREMIT A town surrounded by nature, just a stone&#8217;s throw from the starting point of Aeneas&#8217; long and adventurous journey across the Mediterranean THE CITY OF<span class=\"excerpt-hellip\"> [\u2026]<\/span><\/p>\n","protected":false},"author":1,"featured_media":0,"parent":0,"menu_order":0,"comment_status":"closed","ping_status":"closed","template":"","meta":{"footnotes":""},"class_list":["post-1094","page","type-page","status-publish","hentry"],"_links":{"self":[{"href":"https:\/\/ariste.aeneasroute.org\/en\/wp-json\/wp\/v2\/pages\/1094","targetHints":{"allow":["GET"]}}],"collection":[{"href":"https:\/\/ariste.aeneasroute.org\/en\/wp-json\/wp\/v2\/pages"}],"about":[{"href":"https:\/\/ariste.aeneasroute.org\/en\/wp-json\/wp\/v2\/types\/page"}],"author":[{"embeddable":true,"href":"https:\/\/ariste.aeneasroute.org\/en\/wp-json\/wp\/v2\/users\/1"}],"replies":[{"embeddable":true,"href":"https:\/\/ariste.aeneasroute.org\/en\/wp-json\/wp\/v2\/comments?post=1094"}],"version-history":[{"count":7,"href":"https:\/\/ariste.aeneasroute.org\/en\/wp-json\/wp\/v2\/pages\/1094\/revisions"}],"predecessor-version":[{"id":1507,"href":"https:\/\/ariste.aeneasroute.org\/en\/wp-json\/wp\/v2\/pages\/1094\/revisions\/1507"}],"wp:attachment":[{"href":"https:\/\/ariste.aeneasroute.org\/en\/wp-json\/wp\/v2\/media?parent=1094"}],"curies":[{"name":"wp","href":"https:\/\/api.w.org\/{rel}","templated":true}]}}