{"id":1719,"date":"2022-07-19T16:42:11","date_gmt":"2022-07-19T14:42:11","guid":{"rendered":"https:\/\/ariste.aeneasroute.org\/?page_id=1719"},"modified":"2022-07-20T09:58:01","modified_gmt":"2022-07-20T07:58:01","slug":"proceedings-of-the-archaeological-symposium","status":"publish","type":"page","link":"https:\/\/ariste.aeneasroute.org\/en\/proceedings-of-the-archaeological-symposium\/","title":{"rendered":"Proceedings of the Archaeological Symposium"},"content":{"rendered":"\t\t<div data-elementor-type=\"wp-page\" data-elementor-id=\"1719\" class=\"elementor elementor-1719\">\n\t\t\t\t\t\t\t\t\t<section class=\"elementor-section elementor-top-section elementor-element elementor-element-0f4aad4 elementor-section-height-full elementor-section-stretched elementor-section-boxed elementor-section-height-default elementor-section-items-middle\" data-id=\"0f4aad4\" data-element_type=\"section\" data-settings=\"{&quot;stretch_section&quot;:&quot;section-stretched&quot;,&quot;background_background&quot;:&quot;classic&quot;}\">\n\t\t\t\t\t\t<div class=\"elementor-container elementor-column-gap-default\">\n\t\t\t\t\t<div class=\"elementor-column elementor-col-100 elementor-top-column elementor-element elementor-element-9a5c600\" data-id=\"9a5c600\" data-element_type=\"column\">\n\t\t\t<div class=\"elementor-widget-wrap elementor-element-populated\">\n\t\t\t\t\t\t\t\t<div class=\"elementor-element elementor-element-b38a2bf elementor-widget elementor-widget-text-editor\" data-id=\"b38a2bf\" data-element_type=\"widget\" data-widget_type=\"text-editor.default\">\n\t\t\t\t<div class=\"elementor-widget-container\">\n\t\t\t<style>\/*! elementor - v3.7.8 - 02-10-2022 *\/\n.elementor-widget-text-editor.elementor-drop-cap-view-stacked .elementor-drop-cap{background-color:#818a91;color:#fff}.elementor-widget-text-editor.elementor-drop-cap-view-framed .elementor-drop-cap{color:#818a91;border:3px solid;background-color:transparent}.elementor-widget-text-editor:not(.elementor-drop-cap-view-default) .elementor-drop-cap{margin-top:8px}.elementor-widget-text-editor:not(.elementor-drop-cap-view-default) .elementor-drop-cap-letter{width:1em;height:1em}.elementor-widget-text-editor .elementor-drop-cap{float:left;text-align:center;line-height:1;font-size:50px}.elementor-widget-text-editor .elementor-drop-cap-letter{display:inline-block}<\/style>\t\t\t\t<h2><span style=\"color: #ffffff;\">PROCEEDINGS OF THE ARCHAEOLOGICAL SYMPOSIUM<\/span><\/h2>\n<h4 class=\"MsoNormal\" style=\"text-align: justify;\"><span style=\"color: #ffffff;\"><i>\u201cAeneas in the Troas and Latium Regions: Mythology and Archaeology\u201d<\/i><\/span><\/h4>\t\t\t\t\t\t<\/div>\n\t\t\t\t<\/div>\n\t\t\t\t\t<\/div>\n\t\t<\/div>\n\t\t\t\t\t\t\t<\/div>\n\t\t<\/section>\n\t\t\t\t<section class=\"elementor-section elementor-top-section elementor-element elementor-element-d3e5c3c elementor-section-stretched elementor-section-boxed elementor-section-height-default elementor-section-height-default\" data-id=\"d3e5c3c\" data-element_type=\"section\" data-settings=\"{&quot;stretch_section&quot;:&quot;section-stretched&quot;}\">\n\t\t\t\t\t\t<div class=\"elementor-container elementor-column-gap-wider\">\n\t\t\t\t\t<div class=\"elementor-column elementor-col-100 elementor-top-column elementor-element elementor-element-d6df846\" data-id=\"d6df846\" data-element_type=\"column\">\n\t\t\t<div class=\"elementor-widget-wrap elementor-element-populated\">\n\t\t\t\t\t\t\t\t<section class=\"elementor-section elementor-inner-section elementor-element elementor-element-e098026 elementor-section-boxed elementor-section-height-default elementor-section-height-default\" data-id=\"e098026\" data-element_type=\"section\">\n\t\t\t\t\t\t<div class=\"elementor-container elementor-column-gap-default\">\n\t\t\t\t\t<div class=\"elementor-column elementor-col-100 elementor-inner-column elementor-element elementor-element-9285098\" data-id=\"9285098\" data-element_type=\"column\">\n\t\t\t<div class=\"elementor-widget-wrap elementor-element-populated\">\n\t\t\t\t\t\t\t\t<div class=\"elementor-element elementor-element-55b54ee elementor-widget elementor-widget-text-editor\" data-id=\"55b54ee\" data-element_type=\"widget\" data-widget_type=\"text-editor.default\">\n\t\t\t\t<div class=\"elementor-widget-container\">\n\t\t\t\t\t\t\t<h3><strong>PROCEEDINGS OF THE ARCHAEOLOGICAL SYMPOSIUM<\/strong><\/h3><p><strong>One of the main components of the project \u201cOn the Steps of Aeneas\u201d was the International Archaeological Symposium <\/strong>\u201c<strong>Aeneas in the Troas and Latium Regions: Mythology and Archaeology<\/strong>\u201d, held in Edremit (Turkey) on 26 October 2021. Turkish and Italian archaeologists &#8211; involved in the excavation and valorisation of the archaeological sites of Lavinium, Colosseum Palatinum, Troy and Antandros &#8211; worked on <strong>the boundaries and similarities at archaeological and mythological level of the heritage of the figure of Aeneas in Latium and Troas region<\/strong> with presentations and researches shared with the public.<\/p><p>The activity registered a total of<strong> 80 participants from local institutions, universities, municipalities and ministries, among which<\/strong>: Ministry of Culture of Turkish Republic, Governatorate of Balikesir, General Directorate of Cultural Heritage and Museum of Ministry of Culture and Tourism of Turkish Republic, EPA Bureau Member Representative of Turkey, Directorate for Culture of Balikesir, Directorate for Culture and Tourism of \u00c7anakkale, Directorate for Museums of Balikesir, Agency for the Development of South Marmara Region, Director and vice Director of Archaeological site of Troy (UNESCO), Director of Archaeological Museum of Troy, member of archaeological equip of Antandros, Director of Colosseum Archaeological Park (UNESCO), Director of Archaeological Park of Butrint (UNESCO), Director of Archaeological Site of Lavinium, representative of MiC Ministry of Culture of Italian Republic, Municipality of Bal\u0131kesir, Municipality of Edremit, Municipality of \u00c7anakkale, representatives of T\u00fcrkiye Tourism Promotion and Development Agency of Culture and Tourism Ministry of Turkish Republic, University of Balikesir, University of \u00c7anakkale and Sapienza University of Rome.<\/p><p>The programme of the international Symposium was organised in two sessions. The first one titled \u201c<strong>Troas Region: the escape and the departure<\/strong>\u201d was moderated by Alfonsina Russo with the contribution and speeches of the Turkish academic board and was intended to deepen <strong>the legend of Aeneas and its correspondences with the archaeological, historical and landscape heritage peculiar of the Troas region<\/strong>. The second session, moderated by Prof. Rustem Aslan, was titled \u201c<strong>The arrival of Aeneas to Latium<\/strong>\u201d and was dedicated to <strong>the cultural, historical, archaeological implication created by the cultural heritage of the legend of Aeneas among the local ancient populations<\/strong> with a particular attention to the correspondences between the characteristics of Latium and Troas regions.<\/p>\t\t\t\t\t\t<\/div>\n\t\t\t\t<\/div>\n\t\t\t\t<div class=\"elementor-element elementor-element-7414391 elementor-widget elementor-widget-text-editor\" data-id=\"7414391\" data-element_type=\"widget\" data-widget_type=\"text-editor.default\">\n\t\t\t\t<div class=\"elementor-widget-container\">\n\t\t\t\t\t\t\t<h3><strong>Read the Proceedings of the International Symposium &gt;&gt;<\/strong><\/h3>\n<ul>\n<li><a href=\"https:\/\/ariste.aeneasroute.org\/ariste\/wp-content\/uploads\/2022\/07\/01-ON-THE-STEPS-OF-AENEAS-ENEA.pdf\" target=\"_blank\" rel=\"noopener\"><strong>Selman Hasan Arslan &#8211; Tamer Acar &#8211; Giovanni Cafiero: \u201cOn the Steps of Aeneas: A Common Cultural Heritage Between Italy and T\u00fcrkiye. Farewell speeches to the Edremit Symposium, 26 October 2021\u201d<\/strong><\/a><\/li>\n<li><a href=\"https:\/\/ariste.aeneasroute.org\/ariste\/wp-content\/uploads\/2022\/07\/02-INTRODUCTION-ENEA-2.pdf\" target=\"_blank\" rel=\"noopener\"><strong>Sandra Gatti: \u201cIntroduction\u201d<\/strong><\/a><\/li>\n<li><a href=\"https:\/\/ariste.aeneasroute.org\/ariste\/wp-content\/uploads\/2022\/07\/03-Aslan-ENEA-3.pdf\" target=\"_blank\" rel=\"noopener\"><strong>R\u00fcstem Aslan: \u201cHow Troy Became the Mother City of Rome\u201d<\/strong><\/a><\/li>\n<li><a href=\"https:\/\/ariste.aeneasroute.org\/ariste\/wp-content\/uploads\/2022\/07\/04-Korpe-ENEA-4.pdf\" target=\"_blank\" rel=\"noopener\"><strong>Rehyan K\u00f6rpe: \u201cPrince Aeneas of Dardanos: his position in Trojan mythology and his reflections in Troy in ancient times\u201d<\/strong><\/a><\/li>\n<li><a href=\"https:\/\/ariste.aeneasroute.org\/ariste\/wp-content\/uploads\/2022\/07\/05-Golcuck-ENEA-5.pdf\" target=\"_blank\" rel=\"noopener\"><strong>Ridvan G\u00f6lc\u00fcck: \u201cAeneas Diplomacy\u201d<\/strong><\/a><\/li>\n<li><a href=\"https:\/\/ariste.aeneasroute.org\/ariste\/wp-content\/uploads\/2022\/07\/06-Yilmaz-Del-Monaco-ENEA-6.pdf\" target=\"_blank\" rel=\"noopener\"><strong>Aytekin Yilmaz: \u201cLiterature Research about the ancient city of Antandros\u201d &amp; Lavinio Del Monaco: \u201cThe mosaic inscription\u201d<\/strong><\/a><\/li>\n<li><a href=\"https:\/\/ariste.aeneasroute.org\/ariste\/wp-content\/uploads\/2022\/07\/07-Lentano-ENEA-7.pdf\" target=\"_blank\" rel=\"noopener\"><strong>Mario Lentano: \u201cTo deserve one\u2019s descendants. <\/strong><strong>Anchises, Aeneas and the future of Rome in Virgil\u201d<\/strong><\/a><\/li>\n<li><a href=\"https:\/\/ariste.aeneasroute.org\/ariste\/wp-content\/uploads\/2022\/07\/08-Jaia-ENEA-8.pdf\" target=\"_blank\" rel=\"noopener\"><strong>Alessandro Maria Jaia: \u201cEnea and the Trojan Topography of Lavinium\u201d<\/strong><\/a><\/li>\n<li><a href=\"https:\/\/ariste.aeneasroute.org\/ariste\/wp-content\/uploads\/2022\/07\/09-Gatti-ENEA-9.pdf\" target=\"_blank\" rel=\"noopener\"><strong>Sandra Gatti: \u201cThe places of Aeneas in Lazio between myth and archaeology\u201d<\/strong><\/a><\/li>\n<li><a href=\"https:\/\/ariste.aeneasroute.org\/ariste\/wp-content\/uploads\/2022\/07\/10-Russo-ENEA-10.pdf\" target=\"_blank\" rel=\"noopener\"><strong>Alfonsina Russo: \u201cThe places of Aeneas in Rome\u201d<\/strong><\/a><\/li>\n<li><a href=\"https:\/\/ariste.aeneasroute.org\/ariste\/wp-content\/uploads\/2022\/07\/11-Fortuna-ENEA-11.pdf\" target=\"_blank\" rel=\"noopener\"><strong>Daniele Fortuna: The iconography of Aeneas\u2019 escape from Troy in the European figurative culture\u201d<\/strong><\/a><\/li>\n<li><a href=\"https:\/\/ariste.aeneasroute.org\/ariste\/wp-content\/uploads\/2022\/07\/ENEA.pdf\" target=\"_blank\" rel=\"noopener\"><strong>Full Volume \u201cAeneas in the Troas and Latium Regions: Mythology and Archaeology. Proceedings of the International Symposium<\/strong><strong>\u201d<\/strong><\/a><\/li>\n<\/ul>\t\t\t\t\t\t<\/div>\n\t\t\t\t<\/div>\n\t\t\t\t\t<\/div>\n\t\t<\/div>\n\t\t\t\t\t\t\t<\/div>\n\t\t<\/section>\n\t\t\t\t\t<\/div>\n\t\t<\/div>\n\t\t\t\t\t\t\t<\/div>\n\t\t<\/section>\n\t\t\t\t\t\t\t<\/div>\n\t\t","protected":false},"excerpt":{"rendered":"<p>PROCEEDINGS OF THE ARCHAEOLOGICAL SYMPOSIUM \u201cAeneas in the Troas and Latium Regions: Mythology and Archaeology\u201d PROCEEDINGS OF THE ARCHAEOLOGICAL SYMPOSIUM One of the main components of<span class=\"excerpt-hellip\"> [\u2026]<\/span><\/p>\n","protected":false},"author":1,"featured_media":0,"parent":0,"menu_order":0,"comment_status":"closed","ping_status":"closed","template":"","meta":{"footnotes":""},"class_list":["post-1719","page","type-page","status-publish","hentry"],"_links":{"self":[{"href":"https:\/\/ariste.aeneasroute.org\/en\/wp-json\/wp\/v2\/pages\/1719","targetHints":{"allow":["GET"]}}],"collection":[{"href":"https:\/\/ariste.aeneasroute.org\/en\/wp-json\/wp\/v2\/pages"}],"about":[{"href":"https:\/\/ariste.aeneasroute.org\/en\/wp-json\/wp\/v2\/types\/page"}],"author":[{"embeddable":true,"href":"https:\/\/ariste.aeneasroute.org\/en\/wp-json\/wp\/v2\/users\/1"}],"replies":[{"embeddable":true,"href":"https:\/\/ariste.aeneasroute.org\/en\/wp-json\/wp\/v2\/comments?post=1719"}],"version-history":[{"count":7,"href":"https:\/\/ariste.aeneasroute.org\/en\/wp-json\/wp\/v2\/pages\/1719\/revisions"}],"predecessor-version":[{"id":1785,"href":"https:\/\/ariste.aeneasroute.org\/en\/wp-json\/wp\/v2\/pages\/1719\/revisions\/1785"}],"wp:attachment":[{"href":"https:\/\/ariste.aeneasroute.org\/en\/wp-json\/wp\/v2\/media?parent=1719"}],"curies":[{"name":"wp","href":"https:\/\/api.w.org\/{rel}","templated":true}]}}