{"id":1283,"date":"2022-01-18T16:37:03","date_gmt":"2022-01-18T15:37:03","guid":{"rendered":"https:\/\/ariste.aeneasroute.org\/ariste\/?page_id=1283"},"modified":"2022-06-23T17:03:19","modified_gmt":"2022-06-23T15:03:19","slug":"aeneasin-izinde-projesi","status":"publish","type":"page","link":"https:\/\/ariste.aeneasroute.org\/tr\/aeneasin-izinde-projesi\/","title":{"rendered":"Aeneas\u2019in \u0130zinde Projesi"},"content":{"rendered":"\t\t<div data-elementor-type=\"wp-page\" data-elementor-id=\"1283\" class=\"elementor elementor-1283\">\n\t\t\t\t\t\t\t\t\t<section class=\"elementor-section elementor-top-section elementor-element elementor-element-0f4aad4 elementor-section-height-full elementor-section-stretched elementor-section-boxed elementor-section-height-default elementor-section-items-middle\" data-id=\"0f4aad4\" data-element_type=\"section\" data-settings=\"{&quot;stretch_section&quot;:&quot;section-stretched&quot;,&quot;background_background&quot;:&quot;classic&quot;}\">\n\t\t\t\t\t\t<div class=\"elementor-container elementor-column-gap-default\">\n\t\t\t\t\t<div class=\"elementor-column elementor-col-100 elementor-top-column elementor-element elementor-element-9a5c600\" data-id=\"9a5c600\" data-element_type=\"column\">\n\t\t\t<div class=\"elementor-widget-wrap elementor-element-populated\">\n\t\t\t\t\t\t\t\t<div class=\"elementor-element elementor-element-b38a2bf elementor-widget elementor-widget-text-editor\" data-id=\"b38a2bf\" data-element_type=\"widget\" data-widget_type=\"text-editor.default\">\n\t\t\t\t<div class=\"elementor-widget-container\">\n\t\t\t<style>\/*! elementor - v3.7.8 - 02-10-2022 *\/\n.elementor-widget-text-editor.elementor-drop-cap-view-stacked .elementor-drop-cap{background-color:#818a91;color:#fff}.elementor-widget-text-editor.elementor-drop-cap-view-framed .elementor-drop-cap{color:#818a91;border:3px solid;background-color:transparent}.elementor-widget-text-editor:not(.elementor-drop-cap-view-default) .elementor-drop-cap{margin-top:8px}.elementor-widget-text-editor:not(.elementor-drop-cap-view-default) .elementor-drop-cap-letter{width:1em;height:1em}.elementor-widget-text-editor .elementor-drop-cap{float:left;text-align:center;line-height:1;font-size:50px}.elementor-widget-text-editor .elementor-drop-cap-letter{display:inline-block}<\/style>\t\t\t\t<h2><span style=\"color: #ffffff;\">AENEAS\u2019IN \u0130Z\u0130NDE PROJES\u0130<\/span><\/h2>\t\t\t\t\t\t<\/div>\n\t\t\t\t<\/div>\n\t\t\t\t\t<\/div>\n\t\t<\/div>\n\t\t\t\t\t\t\t<\/div>\n\t\t<\/section>\n\t\t\t\t<section class=\"elementor-section elementor-top-section elementor-element elementor-element-d3e5c3c elementor-section-stretched elementor-section-boxed elementor-section-height-default elementor-section-height-default\" data-id=\"d3e5c3c\" data-element_type=\"section\" data-settings=\"{&quot;stretch_section&quot;:&quot;section-stretched&quot;}\">\n\t\t\t\t\t\t<div class=\"elementor-container elementor-column-gap-wider\">\n\t\t\t\t\t<div class=\"elementor-column elementor-col-100 elementor-top-column elementor-element elementor-element-d6df846\" data-id=\"d6df846\" data-element_type=\"column\">\n\t\t\t<div class=\"elementor-widget-wrap elementor-element-populated\">\n\t\t\t\t\t\t\t\t<section class=\"elementor-section elementor-inner-section elementor-element elementor-element-e098026 elementor-section-boxed elementor-section-height-default elementor-section-height-default\" data-id=\"e098026\" data-element_type=\"section\">\n\t\t\t\t\t\t<div class=\"elementor-container elementor-column-gap-default\">\n\t\t\t\t\t<div class=\"elementor-column elementor-col-100 elementor-inner-column elementor-element elementor-element-9285098\" data-id=\"9285098\" data-element_type=\"column\">\n\t\t\t<div class=\"elementor-widget-wrap elementor-element-populated\">\n\t\t\t\t\t\t\t\t<div class=\"elementor-element elementor-element-55b54ee elementor-widget elementor-widget-text-editor\" data-id=\"55b54ee\" data-element_type=\"widget\" data-widget_type=\"text-editor.default\">\n\t\t\t\t<div class=\"elementor-widget-container\">\n\t\t\t\t\t\t\t<h3><strong>AENEAS\u2019IN \u0130Z\u0130NDE PROJES\u0130<\/strong><\/h3><p><strong>Aeneas\u2019\u0131n \u0130zinde: \u0130talya ile T\u00fcrkiye Aras\u0131nda Ortak K\u00fclt\u00fcr Miras\u0131<\/strong> T.C. K\u00fclt\u00fcr ve Turizm Bakanl\u0131\u011f\u0131 taraf\u0131ndan Avrupa Birli\u011fi\u2019nin mali deste\u011fi ile hayata ge\u00e7irilen \u201cOrtak K\u00fclt\u00fcr Miras\u0131: T\u00fcrkiye ve AB Aras\u0131nda Koruma ve Diyalog-II (CCH-II) Hibe Program\u0131\u201d kapsam\u0131nda hibe deste\u011fi alm\u0131\u015ft\u0131r. \u201cOrtak K\u00fclt\u00fcr Miras\u0131: T\u00fcrkiye ve AB Aras\u0131nda Koruma ve Diyalog-II (CCH-II) Hibe Program\u0131\u201dn\u0131n \u00a0S\u00f6zle\u015fme Makam\u0131, Merkezi Finans ve \u0130hale Birimi olup. T\u00fcrkiye ve AB kurulu\u015flar\u0131 aras\u0131nda ortakla\u015fa uygulanan ortak k\u00fclt\u00fcrel miras faaliyetlerinin te\u015fvik edilmesini ve geli\u015ftirilmesini ama\u00e7lamaktad\u0131r. Bu hibe program\u0131n\u0131n genel hedefi, k\u00fclt\u00fcr, sanat ve k\u00fclt\u00fcrel miras yoluyla sivil toplum diyalo\u011funun, k\u00fclt\u00fcrel miras konusunda uluslararas\u0131 i\u015fbirli\u011finin geli\u015ftirilmesi ve T\u00fcrkiye\u2019de k\u00fclt\u00fcrel de\u011ferlerin te\u015fvik edilmesidir.<\/p><p><strong>Aeneas\u2019\u0131n Rotas\u0131 Derne\u011fi<\/strong> taraf\u0131ndan <strong>Edremit Belediyesi<\/strong> ve <strong>Roma Sapienza \u00dcniversitesi \u0130leti\u015fim ve Sosyal Ara\u015ft\u0131rmalar B\u00f6l\u00fcm\u00fc<\/strong> ile i\u015fbirli\u011fi halinde hayata ge\u00e7irilen proje, Akdeniz\u2019e k\u0131y\u0131s\u0131 olan vatanda\u015flar aras\u0131nda diyalo\u011fun ve i\u015fbirli\u011finin te\u015fvik edilmesinde k\u00fclt\u00fcr\u00fcn temel bir g\u00f6revi oldu\u011fu fikrine dayanmaktad\u0131r.<\/p><p>Aeneas\u2019\u0131n \u0130zinde projesinin i\u00e7inde yer ald\u0131\u011f\u0131 \u201cSivil Toplum Diyalo\u011fu\u201dprogram\u0131n\u0131n iki \u00f6nemli hedefini bir araya getirmektedir: Sivil toplum ile kamu kurumlar\u0131 aras\u0131nda diyalog olu\u015fturmak ve ortak bir Avrupa k\u00fclt\u00fcr\u00fcn\u00fc hayata ge\u00e7irmek. Ayr\u0131ca program\u0131n amac\u0131 ise <strong>Avrupa ile T\u00fcrkiye aras\u0131nda payla\u015f\u0131lan ortak k\u00fclt\u00fcre de\u011fer katmakt\u0131r<\/strong>. \u0130\u015fte bu \u00e7er\u00e7eve i\u00e7ine oturtulmu\u015f olan Aeneas Rotas\u0131, Truval\u0131 bu kahraman taraf\u0131ndan yap\u0131lan yolculu\u011fa ait efsane arac\u0131l\u0131\u011f\u0131yla son derece \u00f6nemli bir unsur haline gelmektedir.<\/p><p>Projede kapsam\u0131nda \u201c<strong>Troas ve Latium b\u00f6lgesindeki Aeneas: Mitoloji ve Arkeoloji<\/strong>\u201d Uluslararas\u0131 Konferans\u0131 Edremit\u2019te 26 Ekim 2021 tarihinde ger\u00e7ekle\u015ftirildi. O etkinlik ile birlikte s\u00f6z konusu b\u00f6lgelerde \u00e7al\u0131\u015fmalar\u0131 olan \u0130talyan ve T\u00fcrk akademisyenler, efsaneye konu olan yolculu\u011fun ba\u015flad\u0131\u011f\u0131 ve sona erdi\u011fi yerleri bar\u0131nd\u0131ran b\u00f6lgeler hakk\u0131nda sahip olduklar\u0131 bilgileri, hem edebi kaynaklarda yer alan tan\u0131kl\u0131klar hem de arkeolojiye ba\u011fl\u0131 veriler a\u00e7\u0131s\u0131ndan payla\u015fma ve kar\u015f\u0131la\u015ft\u0131rma f\u0131rsat\u0131 elde ettiler.<\/p><p>Konunun daha derinlemesine incelenmesi ve \u201ciyi uygulama\u201d de\u011fi\u015fimi i\u00e7in bir ba\u015fka f\u0131rsat olu\u015fturan \u201c<strong>Avrupa Konseyi K\u00fclt\u00fcr Rotalar\u0131: Turizmin Rejenerasyonu ve Ortak Avrupa Kimli\u011finin G\u00fc\u00e7lendirilmesi<\/strong>\u201d ba\u015fl\u0131\u011f\u0131 alt\u0131nda Roma\u2019da 25 Ocak 2022 tarihinde Roma La Sapienza \u00dcniversitesi b\u00fcnyesinde organize edilen Uluslararas\u0131 Seminer\u2019in hedefi ise, k\u00fclt\u00fcr varl\u0131klar\u0131n eri\u015filebilirli\u011fini artt\u0131ran dijital ara\u00e7lar vas\u0131tas\u0131yla arkeolojik ve k\u00fclt\u00fcrel varl\u0131klardan daha fazla yararlanmak ve yeni ziyaret deneyimleri edinmeyi kolayla\u015ft\u0131rmak amac\u0131yla dijitalle\u015fme anafikrini ara\u015ft\u0131rmak ve incelemektir.<\/p><p>\u201dAeneas\u2019\u0131n \u0130zinde\u201d projesi ayn\u0131 zamanda<strong> A.R.I.S.T.E. (Aeneas Rotas\u0131 E\u011fitim ve Turizm Bilgi Sistemi)<\/strong> adl\u0131 <strong>interaktif dijital platformun<\/strong> olu\u015fturulmas\u0131n\u0131 da sa\u011flad\u0131. Platform, Aeneas \u00a0Rotas\u0131 i\u00e7inde kalan arkeolojik alanlarda sanal gezintiler yapmak, hem deniz hem kara yolu \u00fczerinden deneyime dayal\u0131 bir turizm etkinli\u011fi i\u00e7in gerekli bilgiler ve multimedya i\u00e7erikleri sunarak Aeneas Rotas\u0131n\u0131 olu\u015fturan yerle\u015fim yerlerinde turizmin geli\u015fmesine katk\u0131 vermek, ayr\u0131ca Aeneas Efsanesi\u2019nin edebiyat, sanat ve arkeoloji arac\u0131l\u0131\u011f\u0131yla \u00f6zellikle yeni nesiller aras\u0131nda tan\u0131nmas\u0131n\u0131 ve yayg\u0131nla\u015fmas\u0131n\u0131 sa\u011flamak gibi i\u015flevler \u00fcstlenmektedir.<\/p>\t\t\t\t\t\t<\/div>\n\t\t\t\t<\/div>\n\t\t\t\t\t<\/div>\n\t\t<\/div>\n\t\t\t\t\t\t\t<\/div>\n\t\t<\/section>\n\t\t\t\t\t<\/div>\n\t\t<\/div>\n\t\t\t\t\t\t\t<\/div>\n\t\t<\/section>\n\t\t\t\t\t\t\t<\/div>\n\t\t","protected":false},"excerpt":{"rendered":"<p>AENEAS\u2019IN \u0130Z\u0130NDE PROJES\u0130 AENEAS\u2019IN \u0130Z\u0130NDE PROJES\u0130 Aeneas\u2019\u0131n \u0130zinde: \u0130talya ile T\u00fcrkiye Aras\u0131nda Ortak K\u00fclt\u00fcr Miras\u0131 T.C. K\u00fclt\u00fcr ve Turizm Bakanl\u0131\u011f\u0131 taraf\u0131ndan Avrupa Birli\u011fi\u2019nin mali deste\u011fi ile<span class=\"excerpt-hellip\"> [\u2026]<\/span><\/p>\n","protected":false},"author":1,"featured_media":0,"parent":0,"menu_order":0,"comment_status":"closed","ping_status":"closed","template":"","meta":{"footnotes":""},"class_list":["post-1283","page","type-page","status-publish","hentry"],"_links":{"self":[{"href":"https:\/\/ariste.aeneasroute.org\/tr\/wp-json\/wp\/v2\/pages\/1283","targetHints":{"allow":["GET"]}}],"collection":[{"href":"https:\/\/ariste.aeneasroute.org\/tr\/wp-json\/wp\/v2\/pages"}],"about":[{"href":"https:\/\/ariste.aeneasroute.org\/tr\/wp-json\/wp\/v2\/types\/page"}],"author":[{"embeddable":true,"href":"https:\/\/ariste.aeneasroute.org\/tr\/wp-json\/wp\/v2\/users\/1"}],"replies":[{"embeddable":true,"href":"https:\/\/ariste.aeneasroute.org\/tr\/wp-json\/wp\/v2\/comments?post=1283"}],"version-history":[{"count":13,"href":"https:\/\/ariste.aeneasroute.org\/tr\/wp-json\/wp\/v2\/pages\/1283\/revisions"}],"predecessor-version":[{"id":1653,"href":"https:\/\/ariste.aeneasroute.org\/tr\/wp-json\/wp\/v2\/pages\/1283\/revisions\/1653"}],"wp:attachment":[{"href":"https:\/\/ariste.aeneasroute.org\/tr\/wp-json\/wp\/v2\/media?parent=1283"}],"curies":[{"name":"wp","href":"https:\/\/api.w.org\/{rel}","templated":true}]}}