{"id":1292,"date":"2022-01-18T16:44:25","date_gmt":"2022-01-18T15:44:25","guid":{"rendered":"https:\/\/ariste.aeneasroute.org\/ariste\/?page_id=1292"},"modified":"2022-06-23T17:09:10","modified_gmt":"2022-06-23T15:09:10","slug":"aeneas-rotasi-dernegi","status":"publish","type":"page","link":"https:\/\/ariste.aeneasroute.org\/tr\/aeneas-rotasi-dernegi\/","title":{"rendered":"Aeneas Rotasi Derne\u011fi"},"content":{"rendered":"\t\t<div data-elementor-type=\"wp-page\" data-elementor-id=\"1292\" class=\"elementor elementor-1292\">\n\t\t\t\t\t\t\t\t\t<section class=\"elementor-section elementor-top-section elementor-element elementor-element-0f4aad4 elementor-section-height-full elementor-section-stretched elementor-section-boxed elementor-section-height-default elementor-section-items-middle\" data-id=\"0f4aad4\" data-element_type=\"section\" data-settings=\"{&quot;stretch_section&quot;:&quot;section-stretched&quot;,&quot;background_background&quot;:&quot;classic&quot;}\">\n\t\t\t\t\t\t<div class=\"elementor-container elementor-column-gap-default\">\n\t\t\t\t\t<div class=\"elementor-column elementor-col-100 elementor-top-column elementor-element elementor-element-9a5c600\" data-id=\"9a5c600\" data-element_type=\"column\">\n\t\t\t<div class=\"elementor-widget-wrap elementor-element-populated\">\n\t\t\t\t\t\t\t\t<div class=\"elementor-element elementor-element-b38a2bf elementor-widget elementor-widget-text-editor\" data-id=\"b38a2bf\" data-element_type=\"widget\" data-widget_type=\"text-editor.default\">\n\t\t\t\t<div class=\"elementor-widget-container\">\n\t\t\t<style>\/*! elementor - v3.7.8 - 02-10-2022 *\/\n.elementor-widget-text-editor.elementor-drop-cap-view-stacked .elementor-drop-cap{background-color:#818a91;color:#fff}.elementor-widget-text-editor.elementor-drop-cap-view-framed .elementor-drop-cap{color:#818a91;border:3px solid;background-color:transparent}.elementor-widget-text-editor:not(.elementor-drop-cap-view-default) .elementor-drop-cap{margin-top:8px}.elementor-widget-text-editor:not(.elementor-drop-cap-view-default) .elementor-drop-cap-letter{width:1em;height:1em}.elementor-widget-text-editor .elementor-drop-cap{float:left;text-align:center;line-height:1;font-size:50px}.elementor-widget-text-editor .elementor-drop-cap-letter{display:inline-block}<\/style>\t\t\t\t<h2><span style=\"color: #ffffff;\">AENEAS ROTASI DERNE\u011e\u0130<\/span><\/h2>\t\t\t\t\t\t<\/div>\n\t\t\t\t<\/div>\n\t\t\t\t\t<\/div>\n\t\t<\/div>\n\t\t\t\t\t\t\t<\/div>\n\t\t<\/section>\n\t\t\t\t<section class=\"elementor-section elementor-top-section elementor-element elementor-element-d3e5c3c elementor-section-stretched elementor-section-boxed elementor-section-height-default elementor-section-height-default\" data-id=\"d3e5c3c\" data-element_type=\"section\" data-settings=\"{&quot;stretch_section&quot;:&quot;section-stretched&quot;}\">\n\t\t\t\t\t\t<div class=\"elementor-container elementor-column-gap-wider\">\n\t\t\t\t\t<div class=\"elementor-column elementor-col-100 elementor-top-column elementor-element elementor-element-d6df846\" data-id=\"d6df846\" data-element_type=\"column\">\n\t\t\t<div class=\"elementor-widget-wrap elementor-element-populated\">\n\t\t\t\t\t\t\t\t<section class=\"elementor-section elementor-inner-section elementor-element elementor-element-e098026 elementor-section-boxed elementor-section-height-default elementor-section-height-default\" data-id=\"e098026\" data-element_type=\"section\">\n\t\t\t\t\t\t<div class=\"elementor-container elementor-column-gap-default\">\n\t\t\t\t\t<div class=\"elementor-column elementor-col-100 elementor-inner-column elementor-element elementor-element-9285098\" data-id=\"9285098\" data-element_type=\"column\">\n\t\t\t<div class=\"elementor-widget-wrap elementor-element-populated\">\n\t\t\t\t\t\t\t\t<div class=\"elementor-element elementor-element-55b54ee elementor-widget elementor-widget-text-editor\" data-id=\"55b54ee\" data-element_type=\"widget\" data-widget_type=\"text-editor.default\">\n\t\t\t\t<div class=\"elementor-widget-container\">\n\t\t\t\t\t\t\t<h3><img loading=\"lazy\" decoding=\"async\" class=\"alignnone size-medium wp-image-291\" src=\"https:\/\/ariste.aeneasroute.org\/ariste\/wp-content\/uploads\/2022\/01\/Logo_Associazione-Rotta-di-Enea-300x192.png\" alt=\"\" width=\"300\" height=\"192\" srcset=\"https:\/\/ariste.aeneasroute.org\/ariste\/wp-content\/uploads\/2022\/01\/Logo_Associazione-Rotta-di-Enea-300x192.png 300w, https:\/\/ariste.aeneasroute.org\/ariste\/wp-content\/uploads\/2022\/01\/Logo_Associazione-Rotta-di-Enea-228x146.png 228w, https:\/\/ariste.aeneasroute.org\/ariste\/wp-content\/uploads\/2022\/01\/Logo_Associazione-Rotta-di-Enea-50x32.png 50w, https:\/\/ariste.aeneasroute.org\/ariste\/wp-content\/uploads\/2022\/01\/Logo_Associazione-Rotta-di-Enea-117x75.png 117w, https:\/\/ariste.aeneasroute.org\/ariste\/wp-content\/uploads\/2022\/01\/Logo_Associazione-Rotta-di-Enea.png 410w\" sizes=\"auto, (max-width: 300px) 100vw, 300px\" \/><\/h3><h3><strong>AENEAS ROTASI DERNE\u011e\u0130<\/strong><\/h3><div><p><strong>Aeneas Rotas\u0131 Derne\u011fi, Avrupa Konseyi taraf\u0131ndan tescil alan Aeneas Rotas\u0131 adl\u0131 k\u00fclt\u00fcr rotas\u0131<\/strong> kapsam\u0131 i\u00e7erisinde yer alan etkinlikleri koordine etmekte ve tan\u0131t\u0131m\u0131n\u0131 yapmak amac\u0131yla kurulmu\u015ftur. Kurulu\u015fun resmi merkezi Roma olmakla birlikte, T\u00fcrkiye \u2013 Edremit\u2019te de sabit bir temsilcili\u011fi bulunmaktad\u0131r.<\/p><p>Kurulu\u015f; Edremit Belediyesi, Lavinium Vakf\u0131 ve a\u011fa kat\u0131lan \u00e7ok say\u0131da uluslararas\u0131 kurum ve kurulu\u015fla i\u015fbirli\u011fi halinde, Aeneas Rotas\u0131 projesinin adayl\u0131k s\u00fcrecini y\u00fcr\u00fcterek bunu Avrupa Konseyi K\u00fclt\u00fcr Rotalar\u0131 Enstit\u00fcs\u00fc\u2019ne sunmu\u015f ve 23 may\u0131s 2021 tarihinde EPA \u00fcye \u00fclkelerinin oybirli\u011fiyle \u201cAvrupa Konseyi TK\u00fclt\u00fcr Rotas\u0131\u201d resmi sertifikas\u0131na sahip olmu\u015ftur.<\/p><p>Dernek b\u00fcnyesinde <strong>prestijli<\/strong> bir <strong>Uluslararas\u0131 Bilim Komitesi<\/strong> bulundu\u011fu gibi, yerel kurumlar\u0131n uluslararas\u0131 a\u011f programlar\u0131n\u0131n olu\u015fturulmas\u0131 ve koordinasyonu gibi g\u00f6revler \u00fcstlenmi\u015f olan bir <strong>Yerel Y\u00f6netimler Stratejik Komitesi<\/strong> de mevcuttur.<\/p><p>Derne\u011fin amac\u0131;<\/p><p>\u2981 Akdeniz k\u00fclt\u00fcr\u00fcn\u00fcn ve bu k\u00fclt\u00fcr\u00fcn Avrupa\u2019daki ortak k\u00f6klerinin y\u00fczy\u0131llar s\u00fcren olu\u015fumunun simgelerinden olan Aeneas Efsanesi ve Vergilius\u2019un Aeneid destan\u0131yla ilgili k\u00fclt\u00fcrel ve sanatsal varl\u0131klar\u0131n tan\u0131t\u0131m\u0131n\u0131 ve yayg\u0131nla\u015ft\u0131r\u0131lmas\u0131n\u0131 te\u015fvik etmek,<\/p><p>\u2981 Bu efsanevi kahraman\u0131n Truva\u2019dan yola \u00e7\u0131k\u0131p \u0130talya\u2019da Latium b\u00f6lgesine kadar s\u00fcrd\u00fcrd\u00fc\u011f\u00fc yolculu\u011fu yeni ba\u015ftan yaparak, deniz k\u00fclt\u00fcr\u00fcn\u00fc, peyzaj\u0131, \u00a0ge\u00e7mi\u015fe tan\u0131kl\u0131k eden eserleri ve halklar aras\u0131ndaki bulu\u015fma noktalar\u0131n\u0131n evrensel de\u011ferlerini tan\u0131tmak, bir araya geldiklerinde paha bi\u00e7ilemeyen ortak bir hazine olan bu farkl\u0131l\u0131klar\u0131n zaman i\u00e7erisinde Avrupa \u00fclkelerinin k\u00fclt\u00fcrel zenginli\u011fini olu\u015fturdu\u011fu y\u00f6n\u00fcnde bir bilincin olu\u015fmas\u0131n\u0131 te\u015fvik etmek,<\/p><p>\u2981 Avrupa Konseyi taraf\u0131ndan tescillenen Aeneas Rotas\u0131\u2019n\u0131n k\u00fclt\u00fcr rotalar\u0131 \u00e7er\u00e7evesinde y\u00fcr\u00fct\u00fclen faaliyetleri koordine etmek,<\/p><p>\u2981 Uluslararas\u0131 a\u011f \u00fcyeleri aras\u0131nda bir i\u015fbirli\u011fi platformu olarak faaliyet g\u00f6stererek, Akdenizin tarihi, arkeolojik ve do\u011fal zenginliklerinin tan\u0131t\u0131lmas\u0131na dayal\u0131 s\u00fcrd\u00fcr\u00fclebilir bir turizmin geli\u015fmesine ve Avrupa Konseyi de\u011ferlerinin tan\u0131t\u0131lmas\u0131 ile te\u015fvik edilmesine katk\u0131 sa\u011flamak.<\/p><p>\u2981 Aeneid Efsanesi ve Truva diasporas\u0131 ile ilgili sanatsal etkinlikler ve prod\u00fcksiyonlar\u0131 hayata ge\u00e7irmek, ara\u015ft\u0131rma faaliyetlerini ve gen\u00e7 nesiller aras\u0131nda bilgi al\u0131\u015fveri\u015fi programlar\u0131n\u0131 te\u015fvik etmek.<\/p><\/div>\t\t\t\t\t\t<\/div>\n\t\t\t\t<\/div>\n\t\t\t\t\t<\/div>\n\t\t<\/div>\n\t\t\t\t\t\t\t<\/div>\n\t\t<\/section>\n\t\t\t\t<section class=\"elementor-section elementor-inner-section elementor-element elementor-element-37003d1 elementor-section-boxed elementor-section-height-default elementor-section-height-default\" data-id=\"37003d1\" data-element_type=\"section\">\n\t\t\t\t\t\t<div class=\"elementor-container elementor-column-gap-default\">\n\t\t\t\t\t<div class=\"elementor-column elementor-col-100 elementor-inner-column elementor-element elementor-element-727883c\" data-id=\"727883c\" data-element_type=\"column\">\n\t\t\t<div class=\"elementor-widget-wrap elementor-element-populated\">\n\t\t\t\t\t\t\t\t<div class=\"elementor-element elementor-element-5a77ceb elementor-widget elementor-widget-text-editor\" data-id=\"5a77ceb\" data-element_type=\"widget\" data-widget_type=\"text-editor.default\">\n\t\t\t\t<div class=\"elementor-widget-container\">\n\t\t\t\t\t\t\t<h2><span class=\"themecolor\">Daha fazla bilgi i\u00e7in<\/span><\/h2>\n<h4><a href=\"https:\/\/www.aeneasroute.org\/\" target=\"_blank\" rel=\"noopener\">Aeneas Rotas\u0131 Derne\u011fi<\/a><\/h4>\n<h4><\/h4>\t\t\t\t\t\t<\/div>\n\t\t\t\t<\/div>\n\t\t\t\t\t<\/div>\n\t\t<\/div>\n\t\t\t\t\t\t\t<\/div>\n\t\t<\/section>\n\t\t\t\t\t<\/div>\n\t\t<\/div>\n\t\t\t\t\t\t\t<\/div>\n\t\t<\/section>\n\t\t\t\t\t\t\t<\/div>\n\t\t","protected":false},"excerpt":{"rendered":"<p>AENEAS ROTASI DERNE\u011e\u0130 AENEAS ROTASI DERNE\u011e\u0130 Aeneas Rotas\u0131 Derne\u011fi, Avrupa Konseyi taraf\u0131ndan tescil alan Aeneas Rotas\u0131 adl\u0131 k\u00fclt\u00fcr rotas\u0131 kapsam\u0131 i\u00e7erisinde yer alan etkinlikleri koordine etmekte<span class=\"excerpt-hellip\"> [\u2026]<\/span><\/p>\n","protected":false},"author":1,"featured_media":0,"parent":0,"menu_order":0,"comment_status":"closed","ping_status":"closed","template":"","meta":{"footnotes":""},"class_list":["post-1292","page","type-page","status-publish","hentry"],"_links":{"self":[{"href":"https:\/\/ariste.aeneasroute.org\/tr\/wp-json\/wp\/v2\/pages\/1292","targetHints":{"allow":["GET"]}}],"collection":[{"href":"https:\/\/ariste.aeneasroute.org\/tr\/wp-json\/wp\/v2\/pages"}],"about":[{"href":"https:\/\/ariste.aeneasroute.org\/tr\/wp-json\/wp\/v2\/types\/page"}],"author":[{"embeddable":true,"href":"https:\/\/ariste.aeneasroute.org\/tr\/wp-json\/wp\/v2\/users\/1"}],"replies":[{"embeddable":true,"href":"https:\/\/ariste.aeneasroute.org\/tr\/wp-json\/wp\/v2\/comments?post=1292"}],"version-history":[{"count":12,"href":"https:\/\/ariste.aeneasroute.org\/tr\/wp-json\/wp\/v2\/pages\/1292\/revisions"}],"predecessor-version":[{"id":1660,"href":"https:\/\/ariste.aeneasroute.org\/tr\/wp-json\/wp\/v2\/pages\/1292\/revisions\/1660"}],"wp:attachment":[{"href":"https:\/\/ariste.aeneasroute.org\/tr\/wp-json\/wp\/v2\/media?parent=1292"}],"curies":[{"name":"wp","href":"https:\/\/api.w.org\/{rel}","templated":true}]}}