{"id":1301,"date":"2022-01-20T11:47:34","date_gmt":"2022-01-20T10:47:34","guid":{"rendered":"https:\/\/ariste.aeneasroute.org\/ariste\/?page_id=1301"},"modified":"2022-06-23T17:15:14","modified_gmt":"2022-06-23T15:15:14","slug":"roma-sapienza-universitesi-iletisim-ve-sosyal-arastirmalari-bolumu","status":"publish","type":"page","link":"https:\/\/ariste.aeneasroute.org\/tr\/roma-sapienza-universitesi-iletisim-ve-sosyal-arastirmalari-bolumu\/","title":{"rendered":"Roma Sapienza \u00dcniversitesi \u0130leti\u015fim Ve Sosyal Ara\u015ftirmalari B\u00f6l\u00fcm\u00fc"},"content":{"rendered":"\t\t<div data-elementor-type=\"wp-page\" data-elementor-id=\"1301\" class=\"elementor elementor-1301\">\n\t\t\t\t\t\t\t\t\t<section class=\"elementor-section elementor-top-section elementor-element elementor-element-0f4aad4 elementor-section-height-full elementor-section-stretched elementor-section-boxed elementor-section-height-default elementor-section-items-middle\" data-id=\"0f4aad4\" data-element_type=\"section\" data-settings=\"{&quot;stretch_section&quot;:&quot;section-stretched&quot;,&quot;background_background&quot;:&quot;classic&quot;}\">\n\t\t\t\t\t\t<div class=\"elementor-container elementor-column-gap-default\">\n\t\t\t\t\t<div class=\"elementor-column elementor-col-100 elementor-top-column elementor-element elementor-element-9a5c600\" data-id=\"9a5c600\" data-element_type=\"column\">\n\t\t\t<div class=\"elementor-widget-wrap elementor-element-populated\">\n\t\t\t\t\t\t\t\t<div class=\"elementor-element elementor-element-b38a2bf elementor-widget elementor-widget-text-editor\" data-id=\"b38a2bf\" data-element_type=\"widget\" data-widget_type=\"text-editor.default\">\n\t\t\t\t<div class=\"elementor-widget-container\">\n\t\t\t<style>\/*! elementor - v3.7.8 - 02-10-2022 *\/\n.elementor-widget-text-editor.elementor-drop-cap-view-stacked .elementor-drop-cap{background-color:#818a91;color:#fff}.elementor-widget-text-editor.elementor-drop-cap-view-framed .elementor-drop-cap{color:#818a91;border:3px solid;background-color:transparent}.elementor-widget-text-editor:not(.elementor-drop-cap-view-default) .elementor-drop-cap{margin-top:8px}.elementor-widget-text-editor:not(.elementor-drop-cap-view-default) .elementor-drop-cap-letter{width:1em;height:1em}.elementor-widget-text-editor .elementor-drop-cap{float:left;text-align:center;line-height:1;font-size:50px}.elementor-widget-text-editor .elementor-drop-cap-letter{display:inline-block}<\/style>\t\t\t\t<h2><span style=\"color: #ffffff;\">ROMA SAPIENZA \u00dcNIVERSITESI \u0130LETI\u015eIM VE SOSYAL ARA\u015eTIRMALARI B\u00d6L\u00dcM\u00dc<\/span><\/h2>\t\t\t\t\t\t<\/div>\n\t\t\t\t<\/div>\n\t\t\t\t\t<\/div>\n\t\t<\/div>\n\t\t\t\t\t\t\t<\/div>\n\t\t<\/section>\n\t\t\t\t<section class=\"elementor-section elementor-top-section elementor-element elementor-element-d3e5c3c elementor-section-stretched elementor-section-boxed elementor-section-height-default elementor-section-height-default\" data-id=\"d3e5c3c\" data-element_type=\"section\" data-settings=\"{&quot;stretch_section&quot;:&quot;section-stretched&quot;}\">\n\t\t\t\t\t\t<div class=\"elementor-container elementor-column-gap-wider\">\n\t\t\t\t\t<div class=\"elementor-column elementor-col-100 elementor-top-column elementor-element elementor-element-d6df846\" data-id=\"d6df846\" data-element_type=\"column\">\n\t\t\t<div class=\"elementor-widget-wrap elementor-element-populated\">\n\t\t\t\t\t\t\t\t<section class=\"elementor-section elementor-inner-section elementor-element elementor-element-e098026 elementor-section-boxed elementor-section-height-default elementor-section-height-default\" data-id=\"e098026\" data-element_type=\"section\">\n\t\t\t\t\t\t<div class=\"elementor-container elementor-column-gap-default\">\n\t\t\t\t\t<div class=\"elementor-column elementor-col-100 elementor-inner-column elementor-element elementor-element-9285098\" data-id=\"9285098\" data-element_type=\"column\">\n\t\t\t<div class=\"elementor-widget-wrap elementor-element-populated\">\n\t\t\t\t\t\t\t\t<div class=\"elementor-element elementor-element-55b54ee elementor-widget elementor-widget-text-editor\" data-id=\"55b54ee\" data-element_type=\"widget\" data-widget_type=\"text-editor.default\">\n\t\t\t\t<div class=\"elementor-widget-container\">\n\t\t\t\t\t\t\t<h3><img loading=\"lazy\" decoding=\"async\" class=\"alignnone size-full wp-image-392\" src=\"https:\/\/ariste.aeneasroute.org\/ariste\/wp-content\/uploads\/2022\/01\/sapienzaCoris.png\" alt=\"\" width=\"203\" height=\"100\" srcset=\"https:\/\/ariste.aeneasroute.org\/ariste\/wp-content\/uploads\/2022\/01\/sapienzaCoris.png 203w, https:\/\/ariste.aeneasroute.org\/ariste\/wp-content\/uploads\/2022\/01\/sapienzaCoris-50x25.png 50w, https:\/\/ariste.aeneasroute.org\/ariste\/wp-content\/uploads\/2022\/01\/sapienzaCoris-150x75.png 150w\" sizes=\"auto, (max-width: 203px) 100vw, 203px\" \/><\/h3><h3>ROMA SAPIENZA \u00dcNIVERSITESI \u0130LETI\u015eIM VE SOSYAL ARA\u015eTIRMALARI B\u00d6L\u00dcM\u00dc<\/h3><p>Roma Sapienza \u00dcniversitesi\u2019nin <strong>\u0130leti\u015fim ve Sosyal Ara\u015ft\u0131rmalar B\u00f6l\u00fcm\u00fc (CORIS)<\/strong> e\u011fitim ve ara\u015ft\u0131rma faaliyetleri y\u00fcr\u00fcten bir kurumdur. 2010 y\u0131l\u0131nda Sosyal Ara\u015ft\u0131rmalar ve Sosyolojik Metodoloji Departman\u0131 (RISMES) ile Sosyoloji ve \u0130leti\u015fim Departman\u0131 (DISC) adl\u0131 b\u00f6l\u00fcmlerin birle\u015fmesi sonucunda kurulmu\u015ftur. Bu b\u00f6l\u00fcm, ayr\u0131ca, elli y\u0131l \u00f6nce Franco Ferrarotti taraf\u0131ndan kurulan Sosyoloji Enstit\u00fcs\u00fcn\u00fcn (daha sonraki ad\u0131yla Sosyoloji b\u00f6l\u00fcm\u00fcn\u00fcn) bilim b\u00f6l\u00fcm\u00fcyle s\u00fcrekli i\u015fbirli\u011fi i\u00e7indedir.<\/p><p>\u0130leti\u015fim biliminin sosyal ara\u015ft\u0131rmalarla olan s\u0131k\u0131 ba\u011flar\u0131, Roma Sapienza \u00dcniversitesi\u2019nde medya ve teknolojiler alan\u0131nda verilen e\u011fitimi ve bu konudaki bilimsel s\u00fcreci karakterize etmektedir.<\/p><p>B\u00f6l\u00fcm, gerek sosyolojinin muhtelif alanlar\u0131nda, gerek be\u015feri bilimler ile medya bilimleri alan\u0131nda e\u011fitim ve ara\u015ft\u0131rma faaliyetleri y\u00fcr\u00fctmekte, hem ulusal hem uluslararas\u0131 d\u00fczeyde ba\u015far\u0131l\u0131 sonu\u00e7lar elde etmektedir.<\/p><p>Bu b\u00f6l\u00fcmde kadrolu 76 do\u00e7ent ile 20 ki\u015filik idari ve teknik ekip personeli g\u00f6rev yapmaktad\u0131r.<\/p><p>B\u00f6l\u00fcm, 2010 y\u0131l\u0131ndan bu yana Roma Sapienza \u00dcniversitesi Siyasal Bilimler, Sosyoloji ve \u0130leti\u015fim Fak\u00fcltesi\u2019nin b\u00fcnyesinde yer almaktad\u0131r.<\/p>\t\t\t\t\t\t<\/div>\n\t\t\t\t<\/div>\n\t\t\t\t\t<\/div>\n\t\t<\/div>\n\t\t\t\t\t\t\t<\/div>\n\t\t<\/section>\n\t\t\t\t<section class=\"elementor-section elementor-inner-section elementor-element elementor-element-37003d1 elementor-section-boxed elementor-section-height-default elementor-section-height-default\" data-id=\"37003d1\" data-element_type=\"section\">\n\t\t\t\t\t\t<div class=\"elementor-container elementor-column-gap-default\">\n\t\t\t\t\t<div class=\"elementor-column elementor-col-100 elementor-inner-column elementor-element elementor-element-727883c\" data-id=\"727883c\" data-element_type=\"column\">\n\t\t\t<div class=\"elementor-widget-wrap elementor-element-populated\">\n\t\t\t\t\t\t\t\t<div class=\"elementor-element elementor-element-5a77ceb elementor-widget elementor-widget-text-editor\" data-id=\"5a77ceb\" data-element_type=\"widget\" data-widget_type=\"text-editor.default\">\n\t\t\t\t<div class=\"elementor-widget-container\">\n\t\t\t\t\t\t\t<h2>Daha fazla bilgi i\u00e7in<\/h2>\n<h4><a style=\"text-align: justify; letter-spacing: 0px;\" href=\"https:\/\/web.uniroma1.it\/coris\/\">Roma Sapienza \u00dcniversitesi \u0130leti\u015fim ve Sosyal Ara\u015ft\u0131rmalar B\u00f6l\u00fcm\u00fc (CORIS)<\/a><\/h4>\n<h4><\/h4>\t\t\t\t\t\t<\/div>\n\t\t\t\t<\/div>\n\t\t\t\t\t<\/div>\n\t\t<\/div>\n\t\t\t\t\t\t\t<\/div>\n\t\t<\/section>\n\t\t\t\t\t<\/div>\n\t\t<\/div>\n\t\t\t\t\t\t\t<\/div>\n\t\t<\/section>\n\t\t\t\t\t\t\t<\/div>\n\t\t","protected":false},"excerpt":{"rendered":"<p>ROMA SAPIENZA \u00dcNIVERSITESI \u0130LETI\u015eIM VE SOSYAL ARA\u015eTIRMALARI B\u00d6L\u00dcM\u00dc ROMA SAPIENZA \u00dcNIVERSITESI \u0130LETI\u015eIM VE SOSYAL ARA\u015eTIRMALARI B\u00d6L\u00dcM\u00dc Roma Sapienza \u00dcniversitesi\u2019nin \u0130leti\u015fim ve Sosyal Ara\u015ft\u0131rmalar B\u00f6l\u00fcm\u00fc (CORIS) e\u011fitim<span class=\"excerpt-hellip\"> [\u2026]<\/span><\/p>\n","protected":false},"author":1,"featured_media":0,"parent":0,"menu_order":0,"comment_status":"closed","ping_status":"closed","template":"","meta":{"footnotes":""},"class_list":["post-1301","page","type-page","status-publish","hentry"],"_links":{"self":[{"href":"https:\/\/ariste.aeneasroute.org\/tr\/wp-json\/wp\/v2\/pages\/1301","targetHints":{"allow":["GET"]}}],"collection":[{"href":"https:\/\/ariste.aeneasroute.org\/tr\/wp-json\/wp\/v2\/pages"}],"about":[{"href":"https:\/\/ariste.aeneasroute.org\/tr\/wp-json\/wp\/v2\/types\/page"}],"author":[{"embeddable":true,"href":"https:\/\/ariste.aeneasroute.org\/tr\/wp-json\/wp\/v2\/users\/1"}],"replies":[{"embeddable":true,"href":"https:\/\/ariste.aeneasroute.org\/tr\/wp-json\/wp\/v2\/comments?post=1301"}],"version-history":[{"count":8,"href":"https:\/\/ariste.aeneasroute.org\/tr\/wp-json\/wp\/v2\/pages\/1301\/revisions"}],"predecessor-version":[{"id":1668,"href":"https:\/\/ariste.aeneasroute.org\/tr\/wp-json\/wp\/v2\/pages\/1301\/revisions\/1668"}],"wp:attachment":[{"href":"https:\/\/ariste.aeneasroute.org\/tr\/wp-json\/wp\/v2\/media?parent=1301"}],"curies":[{"name":"wp","href":"https:\/\/api.w.org\/{rel}","templated":true}]}}