{"id":1308,"date":"2022-01-20T12:14:32","date_gmt":"2022-01-20T11:14:32","guid":{"rendered":"https:\/\/ariste.aeneasroute.org\/ariste\/?page_id=1308"},"modified":"2022-06-23T17:21:08","modified_gmt":"2022-06-23T15:21:08","slug":"avrupa-konseyi-kultur-rotalari","status":"publish","type":"page","link":"https:\/\/ariste.aeneasroute.org\/tr\/avrupa-konseyi-kultur-rotalari\/","title":{"rendered":"Avrupa Konseyi K\u00fclt\u00fcr Rotalari"},"content":{"rendered":"\t\t<div data-elementor-type=\"wp-page\" data-elementor-id=\"1308\" class=\"elementor elementor-1308\">\n\t\t\t\t\t\t\t\t\t<section class=\"elementor-section elementor-top-section elementor-element elementor-element-0f4aad4 elementor-section-height-full elementor-section-stretched elementor-section-boxed elementor-section-height-default elementor-section-items-middle\" data-id=\"0f4aad4\" data-element_type=\"section\" data-settings=\"{&quot;stretch_section&quot;:&quot;section-stretched&quot;,&quot;background_background&quot;:&quot;classic&quot;}\">\n\t\t\t\t\t\t<div class=\"elementor-container elementor-column-gap-default\">\n\t\t\t\t\t<div class=\"elementor-column elementor-col-100 elementor-top-column elementor-element elementor-element-9a5c600\" data-id=\"9a5c600\" data-element_type=\"column\">\n\t\t\t<div class=\"elementor-widget-wrap elementor-element-populated\">\n\t\t\t\t\t\t\t\t<div class=\"elementor-element elementor-element-b38a2bf elementor-widget elementor-widget-text-editor\" data-id=\"b38a2bf\" data-element_type=\"widget\" data-widget_type=\"text-editor.default\">\n\t\t\t\t<div class=\"elementor-widget-container\">\n\t\t\t<style>\/*! elementor - v3.7.8 - 02-10-2022 *\/\n.elementor-widget-text-editor.elementor-drop-cap-view-stacked .elementor-drop-cap{background-color:#818a91;color:#fff}.elementor-widget-text-editor.elementor-drop-cap-view-framed .elementor-drop-cap{color:#818a91;border:3px solid;background-color:transparent}.elementor-widget-text-editor:not(.elementor-drop-cap-view-default) .elementor-drop-cap{margin-top:8px}.elementor-widget-text-editor:not(.elementor-drop-cap-view-default) .elementor-drop-cap-letter{width:1em;height:1em}.elementor-widget-text-editor .elementor-drop-cap{float:left;text-align:center;line-height:1;font-size:50px}.elementor-widget-text-editor .elementor-drop-cap-letter{display:inline-block}<\/style>\t\t\t\t<h2><span style=\"color: #ffffff;\">AVRUPA KONSEY\u0130 K\u00dcLT\u00dcR ROTALARI<\/span><\/h2>\t\t\t\t\t\t<\/div>\n\t\t\t\t<\/div>\n\t\t\t\t\t<\/div>\n\t\t<\/div>\n\t\t\t\t\t\t\t<\/div>\n\t\t<\/section>\n\t\t\t\t<section class=\"elementor-section elementor-top-section elementor-element elementor-element-d3e5c3c elementor-section-stretched elementor-section-boxed elementor-section-height-default elementor-section-height-default\" data-id=\"d3e5c3c\" data-element_type=\"section\" data-settings=\"{&quot;stretch_section&quot;:&quot;section-stretched&quot;}\">\n\t\t\t\t\t\t<div class=\"elementor-container elementor-column-gap-wider\">\n\t\t\t\t\t<div class=\"elementor-column elementor-col-100 elementor-top-column elementor-element elementor-element-d6df846\" data-id=\"d6df846\" data-element_type=\"column\">\n\t\t\t<div class=\"elementor-widget-wrap elementor-element-populated\">\n\t\t\t\t\t\t\t\t<section class=\"elementor-section elementor-inner-section elementor-element elementor-element-e098026 elementor-section-boxed elementor-section-height-default elementor-section-height-default\" data-id=\"e098026\" data-element_type=\"section\">\n\t\t\t\t\t\t<div class=\"elementor-container elementor-column-gap-default\">\n\t\t\t\t\t<div class=\"elementor-column elementor-col-100 elementor-inner-column elementor-element elementor-element-9285098\" data-id=\"9285098\" data-element_type=\"column\">\n\t\t\t<div class=\"elementor-widget-wrap elementor-element-populated\">\n\t\t\t\t\t\t\t\t<div class=\"elementor-element elementor-element-55b54ee elementor-widget elementor-widget-text-editor\" data-id=\"55b54ee\" data-element_type=\"widget\" data-widget_type=\"text-editor.default\">\n\t\t\t\t<div class=\"elementor-widget-container\">\n\t\t\t\t\t\t\t<h3><span style=\"font-family: Poppins, Helvetica, Arial, sans-serif; font-size: 34px; font-weight: 600; letter-spacing: 0px;\">AVRUPA KONSEY\u0130 K\u00dcLT\u00dcR ROTALARI<\/span><\/h3>\n<strong>K\u00fclt\u00fcr Rotalar\u0131 Program\u0131<\/strong> (DG Demokrasi) Avrupa Konseyi taraf\u0131ndan 1987 y\u0131l\u0131nda Santiago de Compostela Beyannamesi ile ba\u015flat\u0131lm\u0131\u015ft\u0131r.\n\nAvrupa Konseyi K\u00fclt\u00fcr Rotalar\u0131, Avrupa\u2019n\u0131n zengin ve \u00e7ok \u00e7e\u015fitli k\u00fclt\u00fcr varl\u0131klar\u0131n\u0131 ke\u015ffetme ama\u00e7l\u0131 yolculuklara yap\u0131lan bir davettir. Bu yolculuklar\u0131n amac\u0131, ortak bir tarih ve k\u00fclt\u00fcrel zenginlik sayesinde birbirine ba\u011fl\u0131 olan insanlar\u0131 ve yerleri bir araya getiren bir a\u011f olu\u015fturmakt\u0131r. Avrupa Konseyi K\u00fclt\u00fcr Rotalar\u0131 \u015fu de\u011ferleri hayata ge\u00e7irmektedir: <strong>\u0130nsan haklar\u0131, k\u00fclt\u00fcrel farkl\u0131l\u0131klar, diyalog ve k\u00fclt\u00fcrler aras\u0131 bilgi al\u0131\u015fveri\u015fi.<\/strong>\n\nAvrupa Konseyi K\u00fclt\u00fcr Rotalar\u0131, gerek Avrupal\u0131 gerek Avrupa d\u0131\u015f\u0131ndan insanlara y\u00f6nelik \u00e7ok \u00e7e\u015fitli rekreasyon ve e\u011fitim aktiviteleri sunmakta olup, bu anlamda sorumlu turizm ve s\u00fcrd\u00fcr\u00fclebilir kalk\u0131nma kavramlar\u0131 i\u00e7in anahtar bir kaynak niteli\u011fine sahiptir. Bir dizi farkl\u0131 tema i\u00e7eren rotalar mimari ve peyzajdan din\u00ee inan\u00e7lara, gastronomiye, manevi zenginliklere, Avrupa sanat\u0131, m\u00fczi\u011fi ve edebiyat\u0131n\u0131n b\u00fcy\u00fck ustalar\u0131na kadar uzanan geni\u015f bir yelpazeye yay\u0131lm\u0131\u015ft\u0131r.\n\n\u201cAvrupa Konseyi K\u00fclt\u00fcr Rotalar\u0131\u201d sertifikasyonu m\u00fckemmelli\u011fin garantisidir. Olu\u015fturulan a\u011flar \u00f6ncelikli be\u015f eylem alan\u0131nda yenilik\u00e7i aktiviteler ve projeler \u00fcretmektedir. Bu eylem alanlar\u0131: Ara\u015ft\u0131rma ve geli\u015ftirme konusunda i\u015fbirli\u011fi; Avrupa haf\u0131zas\u0131na, tarihine ve zenginliklerine de\u011fer katma; gen\u00e7 Avrupal\u0131lar i\u00e7in k\u00fclt\u00fcrel ve e\u011fitimsel bilgi al\u0131\u015f veri\u015fi; \u00e7a\u011fda\u015f sanatsal ve k\u00fclt\u00fcrel uygulamalar; k\u00fclt\u00fcr turizmi ve s\u00fcrd\u00fcr\u00fclebilir k\u00fclt\u00fcrel geli\u015fim.\n\nBu program arac\u0131l\u0131\u011f\u0131yla Avrupa Konseyi k\u00fclt\u00fcrel ve turistik bir y\u00f6netim modeli sunmakta, ulusal, b\u00f6lgesel veya yerel yetki mercileri ile \u00e7e\u015fitli dernekler, kurulu\u015flar ve sosyo-ekonomik akt\u00f6rler aras\u0131nda bir sinerji yaratmay\u0131 hedeflemektedir.\t\t\t\t\t\t<\/div>\n\t\t\t\t<\/div>\n\t\t\t\t\t<\/div>\n\t\t<\/div>\n\t\t\t\t\t\t\t<\/div>\n\t\t<\/section>\n\t\t\t\t<section class=\"elementor-section elementor-inner-section elementor-element elementor-element-37003d1 elementor-section-boxed elementor-section-height-default elementor-section-height-default\" data-id=\"37003d1\" data-element_type=\"section\">\n\t\t\t\t\t\t<div class=\"elementor-container elementor-column-gap-default\">\n\t\t\t\t\t<div class=\"elementor-column elementor-col-100 elementor-inner-column elementor-element elementor-element-727883c\" data-id=\"727883c\" data-element_type=\"column\">\n\t\t\t<div class=\"elementor-widget-wrap elementor-element-populated\">\n\t\t\t\t\t\t\t\t<div class=\"elementor-element elementor-element-5a77ceb elementor-widget elementor-widget-text-editor\" data-id=\"5a77ceb\" data-element_type=\"widget\" data-widget_type=\"text-editor.default\">\n\t\t\t\t<div class=\"elementor-widget-container\">\n\t\t\t\t\t\t\t<h2>Daha fazla bilgi i\u00e7in<\/h2>\n<h4><a style=\"text-align: justify; letter-spacing: 0px;\" href=\"https:\/\/www.coe.int\/en\/web\/cultural-routes\/aeneas-route-4\">Avrupa Konseyi K\u00fclt\u00fcr Rotalar\u0131 Program\u0131<\/a><\/h4>\n<h4><a style=\"text-align: justify; letter-spacing: 0px;\" href=\"https:\/\/www.coe.int\/it\/web\/cultural-routes\">Aeneas Rotas\u0131<\/a><\/h4>\n<div><\/div>\n<h4><\/h4>\t\t\t\t\t\t<\/div>\n\t\t\t\t<\/div>\n\t\t\t\t\t<\/div>\n\t\t<\/div>\n\t\t\t\t\t\t\t<\/div>\n\t\t<\/section>\n\t\t\t\t\t<\/div>\n\t\t<\/div>\n\t\t\t\t\t\t\t<\/div>\n\t\t<\/section>\n\t\t\t\t\t\t\t<\/div>\n\t\t","protected":false},"excerpt":{"rendered":"<p>AVRUPA KONSEY\u0130 K\u00dcLT\u00dcR ROTALARI AVRUPA KONSEY\u0130 K\u00dcLT\u00dcR ROTALARI K\u00fclt\u00fcr Rotalar\u0131 Program\u0131 (DG Demokrasi) Avrupa Konseyi taraf\u0131ndan 1987 y\u0131l\u0131nda Santiago de Compostela Beyannamesi ile ba\u015flat\u0131lm\u0131\u015ft\u0131r. Avrupa Konseyi<span class=\"excerpt-hellip\"> [\u2026]<\/span><\/p>\n","protected":false},"author":1,"featured_media":0,"parent":0,"menu_order":0,"comment_status":"closed","ping_status":"closed","template":"","meta":{"footnotes":""},"class_list":["post-1308","page","type-page","status-publish","hentry"],"_links":{"self":[{"href":"https:\/\/ariste.aeneasroute.org\/tr\/wp-json\/wp\/v2\/pages\/1308","targetHints":{"allow":["GET"]}}],"collection":[{"href":"https:\/\/ariste.aeneasroute.org\/tr\/wp-json\/wp\/v2\/pages"}],"about":[{"href":"https:\/\/ariste.aeneasroute.org\/tr\/wp-json\/wp\/v2\/types\/page"}],"author":[{"embeddable":true,"href":"https:\/\/ariste.aeneasroute.org\/tr\/wp-json\/wp\/v2\/users\/1"}],"replies":[{"embeddable":true,"href":"https:\/\/ariste.aeneasroute.org\/tr\/wp-json\/wp\/v2\/comments?post=1308"}],"version-history":[{"count":11,"href":"https:\/\/ariste.aeneasroute.org\/tr\/wp-json\/wp\/v2\/pages\/1308\/revisions"}],"predecessor-version":[{"id":1676,"href":"https:\/\/ariste.aeneasroute.org\/tr\/wp-json\/wp\/v2\/pages\/1308\/revisions\/1676"}],"wp:attachment":[{"href":"https:\/\/ariste.aeneasroute.org\/tr\/wp-json\/wp\/v2\/media?parent=1308"}],"curies":[{"name":"wp","href":"https:\/\/api.w.org\/{rel}","templated":true}]}}