{"id":1329,"date":"2022-04-05T10:53:14","date_gmt":"2022-04-05T08:53:14","guid":{"rendered":"https:\/\/ariste.aeneasroute.org\/ariste\/?page_id=1329"},"modified":"2022-06-23T17:31:00","modified_gmt":"2022-06-23T15:31:00","slug":"ayrilis","status":"publish","type":"page","link":"https:\/\/ariste.aeneasroute.org\/tr\/ayrilis\/","title":{"rendered":"Ayrili\u015f"},"content":{"rendered":"\t\t<div data-elementor-type=\"wp-page\" data-elementor-id=\"1329\" class=\"elementor elementor-1329\">\n\t\t\t\t\t\t\t\t\t<section class=\"elementor-section elementor-top-section elementor-element elementor-element-0f4aad4 elementor-section-height-full elementor-section-stretched elementor-section-boxed elementor-section-height-default elementor-section-items-middle\" data-id=\"0f4aad4\" data-element_type=\"section\" data-settings=\"{&quot;stretch_section&quot;:&quot;section-stretched&quot;,&quot;background_background&quot;:&quot;classic&quot;}\">\n\t\t\t\t\t\t<div class=\"elementor-container elementor-column-gap-default\">\n\t\t\t\t\t<div class=\"elementor-column elementor-col-100 elementor-top-column elementor-element elementor-element-9a5c600\" data-id=\"9a5c600\" data-element_type=\"column\">\n\t\t\t<div class=\"elementor-widget-wrap elementor-element-populated\">\n\t\t\t\t\t\t\t\t<div class=\"elementor-element elementor-element-b38a2bf elementor-widget elementor-widget-text-editor\" data-id=\"b38a2bf\" data-element_type=\"widget\" data-widget_type=\"text-editor.default\">\n\t\t\t\t<div class=\"elementor-widget-container\">\n\t\t\t<style>\/*! elementor - v3.7.8 - 02-10-2022 *\/\n.elementor-widget-text-editor.elementor-drop-cap-view-stacked .elementor-drop-cap{background-color:#818a91;color:#fff}.elementor-widget-text-editor.elementor-drop-cap-view-framed .elementor-drop-cap{color:#818a91;border:3px solid;background-color:transparent}.elementor-widget-text-editor:not(.elementor-drop-cap-view-default) .elementor-drop-cap{margin-top:8px}.elementor-widget-text-editor:not(.elementor-drop-cap-view-default) .elementor-drop-cap-letter{width:1em;height:1em}.elementor-widget-text-editor .elementor-drop-cap{float:left;text-align:center;line-height:1;font-size:50px}.elementor-widget-text-editor .elementor-drop-cap-letter{display:inline-block}<\/style>\t\t\t\t<h2><span style=\"color: #ffffff;\">AYRILI\u015e<\/span><\/h2>\n<h4 class=\"MsoNormal\" style=\"text-align: justify;\"><span style=\"color: #ffffff;\"><i>Yurdunu Terk Etmenin H\u00fczn\u00fc ve Yeni Bir Ba\u015flang\u0131c\u0131n Umudu<\/i><\/span><\/h4>\t\t\t\t\t\t<\/div>\n\t\t\t\t<\/div>\n\t\t\t\t\t<\/div>\n\t\t<\/div>\n\t\t\t\t\t\t\t<\/div>\n\t\t<\/section>\n\t\t\t\t<section class=\"elementor-section elementor-top-section elementor-element elementor-element-d3e5c3c elementor-section-stretched elementor-section-boxed elementor-section-height-default elementor-section-height-default\" data-id=\"d3e5c3c\" data-element_type=\"section\" data-settings=\"{&quot;stretch_section&quot;:&quot;section-stretched&quot;}\">\n\t\t\t\t\t\t<div class=\"elementor-container elementor-column-gap-wider\">\n\t\t\t\t\t<div class=\"elementor-column elementor-col-100 elementor-top-column elementor-element elementor-element-d6df846\" data-id=\"d6df846\" data-element_type=\"column\">\n\t\t\t<div class=\"elementor-widget-wrap elementor-element-populated\">\n\t\t\t\t\t\t\t\t<section class=\"elementor-section elementor-inner-section elementor-element elementor-element-e098026 elementor-section-boxed elementor-section-height-default elementor-section-height-default\" data-id=\"e098026\" data-element_type=\"section\">\n\t\t\t\t\t\t<div class=\"elementor-container elementor-column-gap-default\">\n\t\t\t\t\t<div class=\"elementor-column elementor-col-100 elementor-inner-column elementor-element elementor-element-9285098\" data-id=\"9285098\" data-element_type=\"column\">\n\t\t\t<div class=\"elementor-widget-wrap elementor-element-populated\">\n\t\t\t\t\t\t\t\t<div class=\"elementor-element elementor-element-55b54ee elementor-widget elementor-widget-text-editor\" data-id=\"55b54ee\" data-element_type=\"widget\" data-widget_type=\"text-editor.default\">\n\t\t\t\t<div class=\"elementor-widget-container\">\n\t\t\t\t\t\t\t<h3><strong>AYRILI\u015e<\/strong><\/h3><p>\u015eair Vergilius\u2019um\u00fckemmel ikonik tasviri hi\u00e7 ku\u015fkusuz omuzlar\u0131nda babas\u0131 <strong>Anchise<\/strong> ve elinden tuttu\u011fu o\u011flu <strong>Ascanius<\/strong> ile alevler i\u00e7indeki yurdunu terk eden <strong>Aeneas<\/strong> fig\u00fcr\u00fcd\u00fcr.<\/p><p>Yunan sava\u015f\u00e7\u0131lar (Akalar) taraf\u0131ndan Truva\u2019n\u0131n tahrip edilmesi sonucunda, tanr\u0131lar\u0131n da belirtti\u011fi gibi vatan olarak adland\u0131rabilece\u011fi yeni bir yer aray\u0131\u015f\u0131 i\u00e7inde kendi yurdunu ve k\u00f6klerini terk etmenin verdi\u011fi h\u00fcz\u00fcnle Akdeniz\u2019de ba\u015flayan uzun ve kederli yolculu\u011funda, Aeneas ve yan\u0131ndakiler \u0130talya\u2019daki Latium b\u00f6lgesine ayak basmadan \u00f6nce be\u015f \u00fclkeden yani T\u00fcrkiye, Yunanistan, Arnavutluk, \u0130talya ve Tunus\u2019tan ge\u00e7mi\u015flerdir.<\/p><p>Bir gemi kazas\u0131ndan sonra Afrika k\u0131y\u0131lar\u0131na ayak basan Truval\u0131lar\u0131 kar\u015f\u0131layan Kartaca krali\u00e7esi Dido&#8217;nun ricas\u0131 \u00fczerine kaybedilen sava\u015f ve yeni bir anavatana ka\u00e7\u0131\u015f olaylar\u0131n\u0131 arka arkaya hat\u0131rlayan Aeneas&#8217;\u0131n kendisidir:<\/p><p>\u201cSilah ba\u015f\u0131na, adamlar\u0131m, silah ba\u015f\u0131na! Bu ma\u011fluplar\u0131n son g\u00fcn\u00fcd\u00fcr. B\u0131rak\u0131n beni muharebeyi bir kez daha g\u00f6reyim, beni Yunanl\u0131lara b\u0131rak\u0131n. Bug\u00fcn \u00f6lmeyece\u011fiz, bug\u00fcn hepimiz \u00f6\u00e7 almadan \u00f6lmeyece\u011fiz! \u0130\u015fte bu y\u00fczden k\u0131l\u0131c\u0131m\u0131 bir kez daha ku\u015fand\u0131m ve sol koluma kalkan\u0131m\u0131 ba\u011flay\u0131p evden ayr\u0131lmak \u00fczere yola koyuldum.<\/p><p>Ama, kap\u0131n\u0131n e\u015fi\u011finde Creusa ayaklar\u0131ma at\u0131ld\u0131 ve k\u00fc\u00e7\u00fck Lulo\u2019mu (o\u011flu Ascanius\u2019un ikinci ad\u0131) kolundan tutarak bana sar\u0131ld\u0131: \u2018\u00d6lmeye gidiyorsan bizi de ayn\u0131 kaderi payla\u015fmak i\u00e7in yan\u0131nda g\u00f6t\u00fcr. Ama silaha sar\u0131lmakta bir umut \u0131\u015f\u0131\u011f\u0131 g\u00f6r\u00fcyorsan, \u00f6nce evini koru. K\u00fc\u00e7\u00fck o\u011flumuzu, baban\u0131 ve kar\u0131n olarak beni kimlerin eline terk etmek istiyorsun?<\/p><p>Sesi ve yakar\u0131\u015flar\u0131 evin duvarlar\u0131nda \u00e7\u0131nl\u0131yordu ki, o anda tarifi m\u00fcmk\u00fcn olmayan bir mucize ger\u00e7ekle\u015fti: kollar\u0131m\u0131zda tutarak kederle bakt\u0131\u011f\u0131m\u0131z Lulo\u2019muzun ba\u015f\u0131nda ince bir alev ve bir \u0131\u015f\u0131k par\u0131lt\u0131s\u0131 belirdi, bu alevle yumu\u015fak sa\u00e7lar\u0131 tutu\u015ftu ve alev \u015fakaklar\u0131na do\u011fru yay\u0131lmaya ba\u015flad\u0131.<\/p><p>Biz korkudan titreyerek bir yandan \u00e7ocu\u011fun alev alm\u0131\u015f sa\u00e7lar\u0131n\u0131 silkeleyip bir yandan kutsal alevi su ile s\u00f6nd\u00fcrmeye \u00e7al\u0131\u015f\u0131rken, babam Anchises g\u00f6zlerini g\u00f6ky\u00fcz\u00fcne dikip ellerini a\u00e7arak bir sevin\u00e7 nidas\u0131yla hayk\u0131rd\u0131: \u201cHer \u015feye kadir olan g\u00f6ky\u00fcz\u00fc tanr\u0131s\u0131 Zeus, e\u011fer duam\u0131 kabul edeceksen, bizleri g\u00f6r ve bize merhamet et, bizden yard\u0131m\u0131n\u0131 esirgeme ve duam\u0131 kabul eyleyerek bu keh\u00e2neti do\u011frula.<\/p><p>Daha s\u00f6zlerini hen\u00fcz tamamlam\u0131\u015ft\u0131 ki, aniden sol taraftan bir \u015fim\u015fek \u00e7akt\u0131 ve arkas\u0131nda \u0131\u015f\u0131kl\u0131 bir iz b\u0131rakarak karanl\u0131klar i\u00e7inden gelen bir y\u0131ld\u0131z, evin \u00e7at\u0131s\u0131n\u0131 s\u0131y\u0131rarak yere d\u00fc\u015ft\u00fc. Onun g\u00f6z kama\u015ft\u0131ran bir \u0131\u015f\u0131kla bize yol g\u00f6stererek \u0130da Da\u011f\u0131\u2019n\u0131n ormanlar\u0131 i\u00e7erisinde kayboldu\u011funu g\u00f6rd\u00fck.<\/p><p>Art\u0131k Aeneas canlan\u0131r ve katliamdan kurtulanlar\u0131n ba\u015f\u0131na ge\u00e7erek komutay\u0131 ele al\u0131r. \u015eimdi hepsi b\u00fcy\u00fck bir g\u00fcvenle kendilerini ona emanet etmi\u015flerdir ve Aeneas da bunun sorumlulu\u011funu omuzlar\u0131nda hissetmektedir.<\/p><p>Y\u00fcr\u00fcmeye koyulurlar ve <strong>\u0130da Da\u011f\u0131\u2019nun eteklerine<\/strong> ula\u015ft\u0131ktan sonra burada kamp yap\u0131p, hi\u00e7 zaman kaybetmeden sa\u011flam a\u011fa\u00e7 g\u00f6vdelerini kesmeye ba\u015flayarak kendilerine k\u00fc\u00e7\u00fck bir filo in\u015fa ederler. Art\u0131k onlar\u0131 denizlerde bekleyen maceralara at\u0131lmaya haz\u0131rd\u0131rlar. Bu \u015fekilde yirmi gemiyi donatmay\u0131 ba\u015far\u0131rlar ve denize a\u00e7\u0131l\u0131rken ufukta Truva\u2019n\u0131n limanlar\u0131n\u0131n, k\u0131y\u0131lar\u0131n\u0131n, tarlalar\u0131n\u0131n kayboldu\u011funu g\u00f6rd\u00fck\u00e7e g\u00f6zlerinde ya\u015flarla kendi topraklar\u0131ndan ebediyen ayr\u0131l\u0131rlar. \u015eimdi sadece gizemli bir kaderin insaf\u0131na b\u0131rak\u0131lm\u0131\u015f ve <strong>bilinmez bir gelece\u011fe giden s\u00fcrg\u00fcn mahk\u00fbmlardan ba\u015fka bir \u015fey olmad\u0131klar\u0131n\u0131n ac\u0131 bilinci i\u00e7indedirler<\/strong>.<\/p>\t\t\t\t\t\t<\/div>\n\t\t\t\t<\/div>\n\t\t\t\t\t<\/div>\n\t\t<\/div>\n\t\t\t\t\t\t\t<\/div>\n\t\t<\/section>\n\t\t\t\t\t<\/div>\n\t\t<\/div>\n\t\t\t\t\t\t\t<\/div>\n\t\t<\/section>\n\t\t\t\t\t\t\t<\/div>\n\t\t","protected":false},"excerpt":{"rendered":"<p>AYRILI\u015e Yurdunu Terk Etmenin H\u00fczn\u00fc ve Yeni Bir Ba\u015flang\u0131c\u0131n Umudu AYRILI\u015e \u015eair Vergilius\u2019um\u00fckemmel ikonik tasviri hi\u00e7 ku\u015fkusuz omuzlar\u0131nda babas\u0131 Anchise ve elinden tuttu\u011fu o\u011flu Ascanius ile<span class=\"excerpt-hellip\"> [\u2026]<\/span><\/p>\n","protected":false},"author":1,"featured_media":0,"parent":0,"menu_order":0,"comment_status":"closed","ping_status":"closed","template":"","meta":{"footnotes":""},"class_list":["post-1329","page","type-page","status-publish","hentry"],"_links":{"self":[{"href":"https:\/\/ariste.aeneasroute.org\/tr\/wp-json\/wp\/v2\/pages\/1329","targetHints":{"allow":["GET"]}}],"collection":[{"href":"https:\/\/ariste.aeneasroute.org\/tr\/wp-json\/wp\/v2\/pages"}],"about":[{"href":"https:\/\/ariste.aeneasroute.org\/tr\/wp-json\/wp\/v2\/types\/page"}],"author":[{"embeddable":true,"href":"https:\/\/ariste.aeneasroute.org\/tr\/wp-json\/wp\/v2\/users\/1"}],"replies":[{"embeddable":true,"href":"https:\/\/ariste.aeneasroute.org\/tr\/wp-json\/wp\/v2\/comments?post=1329"}],"version-history":[{"count":8,"href":"https:\/\/ariste.aeneasroute.org\/tr\/wp-json\/wp\/v2\/pages\/1329\/revisions"}],"predecessor-version":[{"id":1684,"href":"https:\/\/ariste.aeneasroute.org\/tr\/wp-json\/wp\/v2\/pages\/1329\/revisions\/1684"}],"wp:attachment":[{"href":"https:\/\/ariste.aeneasroute.org\/tr\/wp-json\/wp\/v2\/media?parent=1329"}],"curies":[{"name":"wp","href":"https:\/\/api.w.org\/{rel}","templated":true}]}}