{"id":1338,"date":"2022-04-05T11:26:25","date_gmt":"2022-04-05T09:26:25","guid":{"rendered":"https:\/\/ariste.aeneasroute.org\/ariste\/?page_id=1338"},"modified":"2022-06-23T17:33:18","modified_gmt":"2022-06-23T15:33:18","slug":"siklop-kayalari","status":"publish","type":"page","link":"https:\/\/ariste.aeneasroute.org\/tr\/siklop-kayalari\/","title":{"rendered":"Siklop Kayalari"},"content":{"rendered":"\t\t<div data-elementor-type=\"wp-page\" data-elementor-id=\"1338\" class=\"elementor elementor-1338\">\n\t\t\t\t\t\t\t\t\t<section class=\"elementor-section elementor-top-section elementor-element elementor-element-0f4aad4 elementor-section-height-full elementor-section-stretched elementor-section-boxed elementor-section-height-default elementor-section-items-middle\" data-id=\"0f4aad4\" data-element_type=\"section\" data-settings=\"{&quot;stretch_section&quot;:&quot;section-stretched&quot;,&quot;background_background&quot;:&quot;classic&quot;}\">\n\t\t\t\t\t\t<div class=\"elementor-container elementor-column-gap-default\">\n\t\t\t\t\t<div class=\"elementor-column elementor-col-100 elementor-top-column elementor-element elementor-element-9a5c600\" data-id=\"9a5c600\" data-element_type=\"column\">\n\t\t\t<div class=\"elementor-widget-wrap elementor-element-populated\">\n\t\t\t\t\t\t\t\t<div class=\"elementor-element elementor-element-b38a2bf elementor-widget elementor-widget-text-editor\" data-id=\"b38a2bf\" data-element_type=\"widget\" data-widget_type=\"text-editor.default\">\n\t\t\t\t<div class=\"elementor-widget-container\">\n\t\t\t<style>\/*! elementor - v3.7.8 - 02-10-2022 *\/\n.elementor-widget-text-editor.elementor-drop-cap-view-stacked .elementor-drop-cap{background-color:#818a91;color:#fff}.elementor-widget-text-editor.elementor-drop-cap-view-framed .elementor-drop-cap{color:#818a91;border:3px solid;background-color:transparent}.elementor-widget-text-editor:not(.elementor-drop-cap-view-default) .elementor-drop-cap{margin-top:8px}.elementor-widget-text-editor:not(.elementor-drop-cap-view-default) .elementor-drop-cap-letter{width:1em;height:1em}.elementor-widget-text-editor .elementor-drop-cap{float:left;text-align:center;line-height:1;font-size:50px}.elementor-widget-text-editor .elementor-drop-cap-letter{display:inline-block}<\/style>\t\t\t\t<h2><span style=\"color: #ffffff;\">S\u0130KLOP KAYALARI<\/span><\/h2>\n<h4 class=\"MsoNormal\" style=\"text-align: justify;\"><span style=\"color: #ffffff;\"><i>Etna\u2019n\u0131nSikloplarla Kar\u015f\u0131la\u015fmas\u0131<\/i><\/span><\/h4>\t\t\t\t\t\t<\/div>\n\t\t\t\t<\/div>\n\t\t\t\t\t<\/div>\n\t\t<\/div>\n\t\t\t\t\t\t\t<\/div>\n\t\t<\/section>\n\t\t\t\t<section class=\"elementor-section elementor-top-section elementor-element elementor-element-d3e5c3c elementor-section-stretched elementor-section-boxed elementor-section-height-default elementor-section-height-default\" data-id=\"d3e5c3c\" data-element_type=\"section\" data-settings=\"{&quot;stretch_section&quot;:&quot;section-stretched&quot;}\">\n\t\t\t\t\t\t<div class=\"elementor-container elementor-column-gap-wider\">\n\t\t\t\t\t<div class=\"elementor-column elementor-col-100 elementor-top-column elementor-element elementor-element-d6df846\" data-id=\"d6df846\" data-element_type=\"column\">\n\t\t\t<div class=\"elementor-widget-wrap elementor-element-populated\">\n\t\t\t\t\t\t\t\t<section class=\"elementor-section elementor-inner-section elementor-element elementor-element-e098026 elementor-section-boxed elementor-section-height-default elementor-section-height-default\" data-id=\"e098026\" data-element_type=\"section\">\n\t\t\t\t\t\t<div class=\"elementor-container elementor-column-gap-default\">\n\t\t\t\t\t<div class=\"elementor-column elementor-col-100 elementor-inner-column elementor-element elementor-element-9285098\" data-id=\"9285098\" data-element_type=\"column\">\n\t\t\t<div class=\"elementor-widget-wrap elementor-element-populated\">\n\t\t\t\t\t\t\t\t<div class=\"elementor-element elementor-element-55b54ee elementor-widget elementor-widget-text-editor\" data-id=\"55b54ee\" data-element_type=\"widget\" data-widget_type=\"text-editor.default\">\n\t\t\t\t<div class=\"elementor-widget-container\">\n\t\t\t\t\t\t\t<h3><strong>S\u0130KLOP KAYALARI<\/strong><\/h3>\n<p>Akdeniz\u2019deki yolculuklar\u0131 s\u0131ras\u0131nda <strong>Truval\u0131lar Taranto k\u00f6rfezini<\/strong> a\u015ft\u0131ktan sonra Hera Lacinia tap\u0131na\u011f\u0131 (g\u00fcn\u00fcm\u00fczde Calabria B\u00f6lgesindeki Capo Colonna) \u00f6nlerinden ge\u00e7ip <strong>Cariddi<\/strong>\u2019ye var\u0131rlar ve buradaki Messina Bo\u011faz\u0131\u2019ndan ge\u00e7erken b\u00fcy\u00fck bir girdap tehlikesi atlat\u0131rlar.<\/p>\n<p>Ak\u015fam, yorgun ve hi\u00e7 bir \u015feyden habersiz olarak, Etna Yanarda\u011f\u0131\u2019n\u0131n tehdidi alt\u0131nda bulunan <strong>Siklop Kayalar\u0131 <\/strong>ad\u0131 verilen sahile ayak basarlar. Dumanlar\u0131n yaratt\u0131\u011f\u0131 yo\u011fun sis, volkan\u0131n lav p\u00fcsk\u00fcrtt\u00fc\u011f\u00fcn\u00fcn habercisidir. Bir ormana s\u0131\u011f\u0131n\u0131rlar ve Aeneas ile arkada\u015flar\u0131 b\u00fcy\u00fck patlama sesleri \u00e7\u0131kartarak alevler kusan Etna Yanarda\u011f\u0131\u2019n\u0131 seyretmeye koyulurlar.<\/p>\n<p>G\u00fcn a\u011fard\u0131\u011f\u0131nda Truval\u0131lar, \u00fcst\u00fcnde pa\u00e7avralar olan deh\u015fet i\u00e7indeki bir adamla kar\u015f\u0131la\u015f\u0131r: Bu adam oradan tela\u015f i\u00e7inde ayr\u0131lan Ulysses taraf\u0131ndan unutulan <strong>Yunanl\u0131 Achemenides\u2019tir<\/strong>. Adam, <strong>Polifemos<\/strong>\u2019un yapt\u0131\u011f\u0131 zalimlikleri anlatarak Truval\u0131lar\u0131 ka\u00e7malar\u0131 i\u00e7in uyar\u0131r. Nitekim biraz sonra kan damlayan tek g\u00f6z\u00fcyle korkun\u00e7 dev Siklop ortaya \u00e7\u0131kar. Aeneas ve adamlar\u0131 hemen gemilere ko\u015farlar ve bir zamanlar d\u00fc\u015fmanlar\u0131 olan ama \u015fimdi yard\u0131ma muhta\u00e7 Achemenides\u2019i de yol arkada\u015f\u0131 olarak yanlar\u0131na al\u0131rlar.<\/p>\n<p>Korkunun da verdi\u011fi gayretle k\u00fcreklere sar\u0131larak k\u0131y\u0131dan uzakla\u015f\u0131rlarken Polifemos denize girip dev elleriyle onlar\u0131 yakalamaya \u00e7al\u0131\u015f\u0131r. Polifemos onlar\u0131 ka\u00e7\u0131rd\u0131\u011f\u0131n\u0131 anlad\u0131\u011f\u0131 zaman \u00f6yle korkun\u00e7 bir \u00e7\u0131\u011fl\u0131k atar ki, adeta yeri ve denizi titretir. Bu \u00e7\u0131\u011fl\u0131\u011f\u0131 duyan di\u011fer Sikloplar da ko\u015farak gelirler, ama neyse ki Aeneas ve yan\u0131ndakiler art\u0131k k\u0131y\u0131dan yakalanamayacak kadar uzakla\u015fm\u0131\u015flard\u0131r.<\/p>\n<p class=\"MsoNormal\"><span lang=\"TR\">\u00a9 Foto\u011fraf: Piermanuele Sberni, Unsplash&nbsp;<o:p><\/o:p><\/span><\/p>\t\t\t\t\t\t<\/div>\n\t\t\t\t<\/div>\n\t\t\t\t\t<\/div>\n\t\t<\/div>\n\t\t\t\t\t\t\t<\/div>\n\t\t<\/section>\n\t\t\t\t\t<\/div>\n\t\t<\/div>\n\t\t\t\t\t\t\t<\/div>\n\t\t<\/section>\n\t\t\t\t\t\t\t<\/div>\n\t\t","protected":false},"excerpt":{"rendered":"<p>S\u0130KLOP KAYALARI Etna\u2019n\u0131nSikloplarla Kar\u015f\u0131la\u015fmas\u0131 S\u0130KLOP KAYALARI Akdeniz\u2019deki yolculuklar\u0131 s\u0131ras\u0131nda Truval\u0131lar Taranto k\u00f6rfezini a\u015ft\u0131ktan sonra Hera Lacinia tap\u0131na\u011f\u0131 (g\u00fcn\u00fcm\u00fczde Calabria B\u00f6lgesindeki Capo Colonna) \u00f6nlerinden ge\u00e7ip Cariddi\u2019ye var\u0131rlar<span class=\"excerpt-hellip\"> [\u2026]<\/span><\/p>\n","protected":false},"author":1,"featured_media":0,"parent":0,"menu_order":0,"comment_status":"closed","ping_status":"closed","template":"","meta":{"footnotes":""},"class_list":["post-1338","page","type-page","status-publish","hentry"],"_links":{"self":[{"href":"https:\/\/ariste.aeneasroute.org\/tr\/wp-json\/wp\/v2\/pages\/1338","targetHints":{"allow":["GET"]}}],"collection":[{"href":"https:\/\/ariste.aeneasroute.org\/tr\/wp-json\/wp\/v2\/pages"}],"about":[{"href":"https:\/\/ariste.aeneasroute.org\/tr\/wp-json\/wp\/v2\/types\/page"}],"author":[{"embeddable":true,"href":"https:\/\/ariste.aeneasroute.org\/tr\/wp-json\/wp\/v2\/users\/1"}],"replies":[{"embeddable":true,"href":"https:\/\/ariste.aeneasroute.org\/tr\/wp-json\/wp\/v2\/comments?post=1338"}],"version-history":[{"count":8,"href":"https:\/\/ariste.aeneasroute.org\/tr\/wp-json\/wp\/v2\/pages\/1338\/revisions"}],"predecessor-version":[{"id":1688,"href":"https:\/\/ariste.aeneasroute.org\/tr\/wp-json\/wp\/v2\/pages\/1338\/revisions\/1688"}],"wp:attachment":[{"href":"https:\/\/ariste.aeneasroute.org\/tr\/wp-json\/wp\/v2\/media?parent=1338"}],"curies":[{"name":"wp","href":"https:\/\/api.w.org\/{rel}","templated":true}]}}