{"id":1344,"date":"2022-04-05T11:30:43","date_gmt":"2022-04-05T09:30:43","guid":{"rendered":"https:\/\/ariste.aeneasroute.org\/ariste\/?page_id=1344"},"modified":"2022-06-23T17:34:26","modified_gmt":"2022-06-23T15:34:26","slug":"ankhisesin-onuruna-yapilan-yarismalar","status":"publish","type":"page","link":"https:\/\/ariste.aeneasroute.org\/tr\/ankhisesin-onuruna-yapilan-yarismalar\/","title":{"rendered":"Ankhises\u2019in onuruna yap\u0131lan yar\u0131\u015fmalar"},"content":{"rendered":"\t\t<div data-elementor-type=\"wp-page\" data-elementor-id=\"1344\" class=\"elementor elementor-1344\">\n\t\t\t\t\t\t\t\t\t<section class=\"elementor-section elementor-top-section elementor-element elementor-element-0f4aad4 elementor-section-height-full elementor-section-stretched elementor-section-boxed elementor-section-height-default elementor-section-items-middle\" data-id=\"0f4aad4\" data-element_type=\"section\" data-settings=\"{&quot;stretch_section&quot;:&quot;section-stretched&quot;,&quot;background_background&quot;:&quot;classic&quot;}\">\n\t\t\t\t\t\t<div class=\"elementor-container elementor-column-gap-default\">\n\t\t\t\t\t<div class=\"elementor-column elementor-col-100 elementor-top-column elementor-element elementor-element-9a5c600\" data-id=\"9a5c600\" data-element_type=\"column\">\n\t\t\t<div class=\"elementor-widget-wrap elementor-element-populated\">\n\t\t\t\t\t\t\t\t<div class=\"elementor-element elementor-element-b38a2bf elementor-widget elementor-widget-text-editor\" data-id=\"b38a2bf\" data-element_type=\"widget\" data-widget_type=\"text-editor.default\">\n\t\t\t\t<div class=\"elementor-widget-container\">\n\t\t\t<style>\/*! elementor - v3.7.8 - 02-10-2022 *\/\n.elementor-widget-text-editor.elementor-drop-cap-view-stacked .elementor-drop-cap{background-color:#818a91;color:#fff}.elementor-widget-text-editor.elementor-drop-cap-view-framed .elementor-drop-cap{color:#818a91;border:3px solid;background-color:transparent}.elementor-widget-text-editor:not(.elementor-drop-cap-view-default) .elementor-drop-cap{margin-top:8px}.elementor-widget-text-editor:not(.elementor-drop-cap-view-default) .elementor-drop-cap-letter{width:1em;height:1em}.elementor-widget-text-editor .elementor-drop-cap{float:left;text-align:center;line-height:1;font-size:50px}.elementor-widget-text-editor .elementor-drop-cap-letter{display:inline-block}<\/style>\t\t\t\t<h2><span style=\"color: #ffffff;\">ANKHISES\u2019IN ONURUNA YAPILAN YARI\u015eMALAR<\/span><\/h2>\n<h4 class=\"MsoNormal\" style=\"text-align: justify;\"><span style=\"color: #ffffff;\"><i>Birliktelik, Dostluk ve Ailevi De\u011ferler <\/i><\/span><\/h4>\t\t\t\t\t\t<\/div>\n\t\t\t\t<\/div>\n\t\t\t\t\t<\/div>\n\t\t<\/div>\n\t\t\t\t\t\t\t<\/div>\n\t\t<\/section>\n\t\t\t\t<section class=\"elementor-section elementor-top-section elementor-element elementor-element-d3e5c3c elementor-section-stretched elementor-section-boxed elementor-section-height-default elementor-section-height-default\" data-id=\"d3e5c3c\" data-element_type=\"section\" data-settings=\"{&quot;stretch_section&quot;:&quot;section-stretched&quot;}\">\n\t\t\t\t\t\t<div class=\"elementor-container elementor-column-gap-wider\">\n\t\t\t\t\t<div class=\"elementor-column elementor-col-100 elementor-top-column elementor-element elementor-element-d6df846\" data-id=\"d6df846\" data-element_type=\"column\">\n\t\t\t<div class=\"elementor-widget-wrap elementor-element-populated\">\n\t\t\t\t\t\t\t\t<section class=\"elementor-section elementor-inner-section elementor-element elementor-element-e098026 elementor-section-boxed elementor-section-height-default elementor-section-height-default\" data-id=\"e098026\" data-element_type=\"section\">\n\t\t\t\t\t\t<div class=\"elementor-container elementor-column-gap-default\">\n\t\t\t\t\t<div class=\"elementor-column elementor-col-100 elementor-inner-column elementor-element elementor-element-9285098\" data-id=\"9285098\" data-element_type=\"column\">\n\t\t\t<div class=\"elementor-widget-wrap elementor-element-populated\">\n\t\t\t\t\t\t\t\t<div class=\"elementor-element elementor-element-55b54ee elementor-widget elementor-widget-text-editor\" data-id=\"55b54ee\" data-element_type=\"widget\" data-widget_type=\"text-editor.default\">\n\t\t\t\t<div class=\"elementor-widget-container\">\n\t\t\t\t\t\t\t<h3><strong>ANKHISES\u2019IN ONURUNA YAPILAN YARI\u015eMALAR<\/strong><\/h3>\n<p>Siklop Adas\u0131\u2019ndan apar topar ka\u00e7t\u0131ktan sonra, Sicilya\u2019n\u0131n g\u00fcney-bat\u0131 k\u0131y\u0131lar\u0131na te\u011fet ge\u00e7ip g\u00fczergah \u00fczerindeki <strong>Camarina, Gela, Agrigento, Selinunte<\/strong> kasabalar\u0131n\u0131 da a\u015farak, Aeneas ve Truval\u0131lar\u0131n gemileri Sicilya\u2019daki <strong>Lilibeo<\/strong> k\u0131y\u0131lar\u0131 \u00fczerinden <strong>Drepanon (Trapani)<\/strong> liman\u0131na var\u0131r. Burada, Aeneas\u2019a hayat\u0131ndaki zor anlar\u0131nda her zaman destek olan babas\u0131 <strong>Ankhises \u00f6l\u00fcr ve ya\u015fl\u0131 babas\u0131n\u0131 kaybetmesi<\/strong> Aeneas\u2019a b\u00fcy\u00fck bir keder verir.<\/p>\n<p>Aeneid destan\u0131n\u0131n be\u015finci kitab\u0131nda Vergilius, Truval\u0131lar\u0131n Kartaca\u2019da uzun s\u00fcre kalmalar\u0131ndan bir y\u0131l sonra yeniden Drepanon liman\u0131na demir att\u0131klar\u0131n\u0131 ve burada Aeneas taraf\u0131ndan babas\u0131 <strong>Ankhises <\/strong>an\u0131s\u0131na oyunlar ve yar\u0131\u015fmalar d\u00fczenlendi\u011fini yazar.<\/p>\n<p>Bunlarda ilki bir gemi yar\u0131\u015fmas\u0131d\u0131r. Bu yar\u0131\u015fmada gemiler k\u0131y\u0131dan hareket edip iki mil \u00f6tedeki bir kayal\u0131\u011fa varacak ve etraf\u0131ndan dolanarak kalk\u0131\u015f noktas\u0131na geri d\u00f6neceklerdir. Yar\u0131\u015fmada Pristi, Chimera, Centauro ve Scilla olmak \u00fczere d\u00f6rt gemi vard\u0131r. &nbsp;\u015eenliklere kat\u0131lan seyirciler yar\u0131\u015fmay\u0131 izlemek i\u00e7in alana gelir. Kalk\u0131\u015f borusu \u00f6ter ve gemiler seyircilerin alk\u0131\u015flar\u0131 ve tezah\u00fcrat\u0131 aras\u0131nda hareket ederler. Yar\u0131\u015f sona erdi\u011finde ipi g\u00f6\u011f\u00fcsleyen gemi Scilla olmu\u015ftur. Aeneas hem kazananlara, hem de kat\u0131lan di\u011fer yar\u0131\u015fmac\u0131lara \u00f6d\u00fcllerini da\u011f\u0131t\u0131r.<\/p>\n<p>Gemi yar\u0131\u015f\u0131 (Regata) sona erip \u00f6d\u00fcl t\u00f6reni yap\u0131ld\u0131ktan sonra di\u011fer yar\u0131\u015flara ge\u00e7ilir: <strong>ko\u015fu yar\u0131\u015f\u0131, caestus eldivenli boks, ok\u00e7uluk<\/strong>. Oyunlarise <strong>binicilik yar\u0131\u015f\u0131yla<\/strong> kapan\u0131r.<\/p>\n<p>Ankhises ad\u0131na yap\u0131lan oyunlar s\u0131ras\u0131nda bir bayram havas\u0131 ya\u015fan\u0131r ve Aeneas hem kendi halk\u0131yla yeninden tan\u0131\u015f\u0131r veonu bekleyen gelecek hakk\u0131nda fikir edinir, hem de yolculuk arkada\u015flar\u0131yla yak\u0131nla\u015fma f\u0131rsat\u0131 bularak asl\u0131nda ona sand\u0131\u011f\u0131ndan daha ba\u011fl\u0131 olduklar\u0131n\u0131 \u00f6\u011frenir.<\/p>\n<p>Ama bu arada uzun yolculu\u011fun da verdi\u011fi yorgunlukla bir grup kad\u0131n, Hera\u2019n\u0131n da k\u0131\u015fk\u0131rtmas\u0131yla baz\u0131 gemileri ate\u015fe verir: O zaman Aeneas kendisini yolculu\u011fun devam\u0131nda izlemek istemeyenleri, ya\u015fl\u0131lar\u0131, kad\u0131nlar\u0131 ve \u00e7ocuklar\u0131 Sicilya\u2019da b\u0131rakmaya karar verir ve onlar i\u00e7in <strong>Acesta kenti<\/strong>, Ven\u00fcs (Eris) tap\u0131na\u011f\u0131 ve bir de Ankhises ad\u0131na bir ibadet yeri kurulur.<\/p>\n<p class=\"MsoNormal\"><span lang=\"TR\">\u00a9 Kaynak Wikimedia Commons&nbsp;<o:p><\/o:p><\/span><\/p>\t\t\t\t\t\t<\/div>\n\t\t\t\t<\/div>\n\t\t\t\t\t<\/div>\n\t\t<\/div>\n\t\t\t\t\t\t\t<\/div>\n\t\t<\/section>\n\t\t\t\t\t<\/div>\n\t\t<\/div>\n\t\t\t\t\t\t\t<\/div>\n\t\t<\/section>\n\t\t\t\t\t\t\t<\/div>\n\t\t","protected":false},"excerpt":{"rendered":"<p>ANKHISES\u2019IN ONURUNA YAPILAN YARI\u015eMALAR Birliktelik, Dostluk ve Ailevi De\u011ferler ANKHISES\u2019IN ONURUNA YAPILAN YARI\u015eMALAR Siklop Adas\u0131\u2019ndan apar topar ka\u00e7t\u0131ktan sonra, Sicilya\u2019n\u0131n g\u00fcney-bat\u0131 k\u0131y\u0131lar\u0131na te\u011fet ge\u00e7ip g\u00fczergah \u00fczerindeki<span class=\"excerpt-hellip\"> [\u2026]<\/span><\/p>\n","protected":false},"author":1,"featured_media":0,"parent":0,"menu_order":0,"comment_status":"closed","ping_status":"closed","template":"","meta":{"footnotes":""},"class_list":["post-1344","page","type-page","status-publish","hentry"],"_links":{"self":[{"href":"https:\/\/ariste.aeneasroute.org\/tr\/wp-json\/wp\/v2\/pages\/1344","targetHints":{"allow":["GET"]}}],"collection":[{"href":"https:\/\/ariste.aeneasroute.org\/tr\/wp-json\/wp\/v2\/pages"}],"about":[{"href":"https:\/\/ariste.aeneasroute.org\/tr\/wp-json\/wp\/v2\/types\/page"}],"author":[{"embeddable":true,"href":"https:\/\/ariste.aeneasroute.org\/tr\/wp-json\/wp\/v2\/users\/1"}],"replies":[{"embeddable":true,"href":"https:\/\/ariste.aeneasroute.org\/tr\/wp-json\/wp\/v2\/comments?post=1344"}],"version-history":[{"count":10,"href":"https:\/\/ariste.aeneasroute.org\/tr\/wp-json\/wp\/v2\/pages\/1344\/revisions"}],"predecessor-version":[{"id":1691,"href":"https:\/\/ariste.aeneasroute.org\/tr\/wp-json\/wp\/v2\/pages\/1344\/revisions\/1691"}],"wp:attachment":[{"href":"https:\/\/ariste.aeneasroute.org\/tr\/wp-json\/wp\/v2\/media?parent=1344"}],"curies":[{"name":"wp","href":"https:\/\/api.w.org\/{rel}","templated":true}]}}