{"id":1351,"date":"2022-04-05T11:33:56","date_gmt":"2022-04-05T09:33:56","guid":{"rendered":"https:\/\/ariste.aeneasroute.org\/ariste\/?page_id=1351"},"modified":"2022-06-23T17:35:20","modified_gmt":"2022-06-23T15:35:20","slug":"sibylla-ve-yeralti-dunyasina-inis","status":"publish","type":"page","link":"https:\/\/ariste.aeneasroute.org\/tr\/sibylla-ve-yeralti-dunyasina-inis\/","title":{"rendered":"Sibylla ve Yeralt\u0131 D\u00fcnyas\u0131na ini\u015f"},"content":{"rendered":"\t\t<div data-elementor-type=\"wp-page\" data-elementor-id=\"1351\" class=\"elementor elementor-1351\">\n\t\t\t\t\t\t\t\t\t<section class=\"elementor-section elementor-top-section elementor-element elementor-element-0f4aad4 elementor-section-height-full elementor-section-stretched elementor-section-boxed elementor-section-height-default elementor-section-items-middle\" data-id=\"0f4aad4\" data-element_type=\"section\" data-settings=\"{&quot;stretch_section&quot;:&quot;section-stretched&quot;,&quot;background_background&quot;:&quot;classic&quot;}\">\n\t\t\t\t\t\t<div class=\"elementor-container elementor-column-gap-default\">\n\t\t\t\t\t<div class=\"elementor-column elementor-col-100 elementor-top-column elementor-element elementor-element-9a5c600\" data-id=\"9a5c600\" data-element_type=\"column\">\n\t\t\t<div class=\"elementor-widget-wrap elementor-element-populated\">\n\t\t\t\t\t\t\t\t<div class=\"elementor-element elementor-element-b38a2bf elementor-widget elementor-widget-text-editor\" data-id=\"b38a2bf\" data-element_type=\"widget\" data-widget_type=\"text-editor.default\">\n\t\t\t\t<div class=\"elementor-widget-container\">\n\t\t\t<style>\/*! elementor - v3.7.8 - 02-10-2022 *\/\n.elementor-widget-text-editor.elementor-drop-cap-view-stacked .elementor-drop-cap{background-color:#818a91;color:#fff}.elementor-widget-text-editor.elementor-drop-cap-view-framed .elementor-drop-cap{color:#818a91;border:3px solid;background-color:transparent}.elementor-widget-text-editor:not(.elementor-drop-cap-view-default) .elementor-drop-cap{margin-top:8px}.elementor-widget-text-editor:not(.elementor-drop-cap-view-default) .elementor-drop-cap-letter{width:1em;height:1em}.elementor-widget-text-editor .elementor-drop-cap{float:left;text-align:center;line-height:1;font-size:50px}.elementor-widget-text-editor .elementor-drop-cap-letter{display:inline-block}<\/style>\t\t\t\t<h2><span style=\"color: #ffffff;\">SIBYLLA VE YERALTI D\u00dcNYASINA INI\u015e <\/span><\/h2>\n<h4 class=\"MsoNormal\" style=\"text-align: justify;\"><span style=\"color: #ffffff;\"><i>Aeneas ile Ankhises\u2019in Nesiller Aras\u0131 Ge\u00e7i\u015fle Bulu\u015fmas\u0131: Korunmas\u0131 Gereken Bir Gelenek ve Yarat\u0131lmas\u0131 Gereken Bir Gelecek<\/i><\/span><\/h4>\t\t\t\t\t\t<\/div>\n\t\t\t\t<\/div>\n\t\t\t\t\t<\/div>\n\t\t<\/div>\n\t\t\t\t\t\t\t<\/div>\n\t\t<\/section>\n\t\t\t\t<section class=\"elementor-section elementor-top-section elementor-element elementor-element-d3e5c3c elementor-section-stretched elementor-section-boxed elementor-section-height-default elementor-section-height-default\" data-id=\"d3e5c3c\" data-element_type=\"section\" data-settings=\"{&quot;stretch_section&quot;:&quot;section-stretched&quot;}\">\n\t\t\t\t\t\t<div class=\"elementor-container elementor-column-gap-wider\">\n\t\t\t\t\t<div class=\"elementor-column elementor-col-100 elementor-top-column elementor-element elementor-element-d6df846\" data-id=\"d6df846\" data-element_type=\"column\">\n\t\t\t<div class=\"elementor-widget-wrap elementor-element-populated\">\n\t\t\t\t\t\t\t\t<section class=\"elementor-section elementor-inner-section elementor-element elementor-element-e098026 elementor-section-boxed elementor-section-height-default elementor-section-height-default\" data-id=\"e098026\" data-element_type=\"section\">\n\t\t\t\t\t\t<div class=\"elementor-container elementor-column-gap-default\">\n\t\t\t\t\t<div class=\"elementor-column elementor-col-100 elementor-inner-column elementor-element elementor-element-9285098\" data-id=\"9285098\" data-element_type=\"column\">\n\t\t\t<div class=\"elementor-widget-wrap elementor-element-populated\">\n\t\t\t\t\t\t\t\t<div class=\"elementor-element elementor-element-55b54ee elementor-widget elementor-widget-text-editor\" data-id=\"55b54ee\" data-element_type=\"widget\" data-widget_type=\"text-editor.default\">\n\t\t\t\t<div class=\"elementor-widget-container\">\n\t\t\t\t\t\t\t<h3><strong>SIBYLLA VE YERALTI D\u00dcNYASINA INI\u015e <\/strong><\/h3><p>Aeneas, antik devirlerin en b\u00fcy\u00fck kahinlerinden <strong>Sibly<\/strong>\u2019e dan\u0131\u015fmak i\u00e7in <strong>Campania B\u00f6lgesindeki Cumae<\/strong> kentine gelir. Tanr\u0131 Apollon taraf\u0131ndan kutsanm\u0131\u015f bu ermi\u015f kad\u0131n gelece\u011fi okuyabilmektedir ve Aeneas\u2019a kar\u015f\u0131na \u00e7\u0131kacak olaylar hakk\u0131nda bilgi verip, ileride <strong>Roma<\/strong>\u2019n\u0131n en b\u00fcy\u00fck merkez olaca\u011f\u0131n\u0131 s\u00f6yleyerek onu \u00d6l\u00fcler Diyar\u0131 Hades\u2019e g\u00f6t\u00fcr\u00fcr.<\/p><p>Rivayete g\u00f6re, Aeneas\u2019\u0131n babas\u0131 <strong>Ankhises<\/strong>\u2019i g\u00f6rmek i\u00e7in indi\u011fi yeralt\u0131 d\u00fcnyas\u0131n\u0131n kap\u0131lar\u0131 Avernus g\u00f6l\u00fcne a\u00e7\u0131l\u0131yordu. Bu \u00f6yk\u00fc Aeneid destan\u0131n\u0131n d\u00f6rd\u00fcnc\u00fc kitab\u0131nda anlat\u0131lmaktad\u0131r ve Cumae kentinin kutsal mek\u00e2nlar\u0131na \u00e7ok say\u0131da at\u0131f yap\u0131lm\u0131\u015ft\u0131r. Akropolis\u2019in en y\u00fcksek an\u0131t\u0131 olan, etraf\u0131 kutsal Artemis orman\u0131yla \u00e7evrilmi\u015f ve Girit adas\u0131ndan ka\u00e7an Dedalus taraf\u0131ndan in\u015fa ettirilmi\u015f olan Apollon tap\u0131na\u011f\u0131, SiblyMa\u011faras\u0131 ve Hades Kap\u0131lar\u0131 burada yer almaktad\u0131r.<\/p><p>Vergilius, Aeneas&#8217;\u0131n Sibyl&#8217;le birlikte Kutsal Koru&#8217;ya ula\u015fana kadar \u00f6l\u00fcler diyar\u0131na yapt\u0131\u011f\u0131 yolculu\u011fu ayr\u0131nt\u0131l\u0131 olarak anlat\u0131r. Buraya var\u0131nca Aeneas heyecan i\u00e7inde babas\u0131 Ankhises\u2019in g\u00f6lgesini g\u00f6r\u00fcr ve babas\u0131 da onu fark edince duygulan\u0131r. Aeneas, babas\u0131na olan sevgisini ve ge\u00e7mi\u015f nesillere olan sayg\u0131s\u0131n\u0131 g\u00f6steren g\u00f6zya\u015flar\u0131 d\u00f6kerek babas\u0131na \u00fc\u00e7 defa sar\u0131lmak ister ama ba\u015faramaz.<\/p><p>Her ikisi taraf\u0131ndan beklenen bu bulu\u015fma Ankhises\u2019e Truval\u0131lardan gelen \u0130talyan soyunun en \u00f6nemli fig\u00fcrlerini g\u00f6sterme f\u0131rsat\u0131 verir. \u0130lk tayin edilenler \u015fimdilik ad\u0131 ve yeri belli olmayan \u015fehirlerini kuracak olan gelecekteki <strong>Alba Longa<\/strong>\u2019n\u0131n krallar\u0131d\u0131r. . Sonra s\u0131rada <strong>Romulus<\/strong> vard\u0131r ve kurucusu olaca\u011f\u0131 Roma \u015fehri \u00f6nce k\u00fc\u00e7\u00fck bir kasaba iken, ilerleyen zamanlarda bir imparatorluk haline gelecektir. Ankhises daha sonra o\u011fluna J\u00fcl Sezar\u2019\u0131n evlatl\u0131\u011f\u0131 olan ve Ascanius\u2019un soyundan gelen \u0130mparator Augustus\u2019u tan\u0131t\u0131r. Daha sonra anlat\u0131da di\u011fer tarihi krallar, cumhuriyet devri adamlar\u0131 anlat\u0131l\u0131r ve s\u00f6z gen\u00e7 ve kay\u0131ts\u0131z biri olan Marcellus\u2019a gelir. <strong>Augustus<\/strong>\u2019un torunu ve evlatl\u0131\u011f\u0131 olan Marcellus daha ondokuz ya\u015f\u0131ndayken \u00f6l\u00fcmle tan\u0131\u015facakt\u0131r. \u0130\u015fte kendi soyunun bu uzun takdim t\u00f6reni Aeneas\u2019\u0131n yeni zorluklarla m\u00fccadeleyi kabullenmesinde rol oynayacakt\u0131r.<\/p><p>Ankhises o\u011fluna yak\u0131n bir gelecekten de s\u00f6z eder: Aeneas Latium\u2019a vard\u0131ktan sonra Rutuli halk\u0131yla sava\u015fa tutu\u015facakt\u0131r. Ama aynen Sibly\u2019in dedi\u011fi gibi, Ankhises de bu sava\u015f\u0131n lehine sonu\u00e7lanaca\u011f\u0131na dair o\u011fluna g\u00fcven verir.<\/p><p>Bulu\u015fma sona erdikten sonra Ankhises o\u011flunu ve Sibly\u2019i yeralt\u0131 d\u00fcnyas\u0131n\u0131n \u00e7\u0131k\u0131\u015f\u0131na yolcu eder.<\/p><p>H\u0131zl\u0131 bir \u015fekilde, babas\u0131ndan ve Sibly\u2019den al\u0131nan izinden bahsetmeden, Vergilius Aeneas\u2019\u0131n yol arkada\u015flar\u0131na kavu\u015fmas\u0131n\u0131 ve onlarla birlikte gemiyle \u0130talya\u2019daki <strong>Gaeta<\/strong> liman kentine gidi\u015fini anlatmaya ba\u015flar.<\/p>\t\t\t\t\t\t<\/div>\n\t\t\t\t<\/div>\n\t\t\t\t\t<\/div>\n\t\t<\/div>\n\t\t\t\t\t\t\t<\/div>\n\t\t<\/section>\n\t\t\t\t\t<\/div>\n\t\t<\/div>\n\t\t\t\t\t\t\t<\/div>\n\t\t<\/section>\n\t\t\t\t\t\t\t<\/div>\n\t\t","protected":false},"excerpt":{"rendered":"<p>SIBYLLA VE YERALTI D\u00dcNYASINA INI\u015e Aeneas ile Ankhises\u2019in Nesiller Aras\u0131 Ge\u00e7i\u015fle Bulu\u015fmas\u0131: Korunmas\u0131 Gereken Bir Gelenek ve Yarat\u0131lmas\u0131 Gereken Bir Gelecek SIBYLLA VE YERALTI D\u00dcNYASINA INI\u015e<span class=\"excerpt-hellip\"> [\u2026]<\/span><\/p>\n","protected":false},"author":1,"featured_media":0,"parent":0,"menu_order":0,"comment_status":"closed","ping_status":"closed","template":"","meta":{"footnotes":""},"class_list":["post-1351","page","type-page","status-publish","hentry"],"_links":{"self":[{"href":"https:\/\/ariste.aeneasroute.org\/tr\/wp-json\/wp\/v2\/pages\/1351","targetHints":{"allow":["GET"]}}],"collection":[{"href":"https:\/\/ariste.aeneasroute.org\/tr\/wp-json\/wp\/v2\/pages"}],"about":[{"href":"https:\/\/ariste.aeneasroute.org\/tr\/wp-json\/wp\/v2\/types\/page"}],"author":[{"embeddable":true,"href":"https:\/\/ariste.aeneasroute.org\/tr\/wp-json\/wp\/v2\/users\/1"}],"replies":[{"embeddable":true,"href":"https:\/\/ariste.aeneasroute.org\/tr\/wp-json\/wp\/v2\/comments?post=1351"}],"version-history":[{"count":7,"href":"https:\/\/ariste.aeneasroute.org\/tr\/wp-json\/wp\/v2\/pages\/1351\/revisions"}],"predecessor-version":[{"id":1694,"href":"https:\/\/ariste.aeneasroute.org\/tr\/wp-json\/wp\/v2\/pages\/1351\/revisions\/1694"}],"wp:attachment":[{"href":"https:\/\/ariste.aeneasroute.org\/tr\/wp-json\/wp\/v2\/media?parent=1351"}],"curies":[{"name":"wp","href":"https:\/\/api.w.org\/{rel}","templated":true}]}}