{"id":1358,"date":"2022-04-05T11:37:24","date_gmt":"2022-04-05T09:37:24","guid":{"rendered":"https:\/\/ariste.aeneasroute.org\/ariste\/?page_id=1358"},"modified":"2022-06-23T17:37:21","modified_gmt":"2022-06-23T15:37:21","slug":"aeneas-ve-evander","status":"publish","type":"page","link":"https:\/\/ariste.aeneasroute.org\/tr\/aeneas-ve-evander\/","title":{"rendered":"Aeneas ve Evander"},"content":{"rendered":"\t\t<div data-elementor-type=\"wp-page\" data-elementor-id=\"1358\" class=\"elementor elementor-1358\">\n\t\t\t\t\t\t\t\t\t<section class=\"elementor-section elementor-top-section elementor-element elementor-element-0f4aad4 elementor-section-height-full elementor-section-stretched elementor-section-boxed elementor-section-height-default elementor-section-items-middle\" data-id=\"0f4aad4\" data-element_type=\"section\" data-settings=\"{&quot;stretch_section&quot;:&quot;section-stretched&quot;,&quot;background_background&quot;:&quot;classic&quot;}\">\n\t\t\t\t\t\t<div class=\"elementor-container elementor-column-gap-default\">\n\t\t\t\t\t<div class=\"elementor-column elementor-col-100 elementor-top-column elementor-element elementor-element-9a5c600\" data-id=\"9a5c600\" data-element_type=\"column\">\n\t\t\t<div class=\"elementor-widget-wrap elementor-element-populated\">\n\t\t\t\t\t\t\t\t<div class=\"elementor-element elementor-element-b38a2bf elementor-widget elementor-widget-text-editor\" data-id=\"b38a2bf\" data-element_type=\"widget\" data-widget_type=\"text-editor.default\">\n\t\t\t\t<div class=\"elementor-widget-container\">\n\t\t\t<style>\/*! elementor - v3.7.8 - 02-10-2022 *\/\n.elementor-widget-text-editor.elementor-drop-cap-view-stacked .elementor-drop-cap{background-color:#818a91;color:#fff}.elementor-widget-text-editor.elementor-drop-cap-view-framed .elementor-drop-cap{color:#818a91;border:3px solid;background-color:transparent}.elementor-widget-text-editor:not(.elementor-drop-cap-view-default) .elementor-drop-cap{margin-top:8px}.elementor-widget-text-editor:not(.elementor-drop-cap-view-default) .elementor-drop-cap-letter{width:1em;height:1em}.elementor-widget-text-editor .elementor-drop-cap{float:left;text-align:center;line-height:1;font-size:50px}.elementor-widget-text-editor .elementor-drop-cap-letter{display:inline-block}<\/style>\t\t\t\t<h2><span style=\"color: #ffffff;\">ENEAS VE EVANDER<\/span><\/h2>\n<h4 class=\"MsoNormal\" style=\"text-align: justify;\"><span style=\"color: #ffffff;\"><i>Farkl\u0131 Halklar\u0131n Bulu\u015fmas\u0131n\u0131 Simgeleyen G\u00fc\u00e7l\u00fc \u0130ttifak<\/i><\/span><\/h4>\t\t\t\t\t\t<\/div>\n\t\t\t\t<\/div>\n\t\t\t\t\t<\/div>\n\t\t<\/div>\n\t\t\t\t\t\t\t<\/div>\n\t\t<\/section>\n\t\t\t\t<section class=\"elementor-section elementor-top-section elementor-element elementor-element-d3e5c3c elementor-section-stretched elementor-section-boxed elementor-section-height-default elementor-section-height-default\" data-id=\"d3e5c3c\" data-element_type=\"section\" data-settings=\"{&quot;stretch_section&quot;:&quot;section-stretched&quot;}\">\n\t\t\t\t\t\t<div class=\"elementor-container elementor-column-gap-wider\">\n\t\t\t\t\t<div class=\"elementor-column elementor-col-100 elementor-top-column elementor-element elementor-element-d6df846\" data-id=\"d6df846\" data-element_type=\"column\">\n\t\t\t<div class=\"elementor-widget-wrap elementor-element-populated\">\n\t\t\t\t\t\t\t\t<section class=\"elementor-section elementor-inner-section elementor-element elementor-element-e098026 elementor-section-boxed elementor-section-height-default elementor-section-height-default\" data-id=\"e098026\" data-element_type=\"section\">\n\t\t\t\t\t\t<div class=\"elementor-container elementor-column-gap-default\">\n\t\t\t\t\t<div class=\"elementor-column elementor-col-100 elementor-inner-column elementor-element elementor-element-9285098\" data-id=\"9285098\" data-element_type=\"column\">\n\t\t\t<div class=\"elementor-widget-wrap elementor-element-populated\">\n\t\t\t\t\t\t\t\t<div class=\"elementor-element elementor-element-55b54ee elementor-widget elementor-widget-text-editor\" data-id=\"55b54ee\" data-element_type=\"widget\" data-widget_type=\"text-editor.default\">\n\t\t\t\t<div class=\"elementor-widget-container\">\n\t\t\t\t\t\t\t<h3><strong>ENEAS VE EVANDER<\/strong><\/h3><p>Vergilius\u2019un epik destan\u0131nda tanr\u0131lar, <strong>annesi Afrodit<\/strong> vas\u0131tas\u0131yla <strong>Aeneas<\/strong>\u2019a uzun ve zorlu bir yolculuk yapma g\u00f6revi verirler, \u00e7\u00fcnk\u00fc tanr\u0131lara derin bir inan\u00e7 besledi\u011fi ve ailesine kar\u015f\u0131 sayg\u0131l\u0131 oldu\u011fundan, kadere boyun e\u011fmek i\u00e7in her t\u00fcrl\u00fc zorlu\u011fa bir tek onun meydan okuyaca\u011f\u0131n\u0131 iyi bilmektedirler.<\/p><p>Yan\u0131na ya\u015fl\u0131 babas\u0131 Ankhises\u2019i, o\u011flu Ascanius\u2019un ve ailesinden olan tanr\u0131lar\u0131 (Penat\u2019lar\u0131) da alan Truval\u0131 kahraman yolculu\u011fun sonuna gelir ve \u0130talya\u2019daki Tiber nehrinin denize d\u00f6k\u00fclen a\u011fz\u0131na ula\u015f\u0131r. \u00a0Burada Arborijenlerin kral\u0131 olan Latinus ile ile kar\u015f\u0131la\u015f\u0131r. Latinus bir kehanetin de kendisini y\u00f6nlendirmesiyle, Rutulis\u2019ler kral\u0131 Turnus ile s\u00f6z kesilmi\u015f olmas\u0131na ra\u011fmen,\u00a0 k\u0131z\u0131 Lavinia\u2019y\u0131 ona gelin olarak verir. \u0130hanete u\u011frad\u0131\u011f\u0131n\u0131 d\u00fc\u015f\u00fcnen Turnus Truval\u0131lara sava\u015f a\u00e7ar. Hem Turnus\u2019un sald\u0131r\u0131s\u0131na cevap verebilmek i\u00e7in, hem de tanr\u0131 Tiber\u2019den ald\u0131\u011f\u0131 ilhamla, Aeneas -eski bir Yunan halk\u0131 olan- Arcadial\u0131lar\u0131n kral\u0131 Evander ile ittifak yapar, \u00e7\u00fcnk\u00fc o da uzaklardan Latium k\u0131y\u0131lar\u0131na gelmi\u015f ve gelece\u011fin Roma\u2019s\u0131n\u0131n kalbinde yer alan Palatino tepesindeki Pallanteo \u015fehrini kurmu\u015ftur.<\/p><p>Vergilius\u2019un anlat\u0131s\u0131na g\u00f6re, <strong>Aeneas ile Evander<\/strong> aras\u0131ndaki bulu\u015fma i\u015fte tam <strong>Palatino<\/strong> tepesinde ger\u00e7ekle\u015fir. Bu g\u00f6r\u00fc\u015fme, bir zamanlar birbirine d\u00fc\u015fman olan farkl\u0131 halklara ait iki insan aras\u0131nda ger\u00e7ekle\u015fmektedir ama, aralar\u0131ndaki ittifak Romal\u0131lar\u0131n sahip olduklar\u0131 de\u011ferve erdemlerin de kayna\u011f\u0131n\u0131 olu\u015fturacakt\u0131r.<\/p><p>Evander, aralar\u0131nda eski bir misafirperverlik ve dostluk ili\u015fkisi olan Ankhises\u2019in o\u011flunu tan\u0131r ve onu konukseverlikle kabul eder. Latinlere kar\u015f\u0131 ittifak kurmak i\u00e7in Evandro, Herk\u00fcl onuruna verilen yemek ve merasim s\u0131ras\u0131nda Aeneas\u2019a kendisine kat\u0131lmas\u0131 i\u00e7in teklifte bulunur.<\/p><p>Palatino tepesini Forum Boarium\u2019a ba\u011flayan basamaklar\u0131 (\u201cScalae Caci\u201d) inerken, kral Aeneas\u2019a Herk\u00fcl\u2019\u00fcn tanr\u0131 mertebesine eri\u015fmesinin ba\u015flang\u0131c\u0131n\u0131 anlat\u0131r. Herk\u00fcl, onun s\u00fcr\u00fclerini \u00e7alan canavar Cacus\u2019u \u00f6ld\u00fcrm\u00fc\u015f ve \u00fclkeyi onun zulm\u00fcnden kurtarm\u0131\u015ft\u0131r.<\/p><p>Anlatt\u0131klar\u0131 sona erdi\u011finden ve ak\u015fam vakti geldi\u011finden, Evander Aeneas\u2019\u0131 ve beraberindekileri yeme\u011fe davet eder. D\u00f6n\u00fc\u015f yolunda Arcadi Kral\u0131, yan\u0131nda o\u011flu ve Aeneas ile birlikte y\u00fcr\u00fcrken, misafirine o anda bombo\u015f ve vah\u015fi arazilerden ibaret olan <strong>yerleri<\/strong> g\u00f6sterir ve buralar\u0131n gelecekte kurulacak <strong>Roma \u015fehrinin tarihinde \u00f6nemli yerleri olaca\u011f\u0131n\u0131 s\u00f6yler<\/strong>. Bu yerler: <strong>Lupercale, Argileto orman\u0131, Tarpea yamac\u0131 ve Campidoglio\u2019dur<\/strong>.<\/p><p>Aeneas b\u00f6ylelikle antik Truva\u2019n\u0131n yerini alacak ve kendi altsoylar\u0131 taraf\u0131ndan kurulacak olan b\u00fcy\u00fck Roma\u2019n\u0131n y\u00fckselece\u011fi topraklar\u0131 dola\u015fm\u0131\u015f olur.<\/p>\t\t\t\t\t\t<\/div>\n\t\t\t\t<\/div>\n\t\t\t\t\t<\/div>\n\t\t<\/div>\n\t\t\t\t\t\t\t<\/div>\n\t\t<\/section>\n\t\t\t\t\t<\/div>\n\t\t<\/div>\n\t\t\t\t\t\t\t<\/div>\n\t\t<\/section>\n\t\t\t\t\t\t\t<\/div>\n\t\t","protected":false},"excerpt":{"rendered":"<p>ENEAS VE EVANDER Farkl\u0131 Halklar\u0131n Bulu\u015fmas\u0131n\u0131 Simgeleyen G\u00fc\u00e7l\u00fc \u0130ttifak ENEAS VE EVANDER Vergilius\u2019un epik destan\u0131nda tanr\u0131lar, annesi Afrodit vas\u0131tas\u0131yla Aeneas\u2019a uzun ve zorlu bir yolculuk yapma<span class=\"excerpt-hellip\"> [\u2026]<\/span><\/p>\n","protected":false},"author":1,"featured_media":0,"parent":0,"menu_order":0,"comment_status":"closed","ping_status":"closed","template":"","meta":{"footnotes":""},"class_list":["post-1358","page","type-page","status-publish","hentry"],"_links":{"self":[{"href":"https:\/\/ariste.aeneasroute.org\/tr\/wp-json\/wp\/v2\/pages\/1358","targetHints":{"allow":["GET"]}}],"collection":[{"href":"https:\/\/ariste.aeneasroute.org\/tr\/wp-json\/wp\/v2\/pages"}],"about":[{"href":"https:\/\/ariste.aeneasroute.org\/tr\/wp-json\/wp\/v2\/types\/page"}],"author":[{"embeddable":true,"href":"https:\/\/ariste.aeneasroute.org\/tr\/wp-json\/wp\/v2\/users\/1"}],"replies":[{"embeddable":true,"href":"https:\/\/ariste.aeneasroute.org\/tr\/wp-json\/wp\/v2\/comments?post=1358"}],"version-history":[{"count":8,"href":"https:\/\/ariste.aeneasroute.org\/tr\/wp-json\/wp\/v2\/pages\/1358\/revisions"}],"predecessor-version":[{"id":1698,"href":"https:\/\/ariste.aeneasroute.org\/tr\/wp-json\/wp\/v2\/pages\/1358\/revisions\/1698"}],"wp:attachment":[{"href":"https:\/\/ariste.aeneasroute.org\/tr\/wp-json\/wp\/v2\/media?parent=1358"}],"curies":[{"name":"wp","href":"https:\/\/api.w.org\/{rel}","templated":true}]}}