{"id":1364,"date":"2022-04-08T16:58:46","date_gmt":"2022-04-08T14:58:46","guid":{"rendered":"https:\/\/ariste.aeneasroute.org\/ariste\/?page_id=1364"},"modified":"2022-06-23T15:36:47","modified_gmt":"2022-06-23T13:36:47","slug":"ankhises","status":"publish","type":"page","link":"https:\/\/ariste.aeneasroute.org\/tr\/ankhises\/","title":{"rendered":"Ankhises"},"content":{"rendered":"\t\t<div data-elementor-type=\"wp-page\" data-elementor-id=\"1364\" class=\"elementor elementor-1364\">\n\t\t\t\t\t\t\t\t\t<section class=\"elementor-section elementor-top-section elementor-element elementor-element-0f4aad4 elementor-section-height-full elementor-section-stretched elementor-section-boxed elementor-section-height-default elementor-section-items-middle\" data-id=\"0f4aad4\" data-element_type=\"section\" data-settings=\"{&quot;stretch_section&quot;:&quot;section-stretched&quot;,&quot;background_background&quot;:&quot;classic&quot;}\">\n\t\t\t\t\t\t<div class=\"elementor-container elementor-column-gap-default\">\n\t\t\t\t\t<div class=\"elementor-column elementor-col-100 elementor-top-column elementor-element elementor-element-9a5c600\" data-id=\"9a5c600\" data-element_type=\"column\">\n\t\t\t<div class=\"elementor-widget-wrap elementor-element-populated\">\n\t\t\t\t\t\t\t\t<div class=\"elementor-element elementor-element-b38a2bf elementor-widget elementor-widget-text-editor\" data-id=\"b38a2bf\" data-element_type=\"widget\" data-widget_type=\"text-editor.default\">\n\t\t\t\t<div class=\"elementor-widget-container\">\n\t\t\t<style>\/*! elementor - v3.7.8 - 02-10-2022 *\/\n.elementor-widget-text-editor.elementor-drop-cap-view-stacked .elementor-drop-cap{background-color:#818a91;color:#fff}.elementor-widget-text-editor.elementor-drop-cap-view-framed .elementor-drop-cap{color:#818a91;border:3px solid;background-color:transparent}.elementor-widget-text-editor:not(.elementor-drop-cap-view-default) .elementor-drop-cap{margin-top:8px}.elementor-widget-text-editor:not(.elementor-drop-cap-view-default) .elementor-drop-cap-letter{width:1em;height:1em}.elementor-widget-text-editor .elementor-drop-cap{float:left;text-align:center;line-height:1;font-size:50px}.elementor-widget-text-editor .elementor-drop-cap-letter{display:inline-block}<\/style>\t\t\t\t<h2><span style=\"color: #ffffff;\">ANKHISES<\/span><\/h2>\n<h4 class=\"MsoNormal\" style=\"text-align: justify;\"><span style=\"color: #ffffff;\"><i>Aeneas\u2019\u0131n babas\u0131<\/i><\/span><\/h4>\t\t\t\t\t\t<\/div>\n\t\t\t\t<\/div>\n\t\t\t\t\t<\/div>\n\t\t<\/div>\n\t\t\t\t\t\t\t<\/div>\n\t\t<\/section>\n\t\t\t\t<section class=\"elementor-section elementor-top-section elementor-element elementor-element-d3e5c3c elementor-section-stretched elementor-section-boxed elementor-section-height-default elementor-section-height-default\" data-id=\"d3e5c3c\" data-element_type=\"section\" data-settings=\"{&quot;stretch_section&quot;:&quot;section-stretched&quot;}\">\n\t\t\t\t\t\t<div class=\"elementor-container elementor-column-gap-wider\">\n\t\t\t\t\t<div class=\"elementor-column elementor-col-100 elementor-top-column elementor-element elementor-element-d6df846\" data-id=\"d6df846\" data-element_type=\"column\">\n\t\t\t<div class=\"elementor-widget-wrap elementor-element-populated\">\n\t\t\t\t\t\t\t\t<section class=\"elementor-section elementor-inner-section elementor-element elementor-element-e098026 elementor-section-boxed elementor-section-height-default elementor-section-height-default\" data-id=\"e098026\" data-element_type=\"section\">\n\t\t\t\t\t\t<div class=\"elementor-container elementor-column-gap-default\">\n\t\t\t\t\t<div class=\"elementor-column elementor-col-100 elementor-inner-column elementor-element elementor-element-9285098\" data-id=\"9285098\" data-element_type=\"column\">\n\t\t\t<div class=\"elementor-widget-wrap elementor-element-populated\">\n\t\t\t\t\t\t\t\t<div class=\"elementor-element elementor-element-55b54ee elementor-widget elementor-widget-text-editor\" data-id=\"55b54ee\" data-element_type=\"widget\" data-widget_type=\"text-editor.default\">\n\t\t\t\t<div class=\"elementor-widget-container\">\n\t\t\t\t\t\t\t<h3><strong>ANKHISES<\/strong><\/h3><p>Ben <strong>Ankhises, Aeneas\u2019\u0131n babas\u0131y\u0131m<\/strong>. Ya\u015fl\u0131 bir adam\u0131m. Gen\u00e7li\u011fimde Zeus\u2019un bir s\u0131rr\u0131n\u0131 tutmay\u0131 bilemedim ve o y\u00fczden tanr\u0131lar tanr\u0131s\u0131 beni cezaland\u0131rd\u0131 ve \u00fczerime bir y\u0131ld\u0131r\u0131m d\u00fc\u015f\u00fcrerek beni sonsuza kadar k\u00f6t\u00fcr\u00fcm yapt\u0131.<\/p><p>\u00a0<\/p><p>Gen\u00e7ken <strong>\u0130da Da\u011f\u0131\u2019nda<\/strong> ya\u015fard\u0131m ve hayvanc\u0131l\u0131k yapard\u0131m. Bir tanr\u0131y\u0131 hat\u0131rlatan harika fizi\u011fim g\u00fczel <strong>tanr\u0131\u00e7a Afrodit\u2019in<\/strong> dikkatini \u00e7ekti ve bir g\u00fcn insan suretinde beni ziyaret ederek bana yo\u011fun bir a\u015fk bulu\u015fmas\u0131 bah\u015fetti. Birlikteli\u011fimizden Aeneas d\u00fcnyaya geldi. Afrodit bana o\u011flumuzun yar\u0131-tanr\u0131 \u00f6zelli\u011finden kimseye bahsetmemem i\u00e7in s\u00f6z verdirdi ve s\u00f6z\u00fcm\u00fc tutmazsam bana <strong>Zeus<\/strong> taraf\u0131ndan ibretlik bir ceza verilece\u011fini s\u00f6yledi. Ama \u015fimdi ben beni sevgiyle omuzlar\u0131nda ta\u015f\u0131yan Truval\u0131lar\u0131n liderinin do\u011fu\u015fundaki s\u0131rr\u0131 tutmay\u0131 beceremedim.<\/p><p>\u00a0<\/p><p>Benim i\u00e7in endi\u015felenen, beni seven ve sayan Aeneas\u2019\u0131n b\u00fct\u00fcn kayg\u0131lar\u0131n\u0131n ve endi\u015felerinin tesellisiyim. Ayn\u0131 zamanda ona olacaklara dair ald\u0131\u011f\u0131 i\u015faretleri yorumlayarak yard\u0131mc\u0131 olan, gelecekte vuku bulacak olaylar hakk\u0131nda a\u00e7\u0131klama yapan de\u011ferli bir dan\u0131\u015fman\u0131m. <strong>Benim i\u00e7in sevgili Truva\u2019m\u0131 b\u0131rakmak zor olsa da<\/strong>, tanr\u0131lar\u0131n iste\u011fine boyun e\u011fiyorum. Aeneas\u2019a Latium\u2019a kadar olan uzun yolculu\u011funda e\u015flik etmem ve onunla birlikte yola \u00e7\u0131kmam gerekti\u011fini biliyorum, \u00e7\u00fcnk\u00fc bu bizim kaderimiz.<\/p><p>\u00a0<\/p><p>Ne yaz\u0131k ki yeni vatan\u0131m\u0131 asla g\u00f6remeyece\u011fim. Ya\u015f\u0131m nedeniyle, Sicilya\u2019daki Drepano\u2019da \u00f6l\u00fcm bana bundan \u00f6nce ula\u015facak ve Aeneas\u2019\u0131n hayat\u0131nda b\u00fcy\u00fck bir bo\u015fluk b\u0131rakaca\u011f\u0131m. Bir y\u0131l sonra, tam \u00f6l\u00fcm y\u0131ld\u00f6n\u00fcm\u00fcmde o\u011flum buraya geri d\u00f6necek ve hat\u0131ram\u0131 ya\u015fatmak i\u00e7in ad\u0131ma oyunlar ve yar\u0131\u015fmalar d\u00fczenleyecek.<\/p><p>\u00a0<\/p><p><strong>G\u00fc\u00e7l\u00fc aile ba\u011f\u0131m\u0131z bizi bir arada tutuyor<\/strong>. Aeneas\u2019\u0131n hayat\u0131nda ve d\u00fc\u015f\u00fcncelerinde benim ve temsil etti\u011fim de\u011ferlerin sabit \u015fekilde yer almas\u0131 i\u00e7imi rahatlat\u0131yor. \u00d6l\u00fcler diyar\u0131na indi\u011finde bir kere daha g\u00f6r\u00fc\u015fmemize izin verildi. Heyecan\u0131m\u0131z b\u00fcy\u00fck, her ikimiz de g\u00f6zya\u015flar\u0131m\u0131z\u0131 tutam\u0131yoruz, beni kucaklamak istiyor ama tam \u00fc\u00e7 kere g\u00f6lgem onun ellerinde da\u011f\u0131l\u0131p gidiyor. O\u011flumu <strong>gelece\u011fe d\u00f6n\u00fck<\/strong> ayd\u0131nl\u0131k umutlar i\u00e7inde b\u0131rakmak istiyorum. Bu y\u00fczden son ayr\u0131l\u0131\u015f\u0131m\u0131zdan \u00f6nce ona kendisini bekleyen kaderi ve soyunu devam ettirecek kahramanlar\u0131 g\u00f6steriyorum. Onun uzun ve \u015fanl\u0131 altsoyundan gelenler Roma \u015fehrini y\u00fcceltecekler.<\/p><p>\u00a9 Wikimedia Commons\u2019tan al\u0131nt\u0131 resim<\/p>\t\t\t\t\t\t<\/div>\n\t\t\t\t<\/div>\n\t\t\t\t\t<\/div>\n\t\t<\/div>\n\t\t\t\t\t\t\t<\/div>\n\t\t<\/section>\n\t\t\t\t\t<\/div>\n\t\t<\/div>\n\t\t\t\t\t\t\t<\/div>\n\t\t<\/section>\n\t\t\t\t\t\t\t<\/div>\n\t\t","protected":false},"excerpt":{"rendered":"<p>ANKHISES Aeneas\u2019\u0131n babas\u0131 ANKHISES Ben Ankhises, Aeneas\u2019\u0131n babas\u0131y\u0131m. Ya\u015fl\u0131 bir adam\u0131m. Gen\u00e7li\u011fimde Zeus\u2019un bir s\u0131rr\u0131n\u0131 tutmay\u0131 bilemedim ve o y\u00fczden tanr\u0131lar tanr\u0131s\u0131 beni cezaland\u0131rd\u0131 ve \u00fczerime<span class=\"excerpt-hellip\"> [\u2026]<\/span><\/p>\n","protected":false},"author":1,"featured_media":0,"parent":0,"menu_order":0,"comment_status":"closed","ping_status":"closed","template":"","meta":{"footnotes":""},"class_list":["post-1364","page","type-page","status-publish","hentry"],"_links":{"self":[{"href":"https:\/\/ariste.aeneasroute.org\/tr\/wp-json\/wp\/v2\/pages\/1364","targetHints":{"allow":["GET"]}}],"collection":[{"href":"https:\/\/ariste.aeneasroute.org\/tr\/wp-json\/wp\/v2\/pages"}],"about":[{"href":"https:\/\/ariste.aeneasroute.org\/tr\/wp-json\/wp\/v2\/types\/page"}],"author":[{"embeddable":true,"href":"https:\/\/ariste.aeneasroute.org\/tr\/wp-json\/wp\/v2\/users\/1"}],"replies":[{"embeddable":true,"href":"https:\/\/ariste.aeneasroute.org\/tr\/wp-json\/wp\/v2\/comments?post=1364"}],"version-history":[{"count":7,"href":"https:\/\/ariste.aeneasroute.org\/tr\/wp-json\/wp\/v2\/pages\/1364\/revisions"}],"predecessor-version":[{"id":1593,"href":"https:\/\/ariste.aeneasroute.org\/tr\/wp-json\/wp\/v2\/pages\/1364\/revisions\/1593"}],"wp:attachment":[{"href":"https:\/\/ariste.aeneasroute.org\/tr\/wp-json\/wp\/v2\/media?parent=1364"}],"curies":[{"name":"wp","href":"https:\/\/api.w.org\/{rel}","templated":true}]}}