{"id":1371,"date":"2022-04-08T17:04:19","date_gmt":"2022-04-08T15:04:19","guid":{"rendered":"https:\/\/ariste.aeneasroute.org\/ariste\/?page_id=1371"},"modified":"2022-06-23T15:39:00","modified_gmt":"2022-06-23T13:39:00","slug":"ascanius","status":"publish","type":"page","link":"https:\/\/ariste.aeneasroute.org\/tr\/ascanius\/","title":{"rendered":"Ascanius"},"content":{"rendered":"\t\t<div data-elementor-type=\"wp-page\" data-elementor-id=\"1371\" class=\"elementor elementor-1371\">\n\t\t\t\t\t\t\t\t\t<section class=\"elementor-section elementor-top-section elementor-element elementor-element-0f4aad4 elementor-section-height-full elementor-section-stretched elementor-section-boxed elementor-section-height-default elementor-section-items-middle\" data-id=\"0f4aad4\" data-element_type=\"section\" data-settings=\"{&quot;stretch_section&quot;:&quot;section-stretched&quot;,&quot;background_background&quot;:&quot;classic&quot;}\">\n\t\t\t\t\t\t<div class=\"elementor-container elementor-column-gap-default\">\n\t\t\t\t\t<div class=\"elementor-column elementor-col-100 elementor-top-column elementor-element elementor-element-9a5c600\" data-id=\"9a5c600\" data-element_type=\"column\">\n\t\t\t<div class=\"elementor-widget-wrap elementor-element-populated\">\n\t\t\t\t\t\t\t\t<div class=\"elementor-element elementor-element-b38a2bf elementor-widget elementor-widget-text-editor\" data-id=\"b38a2bf\" data-element_type=\"widget\" data-widget_type=\"text-editor.default\">\n\t\t\t\t<div class=\"elementor-widget-container\">\n\t\t\t<style>\/*! elementor - v3.7.8 - 02-10-2022 *\/\n.elementor-widget-text-editor.elementor-drop-cap-view-stacked .elementor-drop-cap{background-color:#818a91;color:#fff}.elementor-widget-text-editor.elementor-drop-cap-view-framed .elementor-drop-cap{color:#818a91;border:3px solid;background-color:transparent}.elementor-widget-text-editor:not(.elementor-drop-cap-view-default) .elementor-drop-cap{margin-top:8px}.elementor-widget-text-editor:not(.elementor-drop-cap-view-default) .elementor-drop-cap-letter{width:1em;height:1em}.elementor-widget-text-editor .elementor-drop-cap{float:left;text-align:center;line-height:1;font-size:50px}.elementor-widget-text-editor .elementor-drop-cap-letter{display:inline-block}<\/style>\t\t\t\t<h2><span style=\"color: #ffffff;\">ASCANIUS<\/span><\/h2><h4 class=\"MsoNormal\" style=\"text-align: justify;\"><span style=\"color: #ffffff;\"><i>Aeneas\u2019\u0131n o\u011flu<\/i><\/span><\/h4>\t\t\t\t\t\t<\/div>\n\t\t\t\t<\/div>\n\t\t\t\t\t<\/div>\n\t\t<\/div>\n\t\t\t\t\t\t\t<\/div>\n\t\t<\/section>\n\t\t\t\t<section class=\"elementor-section elementor-top-section elementor-element elementor-element-d3e5c3c elementor-section-stretched elementor-section-boxed elementor-section-height-default elementor-section-height-default\" data-id=\"d3e5c3c\" data-element_type=\"section\" data-settings=\"{&quot;stretch_section&quot;:&quot;section-stretched&quot;}\">\n\t\t\t\t\t\t<div class=\"elementor-container elementor-column-gap-wider\">\n\t\t\t\t\t<div class=\"elementor-column elementor-col-100 elementor-top-column elementor-element elementor-element-d6df846\" data-id=\"d6df846\" data-element_type=\"column\">\n\t\t\t<div class=\"elementor-widget-wrap elementor-element-populated\">\n\t\t\t\t\t\t\t\t<section class=\"elementor-section elementor-inner-section elementor-element elementor-element-e098026 elementor-section-boxed elementor-section-height-default elementor-section-height-default\" data-id=\"e098026\" data-element_type=\"section\">\n\t\t\t\t\t\t<div class=\"elementor-container elementor-column-gap-default\">\n\t\t\t\t\t<div class=\"elementor-column elementor-col-100 elementor-inner-column elementor-element elementor-element-9285098\" data-id=\"9285098\" data-element_type=\"column\">\n\t\t\t<div class=\"elementor-widget-wrap elementor-element-populated\">\n\t\t\t\t\t\t\t\t<div class=\"elementor-element elementor-element-55b54ee elementor-widget elementor-widget-text-editor\" data-id=\"55b54ee\" data-element_type=\"widget\" data-widget_type=\"text-editor.default\">\n\t\t\t\t<div class=\"elementor-widget-container\">\n\t\t\t\t\t\t\t<h3><strong>ASCANIUS<\/strong><\/h3><p>Benim ad\u0131m <strong>Ascanius<\/strong>. <strong>Aeneas ve Creusa<\/strong>\u2019n\u0131n <strong>o\u011fluyum<\/strong>. Lulo ad\u0131yla da tan\u0131n\u0131r\u0131m. Beni b\u00fcy\u00fck bir kader bekliyor. <strong>Benim altsoyum Roma \u015fehrini kuracak<\/strong>.<\/p><p><strong>Dedem Ankhises<\/strong> Truva halk\u0131n\u0131n yeni do\u011fu\u015f \u00fcmidini bende g\u00f6r\u00fcyor. Alevler i\u00e7indeki Truva\u2019dan ka\u00e7t\u0131\u011f\u0131m\u0131z gece benim ba\u015f\u0131ma gelen olay\u0131 \u015fanl\u0131 bir gelece\u011fin i\u015fareti olarak dedem yorumlad\u0131.\u00a0 Daha evden \u00e7\u0131kmam\u0131\u015ft\u0131k ki, ba\u015f\u0131mda aniden bir alev belirdi ve annemle babam su d\u00f6kerek bu alevi s\u00f6nd\u00fcrmeye \u00e7al\u0131\u015ft\u0131lar. Bu alevi dedem iyiye i\u015faret olarak yorumlad\u0131\u011f\u0131 i\u00e7indir ki Truva\u2019y\u0131 b\u0131rak\u0131p yeni bir vatana do\u011fru bizimle birlikte yola \u00e7\u0131kmaya ikna oldu.<\/p><p>Daha \u00e7ok gen\u00e7 olu\u015fum insanlarda \u015fefkat duygusu uyand\u0131r\u0131yor.Butrint\u2019de, <strong>Andromak<\/strong> bende Yunanl\u0131lar taraf\u0131ndan \u00f6ld\u00fcr\u00fclen o\u011flu Astianatte\u2019yi g\u00f6r\u00fcyor. <strong>Kartaca\u2019da krali\u00e7e Dido<\/strong> bana o\u011fluymu\u015fum gibi davran\u0131yor.<\/p><p>Akdeniz\u2019de sekiz y\u0131l s\u00fcren g\u00f6\u00e7 yolculu\u011fundan sonra nihayet Latium k\u0131y\u0131lar\u0131na demir att\u0131\u011f\u0131m\u0131zda, o kadar a\u00e7t\u0131k ki \u00fczerine yemek koydu\u011fumuz hamurdan pideleri bile yiyecek durumdayd\u0131k. O zaman \u015fakayla kar\u0131\u015f\u0131k \u015f\u00f6yle seslenmi\u015ftim: \u201c<strong><em>Yahu, yemek masalar\u0131n\u0131 da yiyelim bari<\/em><\/strong>\u201d. Ama babam benim bu saf\u00e7a yapt\u0131\u011f\u0131m sesleni\u015fi uzun yolculu\u011fumuzun art\u0131k sonuna geldi\u011fimize dair bir i\u015faret olarak alg\u0131lad\u0131 ve bundan mutlu olarak bu s\u00f6zlerimi kalbine yazd\u0131. Akl\u0131na Ankhises\u2019in dedikleri geldi: Ona, \u201ca\u00e7l\u0131k bizi masalar\u0131 bile yiyecek duruma getirdi\u011finde oras\u0131 art\u0131k yeni evimizi kuraca\u011f\u0131m\u0131z yerdir\u201d demi\u015fti.<\/p><p><strong>Babam benim i\u00e7in \u00f6nemli bir ba\u015fvuru noktas\u0131d\u0131r<\/strong>. Rutulis\u2019lerin kral\u0131 Turnus ile yapt\u0131\u011f\u0131 son d\u00fcellodan \u00f6nce bana sar\u0131lm\u0131\u015f, beni \u00f6pm\u00fc\u015f ve ondan do\u011fru de\u011ferleri, erdemleri ve davran\u0131\u015f \u015fekillerini \u00f6\u011frenmemi istemi\u015fti. Bu sadece bana de\u011fil, ayn\u0131 zamanda altsoyumdan do\u011facak Roma halk\u0131na da verilmi\u015f bir mesajd\u0131.<\/p><p>Lavinium kenti babam taraf\u0131ndan kurulacak, ben ise <strong>Alba Longa<\/strong> Krall\u0131\u011f\u0131\u2019n\u0131 kuraca\u011f\u0131m ve krallar hanedan\u0131 <strong>Romus ile Romulus\u2019a dolay\u0131s\u0131yla Roma\u2019n\u0131n kurulu\u015funa kadar uzanacak<\/strong>. J\u00fcl Sezar\u2019\u0131n ve daha sonra Roma\u2019n\u0131n ilk imparatoru Augustus olarak bilinecek olan evlatl\u0131k o\u011flu Oktavianus\u2019un t\u00fcreyece\u011fi Julya ailesi de benim alt soyumdan do\u011facak.<\/p><p><em>\u00a9 Wikimedia Commons\u2019tan al\u0131nt\u0131 resim<\/em><\/p>\t\t\t\t\t\t<\/div>\n\t\t\t\t<\/div>\n\t\t\t\t\t<\/div>\n\t\t<\/div>\n\t\t\t\t\t\t\t<\/div>\n\t\t<\/section>\n\t\t\t\t\t<\/div>\n\t\t<\/div>\n\t\t\t\t\t\t\t<\/div>\n\t\t<\/section>\n\t\t\t\t\t\t\t<\/div>\n\t\t","protected":false},"excerpt":{"rendered":"<p>ASCANIUS Aeneas\u2019\u0131n o\u011flu ASCANIUS Benim ad\u0131m Ascanius. Aeneas ve Creusa\u2019n\u0131n o\u011fluyum. Lulo ad\u0131yla da tan\u0131n\u0131r\u0131m. Beni b\u00fcy\u00fck bir kader bekliyor. Benim altsoyum Roma \u015fehrini kuracak. Dedem<span class=\"excerpt-hellip\"> [\u2026]<\/span><\/p>\n","protected":false},"author":1,"featured_media":0,"parent":0,"menu_order":0,"comment_status":"closed","ping_status":"closed","template":"","meta":{"footnotes":""},"class_list":["post-1371","page","type-page","status-publish","hentry"],"_links":{"self":[{"href":"https:\/\/ariste.aeneasroute.org\/tr\/wp-json\/wp\/v2\/pages\/1371","targetHints":{"allow":["GET"]}}],"collection":[{"href":"https:\/\/ariste.aeneasroute.org\/tr\/wp-json\/wp\/v2\/pages"}],"about":[{"href":"https:\/\/ariste.aeneasroute.org\/tr\/wp-json\/wp\/v2\/types\/page"}],"author":[{"embeddable":true,"href":"https:\/\/ariste.aeneasroute.org\/tr\/wp-json\/wp\/v2\/users\/1"}],"replies":[{"embeddable":true,"href":"https:\/\/ariste.aeneasroute.org\/tr\/wp-json\/wp\/v2\/comments?post=1371"}],"version-history":[{"count":8,"href":"https:\/\/ariste.aeneasroute.org\/tr\/wp-json\/wp\/v2\/pages\/1371\/revisions"}],"predecessor-version":[{"id":1596,"href":"https:\/\/ariste.aeneasroute.org\/tr\/wp-json\/wp\/v2\/pages\/1371\/revisions\/1596"}],"wp:attachment":[{"href":"https:\/\/ariste.aeneasroute.org\/tr\/wp-json\/wp\/v2\/media?parent=1371"}],"curies":[{"name":"wp","href":"https:\/\/api.w.org\/{rel}","templated":true}]}}