{"id":1379,"date":"2022-04-08T17:08:41","date_gmt":"2022-04-08T15:08:41","guid":{"rendered":"https:\/\/ariste.aeneasroute.org\/ariste\/?page_id=1379"},"modified":"2022-06-23T15:41:23","modified_gmt":"2022-06-23T13:41:23","slug":"creusa","status":"publish","type":"page","link":"https:\/\/ariste.aeneasroute.org\/tr\/creusa\/","title":{"rendered":"Creusa"},"content":{"rendered":"\t\t<div data-elementor-type=\"wp-page\" data-elementor-id=\"1379\" class=\"elementor elementor-1379\">\n\t\t\t\t\t\t\t\t\t<section class=\"elementor-section elementor-top-section elementor-element elementor-element-0f4aad4 elementor-section-height-full elementor-section-stretched elementor-section-boxed elementor-section-height-default elementor-section-items-middle\" data-id=\"0f4aad4\" data-element_type=\"section\" data-settings=\"{&quot;stretch_section&quot;:&quot;section-stretched&quot;,&quot;background_background&quot;:&quot;classic&quot;}\">\n\t\t\t\t\t\t<div class=\"elementor-container elementor-column-gap-default\">\n\t\t\t\t\t<div class=\"elementor-column elementor-col-100 elementor-top-column elementor-element elementor-element-9a5c600\" data-id=\"9a5c600\" data-element_type=\"column\">\n\t\t\t<div class=\"elementor-widget-wrap elementor-element-populated\">\n\t\t\t\t\t\t\t\t<div class=\"elementor-element elementor-element-b38a2bf elementor-widget elementor-widget-text-editor\" data-id=\"b38a2bf\" data-element_type=\"widget\" data-widget_type=\"text-editor.default\">\n\t\t\t\t<div class=\"elementor-widget-container\">\n\t\t\t<style>\/*! elementor - v3.7.8 - 02-10-2022 *\/\n.elementor-widget-text-editor.elementor-drop-cap-view-stacked .elementor-drop-cap{background-color:#818a91;color:#fff}.elementor-widget-text-editor.elementor-drop-cap-view-framed .elementor-drop-cap{color:#818a91;border:3px solid;background-color:transparent}.elementor-widget-text-editor:not(.elementor-drop-cap-view-default) .elementor-drop-cap{margin-top:8px}.elementor-widget-text-editor:not(.elementor-drop-cap-view-default) .elementor-drop-cap-letter{width:1em;height:1em}.elementor-widget-text-editor .elementor-drop-cap{float:left;text-align:center;line-height:1;font-size:50px}.elementor-widget-text-editor .elementor-drop-cap-letter{display:inline-block}<\/style>\t\t\t\t<h2><span style=\"color: #ffffff;\">CREUSA<\/span><\/h2>\n<h4 class=\"MsoNormal\" style=\"text-align: justify;\"><span style=\"color: #ffffff;\"><i>Aeneas\u2019\u0131n ilk kar\u0131s\u0131<\/i><\/span><\/h4>\t\t\t\t\t\t<\/div>\n\t\t\t\t<\/div>\n\t\t\t\t\t<\/div>\n\t\t<\/div>\n\t\t\t\t\t\t\t<\/div>\n\t\t<\/section>\n\t\t\t\t<section class=\"elementor-section elementor-top-section elementor-element elementor-element-d3e5c3c elementor-section-stretched elementor-section-boxed elementor-section-height-default elementor-section-height-default\" data-id=\"d3e5c3c\" data-element_type=\"section\" data-settings=\"{&quot;stretch_section&quot;:&quot;section-stretched&quot;}\">\n\t\t\t\t\t\t<div class=\"elementor-container elementor-column-gap-wider\">\n\t\t\t\t\t<div class=\"elementor-column elementor-col-100 elementor-top-column elementor-element elementor-element-d6df846\" data-id=\"d6df846\" data-element_type=\"column\">\n\t\t\t<div class=\"elementor-widget-wrap elementor-element-populated\">\n\t\t\t\t\t\t\t\t<section class=\"elementor-section elementor-inner-section elementor-element elementor-element-e098026 elementor-section-boxed elementor-section-height-default elementor-section-height-default\" data-id=\"e098026\" data-element_type=\"section\">\n\t\t\t\t\t\t<div class=\"elementor-container elementor-column-gap-default\">\n\t\t\t\t\t<div class=\"elementor-column elementor-col-100 elementor-inner-column elementor-element elementor-element-9285098\" data-id=\"9285098\" data-element_type=\"column\">\n\t\t\t<div class=\"elementor-widget-wrap elementor-element-populated\">\n\t\t\t\t\t\t\t\t<div class=\"elementor-element elementor-element-55b54ee elementor-widget elementor-widget-text-editor\" data-id=\"55b54ee\" data-element_type=\"widget\" data-widget_type=\"text-editor.default\">\n\t\t\t\t<div class=\"elementor-widget-container\">\n\t\t\t\t\t\t\t<h3><strong>CREUSA<\/strong><\/h3><p>Benim ad\u0131m <strong>Creusa<\/strong>. <strong>Truva kral\u0131 Priamos\u2019un elli k\u0131z\u0131ndan<\/strong> biriyim. <strong>Aeneas<\/strong> ile evlendim, ama kaderim kocama ve <strong>o\u011flumuz Ascanius<\/strong>\u2019a Lazio\u2019ya kadar yapacaklar\u0131 uzun yolculukta e\u015flik etmeme izin vermiyor.<\/p><p>\u015eehrim alevler i\u00e7inde, Yunanl\u0131lar taraf\u0131ndan tahrip edildi. Aeneas babas\u0131 Anchieses\u2019i, Ascanius\u2019u ve beni da\u011flara ka\u00e7\u0131rarak kurtarmak i\u00e7in \u00e7\u0131rp\u0131n\u0131yor. Bu ka\u00e7\u0131\u015f s\u0131ras\u0131nda kocam\u0131 birka\u00e7 ad\u0131m arkas\u0131ndan takip ediyorum. Truva kap\u0131lar\u0131na vard\u0131\u011f\u0131m\u0131z anda, Aeneas bir anda onlarla beraber olmad\u0131\u011f\u0131m\u0131 fark ediyor. \u00c7\u0131lg\u0131na d\u00f6nm\u00fc\u015f gibi yapt\u0131\u011f\u0131m\u0131z yolu geriye kat ederek ve \u015fehirde yang\u0131n halindeki harabeler aras\u0131nda ad\u0131m\u0131 hayk\u0131rarak beni ar\u0131yor, ama bulam\u0131yor. Beni bulam\u0131yor \u00e7\u00fcnk\u00fc o s\u0131rada \u201ckader beni ald\u0131 g\u00f6t\u00fcrd\u00fc\u201d.<\/p><p>\u201cG\u00fczel kocam\u0131\u201d peri\u015fan ve kendini kaybetmi\u015f halde g\u00f6r\u00fcnce, onun bu \u201c\u00e7\u0131lg\u0131nca ac\u0131s\u0131na\u201d son vermek istiyorum. R\u00fcyas\u0131na giriyorum ve ortadan kaybolu\u015fumun tanr\u0131lar\u0131n iste\u011fi oldu\u011funu anlat\u0131yorum. \u00dcz\u00fclmemesini, \u00e7\u00fcnk\u00fc onunla \u0130talya\u2019ya g\u00f6\u00e7 etmeme Olimpos tanr\u0131lar\u0131 kral\u0131n\u0131n izin vermedi\u011fini, orada onu \u201cho\u015f olaylar\u0131n, bir krall\u0131\u011f\u0131n ve krallara lay\u0131k bir gelinin\u201d bekledi\u011fini s\u00f6yl\u00fcyorum. Kaderimi de\u011fi\u015ftirmenin m\u00fcmk\u00fcn olmad\u0131\u011f\u0131n\u0131n bilinciyle Aeneas\u2019\u0131 teselli ediyor, a\u011flamamas\u0131n\u0131, \u00e7\u00fcnk\u00fc en az\u0131ndan esir al\u0131nmad\u0131\u011f\u0131m\u0131 s\u00f6yl\u00fcyorum. Sonra o\u011flumuzu onun sevgisine ve bak\u0131m\u0131na emanet ederek gitmesine izin veriyorum.<\/p><p>Biraz teselli bulmu\u015f olarak, ama beni kaybetti\u011fi i\u00e7in g\u00f6zleri ya\u015fl\u0131 \u015fekilde Aeneas bana sar\u0131lmaya \u00e7al\u0131\u015f\u0131yor, ellerini \u00fc\u00e7 kez boynuma dolamak istiyor, ama benim g\u00f6r\u00fcnt\u00fcm ger\u00e7ek olmad\u0131\u011f\u0131ndan elleri aras\u0131ndan bir r\u00fczgar gibi u\u00e7up gidiyor. Huzursuz ve pi\u015fman de\u011filim, \u00e7\u00fcnk\u00fc biliyorum ki \u201cyeni vatanda\u201d bana yer yok. Her \u015fey tanr\u0131lar\u0131n iste\u011fiyle oluyor.<\/p><p>\u00a9 Wikimedia Commons\u2019tan al\u0131nt\u0131 resim<\/p>\t\t\t\t\t\t<\/div>\n\t\t\t\t<\/div>\n\t\t\t\t\t<\/div>\n\t\t<\/div>\n\t\t\t\t\t\t\t<\/div>\n\t\t<\/section>\n\t\t\t\t\t<\/div>\n\t\t<\/div>\n\t\t\t\t\t\t\t<\/div>\n\t\t<\/section>\n\t\t\t\t\t\t\t<\/div>\n\t\t","protected":false},"excerpt":{"rendered":"<p>CREUSA Aeneas\u2019\u0131n ilk kar\u0131s\u0131 CREUSA Benim ad\u0131m Creusa. Truva kral\u0131 Priamos\u2019un elli k\u0131z\u0131ndan biriyim. Aeneas ile evlendim, ama kaderim kocama ve o\u011flumuz Ascanius\u2019a Lazio\u2019ya kadar yapacaklar\u0131<span class=\"excerpt-hellip\"> [\u2026]<\/span><\/p>\n","protected":false},"author":1,"featured_media":0,"parent":0,"menu_order":0,"comment_status":"closed","ping_status":"closed","template":"","meta":{"footnotes":""},"class_list":["post-1379","page","type-page","status-publish","hentry"],"_links":{"self":[{"href":"https:\/\/ariste.aeneasroute.org\/tr\/wp-json\/wp\/v2\/pages\/1379","targetHints":{"allow":["GET"]}}],"collection":[{"href":"https:\/\/ariste.aeneasroute.org\/tr\/wp-json\/wp\/v2\/pages"}],"about":[{"href":"https:\/\/ariste.aeneasroute.org\/tr\/wp-json\/wp\/v2\/types\/page"}],"author":[{"embeddable":true,"href":"https:\/\/ariste.aeneasroute.org\/tr\/wp-json\/wp\/v2\/users\/1"}],"replies":[{"embeddable":true,"href":"https:\/\/ariste.aeneasroute.org\/tr\/wp-json\/wp\/v2\/comments?post=1379"}],"version-history":[{"count":7,"href":"https:\/\/ariste.aeneasroute.org\/tr\/wp-json\/wp\/v2\/pages\/1379\/revisions"}],"predecessor-version":[{"id":1599,"href":"https:\/\/ariste.aeneasroute.org\/tr\/wp-json\/wp\/v2\/pages\/1379\/revisions\/1599"}],"wp:attachment":[{"href":"https:\/\/ariste.aeneasroute.org\/tr\/wp-json\/wp\/v2\/media?parent=1379"}],"curies":[{"name":"wp","href":"https:\/\/api.w.org\/{rel}","templated":true}]}}