{"id":1386,"date":"2022-04-08T17:12:35","date_gmt":"2022-04-08T15:12:35","guid":{"rendered":"https:\/\/ariste.aeneasroute.org\/ariste\/?page_id=1386"},"modified":"2022-06-23T15:44:42","modified_gmt":"2022-06-23T13:44:42","slug":"dido","status":"publish","type":"page","link":"https:\/\/ariste.aeneasroute.org\/tr\/dido\/","title":{"rendered":"Dido"},"content":{"rendered":"\t\t<div data-elementor-type=\"wp-page\" data-elementor-id=\"1386\" class=\"elementor elementor-1386\">\n\t\t\t\t\t\t\t\t\t<section class=\"elementor-section elementor-top-section elementor-element elementor-element-0f4aad4 elementor-section-height-full elementor-section-stretched elementor-section-boxed elementor-section-height-default elementor-section-items-middle\" data-id=\"0f4aad4\" data-element_type=\"section\" data-settings=\"{&quot;stretch_section&quot;:&quot;section-stretched&quot;,&quot;background_background&quot;:&quot;classic&quot;}\">\n\t\t\t\t\t\t<div class=\"elementor-container elementor-column-gap-default\">\n\t\t\t\t\t<div class=\"elementor-column elementor-col-100 elementor-top-column elementor-element elementor-element-9a5c600\" data-id=\"9a5c600\" data-element_type=\"column\">\n\t\t\t<div class=\"elementor-widget-wrap elementor-element-populated\">\n\t\t\t\t\t\t\t\t<div class=\"elementor-element elementor-element-b38a2bf elementor-widget elementor-widget-text-editor\" data-id=\"b38a2bf\" data-element_type=\"widget\" data-widget_type=\"text-editor.default\">\n\t\t\t\t<div class=\"elementor-widget-container\">\n\t\t\t<style>\/*! elementor - v3.7.8 - 02-10-2022 *\/\n.elementor-widget-text-editor.elementor-drop-cap-view-stacked .elementor-drop-cap{background-color:#818a91;color:#fff}.elementor-widget-text-editor.elementor-drop-cap-view-framed .elementor-drop-cap{color:#818a91;border:3px solid;background-color:transparent}.elementor-widget-text-editor:not(.elementor-drop-cap-view-default) .elementor-drop-cap{margin-top:8px}.elementor-widget-text-editor:not(.elementor-drop-cap-view-default) .elementor-drop-cap-letter{width:1em;height:1em}.elementor-widget-text-editor .elementor-drop-cap{float:left;text-align:center;line-height:1;font-size:50px}.elementor-widget-text-editor .elementor-drop-cap-letter{display:inline-block}<\/style>\t\t\t\t<h2><span style=\"color: #ffffff;\">DIDO<\/span><\/h2>\n<h4 class=\"MsoNormal\" style=\"text-align: justify;\"><span style=\"color: #ffffff;\"><i>Kartaca Krali\u00e7esi<\/i><\/span><\/h4>\t\t\t\t\t\t<\/div>\n\t\t\t\t<\/div>\n\t\t\t\t\t<\/div>\n\t\t<\/div>\n\t\t\t\t\t\t\t<\/div>\n\t\t<\/section>\n\t\t\t\t<section class=\"elementor-section elementor-top-section elementor-element elementor-element-d3e5c3c elementor-section-stretched elementor-section-boxed elementor-section-height-default elementor-section-height-default\" data-id=\"d3e5c3c\" data-element_type=\"section\" data-settings=\"{&quot;stretch_section&quot;:&quot;section-stretched&quot;}\">\n\t\t\t\t\t\t<div class=\"elementor-container elementor-column-gap-wider\">\n\t\t\t\t\t<div class=\"elementor-column elementor-col-100 elementor-top-column elementor-element elementor-element-d6df846\" data-id=\"d6df846\" data-element_type=\"column\">\n\t\t\t<div class=\"elementor-widget-wrap elementor-element-populated\">\n\t\t\t\t\t\t\t\t<section class=\"elementor-section elementor-inner-section elementor-element elementor-element-e098026 elementor-section-boxed elementor-section-height-default elementor-section-height-default\" data-id=\"e098026\" data-element_type=\"section\">\n\t\t\t\t\t\t<div class=\"elementor-container elementor-column-gap-default\">\n\t\t\t\t\t<div class=\"elementor-column elementor-col-100 elementor-inner-column elementor-element elementor-element-9285098\" data-id=\"9285098\" data-element_type=\"column\">\n\t\t\t<div class=\"elementor-widget-wrap elementor-element-populated\">\n\t\t\t\t\t\t\t\t<div class=\"elementor-element elementor-element-55b54ee elementor-widget elementor-widget-text-editor\" data-id=\"55b54ee\" data-element_type=\"widget\" data-widget_type=\"text-editor.default\">\n\t\t\t\t<div class=\"elementor-widget-container\">\n\t\t\t\t\t\t\t<h3><strong>DIDO<\/strong><\/h3><p>Benim ad\u0131m <strong>Dido<\/strong>. Kocam Sichaeus\u2019u ac\u0131mas\u0131zca \u00f6ld\u00fcren erkek karde\u015fim Pygmalyon\u2019un zulm\u00fcnden ka\u00e7mak i\u00e7in \u00fclkem Finike\u2019den ayr\u0131ld\u0131m. Afrika k\u0131y\u0131lar\u0131na \u00e7\u0131karak burada <strong>Kartaca ad\u0131nda yeni bir \u015fehir kurdum ve krali\u00e7esi oldum<\/strong>.<\/p><p>Ben gen\u00e7, g\u00fczel, ak\u0131ll\u0131, g\u00fc\u00e7l\u00fc, enerjik ve kararl\u0131 bir kad\u0131n\u0131m, ama ayn\u0131 zamanda ya\u015fad\u0131\u011f\u0131m trajik deneyimin izlerini ta\u015f\u0131yorum. <strong>\u0130\u00e7imde bir dram ve giderilmemi\u015f bir ac\u0131n\u0131n izleri var<\/strong>. Bunlar beni \u201ck\u00f6t\u00fcl\u00fcklerin fark\u0131nda\u201d olan bir kad\u0131n haline getiriyor.<\/p><p>F\u0131rt\u0131nadan kurtulup Kartaca\u2019ya vard\u0131\u011f\u0131nda, <strong>tanr\u0131\u00e7a Afrodit\u2019in iste\u011fiyle Aeneas\u2019a \u00e2\u015f\u0131k olarak <\/strong>\u00f6lm\u00fc\u015f ve kocama verdi\u011fim ebedi sadakat yemininden d\u00f6nm\u00fc\u015f oldum.<\/p><p>Arzular\u0131m\u0131n esiri olarak, saray\u0131m\u0131n i\u00e7inde ve \u015fehirde deliler gibi dola\u015f\u0131yorum, avaz\u0131m \u00e7\u0131km\u0131yor, uyku uyuyam\u0131yorum, halk\u0131mla ve hatta yeni \u015fehrimin \u015fu an durmu\u015f olan in\u015faat i\u015fleriyle bile ilgilenemiyorum ve sadece ki\u015fisel itibar\u0131m\u0131 de\u011fil, h\u00fck\u00fcmdar olarak \u00fcstlendi\u011fim sorumlulu\u011fumu da riske at\u0131yorum.<\/p><p>Truval\u0131lar\u0131n liderinin benim krall\u0131\u011f\u0131mda kalamayaca\u011f\u0131n\u0131 biliyorum. Zaten o en ba\u015f\u0131ndan beri bana bunu a\u00e7\u0131k\u00e7a hissettiriyor. <strong>Ama benim zaten sallant\u0131da olan dengem giderek bozuluyor<\/strong>: Bu \u015fekilde onun kar\u0131s\u0131 ve k\u00fc\u00e7\u00fck Ascanius\u2019un annesi oldu\u011fumu san\u0131yorum. Aeneas\u2019\u0131n tekrar yola \u00e7\u0131kmas\u0131na engel olmak i\u00e7in her\u015feyi yapmaya raz\u0131y\u0131m. Ona \u015fehrimi, hanedan\u0131m\u0131, evimi sunuyorum ve hatta ona \u00e7ocuk veremedi\u011fim i\u00e7in kendimi ay\u0131pl\u0131yorum. Ona ve a\u015fk\u0131na tutunmak ihtiyac\u0131nda oldu\u011fumu hissediyorum, \u00e7\u00fcnk\u00fc belki de kendi kendime yetmiyorum, belki sadece birisinin kar\u0131s\u0131 olarak varl\u0131\u011f\u0131m\u0131 s\u00fcrd\u00fcrebilece\u011fimi zannediyorum.<\/p><p>Ac\u0131lar\u0131m\u0131n kurban\u0131 olarak, i\u00e7i bo\u015f ve ya\u015fama arzusunu kaybetmi\u015f \u015fekilde <strong>sonunda \u00f6lmeyi se\u00e7iyorum<\/strong>. Ama bunu genelde kad\u0131nlar\u0131n yapt\u0131\u011f\u0131 gibi de\u011fil, bir erkek gibi k\u0131l\u0131\u00e7la yapaca\u011f\u0131m.<\/p><p>G\u00f6lgem (ruhum), Aeneas yeralt\u0131 d\u00fcnyas\u0131na indi\u011finde yeniden onunla bulu\u015facak. O bana \u015fefkat ve merhamet g\u00f6sterecek ve yola \u00e7\u0131kacak olmas\u0131n\u0131n bana bu kadar ac\u0131 verece\u011fini tahmin etmedi\u011fini s\u00f6yleyecek. Ben ona arkam\u0131 d\u00f6nece\u011fim, sert ve anlams\u0131z bak\u0131\u015flar\u0131mla uzakla\u015farak ruhlar aras\u0131nda kaybolaca\u011f\u0131m.<\/p><p>Uzun zaman kar\u015f\u0131l\u0131ks\u0131z a\u015fk\u0131n simgesi, a\u015fk i\u00e7in deliren kad\u0131n ve romantik hayalleri, tanr\u0131lar\u0131n kendisine bi\u00e7ti\u011fi kadere kar\u015f\u0131 koyamayan bir adam\u0131n so\u011fuklu\u011fu ve duyars\u0131zl\u0131\u011f\u0131 kar\u015f\u0131s\u0131nda yok olmu\u015f savunmas\u0131z prenses olarak hat\u0131rland\u0131m ve tan\u0131nd\u0131m. Ama ben bunlardan fazlas\u0131y\u0131m, bunu \u00e7ok ge\u00e7 anlam\u0131\u015f olsam bile. Ben onuru olan, ger\u00e7ek ve derin ac\u0131s\u0131n\u0131 i\u00e7ine g\u00f6men ve bunun i\u00e7in hayat\u0131 ve onurlu duru\u015fu Vergilius taraf\u0131ndan yaz\u0131lan bir kad\u0131n\u0131m.<\/p><p>\u00a9 Wikimedia Commons\u2019tan al\u0131nt\u0131 resim<\/p>\t\t\t\t\t\t<\/div>\n\t\t\t\t<\/div>\n\t\t\t\t\t<\/div>\n\t\t<\/div>\n\t\t\t\t\t\t\t<\/div>\n\t\t<\/section>\n\t\t\t\t\t<\/div>\n\t\t<\/div>\n\t\t\t\t\t\t\t<\/div>\n\t\t<\/section>\n\t\t\t\t\t\t\t<\/div>\n\t\t","protected":false},"excerpt":{"rendered":"<p>DIDO Kartaca Krali\u00e7esi DIDO Benim ad\u0131m Dido. Kocam Sichaeus\u2019u ac\u0131mas\u0131zca \u00f6ld\u00fcren erkek karde\u015fim Pygmalyon\u2019un zulm\u00fcnden ka\u00e7mak i\u00e7in \u00fclkem Finike\u2019den ayr\u0131ld\u0131m. Afrika k\u0131y\u0131lar\u0131na \u00e7\u0131karak burada Kartaca ad\u0131nda<span class=\"excerpt-hellip\"> [\u2026]<\/span><\/p>\n","protected":false},"author":1,"featured_media":0,"parent":0,"menu_order":0,"comment_status":"closed","ping_status":"closed","template":"","meta":{"footnotes":""},"class_list":["post-1386","page","type-page","status-publish","hentry"],"_links":{"self":[{"href":"https:\/\/ariste.aeneasroute.org\/tr\/wp-json\/wp\/v2\/pages\/1386","targetHints":{"allow":["GET"]}}],"collection":[{"href":"https:\/\/ariste.aeneasroute.org\/tr\/wp-json\/wp\/v2\/pages"}],"about":[{"href":"https:\/\/ariste.aeneasroute.org\/tr\/wp-json\/wp\/v2\/types\/page"}],"author":[{"embeddable":true,"href":"https:\/\/ariste.aeneasroute.org\/tr\/wp-json\/wp\/v2\/users\/1"}],"replies":[{"embeddable":true,"href":"https:\/\/ariste.aeneasroute.org\/tr\/wp-json\/wp\/v2\/comments?post=1386"}],"version-history":[{"count":7,"href":"https:\/\/ariste.aeneasroute.org\/tr\/wp-json\/wp\/v2\/pages\/1386\/revisions"}],"predecessor-version":[{"id":1602,"href":"https:\/\/ariste.aeneasroute.org\/tr\/wp-json\/wp\/v2\/pages\/1386\/revisions\/1602"}],"wp:attachment":[{"href":"https:\/\/ariste.aeneasroute.org\/tr\/wp-json\/wp\/v2\/media?parent=1386"}],"curies":[{"name":"wp","href":"https:\/\/api.w.org\/{rel}","templated":true}]}}