{"id":1391,"date":"2022-04-08T17:15:52","date_gmt":"2022-04-08T15:15:52","guid":{"rendered":"https:\/\/ariste.aeneasroute.org\/ariste\/?page_id=1391"},"modified":"2022-06-23T15:45:50","modified_gmt":"2022-06-23T13:45:50","slug":"aeneas","status":"publish","type":"page","link":"https:\/\/ariste.aeneasroute.org\/tr\/aeneas\/","title":{"rendered":"Aeneas"},"content":{"rendered":"\t\t<div data-elementor-type=\"wp-page\" data-elementor-id=\"1391\" class=\"elementor elementor-1391\">\n\t\t\t\t\t\t\t\t\t<section class=\"elementor-section elementor-top-section elementor-element elementor-element-0f4aad4 elementor-section-height-full elementor-section-stretched elementor-section-boxed elementor-section-height-default elementor-section-items-middle\" data-id=\"0f4aad4\" data-element_type=\"section\" data-settings=\"{&quot;stretch_section&quot;:&quot;section-stretched&quot;,&quot;background_background&quot;:&quot;classic&quot;}\">\n\t\t\t\t\t\t<div class=\"elementor-container elementor-column-gap-default\">\n\t\t\t\t\t<div class=\"elementor-column elementor-col-100 elementor-top-column elementor-element elementor-element-9a5c600\" data-id=\"9a5c600\" data-element_type=\"column\">\n\t\t\t<div class=\"elementor-widget-wrap elementor-element-populated\">\n\t\t\t\t\t\t\t\t<div class=\"elementor-element elementor-element-b38a2bf elementor-widget elementor-widget-text-editor\" data-id=\"b38a2bf\" data-element_type=\"widget\" data-widget_type=\"text-editor.default\">\n\t\t\t\t<div class=\"elementor-widget-container\">\n\t\t\t<style>\/*! elementor - v3.7.8 - 02-10-2022 *\/\n.elementor-widget-text-editor.elementor-drop-cap-view-stacked .elementor-drop-cap{background-color:#818a91;color:#fff}.elementor-widget-text-editor.elementor-drop-cap-view-framed .elementor-drop-cap{color:#818a91;border:3px solid;background-color:transparent}.elementor-widget-text-editor:not(.elementor-drop-cap-view-default) .elementor-drop-cap{margin-top:8px}.elementor-widget-text-editor:not(.elementor-drop-cap-view-default) .elementor-drop-cap-letter{width:1em;height:1em}.elementor-widget-text-editor .elementor-drop-cap{float:left;text-align:center;line-height:1;font-size:50px}.elementor-widget-text-editor .elementor-drop-cap-letter{display:inline-block}<\/style>\t\t\t\t<h2><span style=\"color: #ffffff;\">AENEAS<\/span><\/h2>\n<h4 class=\"MsoNormal\" style=\"text-align: justify;\"><span style=\"color: #ffffff;\"><i>Truval\u0131lar\u0131n lideri<\/i><\/span><\/h4>\t\t\t\t\t\t<\/div>\n\t\t\t\t<\/div>\n\t\t\t\t\t<\/div>\n\t\t<\/div>\n\t\t\t\t\t\t\t<\/div>\n\t\t<\/section>\n\t\t\t\t<section class=\"elementor-section elementor-top-section elementor-element elementor-element-d3e5c3c elementor-section-stretched elementor-section-boxed elementor-section-height-default elementor-section-height-default\" data-id=\"d3e5c3c\" data-element_type=\"section\" data-settings=\"{&quot;stretch_section&quot;:&quot;section-stretched&quot;}\">\n\t\t\t\t\t\t<div class=\"elementor-container elementor-column-gap-wider\">\n\t\t\t\t\t<div class=\"elementor-column elementor-col-100 elementor-top-column elementor-element elementor-element-d6df846\" data-id=\"d6df846\" data-element_type=\"column\">\n\t\t\t<div class=\"elementor-widget-wrap elementor-element-populated\">\n\t\t\t\t\t\t\t\t<section class=\"elementor-section elementor-inner-section elementor-element elementor-element-e098026 elementor-section-boxed elementor-section-height-default elementor-section-height-default\" data-id=\"e098026\" data-element_type=\"section\">\n\t\t\t\t\t\t<div class=\"elementor-container elementor-column-gap-default\">\n\t\t\t\t\t<div class=\"elementor-column elementor-col-100 elementor-inner-column elementor-element elementor-element-9285098\" data-id=\"9285098\" data-element_type=\"column\">\n\t\t\t<div class=\"elementor-widget-wrap elementor-element-populated\">\n\t\t\t\t\t\t\t\t<div class=\"elementor-element elementor-element-55b54ee elementor-widget elementor-widget-text-editor\" data-id=\"55b54ee\" data-element_type=\"widget\" data-widget_type=\"text-editor.default\">\n\t\t\t\t<div class=\"elementor-widget-container\">\n\t\t\t\t\t\t\t<h3><strong>AENEAS<\/strong><\/h3><p>Ben <strong>Truval\u0131lar\u0131n lideri Aeneas\u2019\u0131m. Ankhises ile tanr\u0131\u00e7a Afrodit<\/strong>\u2019in o\u011fluyum. <strong>Truva<\/strong> kentini tam on y\u0131l boyunca yerle bir eden uzun sava\u015ftan kurtulan az say\u0131da insandan biriyim. \u015eehrin en gayretli savunucular\u0131ndan biriydim ve bug\u00fcnk\u00fc T\u00fcrkiye\u2019nin bat\u0131 k\u0131y\u0131lar\u0131nda yer alan <strong>Dardania halk\u0131na \u00f6nderlik<\/strong> yaparak Truval\u0131lar\u0131n m\u00fcttefiki s\u0131fat\u0131yla sava\u015ft\u0131m.<\/p><p><strong>Beni uzun bir s\u00fcrg\u00fcn bekliyor<\/strong>. \u0130talya\u2019da vatan\u0131m diyebilece\u011fim bir yer ar\u0131yorum. Belki bu vatana yerle\u015fmek i\u00e7in zaman\u0131m olmayacak ama, buray\u0131 o\u011fluma ve onun Bat\u0131yla Do\u011fudan, Truval\u0131larla Latinlerden do\u011facak \u015fanl\u0131 soyuna b\u0131rakaca\u011f\u0131m.<\/p><p><strong>Homeros \u0130lyada<\/strong> destan\u0131nda benden zaten bahsediyor, ama benim <strong>hikayemi b\u00fct\u00fcn\u00fcyle nakleden<\/strong> ve yabanc\u0131 bir s\u0131\u011f\u0131nmac\u0131n\u0131n \u00f6yk\u00fcs\u00fcn\u00fc Roma \u015fehrinin ve imparatorlu\u011funun do\u011fu\u015funu anlatan epik bir romana d\u00f6n\u00fc\u015ft\u00fcren <strong>Vergilius<\/strong>\u2019tur.<\/p><p>\u0130\u00e7imde ta\u015f\u0131d\u0131\u011f\u0131m <strong>pietas<\/strong> duygusu nedeniyle tanr\u0131lar beni seviyor. Bu Latince kelimeyi terc\u00fcme etmek zor olsa da, \u201c<strong>g\u00f6rev bilinci<\/strong>\u201d, ama\u00e7 u\u011fruna kararl\u0131l\u0131k ve azimle gayret etmek, <strong>insan\u0131 ailesine, toplumuna, dinine ba\u011flayan unsurlara riayet etmek<\/strong>, yani adalet, hakkaniyet, merhamet, sava\u015fta kahramanl\u0131k, me\u015fakkate katlanma, tutkular\u0131n\u0131 ve duygular\u0131n\u0131 kontrol edebilme gibi erdemlere sad\u0131k kalmak olarak yorumlanabilir.<\/p><p>Ben ac\u0131 \u00e7ekmi\u015f ve halen \u00e7ekmekte olan biriyim, ama bunu s\u00f6yleyemem ya da belli edemem, <strong>\u00e7\u00fcnk\u00fc o\u011flumun ve soyunun ak\u0131beti bana ba\u011fl\u0131<\/strong>. Tanr\u0131lar\u0131n bana bi\u00e7ti\u011fi kadere boyun e\u011fme zorunlulu\u011funun bask\u0131s\u0131n\u0131 ya\u015fam\u0131yorum; bunu, g\u00f6remeyece\u011fim <strong>ama g\u00f6rkeminden emin oldu\u011fum bir gelece\u011fi <\/strong>m\u00fcmk\u00fcn k\u0131lmak i\u00e7in kendimi feda etmem gerekti\u011fini bilerek kabul ettim.<\/p><p>\u00c7ok defa benim karakterim yanl\u0131\u015f anla\u015f\u0131ld\u0131. \u00c7ok sevdi\u011fim <strong>Kartaca krali\u00e7esi Dido\u2019ya<\/strong> so\u011fuk ve mesafeli kalmam, \u0130talya\u2019ya gitmek i\u00e7in onun \u00fclkesini terk etmem ve ona asla orada kalaca\u011f\u0131ma ve kar\u0131 koca olaca\u011f\u0131m\u0131za dair s\u00f6z vermemem nedeniyle duygusuz, hatta kay\u0131ts\u0131z olmakla itham edildim. Ama ger\u00e7ek o ki, orada kalamazd\u0131m \u00e7\u00fcnk\u00fc kader bunu bana yasaklam\u0131\u015ft\u0131, \u00fcstelik o\u011fluma ve soyuna <strong>yeni bir vatan verme sorumlulu\u011fum vard\u0131<\/strong>.<\/p><p>Bu nedenle, bireyin s\u00fcrekli olarak toplulu\u011fun ihtiya\u00e7lar\u0131na tabi olmas\u0131n\u0131 \u00f6ng\u00f6ren bir k\u00fclt\u00fcr\u00fcn paradigmatik modeli olan antik Roma halk\u0131n\u0131n kahraman\u0131 oldum. Ama fethedilmi\u015f bir kahraman, \u015fehrinin y\u0131k\u0131m\u0131ndan ka\u00e7mak zorunda kalan ve hi\u00e7bir zaman umudunu kaybetmeden direnip yeniden in\u015fa edebilen ma\u011flup olmu\u015f bir s\u00fcrg\u00fcn olmam, beni ayn\u0131 zamanda her \u00e7a\u011f ve her d\u00fcnyan erkek ve kad\u0131nlar\u0131n \u00f6zde\u015fle\u015fmeye devam etti\u011fi bir \u2018<strong>halk<\/strong><strong> kahraman\u0131&#8217;<\/strong> yapt\u0131.<\/p><p>\u00a9 Wikimedia Commons\u2019tan al\u0131nt\u0131 resim<\/p>\t\t\t\t\t\t<\/div>\n\t\t\t\t<\/div>\n\t\t\t\t\t<\/div>\n\t\t<\/div>\n\t\t\t\t\t\t\t<\/div>\n\t\t<\/section>\n\t\t\t\t\t<\/div>\n\t\t<\/div>\n\t\t\t\t\t\t\t<\/div>\n\t\t<\/section>\n\t\t\t\t\t\t\t<\/div>\n\t\t","protected":false},"excerpt":{"rendered":"<p>AENEAS Truval\u0131lar\u0131n lideri AENEAS Ben Truval\u0131lar\u0131n lideri Aeneas\u2019\u0131m. Ankhises ile tanr\u0131\u00e7a Afrodit\u2019in o\u011fluyum. Truva kentini tam on y\u0131l boyunca yerle bir eden uzun sava\u015ftan kurtulan az<span class=\"excerpt-hellip\"> [\u2026]<\/span><\/p>\n","protected":false},"author":1,"featured_media":0,"parent":0,"menu_order":0,"comment_status":"closed","ping_status":"closed","template":"","meta":{"footnotes":""},"class_list":["post-1391","page","type-page","status-publish","hentry"],"_links":{"self":[{"href":"https:\/\/ariste.aeneasroute.org\/tr\/wp-json\/wp\/v2\/pages\/1391","targetHints":{"allow":["GET"]}}],"collection":[{"href":"https:\/\/ariste.aeneasroute.org\/tr\/wp-json\/wp\/v2\/pages"}],"about":[{"href":"https:\/\/ariste.aeneasroute.org\/tr\/wp-json\/wp\/v2\/types\/page"}],"author":[{"embeddable":true,"href":"https:\/\/ariste.aeneasroute.org\/tr\/wp-json\/wp\/v2\/users\/1"}],"replies":[{"embeddable":true,"href":"https:\/\/ariste.aeneasroute.org\/tr\/wp-json\/wp\/v2\/comments?post=1391"}],"version-history":[{"count":7,"href":"https:\/\/ariste.aeneasroute.org\/tr\/wp-json\/wp\/v2\/pages\/1391\/revisions"}],"predecessor-version":[{"id":1605,"href":"https:\/\/ariste.aeneasroute.org\/tr\/wp-json\/wp\/v2\/pages\/1391\/revisions\/1605"}],"wp:attachment":[{"href":"https:\/\/ariste.aeneasroute.org\/tr\/wp-json\/wp\/v2\/media?parent=1391"}],"curies":[{"name":"wp","href":"https:\/\/api.w.org\/{rel}","templated":true}]}}