{"id":1399,"date":"2022-04-08T17:18:35","date_gmt":"2022-04-08T15:18:35","guid":{"rendered":"https:\/\/ariste.aeneasroute.org\/ariste\/?page_id=1399"},"modified":"2022-06-23T15:56:31","modified_gmt":"2022-06-23T13:56:31","slug":"lavinia","status":"publish","type":"page","link":"https:\/\/ariste.aeneasroute.org\/tr\/lavinia\/","title":{"rendered":"Lavinia"},"content":{"rendered":"\t\t<div data-elementor-type=\"wp-page\" data-elementor-id=\"1399\" class=\"elementor elementor-1399\">\n\t\t\t\t\t\t\t\t\t<section class=\"elementor-section elementor-top-section elementor-element elementor-element-0f4aad4 elementor-section-height-full elementor-section-stretched elementor-section-boxed elementor-section-height-default elementor-section-items-middle\" data-id=\"0f4aad4\" data-element_type=\"section\" data-settings=\"{&quot;stretch_section&quot;:&quot;section-stretched&quot;,&quot;background_background&quot;:&quot;classic&quot;}\">\n\t\t\t\t\t\t<div class=\"elementor-container elementor-column-gap-default\">\n\t\t\t\t\t<div class=\"elementor-column elementor-col-100 elementor-top-column elementor-element elementor-element-9a5c600\" data-id=\"9a5c600\" data-element_type=\"column\">\n\t\t\t<div class=\"elementor-widget-wrap elementor-element-populated\">\n\t\t\t\t\t\t\t\t<div class=\"elementor-element elementor-element-b38a2bf elementor-widget elementor-widget-text-editor\" data-id=\"b38a2bf\" data-element_type=\"widget\" data-widget_type=\"text-editor.default\">\n\t\t\t\t<div class=\"elementor-widget-container\">\n\t\t\t<style>\/*! elementor - v3.7.8 - 02-10-2022 *\/\n.elementor-widget-text-editor.elementor-drop-cap-view-stacked .elementor-drop-cap{background-color:#818a91;color:#fff}.elementor-widget-text-editor.elementor-drop-cap-view-framed .elementor-drop-cap{color:#818a91;border:3px solid;background-color:transparent}.elementor-widget-text-editor:not(.elementor-drop-cap-view-default) .elementor-drop-cap{margin-top:8px}.elementor-widget-text-editor:not(.elementor-drop-cap-view-default) .elementor-drop-cap-letter{width:1em;height:1em}.elementor-widget-text-editor .elementor-drop-cap{float:left;text-align:center;line-height:1;font-size:50px}.elementor-widget-text-editor .elementor-drop-cap-letter{display:inline-block}<\/style>\t\t\t\t<h2><span style=\"color: #ffffff;\">LAVINIA<\/span><\/h2>\n<h4 class=\"MsoNormal\" style=\"text-align: justify;\"><span style=\"color: #ffffff;\"><i>Krallara Lay\u0131k Kadere Sahip Bir Kad\u0131n<\/i><\/span><\/h4>\t\t\t\t\t\t<\/div>\n\t\t\t\t<\/div>\n\t\t\t\t\t<\/div>\n\t\t<\/div>\n\t\t\t\t\t\t\t<\/div>\n\t\t<\/section>\n\t\t\t\t<section class=\"elementor-section elementor-top-section elementor-element elementor-element-d3e5c3c elementor-section-stretched elementor-section-boxed elementor-section-height-default elementor-section-height-default\" data-id=\"d3e5c3c\" data-element_type=\"section\" data-settings=\"{&quot;stretch_section&quot;:&quot;section-stretched&quot;}\">\n\t\t\t\t\t\t<div class=\"elementor-container elementor-column-gap-wider\">\n\t\t\t\t\t<div class=\"elementor-column elementor-col-100 elementor-top-column elementor-element elementor-element-d6df846\" data-id=\"d6df846\" data-element_type=\"column\">\n\t\t\t<div class=\"elementor-widget-wrap elementor-element-populated\">\n\t\t\t\t\t\t\t\t<section class=\"elementor-section elementor-inner-section elementor-element elementor-element-e098026 elementor-section-boxed elementor-section-height-default elementor-section-height-default\" data-id=\"e098026\" data-element_type=\"section\">\n\t\t\t\t\t\t<div class=\"elementor-container elementor-column-gap-default\">\n\t\t\t\t\t<div class=\"elementor-column elementor-col-100 elementor-inner-column elementor-element elementor-element-9285098\" data-id=\"9285098\" data-element_type=\"column\">\n\t\t\t<div class=\"elementor-widget-wrap elementor-element-populated\">\n\t\t\t\t\t\t\t\t<div class=\"elementor-element elementor-element-55b54ee elementor-widget elementor-widget-text-editor\" data-id=\"55b54ee\" data-element_type=\"widget\" data-widget_type=\"text-editor.default\">\n\t\t\t\t<div class=\"elementor-widget-container\">\n\t\t\t\t\t\t\t<h3><strong>LAVINIA<\/strong><\/h3><p>Banim ad\u0131m <strong>Lavinia. Kral Latinus ve krali\u00e7e Amata\u2019n\u0131n k\u0131z\u0131y\u0131m<\/strong>. \u201cEvlilik \u00e7a\u011f\u0131na\u201d gelmi\u015f bir kad\u0131n\u0131m ve <strong>benim kaderim<\/strong> <strong>Aeneas\u2019\u0131n kar\u0131s\u0131 olmakt\u0131r<\/strong>.<\/p><p>Kad\u0131nlara bah\u015fedilmi\u015f bir\u00e7ok \u00f6zellik ve erdem bende de mevcuttur: S\u0131r tutmas\u0131n\u0131 bilirim, kolayca y\u00fcz\u00fcm k\u0131zar\u0131r ve a\u011flar\u0131m, her zaman yere bakar\u0131m ve asla s\u00f6z almam. Sahnenin arka plan\u0131nda, kenarda durmay\u0131 ye\u011flerim.<\/p><p>Babam\u0131n iste\u011fine uymak zorunday\u0131m ve itirazda bulunmak ya da r\u0131za g\u00f6stermemek bana yasakt\u0131r. Kocam\u0131n kim olaca\u011f\u0131na o karar verir ve bu karar\u0131 sessizce kabul etmeliyim.<\/p><p>Bana kur yapan \u00e7ok ki\u015fi var ve ilk evlenme teklifini yapan <strong>Rutulis kral\u0131 \u201cyak\u0131\u015f\u0131kl\u0131\u201d Turnus oldu<\/strong>. Aeneas\u2019\u0131n uzun ve maceral\u0131 bir yolculuktan sonra Latium\u2019a gelmesiyle birlikte, babam halklar\u0131m\u0131z aras\u0131ndaki ittifak\u0131 g\u00fc\u00e7lendirmek i\u00e7in beni gelin olarak Truval\u0131lar\u0131n liderine vermek istedi. Annem, krali\u00e7e Amata, bu evlili\u011fe kar\u015f\u0131, zira o benim yan\u0131mda Aeneas\u2019\u0131n de\u011fil Turnus\u2019un olmas\u0131n\u0131 istiyor ve e\u011fer b\u00f6yle bir evlilik olursa can\u0131na k\u0131yaca\u011f\u0131n\u0131 s\u00f6yl\u00fcyor.<\/p><p>B\u00f6yle \u201cbir y\u0131\u011f\u0131n fenal\u0131\u011f\u0131n nedeni\u201d olmak beni \u00e7ok tedirgin ediyor. <strong>Bence Rutulis halk\u0131 ile Truval\u0131lar aras\u0131nda \u015fiddetli bir sava\u015f var<\/strong>. Tanr\u0131lardan yard\u0131m istemek i\u00e7in yan\u0131ma annemi ve halk\u0131m\u0131zdan ba\u015fka kad\u0131nlar\u0131 alarak Minerva da\u011f\u0131na gittim. Turnus\u2019un s\u00fcrekli bana bak\u0131\u015f\u0131n\u0131 alg\u0131l\u0131yorum ve g\u00f6zya\u015flar\u0131m\u0131 tutmay\u0131 ba\u015faram\u0131yorum. Y\u00fcz\u00fcm k\u0131zar\u0131yor, ama her zaman utand\u0131\u011f\u0131mdan de\u011fil, \u00e7\u00fcnk\u00fc kaderimin fark\u0131nday\u0131m ve Turnus\u2019un a\u015fk\u0131na kar\u015f\u0131l\u0131k veriyorum. Benim emin oldu\u011fum tek \u015fey varsa \u201cgelecekte kraliyet gelini\u201d olmak gibi bir kaderi kabul etmek zorunda olmam.<\/p><p>\u0130\u015fte b\u00f6ylece beni isteyen iki ki\u015fi aras\u0131ndaki son d\u00fcelloda Turnus Aeneas taraf\u0131ndan \u00f6ld\u00fcr\u00fcld\u00fc ve ben kazanana gidiyorum. Bu evlilik Roma \u015fehrinin do\u011fu\u015fu ile Truval\u0131lar\u0131n liderinin altsoyu aras\u0131nda bir ba\u011f olu\u015fturacak.<\/p><p>\u00a9 Wikimedia Commons\u2019tan al\u0131nt\u0131 resim<\/p>\t\t\t\t\t\t<\/div>\n\t\t\t\t<\/div>\n\t\t\t\t\t<\/div>\n\t\t<\/div>\n\t\t\t\t\t\t\t<\/div>\n\t\t<\/section>\n\t\t\t\t\t<\/div>\n\t\t<\/div>\n\t\t\t\t\t\t\t<\/div>\n\t\t<\/section>\n\t\t\t\t\t\t\t<\/div>\n\t\t","protected":false},"excerpt":{"rendered":"<p>LAVINIA Krallara Lay\u0131k Kadere Sahip Bir Kad\u0131n LAVINIA Banim ad\u0131m Lavinia. Kral Latinus ve krali\u00e7e Amata\u2019n\u0131n k\u0131z\u0131y\u0131m. \u201cEvlilik \u00e7a\u011f\u0131na\u201d gelmi\u015f bir kad\u0131n\u0131m ve benim kaderim Aeneas\u2019\u0131n<span class=\"excerpt-hellip\"> [\u2026]<\/span><\/p>\n","protected":false},"author":1,"featured_media":0,"parent":0,"menu_order":0,"comment_status":"closed","ping_status":"closed","template":"","meta":{"footnotes":""},"class_list":["post-1399","page","type-page","status-publish","hentry"],"_links":{"self":[{"href":"https:\/\/ariste.aeneasroute.org\/tr\/wp-json\/wp\/v2\/pages\/1399","targetHints":{"allow":["GET"]}}],"collection":[{"href":"https:\/\/ariste.aeneasroute.org\/tr\/wp-json\/wp\/v2\/pages"}],"about":[{"href":"https:\/\/ariste.aeneasroute.org\/tr\/wp-json\/wp\/v2\/types\/page"}],"author":[{"embeddable":true,"href":"https:\/\/ariste.aeneasroute.org\/tr\/wp-json\/wp\/v2\/users\/1"}],"replies":[{"embeddable":true,"href":"https:\/\/ariste.aeneasroute.org\/tr\/wp-json\/wp\/v2\/comments?post=1399"}],"version-history":[{"count":7,"href":"https:\/\/ariste.aeneasroute.org\/tr\/wp-json\/wp\/v2\/pages\/1399\/revisions"}],"predecessor-version":[{"id":1608,"href":"https:\/\/ariste.aeneasroute.org\/tr\/wp-json\/wp\/v2\/pages\/1399\/revisions\/1608"}],"wp:attachment":[{"href":"https:\/\/ariste.aeneasroute.org\/tr\/wp-json\/wp\/v2\/media?parent=1399"}],"curies":[{"name":"wp","href":"https:\/\/api.w.org\/{rel}","templated":true}]}}