{"id":1405,"date":"2022-04-08T17:27:30","date_gmt":"2022-04-08T15:27:30","guid":{"rendered":"https:\/\/ariste.aeneasroute.org\/ariste\/?page_id=1405"},"modified":"2022-06-23T15:59:49","modified_gmt":"2022-06-23T13:59:49","slug":"turnus","status":"publish","type":"page","link":"https:\/\/ariste.aeneasroute.org\/tr\/turnus\/","title":{"rendered":"Turnus"},"content":{"rendered":"\t\t<div data-elementor-type=\"wp-page\" data-elementor-id=\"1405\" class=\"elementor elementor-1405\">\n\t\t\t\t\t\t\t\t\t<section class=\"elementor-section elementor-top-section elementor-element elementor-element-0f4aad4 elementor-section-height-full elementor-section-stretched elementor-section-boxed elementor-section-height-default elementor-section-items-middle\" data-id=\"0f4aad4\" data-element_type=\"section\" data-settings=\"{&quot;stretch_section&quot;:&quot;section-stretched&quot;,&quot;background_background&quot;:&quot;classic&quot;}\">\n\t\t\t\t\t\t<div class=\"elementor-container elementor-column-gap-default\">\n\t\t\t\t\t<div class=\"elementor-column elementor-col-100 elementor-top-column elementor-element elementor-element-9a5c600\" data-id=\"9a5c600\" data-element_type=\"column\">\n\t\t\t<div class=\"elementor-widget-wrap elementor-element-populated\">\n\t\t\t\t\t\t\t\t<div class=\"elementor-element elementor-element-b38a2bf elementor-widget elementor-widget-text-editor\" data-id=\"b38a2bf\" data-element_type=\"widget\" data-widget_type=\"text-editor.default\">\n\t\t\t\t<div class=\"elementor-widget-container\">\n\t\t\t<style>\/*! elementor - v3.7.8 - 02-10-2022 *\/\n.elementor-widget-text-editor.elementor-drop-cap-view-stacked .elementor-drop-cap{background-color:#818a91;color:#fff}.elementor-widget-text-editor.elementor-drop-cap-view-framed .elementor-drop-cap{color:#818a91;border:3px solid;background-color:transparent}.elementor-widget-text-editor:not(.elementor-drop-cap-view-default) .elementor-drop-cap{margin-top:8px}.elementor-widget-text-editor:not(.elementor-drop-cap-view-default) .elementor-drop-cap-letter{width:1em;height:1em}.elementor-widget-text-editor .elementor-drop-cap{float:left;text-align:center;line-height:1;font-size:50px}.elementor-widget-text-editor .elementor-drop-cap-letter{display:inline-block}<\/style>\t\t\t\t<h2><span style=\"color: #ffffff;\">TURNUS<\/span><\/h2>\n<h4 class=\"MsoNormal\" style=\"text-align: justify;\"><span style=\"color: #ffffff;\"><i>Aeneas\u2019\u0131n rakibi<\/i><\/span><\/h4>\t\t\t\t\t\t<\/div>\n\t\t\t\t<\/div>\n\t\t\t\t\t<\/div>\n\t\t<\/div>\n\t\t\t\t\t\t\t<\/div>\n\t\t<\/section>\n\t\t\t\t<section class=\"elementor-section elementor-top-section elementor-element elementor-element-d3e5c3c elementor-section-stretched elementor-section-boxed elementor-section-height-default elementor-section-height-default\" data-id=\"d3e5c3c\" data-element_type=\"section\" data-settings=\"{&quot;stretch_section&quot;:&quot;section-stretched&quot;}\">\n\t\t\t\t\t\t<div class=\"elementor-container elementor-column-gap-wider\">\n\t\t\t\t\t<div class=\"elementor-column elementor-col-100 elementor-top-column elementor-element elementor-element-d6df846\" data-id=\"d6df846\" data-element_type=\"column\">\n\t\t\t<div class=\"elementor-widget-wrap elementor-element-populated\">\n\t\t\t\t\t\t\t\t<section class=\"elementor-section elementor-inner-section elementor-element elementor-element-e098026 elementor-section-boxed elementor-section-height-default elementor-section-height-default\" data-id=\"e098026\" data-element_type=\"section\">\n\t\t\t\t\t\t<div class=\"elementor-container elementor-column-gap-default\">\n\t\t\t\t\t<div class=\"elementor-column elementor-col-100 elementor-inner-column elementor-element elementor-element-9285098\" data-id=\"9285098\" data-element_type=\"column\">\n\t\t\t<div class=\"elementor-widget-wrap elementor-element-populated\">\n\t\t\t\t\t\t\t\t<div class=\"elementor-element elementor-element-55b54ee elementor-widget elementor-widget-text-editor\" data-id=\"55b54ee\" data-element_type=\"widget\" data-widget_type=\"text-editor.default\">\n\t\t\t\t<div class=\"elementor-widget-container\">\n\t\t\t\t\t\t\t<h3><strong>TURNUS<\/strong><\/h3><p>Benim ad\u0131m <strong>Turnus<\/strong>. <strong>Rutulis halk\u0131n\u0131n<\/strong> (Rutellerin) <strong>kral\u0131y\u0131m<\/strong>. Benim krall\u0131\u011f\u0131m Latium k\u0131y\u0131lar\u0131nda bulunmaktad\u0131r ve Ardea krall\u0131\u011f\u0131n ba\u015fkentidir. Ben cesur ve sava\u015f\u00e7\u0131 biriyim, ama bu \u00f6zelli\u011fime trajik bir kadar yaz\u0131lm\u0131\u015f: Hayat\u0131m \u00f6l\u00fcm alametleriyle doludur.<\/p><p>Bana \u201d<strong>yak\u0131\u015f\u0131kl\u0131<\/strong>\u201d derler. Eski ve soylu bir ailenin k\u00f6klerinden geliyorum ve kral Latin ile krali\u00e7e Amata\u2019n\u0131n k\u0131z\u0131 <strong>prenses Lavinia\u2019ya evlenme teklif ettim<\/strong>.<\/p><p>Truval\u0131lar\u0131n lideri Aeneas, Latium k\u0131y\u0131lar\u0131na ayak bast\u0131\u011f\u0131ndan beri olaylar de\u011fi\u015fmeye ba\u015flad\u0131. Latin kral\u0131, kar\u0131s\u0131 Amata\u2019n\u0131n arzusuna kar\u015f\u0131 \u00e7\u0131karak, k\u0131z\u0131 Lavinia\u2019y\u0131 siyasi nedenlerle gelin olarak Aeneas\u2019a vermek istedi, \u00e7\u00fcnk\u00fc Latinler ile Truval\u0131lar aras\u0131ndaki ittifak\u0131 g\u00fc\u00e7lendirmeyi umut ediyordu. Bu durum beni <strong>Aeneas\u2019a ve halk\u0131na kar\u015f\u0131 b\u00fcy\u00fck bir sava\u015f a\u00e7maya itti<\/strong>.<\/p><p>Benim at\u0131lgan ve fevri karakterim tanr\u0131lar\u0131n etkisi alt\u0131nda daha da keskin ve \u015fiddetli bir hal almaya ba\u015flad\u0131. Bir g\u00fcn, -oldum olas\u0131 Truval\u0131lara kar\u015f\u0131 olan- Hera taraf\u0131ndan ba\u015flat\u0131lan bir sava\u015fta a\u015f\u0131r\u0131 bir vah\u015fet ortaya koyarak ac\u0131mas\u0131z bir eylemde bulundum.<\/p><p>Sava\u015f s\u0131ras\u0131nda <strong>Aeneas\u2019\u0131n gen\u00e7 arkada\u015f\u0131 Pallanteus\u2019u \u00f6ld\u00fcrd\u00fcm. Aeneas, Evander\u2019e onun tek o\u011flunun \u00f6ld\u00fcr\u00fclmesinin intikam\u0131n\u0131 alma s\u00f6z\u00fc verdi<\/strong>. \u201cAeneas ile \u00e7arp\u0131\u015fmak ve \u00f6l\u00fcm\u00fc tatmak\u201d zorunda kalaca\u011f\u0131m\u0131 biliyorum. Lavinia\u2019y\u0131 kendisine e\u015f olarak alacak olan galibi belirleyecek son d\u00fcelloda ikimiz kar\u015f\u0131 kar\u015f\u0131yay\u0131z.<\/p><p>Aeneas art\u0131k zafere yak\u0131n ve ona hayat\u0131m\u0131 ba\u011f\u0131\u015flamas\u0131 i\u00e7in yakar\u0131yorum. O, k\u0131l\u0131c\u0131 havada bir teredd\u00fct ge\u00e7iriyor, ama sonra belimde gen\u00e7 arkada\u015f\u0131 Pallanteus\u2019un asker palaskas\u0131n\u0131 fark ediyor ve \u00f6fke ile tutku a\u011f\u0131r bas\u0131yor. D\u00fc\u015fman\u0131m Evander\u2019e verdi\u011fi s\u00f6ze sad\u0131k kalmaya karar veriyor ve \u00f6l\u00fcm gelip beni buluyor. Kaderim bu \u015fekilde tecelli ediyor.<\/p><p>\u00a9 Wikimedia Commons\u2019tan al\u0131nt\u0131 resim<\/p>\t\t\t\t\t\t<\/div>\n\t\t\t\t<\/div>\n\t\t\t\t\t<\/div>\n\t\t<\/div>\n\t\t\t\t\t\t\t<\/div>\n\t\t<\/section>\n\t\t\t\t\t<\/div>\n\t\t<\/div>\n\t\t\t\t\t\t\t<\/div>\n\t\t<\/section>\n\t\t\t\t\t\t\t<\/div>\n\t\t","protected":false},"excerpt":{"rendered":"<p>TURNUS Aeneas\u2019\u0131n rakibi TURNUS Benim ad\u0131m Turnus. Rutulis halk\u0131n\u0131n (Rutellerin) kral\u0131y\u0131m. Benim krall\u0131\u011f\u0131m Latium k\u0131y\u0131lar\u0131nda bulunmaktad\u0131r ve Ardea krall\u0131\u011f\u0131n ba\u015fkentidir. Ben cesur ve sava\u015f\u00e7\u0131 biriyim, ama<span class=\"excerpt-hellip\"> [\u2026]<\/span><\/p>\n","protected":false},"author":1,"featured_media":0,"parent":0,"menu_order":0,"comment_status":"closed","ping_status":"closed","template":"","meta":{"footnotes":""},"class_list":["post-1405","page","type-page","status-publish","hentry"],"_links":{"self":[{"href":"https:\/\/ariste.aeneasroute.org\/tr\/wp-json\/wp\/v2\/pages\/1405","targetHints":{"allow":["GET"]}}],"collection":[{"href":"https:\/\/ariste.aeneasroute.org\/tr\/wp-json\/wp\/v2\/pages"}],"about":[{"href":"https:\/\/ariste.aeneasroute.org\/tr\/wp-json\/wp\/v2\/types\/page"}],"author":[{"embeddable":true,"href":"https:\/\/ariste.aeneasroute.org\/tr\/wp-json\/wp\/v2\/users\/1"}],"replies":[{"embeddable":true,"href":"https:\/\/ariste.aeneasroute.org\/tr\/wp-json\/wp\/v2\/comments?post=1405"}],"version-history":[{"count":7,"href":"https:\/\/ariste.aeneasroute.org\/tr\/wp-json\/wp\/v2\/pages\/1405\/revisions"}],"predecessor-version":[{"id":1611,"href":"https:\/\/ariste.aeneasroute.org\/tr\/wp-json\/wp\/v2\/pages\/1405\/revisions\/1611"}],"wp:attachment":[{"href":"https:\/\/ariste.aeneasroute.org\/tr\/wp-json\/wp\/v2\/media?parent=1405"}],"curies":[{"name":"wp","href":"https:\/\/api.w.org\/{rel}","templated":true}]}}