{"id":1414,"date":"2022-04-06T16:25:50","date_gmt":"2022-04-06T14:25:50","guid":{"rendered":"https:\/\/ariste.aeneasroute.org\/ariste\/?page_id=1414"},"modified":"2022-06-23T16:04:47","modified_gmt":"2022-06-23T14:04:47","slug":"aeneas-mitosu","status":"publish","type":"page","link":"https:\/\/ariste.aeneasroute.org\/tr\/aeneas-mitosu\/","title":{"rendered":"Aeneas mitosu"},"content":{"rendered":"\t\t<div data-elementor-type=\"wp-page\" data-elementor-id=\"1414\" class=\"elementor elementor-1414\">\n\t\t\t\t\t\t\t\t\t<section class=\"elementor-section elementor-top-section elementor-element elementor-element-0f4aad4 elementor-section-height-full elementor-section-stretched elementor-section-boxed elementor-section-height-default elementor-section-items-middle\" data-id=\"0f4aad4\" data-element_type=\"section\" data-settings=\"{&quot;stretch_section&quot;:&quot;section-stretched&quot;,&quot;background_background&quot;:&quot;classic&quot;}\">\n\t\t\t\t\t\t<div class=\"elementor-container elementor-column-gap-default\">\n\t\t\t\t\t<div class=\"elementor-column elementor-col-100 elementor-top-column elementor-element elementor-element-9a5c600\" data-id=\"9a5c600\" data-element_type=\"column\">\n\t\t\t<div class=\"elementor-widget-wrap elementor-element-populated\">\n\t\t\t\t\t\t\t\t<div class=\"elementor-element elementor-element-b38a2bf elementor-widget elementor-widget-text-editor\" data-id=\"b38a2bf\" data-element_type=\"widget\" data-widget_type=\"text-editor.default\">\n\t\t\t\t<div class=\"elementor-widget-container\">\n\t\t\t<style>\/*! elementor - v3.7.8 - 02-10-2022 *\/\n.elementor-widget-text-editor.elementor-drop-cap-view-stacked .elementor-drop-cap{background-color:#818a91;color:#fff}.elementor-widget-text-editor.elementor-drop-cap-view-framed .elementor-drop-cap{color:#818a91;border:3px solid;background-color:transparent}.elementor-widget-text-editor:not(.elementor-drop-cap-view-default) .elementor-drop-cap{margin-top:8px}.elementor-widget-text-editor:not(.elementor-drop-cap-view-default) .elementor-drop-cap-letter{width:1em;height:1em}.elementor-widget-text-editor .elementor-drop-cap{float:left;text-align:center;line-height:1;font-size:50px}.elementor-widget-text-editor .elementor-drop-cap-letter{display:inline-block}<\/style>\t\t\t\t<h2><span style=\"color: #ffffff;\">AENEAS MITosu<\/span><\/h2>\n<h4 class=\"MsoNormal\" style=\"text-align: justify;\"><span style=\"color: #ffffff;\"><i>Farkl\u0131 halklar ve yerler aras\u0131ndaki bulu\u015fman\u0131n ve k\u00fclt\u00fcrler aras\u0131 diyalogun simgesi<\/i><\/span><\/h4>\t\t\t\t\t\t<\/div>\n\t\t\t\t<\/div>\n\t\t\t\t\t<\/div>\n\t\t<\/div>\n\t\t\t\t\t\t\t<\/div>\n\t\t<\/section>\n\t\t\t\t<section class=\"elementor-section elementor-top-section elementor-element elementor-element-d3e5c3c elementor-section-stretched elementor-section-boxed elementor-section-height-default elementor-section-height-default\" data-id=\"d3e5c3c\" data-element_type=\"section\" data-settings=\"{&quot;stretch_section&quot;:&quot;section-stretched&quot;}\">\n\t\t\t\t\t\t<div class=\"elementor-container elementor-column-gap-wider\">\n\t\t\t\t\t<div class=\"elementor-column elementor-col-100 elementor-top-column elementor-element elementor-element-d6df846\" data-id=\"d6df846\" data-element_type=\"column\">\n\t\t\t<div class=\"elementor-widget-wrap elementor-element-populated\">\n\t\t\t\t\t\t\t\t<section class=\"elementor-section elementor-inner-section elementor-element elementor-element-e098026 elementor-section-boxed elementor-section-height-default elementor-section-height-default\" data-id=\"e098026\" data-element_type=\"section\">\n\t\t\t\t\t\t<div class=\"elementor-container elementor-column-gap-default\">\n\t\t\t\t\t<div class=\"elementor-column elementor-col-100 elementor-inner-column elementor-element elementor-element-9285098\" data-id=\"9285098\" data-element_type=\"column\">\n\t\t\t<div class=\"elementor-widget-wrap elementor-element-populated\">\n\t\t\t\t\t\t\t\t<div class=\"elementor-element elementor-element-55b54ee elementor-widget elementor-widget-text-editor\" data-id=\"55b54ee\" data-element_type=\"widget\" data-widget_type=\"text-editor.default\">\n\t\t\t\t<div class=\"elementor-widget-container\">\n\t\t\t\t\t\t\t<h3><strong>M\u0130TOS<\/strong><\/h3><p><strong>Mitolojik anlat\u0131<\/strong> sadece hayal g\u00fcc\u00fc \u00fcr\u00fcn\u00fc de\u011fildir, \u00e7o\u011fu kez i\u00e7inde bir ger\u00e7ek pay\u0131 vard\u0131r ve tarihsel ak\u0131\u015f\u0131 yeniden belirlemekte yararl\u0131 olabilir. <strong>Antik Yunan dilinde mythos kelimesi \u201canlat\u0131\u201d, \u201cs\u00f6zc\u00fck\u201d<\/strong> anlamlar\u0131na gelmektedir ve bu \u00f6yk\u00fclerin k\u00f6kleri en eski \u00e7a\u011flara dayanmakta olup, yaz\u0131n\u0131n kullan\u0131lmaya ba\u015flad\u0131\u011f\u0131 ve edebiyat\u0131n do\u011fdu\u011fu \u00e7a\u011flardan beri dilden dile aktar\u0131larak halklar\u0131n haf\u0131zas\u0131nda yer etmi\u015ftir.<\/p><p>Nesilden nesile aktar\u0131lan mitoslar, farkl\u0131 toplumlar\u0131n <strong>k\u00fclt\u00fcr zenginli\u011fini iletmeye<\/strong>, an\u0131lar\u0131n\u0131 saklamaya, kimliklerini ve aidiyet duygular\u0131n\u0131 sa\u011flamla\u015ft\u0131rmaya katk\u0131 sa\u011flam\u0131\u015flard\u0131r. Ar\u0131ca kanunlar\u0131n ve hukukun do\u011fu\u015fundan \u00f6nce, bunlar e\u011fitici bir i\u015fleve sahip olmu\u015f, \u00f6rnek olu\u015fturmu\u015f ve olumlu davran\u0131\u015f modellerini te\u015fvik ederken, olumsuz olanlardan ka\u00e7\u0131nmay\u0131 \u00f6\u011fretmi\u015flerdir.<\/p><p>Yaz\u0131 devreye girdi\u011finde, mitolojik anlat\u0131lar <strong>metinlere ve edebi eserlere<\/strong> d\u00f6n\u00fc\u015fm\u00fc\u015ft\u00fcr. <strong>\u0130lyada ve Odysseia <\/strong>epik anlat\u0131lar\u0131 i\u00e7in de b\u00f6yle olmu\u015f, bunlar bir anda yarat\u0131lmam\u0131\u015flard\u0131r. M.\u00d6. VIII y\u00fczy\u0131lda, Yunanl\u0131lar Fenike alfabesini kullanmaya ba\u015flad\u0131ktan sonra bunu Yunancaya uyarlam\u0131\u015flar, <strong>Homeros<\/strong>, ya da bunlar\u0131 yazan di\u011ferleri -bir veya birden fazla \u015fair- \u00f6yk\u00fcleri toplay\u0131p d\u00fczenlemi\u015fler, <strong>Truva sava\u015f\u0131n\u0131, Ulysses<\/strong> ve bu sava\u015flarda yer alan di\u011fer sava\u015f\u00e7\u0131lar\u0131n <strong>zorlu ve uzun yolculuklar sonras\u0131 evlerine d\u00f6n\u00fc\u015flerini <\/strong>kaleme alarak, bu hikayeleri evlerde ve sokaklarda okuyarak nesilden nesile aktar\u0131lmalar\u0131n\u0131 sa\u011flam\u0131\u015flard\u0131r.<\/p>\t\t\t\t\t\t<\/div>\n\t\t\t\t<\/div>\n\t\t\t\t<div class=\"elementor-element elementor-element-4a85a08 elementor-widget elementor-widget-text-editor\" data-id=\"4a85a08\" data-element_type=\"widget\" data-widget_type=\"text-editor.default\">\n\t\t\t\t<div class=\"elementor-widget-container\">\n\t\t\t\t\t\t\t<h3><strong>AENEAS M\u0130TOSU<\/strong><\/h3><p><strong>Aeneas<\/strong> fig\u00fcr\u00fc <strong>\u0130lyada<\/strong> destan\u0131nda \u015fehrini savunmak i\u00e7in \u00e7arp\u0131\u015fan Truval\u0131 sava\u015f\u00e7\u0131 olarak yer almaktad\u0131r. O epik destanda zaten <strong>b\u00fcy\u00fck bir kaderin i\u015faretini<\/strong> alm\u0131\u015ft\u0131r: Onu yenilmez Yunanl\u0131 kahraman Akhilleus ile yapt\u0131\u011f\u0131 d\u00fcelloda \u00f6l\u00fcmden kurtaran tanr\u0131 Poseidon\u2019a g\u00f6re, <strong>Aeneas Truva\u2019n\u0131n yak\u0131l\u0131p y\u0131k\u0131lmas\u0131ndan sa\u011f \u00e7\u0131kacak ve soyunu devam ettirmek i\u00e7in Truval\u0131lara krall\u0131k edecektir<\/strong>.<\/p><p>Onun efsanesi daha sonraki y\u00fczy\u0131llarda baz\u0131 Yunan ve Latin yazarlar\u0131n eserlerine de konu olmu\u015ftur. Ne yaz\u0131k ki bu yazarlardan g\u00fcn\u00fcm\u00fcze sadece <strong>az say\u0131da de\u011ferli b\u00f6l\u00fcm ula\u015fm\u0131\u015ft\u0131r<\/strong>. Ama Aeneas mitosunun, en az\u0131ndan bir k\u0131sm\u0131n\u0131n, tamamlanmas\u0131 ve yay\u0131lmas\u0131 arkeolojik bulgularda g\u00f6r\u00fclen fig\u00fcrler ve resimler sayesinde olmu\u015ftur.<\/p><p>Nitekim arkeolojik belgeler klasik \u00e7a\u011fda <strong>Atina \u015fehrinin hayatta kalan Truval\u0131lar\u0131n efsanesini sahiplenmi\u015f oldu\u011funu, ama bunu olumlu taraf\u0131ndan ald\u0131\u011f\u0131n\u0131 g\u00f6stermektedir<\/strong>: Atina onlar\u0131 geleneksel d\u00fc\u015fmanlar\u0131 olarak g\u00f6stermi\u015f, ama erdemleri nedeniyle hakettikleri sayg\u0131y\u0131 g\u00f6rmeleri gerekti\u011fine i\u015faret etmi\u015ftir. Atina\u2019n\u0131n resm\u00ee olarak kutsad\u0131\u011f\u0131 ve \u00fczerinde Aeneas ile babas\u0131 Ankhises fig\u00fcrleri bulunan vazolar\u0131n ihrac\u0131 yoluyla Bat\u0131 d\u00fcnyas\u0131nda yayd\u0131\u011f\u0131 mesaj budur. Aeneas\u2019\u0131n Yunan efsanesi, hangi etaplardan ge\u00e7ti\u011fini ve nas\u0131l oldu\u011funu pek bilmesek de, bu \u015fekilde hem <strong>Etr\u00fcskler <\/strong>hem de <strong>Romal\u0131lar<\/strong> aras\u0131nda yay\u0131lm\u0131\u015ft\u0131r.<\/p><p>\u0130\u015fte Aeneas\u2019\u0131n alevler i\u00e7indeki Truva\u2019y\u0131 terk edip Akdeniz \u00fczerinden \u0130talya\u2019da Latium k\u0131y\u0131lar\u0131na uzanan yolculu\u011fu <strong>Vergilius\u2019un<\/strong> anlat\u0131s\u0131yla tamamlanmakta, bu \u00f6yk\u00fc Truval\u0131 kahraman\u0131n kaderiyle \u00f6nce Lavinium\u2019un sonra da Roma\u2019n\u0131n kurulu\u015funu birle\u015ftirmektedir.<\/p><p><strong>Augustus Prensli\u011fi ile<\/strong> Aeneas fig\u00fcr\u00fc Roma d\u00fcnyas\u0131nda hem Afrodit\u2019in o\u011flu olan bir yar\u0131-tanr\u0131, hem de <strong>tanr\u0131lara inanan ve ailesine sayg\u0131 g\u00f6steren ideal Romal\u0131 modeli<\/strong> olarak en \u00e7ok bilinen ki\u015filiklerden biri olmu\u015ftur. \u0130\u015fte bundan dolay\u0131 Aeneas mitosunun ikonlar\u0131 Roma\u2019daki Augustus Forumu\u2019na\u00a0 ve ta\u015fradaki di\u011fer forumlara heykel olarak dikilerek hem resmi sanata ilham verecek, hem de (g\u00fcnl\u00fck e\u015fyalarda, evlerdeki fresklerde, mezarl\u0131k an\u0131tlar\u0131nda kullan\u0131larak) \u00f6zel ki\u015filerin ve kurumlar\u0131n sanat\u0131 i\u00e7in de kaynak olu\u015fturacakt\u0131r.<\/p><p>Aeneas\u2019\u0131n yolculuk efsanesi antik \u00e7a\u011flarla zaten derin ba\u011flar\u0131 ve b\u00fct\u00fcnle\u015fmi\u015f bir tarihi olan <strong>Akdeniz <\/strong>\u00fczerinden, farkl\u0131 rotalar ve farkl\u0131 nedenlere ba\u011fl\u0131 olarak yay\u0131lm\u0131\u015ft\u0131r. Dolay\u0131s\u0131yla Aeneas efsanesi her zaman hareketlilik i\u00e7inde olmu\u015f, yerle\u015fim yerleri s\u00fcrekli de\u011fi\u015fmi\u015f, sosyal sistemleri h\u0131zl\u0131 geli\u015fmi\u015f, farkl\u0131 kavimleri ve k\u00fclt\u00fcrleri y\u00fczy\u0131llar boyu bir araya getirmi\u015f olan bir antik bir denizin yank\u0131s\u0131d\u0131r.<\/p>\t\t\t\t\t\t<\/div>\n\t\t\t\t<\/div>\n\t\t\t\t\t<\/div>\n\t\t<\/div>\n\t\t\t\t\t\t\t<\/div>\n\t\t<\/section>\n\t\t\t\t\t<\/div>\n\t\t<\/div>\n\t\t\t\t\t\t\t<\/div>\n\t\t<\/section>\n\t\t\t\t\t\t\t<\/div>\n\t\t","protected":false},"excerpt":{"rendered":"<p>AENEAS MITosu Farkl\u0131 halklar ve yerler aras\u0131ndaki bulu\u015fman\u0131n ve k\u00fclt\u00fcrler aras\u0131 diyalogun simgesi M\u0130TOS Mitolojik anlat\u0131 sadece hayal g\u00fcc\u00fc \u00fcr\u00fcn\u00fc de\u011fildir, \u00e7o\u011fu kez i\u00e7inde bir ger\u00e7ek<span class=\"excerpt-hellip\"> [\u2026]<\/span><\/p>\n","protected":false},"author":1,"featured_media":0,"parent":0,"menu_order":0,"comment_status":"closed","ping_status":"closed","template":"","meta":{"footnotes":""},"class_list":["post-1414","page","type-page","status-publish","hentry"],"_links":{"self":[{"href":"https:\/\/ariste.aeneasroute.org\/tr\/wp-json\/wp\/v2\/pages\/1414","targetHints":{"allow":["GET"]}}],"collection":[{"href":"https:\/\/ariste.aeneasroute.org\/tr\/wp-json\/wp\/v2\/pages"}],"about":[{"href":"https:\/\/ariste.aeneasroute.org\/tr\/wp-json\/wp\/v2\/types\/page"}],"author":[{"embeddable":true,"href":"https:\/\/ariste.aeneasroute.org\/tr\/wp-json\/wp\/v2\/users\/1"}],"replies":[{"embeddable":true,"href":"https:\/\/ariste.aeneasroute.org\/tr\/wp-json\/wp\/v2\/comments?post=1414"}],"version-history":[{"count":9,"href":"https:\/\/ariste.aeneasroute.org\/tr\/wp-json\/wp\/v2\/pages\/1414\/revisions"}],"predecessor-version":[{"id":1615,"href":"https:\/\/ariste.aeneasroute.org\/tr\/wp-json\/wp\/v2\/pages\/1414\/revisions\/1615"}],"wp:attachment":[{"href":"https:\/\/ariste.aeneasroute.org\/tr\/wp-json\/wp\/v2\/media?parent=1414"}],"curies":[{"name":"wp","href":"https:\/\/api.w.org\/{rel}","templated":true}]}}