{"id":1422,"date":"2022-04-06T16:34:48","date_gmt":"2022-04-06T14:34:48","guid":{"rendered":"https:\/\/ariste.aeneasroute.org\/ariste\/?page_id=1422"},"modified":"2022-06-23T16:06:24","modified_gmt":"2022-06-23T14:06:24","slug":"aeneid","status":"publish","type":"page","link":"https:\/\/ariste.aeneasroute.org\/tr\/aeneid\/","title":{"rendered":"Aeneid"},"content":{"rendered":"\t\t<div data-elementor-type=\"wp-page\" data-elementor-id=\"1422\" class=\"elementor elementor-1422\">\n\t\t\t\t\t\t\t\t\t<section class=\"elementor-section elementor-top-section elementor-element elementor-element-0f4aad4 elementor-section-height-full elementor-section-stretched elementor-section-boxed elementor-section-height-default elementor-section-items-middle\" data-id=\"0f4aad4\" data-element_type=\"section\" data-settings=\"{&quot;stretch_section&quot;:&quot;section-stretched&quot;,&quot;background_background&quot;:&quot;classic&quot;}\">\n\t\t\t\t\t\t<div class=\"elementor-container elementor-column-gap-default\">\n\t\t\t\t\t<div class=\"elementor-column elementor-col-100 elementor-top-column elementor-element elementor-element-9a5c600\" data-id=\"9a5c600\" data-element_type=\"column\">\n\t\t\t<div class=\"elementor-widget-wrap elementor-element-populated\">\n\t\t\t\t\t\t\t\t<div class=\"elementor-element elementor-element-b38a2bf elementor-widget elementor-widget-text-editor\" data-id=\"b38a2bf\" data-element_type=\"widget\" data-widget_type=\"text-editor.default\">\n\t\t\t\t<div class=\"elementor-widget-container\">\n\t\t\t<style>\/*! elementor - v3.7.8 - 02-10-2022 *\/\n.elementor-widget-text-editor.elementor-drop-cap-view-stacked .elementor-drop-cap{background-color:#818a91;color:#fff}.elementor-widget-text-editor.elementor-drop-cap-view-framed .elementor-drop-cap{color:#818a91;border:3px solid;background-color:transparent}.elementor-widget-text-editor:not(.elementor-drop-cap-view-default) .elementor-drop-cap{margin-top:8px}.elementor-widget-text-editor:not(.elementor-drop-cap-view-default) .elementor-drop-cap-letter{width:1em;height:1em}.elementor-widget-text-editor .elementor-drop-cap{float:left;text-align:center;line-height:1;font-size:50px}.elementor-widget-text-editor .elementor-drop-cap-letter{display:inline-block}<\/style>\t\t\t\t<h2><span style=\"color: #ffffff;\">AENEID<\/span><\/h2>\n<h4 class=\"MsoNormal\" style=\"text-align: justify;\"><span style=\"color: #ffffff;\"><i>Vergilius\u2019un Roma\u2019n\u0131n kurulu\u015funu epik \u015fekilde tarihe ge\u00e7iren  ba\u015fyap\u0131t<\/i><\/span><\/h4>\t\t\t\t\t\t<\/div>\n\t\t\t\t<\/div>\n\t\t\t\t\t<\/div>\n\t\t<\/div>\n\t\t\t\t\t\t\t<\/div>\n\t\t<\/section>\n\t\t\t\t<section class=\"elementor-section elementor-top-section elementor-element elementor-element-d3e5c3c elementor-section-stretched elementor-section-boxed elementor-section-height-default elementor-section-height-default\" data-id=\"d3e5c3c\" data-element_type=\"section\" data-settings=\"{&quot;stretch_section&quot;:&quot;section-stretched&quot;}\">\n\t\t\t\t\t\t<div class=\"elementor-container elementor-column-gap-wider\">\n\t\t\t\t\t<div class=\"elementor-column elementor-col-100 elementor-top-column elementor-element elementor-element-d6df846\" data-id=\"d6df846\" data-element_type=\"column\">\n\t\t\t<div class=\"elementor-widget-wrap elementor-element-populated\">\n\t\t\t\t\t\t\t\t<section class=\"elementor-section elementor-inner-section elementor-element elementor-element-e098026 elementor-section-boxed elementor-section-height-default elementor-section-height-default\" data-id=\"e098026\" data-element_type=\"section\">\n\t\t\t\t\t\t<div class=\"elementor-container elementor-column-gap-default\">\n\t\t\t\t\t<div class=\"elementor-column elementor-col-100 elementor-inner-column elementor-element elementor-element-9285098\" data-id=\"9285098\" data-element_type=\"column\">\n\t\t\t<div class=\"elementor-widget-wrap elementor-element-populated\">\n\t\t\t\t\t\t\t\t<div class=\"elementor-element elementor-element-55b54ee elementor-widget elementor-widget-text-editor\" data-id=\"55b54ee\" data-element_type=\"widget\" data-widget_type=\"text-editor.default\">\n\t\t\t\t<div class=\"elementor-widget-container\">\n\t\t\t\t\t\t\t<h3><strong>AENEID<\/strong><\/h3><p><strong>Vergilius <\/strong>en \u00e7ok be\u011fenilen, incelenen ve taklit edilen klasik yazarlardan biridir. M.\u00d6. 29 ile M.\u00d6.19 y\u0131llar\u0131 aras\u0131nda yazd\u0131\u011f\u0131 ba\u015fyap\u0131t\u0131 Aeneid ile, Latin \u015fair, s\u00fcrg\u00fcne giden birinin yolculu\u011funu Roma\u2019n\u0131n kurulu\u015fu ve g\u00f6rkemini anlatan epik bir destana d\u00f6n\u00fc\u015ft\u00fcrm\u00fc\u015ft\u00fcr.<\/p><p>Asl\u0131nda, Vergilius\u2019un hikayesinde <strong>Aeneas\u2019\u0131n yolculu\u011fu<\/strong>, Truval\u0131lar\u0131n atas\u0131 Dardanosun \u0130talya\u2019dan gelmi\u015f olmas\u0131 nedeniyle, yabanc\u0131 bir milletin g\u00f6\u00e7\u00fc gibi de\u011fil, eski k\u00f6klere d\u00f6n\u00fc\u015f gibi ortaya konulmaktad\u0131r. Dolay\u0131s\u0131yla Aeneas\u2019\u0131n amac\u0131 sadece yeni bir \u015fehir kurmak de\u011fil, asl\u0131nda vatan\u0131n\u0131 nakledece\u011fi bir yer bulmakt\u0131r.<\/p><p>Aeneid destan\u0131nda ise Truva efsanesi Augustus Prensli\u011fi ideolojisiyle birle\u015fmektedir: <strong>Aeneas, Sezar Augustus\u2019un atas\u0131d\u0131r <\/strong>ve Senato\u2019nun verdi\u011fi <em>Princeps<\/em> (birinci s\u0131ras\u0131 alan) unvan\u0131 Virgilius taraf\u0131ndan epik \u015fiirinin a\u00e7\u0131l\u0131\u015f k\u0131sm\u0131nda kullan\u0131lm\u0131\u015f olup, o b\u00f6l\u00fcmde Zeus taraf\u0131ndan Afrodit\u2019e o\u011flunun bir zamanlar Truva\u2019y\u0131 yenen Akalar -Yunanl\u0131lar-\u00a0 \u00fczerinde hakimiyet kuraca\u011f\u0131 ve soyunun muhte\u015fem bir kaderi olaca\u011f\u0131n\u0131 m\u00fcjdelemektedir. Bu \u015fekilde, Aeneas Efsanesi Roma\u2019n\u0131n fetihlerini me\u015fru k\u0131lmaktad\u0131r.<\/p><p>\u0130kibin y\u0131l sonra, Aeneid <strong>ola\u011fan\u00fcst\u00fc derinli\u011fi ve \u00e7ok seslili\u011fi ile<\/strong> g\u00fcn\u00fcm\u00fcz kad\u0131nlar\u0131na ve erkeklerine hitap etmeyi s\u00fcrd\u00fcrmekte, m\u0131sralar\u0131ndan ba\u015flayarak insanlar\u0131 g\u00fcncel ve akt\u00fcel olan hakk\u0131nda d\u00fc\u015f\u00fcnmeye sevk etmektedir: Bunlar, sava\u015flar\u0131n yaratt\u0131\u011f\u0131 tahribattan, mahvolan \u00fclkelerden yap\u0131lan g\u00f6\u00e7lere ve ka\u00e7\u0131\u015flara, bazen geri d\u00f6n\u00fc\u015fs\u00fcz \u015fekilde kaybedilmi\u015f bir kimli\u011fin yerine yeni bir kimlik aray\u0131\u015f\u0131ndan, k\u00f6klerine ve yak\u0131nlar\u0131na kavu\u015fma aray\u0131\u015f\u0131na, farkl\u0131 halklar aras\u0131ndaki bulu\u015fmalar\u0131n yaratt\u0131\u011f\u0131 krizlere g\u00f6\u011f\u00fcs germekten, farkl\u0131 halklar aras\u0131nda dayan\u0131\u015fmaya var\u0131ncaya kadar \u00fczerinde d\u00fc\u015f\u00fcn\u00fclmesi gereken olaylard\u0131r.<\/p><p>Vergilius\u2019un kahraman\u0131na hayranl\u0131k duyan b\u00fcy\u00fck \u015fair Giorgio Caproni\u2019nin yazd\u0131\u011f\u0131 gibi, i\u015fte bu evrenselli\u011fi nedeniyle zaten <strong>hepimiz Aeneas\u2019\u0131z.<\/strong><\/p>\t\t\t\t\t\t<\/div>\n\t\t\t\t<\/div>\n\t\t\t\t\t<\/div>\n\t\t<\/div>\n\t\t\t\t\t\t\t<\/div>\n\t\t<\/section>\n\t\t\t\t\t<\/div>\n\t\t<\/div>\n\t\t\t\t\t\t\t<\/div>\n\t\t<\/section>\n\t\t\t\t\t\t\t<\/div>\n\t\t","protected":false},"excerpt":{"rendered":"<p>AENEID Vergilius\u2019un Roma\u2019n\u0131n kurulu\u015funu epik \u015fekilde tarihe ge\u00e7iren ba\u015fyap\u0131t AENEID Vergilius en \u00e7ok be\u011fenilen, incelenen ve taklit edilen klasik yazarlardan biridir. M.\u00d6. 29 ile M.\u00d6.19 y\u0131llar\u0131<span class=\"excerpt-hellip\"> [\u2026]<\/span><\/p>\n","protected":false},"author":1,"featured_media":0,"parent":0,"menu_order":0,"comment_status":"closed","ping_status":"closed","template":"","meta":{"footnotes":""},"class_list":["post-1422","page","type-page","status-publish","hentry"],"_links":{"self":[{"href":"https:\/\/ariste.aeneasroute.org\/tr\/wp-json\/wp\/v2\/pages\/1422","targetHints":{"allow":["GET"]}}],"collection":[{"href":"https:\/\/ariste.aeneasroute.org\/tr\/wp-json\/wp\/v2\/pages"}],"about":[{"href":"https:\/\/ariste.aeneasroute.org\/tr\/wp-json\/wp\/v2\/types\/page"}],"author":[{"embeddable":true,"href":"https:\/\/ariste.aeneasroute.org\/tr\/wp-json\/wp\/v2\/users\/1"}],"replies":[{"embeddable":true,"href":"https:\/\/ariste.aeneasroute.org\/tr\/wp-json\/wp\/v2\/comments?post=1422"}],"version-history":[{"count":14,"href":"https:\/\/ariste.aeneasroute.org\/tr\/wp-json\/wp\/v2\/pages\/1422\/revisions"}],"predecessor-version":[{"id":1618,"href":"https:\/\/ariste.aeneasroute.org\/tr\/wp-json\/wp\/v2\/pages\/1422\/revisions\/1618"}],"wp:attachment":[{"href":"https:\/\/ariste.aeneasroute.org\/tr\/wp-json\/wp\/v2\/media?parent=1422"}],"curies":[{"name":"wp","href":"https:\/\/api.w.org\/{rel}","templated":true}]}}