{"id":1428,"date":"2022-01-20T16:29:59","date_gmt":"2022-01-20T15:29:59","guid":{"rendered":"https:\/\/ariste.aeneasroute.org\/ariste\/?page_id=1428"},"modified":"2022-06-23T16:58:52","modified_gmt":"2022-06-23T14:58:52","slug":"konferans-gosteri-aeneas-benim","status":"publish","type":"page","link":"https:\/\/ariste.aeneasroute.org\/tr\/konferans-gosteri-aeneas-benim\/","title":{"rendered":"Konferans-g\u00f6steri: Aeneas benim"},"content":{"rendered":"\t\t<div data-elementor-type=\"wp-page\" data-elementor-id=\"1428\" class=\"elementor elementor-1428\">\n\t\t\t\t\t\t\t\t\t<section class=\"elementor-section elementor-top-section elementor-element elementor-element-0f4aad4 elementor-section-height-full elementor-section-stretched elementor-section-boxed elementor-section-height-default elementor-section-items-middle\" data-id=\"0f4aad4\" data-element_type=\"section\" data-settings=\"{&quot;stretch_section&quot;:&quot;section-stretched&quot;,&quot;background_background&quot;:&quot;classic&quot;}\">\n\t\t\t\t\t\t<div class=\"elementor-container elementor-column-gap-default\">\n\t\t\t\t\t<div class=\"elementor-column elementor-col-100 elementor-top-column elementor-element elementor-element-9a5c600\" data-id=\"9a5c600\" data-element_type=\"column\">\n\t\t\t<div class=\"elementor-widget-wrap elementor-element-populated\">\n\t\t\t\t\t\t\t\t<div class=\"elementor-element elementor-element-b38a2bf elementor-widget elementor-widget-text-editor\" data-id=\"b38a2bf\" data-element_type=\"widget\" data-widget_type=\"text-editor.default\">\n\t\t\t\t<div class=\"elementor-widget-container\">\n\t\t\t<style>\/*! elementor - v3.7.8 - 02-10-2022 *\/\n.elementor-widget-text-editor.elementor-drop-cap-view-stacked .elementor-drop-cap{background-color:#818a91;color:#fff}.elementor-widget-text-editor.elementor-drop-cap-view-framed .elementor-drop-cap{color:#818a91;border:3px solid;background-color:transparent}.elementor-widget-text-editor:not(.elementor-drop-cap-view-default) .elementor-drop-cap{margin-top:8px}.elementor-widget-text-editor:not(.elementor-drop-cap-view-default) .elementor-drop-cap-letter{width:1em;height:1em}.elementor-widget-text-editor .elementor-drop-cap{float:left;text-align:center;line-height:1;font-size:50px}.elementor-widget-text-editor .elementor-drop-cap-letter{display:inline-block}<\/style>\t\t\t\t<h2><span style=\"color: #ffffff;\">KONFERANS-G\u00d6STERI: AENEAS BENIM<\/span><\/h2>\n<h4 class=\"MsoNormal\" style=\"text-align: justify;\"><span style=\"color: #ffffff;\"><i>Massimo Cimaglia ve Barbara Gizzi kat\u0131l\u0131m\u0131yla yirminci y\u00fczy\u0131l edebiyat\u0131nda Aeneas Efsanesi hakk\u0131nda Konferans veG\u00f6steri<\/i><\/span><\/h4>\t\t\t\t\t\t<\/div>\n\t\t\t\t<\/div>\n\t\t\t\t\t<\/div>\n\t\t<\/div>\n\t\t\t\t\t\t\t<\/div>\n\t\t<\/section>\n\t\t\t\t<section class=\"elementor-section elementor-top-section elementor-element elementor-element-d3e5c3c elementor-section-stretched elementor-section-boxed elementor-section-height-default elementor-section-height-default\" data-id=\"d3e5c3c\" data-element_type=\"section\" data-settings=\"{&quot;stretch_section&quot;:&quot;section-stretched&quot;}\">\n\t\t\t\t\t\t<div class=\"elementor-container elementor-column-gap-wider\">\n\t\t\t\t\t<div class=\"elementor-column elementor-col-100 elementor-top-column elementor-element elementor-element-d6df846\" data-id=\"d6df846\" data-element_type=\"column\">\n\t\t\t<div class=\"elementor-widget-wrap elementor-element-populated\">\n\t\t\t\t\t\t\t\t<section class=\"elementor-section elementor-inner-section elementor-element elementor-element-e098026 elementor-section-boxed elementor-section-height-default elementor-section-height-default\" data-id=\"e098026\" data-element_type=\"section\">\n\t\t\t\t\t\t<div class=\"elementor-container elementor-column-gap-default\">\n\t\t\t\t\t<div class=\"elementor-column elementor-col-100 elementor-inner-column elementor-element elementor-element-9285098\" data-id=\"9285098\" data-element_type=\"column\">\n\t\t\t<div class=\"elementor-widget-wrap elementor-element-populated\">\n\t\t\t\t\t\t\t\t<div class=\"elementor-element elementor-element-55b54ee elementor-widget elementor-widget-text-editor\" data-id=\"55b54ee\" data-element_type=\"widget\" data-widget_type=\"text-editor.default\">\n\t\t\t\t<div class=\"elementor-widget-container\">\n\t\t\t\t\t\t\t<h3><strong>KONFERANS-G\u00d6STERI: AENEAS BENIM<\/strong><\/h3><p>Aeneas fig\u00fcr\u00fcnden ve Vergilius\u2019un \u015fiirinden esinlenen yirminci y\u00fczy\u0131l \u015fiirinin g\u00fczelli\u011fini i\u015fleyen bir konferans ve g\u00f6steri.<\/p><p>Edebiyat\u0131 seven herkes Calvino taraf\u0131ndan klasikler i\u00e7in s\u00f6ylenen \u201cbir klasik, her daim s\u00f6yleyecek bir s\u00f6z\u00fc olan kitapt\u0131r\u201d ifadesini iyi bilir. Bu tan\u0131mlama Aeneas ve Aeneas\u2019\u0131n yirminci y\u00fczy\u0131l edebiyat\u0131ndaki yeri hakk\u0131nda konu\u015fmak i\u00e7in en iyi ifade olsa gerek.<\/p><p>Aeneas klasik bir kahraman de\u011fil, yenen, yenilen, de\u011ferleri bulmay\u0131 ya da yeniden yaratmay\u0131 ba\u015faran bir kahramand\u0131r. O y\u00fczden s\u00f6yleyece\u011fi, ya da Vergilius\u2019un kendisine sufle edece\u011fi s\u00f6z\u00fc hi\u00e7 bitmez. O ger\u00e7ekten evrensel bir mitos, her devirde ve d\u00fcnyan\u0131n her yerinde yeniden yorumlanabilen bir efsanedir.<\/p><p>\u201cAeneas Benim\u201d\u00a0 s\u00f6z\u00fc b\u00fcy\u00fck \u015fair Giorgio Caproni taraf\u0131ndan kullan\u0131lan bir ifadeden t\u00fcremi\u015ftir. Aeneas, ger\u00e7ekten de art\u0131k hi\u00e7 bir \u015feyden emin olmayan yirminci y\u00fczy\u0131l kad\u0131nlar\u0131 ve erkekleri gibi bir vatan, bir kader aray\u0131\u015f\u0131 i\u00e7indedir. Kahraman veya kahraman olmayan Aeneas: \u0130\u015fte bu y\u00fczden Aeneas bizden biridir.<\/p><p><strong>Massimo Cimaglia ve Barbara Gizzi<\/strong>\u2019nin kat\u0131l\u0131m\u0131yla ger\u00e7ekle\u015ftirilen konferans ve g\u00f6steri, Avrupa Konseyi\u2019nin sertifikaland\u0131rd\u0131\u011f\u0131 Aeneas K\u00fclt\u00fcr Rotas\u0131\u2019n\u0131n de\u011ferlerini tan\u0131tmak amac\u0131yla organize edilen <strong>La Crociera dei Valori (De\u011ferlerin Seyri)<\/strong> etkinli\u011fi kapsam\u0131nda, Akdeniz b\u00f6lgesindeki nesiller aras\u0131nda s\u00fcreklili\u011fi, deniz sevgisini, farkl\u0131 k\u00fclt\u00fcrleri ve ortak k\u00f6kleri bir araya getiren bir bulu\u015fma olarak 24 Eyl\u00fcl 2021 tarihinde Sorrento ilindeki San Francesco Manast\u0131r\u0131\u2019n\u0131n avlusunda organize edilmi\u015ftir.<\/p>\t\t\t\t\t\t<\/div>\n\t\t\t\t<\/div>\n\t\t\t\t\t<\/div>\n\t\t<\/div>\n\t\t\t\t\t\t\t<\/div>\n\t\t<\/section>\n\t\t\t\t<section class=\"elementor-section elementor-inner-section elementor-element elementor-element-25360e1 elementor-section-boxed elementor-section-height-default elementor-section-height-default\" data-id=\"25360e1\" data-element_type=\"section\">\n\t\t\t\t\t\t<div class=\"elementor-container elementor-column-gap-default\">\n\t\t\t\t\t<div class=\"elementor-column elementor-col-100 elementor-inner-column elementor-element elementor-element-104566d\" data-id=\"104566d\" data-element_type=\"column\">\n\t\t\t<div class=\"elementor-widget-wrap elementor-element-populated\">\n\t\t\t\t\t\t\t\t<div class=\"elementor-element elementor-element-060b9c7 elementor-widget elementor-widget-text-editor\" data-id=\"060b9c7\" data-element_type=\"widget\" data-widget_type=\"text-editor.default\">\n\t\t\t\t<div class=\"elementor-widget-container\">\n\t\t\t\t\t\t\t<h3><span class=\"themecolor\">Konferans-g\u00f6sterinin k\u0131sa \u00f6zetini g\u00f6rmek i\u00e7in Aeneas benim | Promo <\/span><\/h3>\t\t\t\t\t\t<\/div>\n\t\t\t\t<\/div>\n\t\t\t\t<div class=\"elementor-element elementor-element-c47dfb5 elementor-aspect-ratio-169 elementor-widget elementor-widget-video\" data-id=\"c47dfb5\" data-element_type=\"widget\" data-settings=\"{&quot;video_type&quot;:&quot;hosted&quot;,&quot;show_image_overlay&quot;:&quot;yes&quot;,&quot;image_overlay&quot;:{&quot;url&quot;:&quot;https:\\\/\\\/ariste.aeneasroute.org\\\/ariste\\\/wp-content\\\/uploads\\\/2022\\\/01\\\/Video_Sezione-Explore_Sotto-sezione-Aeneas-Today_Pagina-Enea-sono-Io_Moment.jpg&quot;,&quot;id&quot;:376,&quot;alt&quot;:&quot;&quot;,&quot;source&quot;:&quot;library&quot;},&quot;controls&quot;:&quot;yes&quot;,&quot;aspect_ratio&quot;:&quot;169&quot;}\" data-widget_type=\"video.default\">\n\t\t\t\t<div class=\"elementor-widget-container\">\n\t\t\t<style>\/*! elementor - v3.7.8 - 02-10-2022 *\/\n.elementor-widget-video .elementor-widget-container{overflow:hidden;-webkit-transform:translateZ(0);transform:translateZ(0)}.elementor-widget-video .elementor-open-inline .elementor-custom-embed-image-overlay{position:absolute;top:0;left:0;width:100%;height:100%;background-size:cover;background-position:50%}.elementor-widget-video .elementor-custom-embed-image-overlay{cursor:pointer;text-align:center}.elementor-widget-video .elementor-custom-embed-image-overlay:hover .elementor-custom-embed-play i{opacity:1}.elementor-widget-video .elementor-custom-embed-image-overlay img{display:block;width:100%}.elementor-widget-video .e-hosted-video .elementor-video{-o-object-fit:cover;object-fit:cover}.e-container>.elementor-widget-video{width:var(--container-widget-width,100%)}<\/style>\t\t<div class=\"e-hosted-video elementor-wrapper elementor-fit-aspect-ratio elementor-open-inline\">\n\t\t\t\t\t<video class=\"elementor-video\" src=\"https:\/\/ariste.aeneasroute.org\/ariste\/wp-content\/uploads\/video\/Video_Sezione Explore_Sotto-sezione_AeneasToday_Pagina_Enea_sono_Io.mp4\" controls=\"\" controlsList=\"nodownload\"><\/video>\n\t\t\t\t\t\t<div class=\"elementor-custom-embed-image-overlay\" style=\"background-image: url(https:\/\/ariste.aeneasroute.org\/ariste\/wp-content\/uploads\/2022\/01\/Video_Sezione-Explore_Sotto-sezione-Aeneas-Today_Pagina-Enea-sono-Io_Moment.jpg);\">\n\t\t\t\t\t\t\t\t\t\t\t\t\t\t\t\t<div class=\"elementor-custom-embed-play\" role=\"button\" aria-label=\"Videoyu oynat\" tabindex=\"0\">\n\t\t\t\t\t\t\t<i aria-hidden=\"true\" class=\"eicon-play\"><\/i>\t\t\t\t\t\t\t<span class=\"elementor-screen-only\">Videoyu oynat<\/span>\n\t\t\t\t\t\t<\/div>\n\t\t\t\t\t\t\t\t\t<\/div>\n\t\t\t\t\t<\/div>\n\t\t\t\t<\/div>\n\t\t\t\t<\/div>\n\t\t\t\t\t<\/div>\n\t\t<\/div>\n\t\t\t\t\t\t\t<\/div>\n\t\t<\/section>\n\t\t\t\t\t<\/div>\n\t\t<\/div>\n\t\t\t\t\t\t\t<\/div>\n\t\t<\/section>\n\t\t\t\t\t\t\t<\/div>\n\t\t","protected":false},"excerpt":{"rendered":"<p>KONFERANS-G\u00d6STERI: AENEAS BENIM Massimo Cimaglia ve Barbara Gizzi kat\u0131l\u0131m\u0131yla yirminci y\u00fczy\u0131l edebiyat\u0131nda Aeneas Efsanesi hakk\u0131nda Konferans veG\u00f6steri KONFERANS-G\u00d6STERI: AENEAS BENIM Aeneas fig\u00fcr\u00fcnden ve Vergilius\u2019un \u015fiirinden esinlenen<span class=\"excerpt-hellip\"> [\u2026]<\/span><\/p>\n","protected":false},"author":1,"featured_media":0,"parent":0,"menu_order":0,"comment_status":"closed","ping_status":"closed","template":"","meta":{"footnotes":""},"class_list":["post-1428","page","type-page","status-publish","hentry"],"_links":{"self":[{"href":"https:\/\/ariste.aeneasroute.org\/tr\/wp-json\/wp\/v2\/pages\/1428","targetHints":{"allow":["GET"]}}],"collection":[{"href":"https:\/\/ariste.aeneasroute.org\/tr\/wp-json\/wp\/v2\/pages"}],"about":[{"href":"https:\/\/ariste.aeneasroute.org\/tr\/wp-json\/wp\/v2\/types\/page"}],"author":[{"embeddable":true,"href":"https:\/\/ariste.aeneasroute.org\/tr\/wp-json\/wp\/v2\/users\/1"}],"replies":[{"embeddable":true,"href":"https:\/\/ariste.aeneasroute.org\/tr\/wp-json\/wp\/v2\/comments?post=1428"}],"version-history":[{"count":10,"href":"https:\/\/ariste.aeneasroute.org\/tr\/wp-json\/wp\/v2\/pages\/1428\/revisions"}],"predecessor-version":[{"id":1649,"href":"https:\/\/ariste.aeneasroute.org\/tr\/wp-json\/wp\/v2\/pages\/1428\/revisions\/1649"}],"wp:attachment":[{"href":"https:\/\/ariste.aeneasroute.org\/tr\/wp-json\/wp\/v2\/media?parent=1428"}],"curies":[{"name":"wp","href":"https:\/\/api.w.org\/{rel}","templated":true}]}}