{"id":1435,"date":"2022-01-24T09:53:02","date_gmt":"2022-01-24T08:53:02","guid":{"rendered":"https:\/\/ariste.aeneasroute.org\/ariste\/?page_id=1435"},"modified":"2022-06-23T16:56:41","modified_gmt":"2022-06-23T14:56:41","slug":"aeneas-ile-yolculuk","status":"publish","type":"page","link":"https:\/\/ariste.aeneasroute.org\/tr\/aeneas-ile-yolculuk\/","title":{"rendered":"Aeneas ile yolculuk"},"content":{"rendered":"\t\t<div data-elementor-type=\"wp-page\" data-elementor-id=\"1435\" class=\"elementor elementor-1435\">\n\t\t\t\t\t\t\t\t\t<section class=\"elementor-section elementor-top-section elementor-element elementor-element-0f4aad4 elementor-section-height-full elementor-section-stretched elementor-section-boxed elementor-section-height-default elementor-section-items-middle\" data-id=\"0f4aad4\" data-element_type=\"section\" data-settings=\"{&quot;stretch_section&quot;:&quot;section-stretched&quot;,&quot;background_background&quot;:&quot;classic&quot;}\">\n\t\t\t\t\t\t<div class=\"elementor-container elementor-column-gap-default\">\n\t\t\t\t\t<div class=\"elementor-column elementor-col-100 elementor-top-column elementor-element elementor-element-9a5c600\" data-id=\"9a5c600\" data-element_type=\"column\">\n\t\t\t<div class=\"elementor-widget-wrap elementor-element-populated\">\n\t\t\t\t\t\t\t\t<div class=\"elementor-element elementor-element-b38a2bf elementor-widget elementor-widget-text-editor\" data-id=\"b38a2bf\" data-element_type=\"widget\" data-widget_type=\"text-editor.default\">\n\t\t\t\t<div class=\"elementor-widget-container\">\n\t\t\t<style>\/*! elementor - v3.7.8 - 02-10-2022 *\/\n.elementor-widget-text-editor.elementor-drop-cap-view-stacked .elementor-drop-cap{background-color:#818a91;color:#fff}.elementor-widget-text-editor.elementor-drop-cap-view-framed .elementor-drop-cap{color:#818a91;border:3px solid;background-color:transparent}.elementor-widget-text-editor:not(.elementor-drop-cap-view-default) .elementor-drop-cap{margin-top:8px}.elementor-widget-text-editor:not(.elementor-drop-cap-view-default) .elementor-drop-cap-letter{width:1em;height:1em}.elementor-widget-text-editor .elementor-drop-cap{float:left;text-align:center;line-height:1;font-size:50px}.elementor-widget-text-editor .elementor-drop-cap-letter{display:inline-block}<\/style>\t\t\t\t<h2><span style=\"color: #ffffff;\">Aeneas ile yolculuk<\/span><\/h2>\n<h4 class=\"MsoNormal\" style=\"text-align: justify;\"><span style=\"color: #ffffff;\"><i>De\u011ferlerin Gemi Yolculu\u011fu ve FIRE (ARUF) \u2013 Aeneas Rotas\u0131 Uluslararas\u0131 Festivali; Aeneid destan\u0131nda bahsi ge\u00e7en baz\u0131 sembol yerleri yeniden ke\u015ffetme amac\u0131nda iki etkinlik<\/i><\/span><\/h4>\t\t\t\t\t\t<\/div>\n\t\t\t\t<\/div>\n\t\t\t\t\t<\/div>\n\t\t<\/div>\n\t\t\t\t\t\t\t<\/div>\n\t\t<\/section>\n\t\t\t\t<section class=\"elementor-section elementor-top-section elementor-element elementor-element-d3e5c3c elementor-section-stretched elementor-section-boxed elementor-section-height-default elementor-section-height-default\" data-id=\"d3e5c3c\" data-element_type=\"section\" data-settings=\"{&quot;stretch_section&quot;:&quot;section-stretched&quot;}\">\n\t\t\t\t\t\t<div class=\"elementor-container elementor-column-gap-wider\">\n\t\t\t\t\t<div class=\"elementor-column elementor-col-100 elementor-top-column elementor-element elementor-element-d6df846\" data-id=\"d6df846\" data-element_type=\"column\">\n\t\t\t<div class=\"elementor-widget-wrap elementor-element-populated\">\n\t\t\t\t\t\t\t\t<section class=\"elementor-section elementor-inner-section elementor-element elementor-element-e098026 elementor-section-boxed elementor-section-height-default elementor-section-height-default\" data-id=\"e098026\" data-element_type=\"section\">\n\t\t\t\t\t\t<div class=\"elementor-container elementor-column-gap-default\">\n\t\t\t\t\t<div class=\"elementor-column elementor-col-100 elementor-inner-column elementor-element elementor-element-9285098\" data-id=\"9285098\" data-element_type=\"column\">\n\t\t\t<div class=\"elementor-widget-wrap elementor-element-populated\">\n\t\t\t\t\t\t\t\t<div class=\"elementor-element elementor-element-55b54ee elementor-widget elementor-widget-text-editor\" data-id=\"55b54ee\" data-element_type=\"widget\" data-widget_type=\"text-editor.default\">\n\t\t\t\t<div class=\"elementor-widget-container\">\n\t\t\t\t\t\t\t<h3><strong>DE\u011eERLER\u0130N SEYR\u0130 <\/strong><\/h3><p><strong>De\u011ferlerin Gemi Yolculu\u011fu Aeneas\u2019\u0131n Rotas\u0131 Derne\u011fi<\/strong> taraf\u0131ndan <strong>Lega Navale Italiana (\u0130talyan Gemiciler Birli\u011fi)<\/strong> i\u015fbirli\u011fiyle, <strong>Avrupa Konseyi<\/strong>\u2019nin bu k\u00fclt\u00fcr rotas\u0131n\u0131 sertifikaland\u0131rmas\u0131n\u0131 kutlamak amac\u0131yla \u201cdeniz \u00fczerinde\u201d organize edilen ilk etkinlik oldu.<\/p><p>Gemiyle Cilento\u2019dan Campi Flegrei\u2019ye kadar yap\u0131lan yolculukla, De\u011ferlerin Gemi Yolculu\u011fu etkinli\u011fi Akdeniz\u2019in nesiller, halklar ve k\u00fclt\u00fcrler aras\u0131nda nas\u0131l bir misafirperverlik, deniz ve tabiat sevgisinin bulu\u015fma ve payla\u015f\u0131m noktas\u0131 olmas\u0131 gerekti\u011fini an\u0131msatmak istemi\u015ftir.<\/p><p>Basilicata ve Campania B\u00f6lgeleri Gemiciler Birli\u011fi koordinat\u00f6r\u00fc General Antonio Gagliardo kaptanl\u0131\u011f\u0131nda Campania k\u0131y\u0131lar\u0131 boyunca yelkenliyle yap\u0131lan seyir s\u0131ras\u0131nda Aeneas\u2019\u0131n yolculu\u011funun ba\u015fl\u0131ca etaplar\u0131 tekrar katedilmi\u015f oldu. Bunlar: Aeneas\u2019\u0131n d\u00fcmencisinin \u00f6ld\u00fc\u011f\u00fc <strong>Palinuro<\/strong>; borazanc\u0131 Miseno\u2019nun mezar\u0131n\u0131n bulundu\u011fu <strong>Capo Miseno<\/strong>; Aeneas\u2019\u0131n Sibyl ile konu\u015fup babas\u0131 Ankhises ile \u00f6l\u00fcler diyar\u0131nda bulu\u015fmak \u00fczere Averno g\u00f6l\u00fcnden yeralt\u0131 d\u00fcnyas\u0131na indi\u011fi <strong>Campi Flegrei<\/strong> ile <strong>Cumae<\/strong>.<\/p><p>Bu gemi yolculu\u011fu Vergilius\u2019un anlatt\u0131\u011f\u0131 Truva\u2019dan Latium k\u0131y\u0131lar\u0131na uzanan g\u00fczergah\u0131n tamam\u0131n\u0131 kapsayacak olan 2022 seyrinin \u201cdeneysel\u201d bir \u00f6n yolculu\u011fu oldu denilebilir.<\/p>\t\t\t\t\t\t<\/div>\n\t\t\t\t<\/div>\n\t\t\t\t<div class=\"elementor-element elementor-element-8a1f335 elementor-widget elementor-widget-text-editor\" data-id=\"8a1f335\" data-element_type=\"widget\" data-widget_type=\"text-editor.default\">\n\t\t\t\t<div class=\"elementor-widget-container\">\n\t\t\t\t\t\t\t<h3 class=\"MsoNormal\" style=\"text-align: justify;\"><b>FIRE (ARUF) | AENEAS\u2019IN ROTASI ULUSLARARASI FES\u0130TVAL\u0130<\/b><\/h3><p>Bu \u00f6nemli bulu\u015fma \u00f6ncesinde <strong>FIRE (ARUF)-Aeneas\u2019\u0131n Rotas\u0131 Uluslararas\u0131 Festivali<\/strong>\u2019nin birincisi yap\u0131ld\u0131 ve festivale <strong>Campi Flegrei<\/strong>\u2019deki <strong>Cumae<\/strong>\u2019da bulunan <strong>Cumae Arkeoloji Park\u0131<\/strong> ev sahipli\u011fi yapt\u0131. Festivalde \u00fc\u00e7 g\u00fcn boyunca g\u00f6steriler, m\u00fczik, seminerler, rehber e\u015fli\u011finde ziyaretler ve di\u011fer etkinlikler yer al\u0131rken, \u00e7ok say\u0131da \u0130talyan ve yabanc\u0131 misafir aras\u0131nda <strong>\u0130talya\u2019n\u0131n Yunanistan B\u00fcy\u00fckel\u00e7isi Theodore M. Passas<\/strong> da vard\u0131.<\/p><p>Geleneksel Yunan m\u00fczi\u011fi kon\u00e7ertosundan ba\u015fka, Festivalin zengin program\u0131nda yer alan Cuma Arkeolojik Park\u0131 \u201cgezintisinde\u201d Latin edebiyat\u0131 \u00f6\u011fretim \u00fcyesi Prof. Claudio Buongiovanni ile Lincei Akademisi \u00f6\u011fretim \u00fcyesi ve arkeolog Claudio Rescigno taraf\u0131ndan bir <em>Lectio Magistralis<\/em> (konunun uzmanlar\u0131 taraf\u0131ndan yap\u0131lan konu\u015fma) ger\u00e7ekle\u015ftirildi, daha sonra Slow Food firmas\u0131yla yap\u0131lan i\u015fbirli\u011fi \u00e7er\u00e7evesince konuklara b\u00f6lgenin tipik lezzetleri sunuldu. Son olarak, Siena \u00dcniversitesi\u2019nden Filomena Giannotti ve Alessandro Fo taraf\u0131ndan verilen de\u011ferli katk\u0131yla Aeneid destan\u0131n\u0131nalt\u0131nc\u0131 kitab\u0131ndan esinlenen bir tiyatro oyunu sergilendi.<\/p><p>Bu iki etkinlik Aeneas efsanesini tan\u0131tmak ve turistler taraf\u0131ndan pek bilinmese de harika yerler olan b\u00f6lgeleri yeniden ke\u015ffetmek, b\u00f6ylelikle k\u00fclt\u00fcrel zenginli\u011fimize olan bilinci y\u00fckseltmek i\u00e7in son derece ba\u015far\u0131l\u0131 ve y\u00fcksek kat\u0131l\u0131ml\u0131 bir f\u0131rsat olu\u015fturdu.<\/p>\t\t\t\t\t\t<\/div>\n\t\t\t\t<\/div>\n\t\t\t\t\t<\/div>\n\t\t<\/div>\n\t\t\t\t\t\t\t<\/div>\n\t\t<\/section>\n\t\t\t\t<section class=\"elementor-section elementor-inner-section elementor-element elementor-element-25360e1 elementor-section-boxed elementor-section-height-default elementor-section-height-default\" data-id=\"25360e1\" data-element_type=\"section\">\n\t\t\t\t\t\t<div class=\"elementor-container elementor-column-gap-default\">\n\t\t\t\t\t<div class=\"elementor-column elementor-col-100 elementor-inner-column elementor-element elementor-element-104566d\" data-id=\"104566d\" data-element_type=\"column\">\n\t\t\t<div class=\"elementor-widget-wrap elementor-element-populated\">\n\t\t\t\t\t\t\t\t<div class=\"elementor-element elementor-element-060b9c7 elementor-widget elementor-widget-text-editor\" data-id=\"060b9c7\" data-element_type=\"widget\" data-widget_type=\"text-editor.default\">\n\t\t\t\t<div class=\"elementor-widget-container\">\n\t\t\t\t\t\t\t<h2><span class=\"themecolor\">\u0130ki etkinli\u011fin k\u0131sa \u00f6zetini g\u00f6rmek i\u00e7in: De\u011ferlerin Gemi Yolculu\u011fu ve FIRE (ARUF) \u2013 Aeneas\u2019\u0131n Rotas\u0131 Uluslararas\u0131 Festivali | Promo<\/span><\/h2>\t\t\t\t\t\t<\/div>\n\t\t\t\t<\/div>\n\t\t\t\t<div class=\"elementor-element elementor-element-c47dfb5 elementor-aspect-ratio-169 elementor-widget elementor-widget-video\" data-id=\"c47dfb5\" data-element_type=\"widget\" data-settings=\"{&quot;video_type&quot;:&quot;hosted&quot;,&quot;show_image_overlay&quot;:&quot;yes&quot;,&quot;image_overlay&quot;:{&quot;url&quot;:&quot;https:\\\/\\\/ariste.aeneasroute.org\\\/ariste\\\/wp-content\\\/uploads\\\/2022\\\/01\\\/vlcsnap-2022-01-24-10h01m59s049.png&quot;,&quot;id&quot;:402,&quot;alt&quot;:&quot;&quot;,&quot;source&quot;:&quot;library&quot;},&quot;controls&quot;:&quot;yes&quot;,&quot;aspect_ratio&quot;:&quot;169&quot;}\" data-widget_type=\"video.default\">\n\t\t\t\t<div class=\"elementor-widget-container\">\n\t\t\t<style>\/*! elementor - v3.7.8 - 02-10-2022 *\/\n.elementor-widget-video .elementor-widget-container{overflow:hidden;-webkit-transform:translateZ(0);transform:translateZ(0)}.elementor-widget-video .elementor-open-inline .elementor-custom-embed-image-overlay{position:absolute;top:0;left:0;width:100%;height:100%;background-size:cover;background-position:50%}.elementor-widget-video .elementor-custom-embed-image-overlay{cursor:pointer;text-align:center}.elementor-widget-video .elementor-custom-embed-image-overlay:hover .elementor-custom-embed-play i{opacity:1}.elementor-widget-video .elementor-custom-embed-image-overlay img{display:block;width:100%}.elementor-widget-video .e-hosted-video .elementor-video{-o-object-fit:cover;object-fit:cover}.e-container>.elementor-widget-video{width:var(--container-widget-width,100%)}<\/style>\t\t<div class=\"e-hosted-video elementor-wrapper elementor-fit-aspect-ratio elementor-open-inline\">\n\t\t\t\t\t<video class=\"elementor-video\" src=\"https:\/\/ariste.aeneasroute.org\/ariste\/wp-content\/uploads\/video\/Video_Sezione Explore_Sotto-sezione Aeneas_Today_Pagina_In_viaggio_con_Enea.mp4\" controls=\"\" controlsList=\"nodownload\"><\/video>\n\t\t\t\t\t\t<div class=\"elementor-custom-embed-image-overlay\" style=\"background-image: url(https:\/\/ariste.aeneasroute.org\/ariste\/wp-content\/uploads\/2022\/01\/vlcsnap-2022-01-24-10h01m59s049.png);\">\n\t\t\t\t\t\t\t\t\t\t\t\t\t\t\t\t<div class=\"elementor-custom-embed-play\" role=\"button\" aria-label=\"Videoyu oynat\" tabindex=\"0\">\n\t\t\t\t\t\t\t<i aria-hidden=\"true\" class=\"eicon-play\"><\/i>\t\t\t\t\t\t\t<span class=\"elementor-screen-only\">Videoyu oynat<\/span>\n\t\t\t\t\t\t<\/div>\n\t\t\t\t\t\t\t\t\t<\/div>\n\t\t\t\t\t<\/div>\n\t\t\t\t<\/div>\n\t\t\t\t<\/div>\n\t\t\t\t\t<\/div>\n\t\t<\/div>\n\t\t\t\t\t\t\t<\/div>\n\t\t<\/section>\n\t\t\t\t\t<\/div>\n\t\t<\/div>\n\t\t\t\t\t\t\t<\/div>\n\t\t<\/section>\n\t\t\t\t\t\t\t<\/div>\n\t\t","protected":false},"excerpt":{"rendered":"<p>Aeneas ile yolculuk De\u011ferlerin Gemi Yolculu\u011fu ve FIRE (ARUF) \u2013 Aeneas Rotas\u0131 Uluslararas\u0131 Festivali; Aeneid destan\u0131nda bahsi ge\u00e7en baz\u0131 sembol yerleri yeniden ke\u015ffetme amac\u0131nda iki etkinlik<span class=\"excerpt-hellip\"> [\u2026]<\/span><\/p>\n","protected":false},"author":1,"featured_media":0,"parent":0,"menu_order":0,"comment_status":"closed","ping_status":"closed","template":"","meta":{"footnotes":""},"class_list":["post-1435","page","type-page","status-publish","hentry"],"_links":{"self":[{"href":"https:\/\/ariste.aeneasroute.org\/tr\/wp-json\/wp\/v2\/pages\/1435","targetHints":{"allow":["GET"]}}],"collection":[{"href":"https:\/\/ariste.aeneasroute.org\/tr\/wp-json\/wp\/v2\/pages"}],"about":[{"href":"https:\/\/ariste.aeneasroute.org\/tr\/wp-json\/wp\/v2\/types\/page"}],"author":[{"embeddable":true,"href":"https:\/\/ariste.aeneasroute.org\/tr\/wp-json\/wp\/v2\/users\/1"}],"replies":[{"embeddable":true,"href":"https:\/\/ariste.aeneasroute.org\/tr\/wp-json\/wp\/v2\/comments?post=1435"}],"version-history":[{"count":7,"href":"https:\/\/ariste.aeneasroute.org\/tr\/wp-json\/wp\/v2\/pages\/1435\/revisions"}],"predecessor-version":[{"id":1643,"href":"https:\/\/ariste.aeneasroute.org\/tr\/wp-json\/wp\/v2\/pages\/1435\/revisions\/1643"}],"wp:attachment":[{"href":"https:\/\/ariste.aeneasroute.org\/tr\/wp-json\/wp\/v2\/media?parent=1435"}],"curies":[{"name":"wp","href":"https:\/\/api.w.org\/{rel}","templated":true}]}}