{"id":1441,"date":"2022-01-24T10:07:11","date_gmt":"2022-01-24T09:07:11","guid":{"rendered":"https:\/\/ariste.aeneasroute.org\/ariste\/?page_id=1441"},"modified":"2022-06-23T16:26:03","modified_gmt":"2022-06-23T14:26:03","slug":"aeneasin-rotasi-manifestosu","status":"publish","type":"page","link":"https:\/\/ariste.aeneasroute.org\/tr\/aeneasin-rotasi-manifestosu\/","title":{"rendered":"Aeneas\u2019\u0131n Rotas\u0131 Manifestosu"},"content":{"rendered":"\t\t<div data-elementor-type=\"wp-page\" data-elementor-id=\"1441\" class=\"elementor elementor-1441\">\n\t\t\t\t\t\t\t\t\t<section class=\"elementor-section elementor-top-section elementor-element elementor-element-0f4aad4 elementor-section-height-full elementor-section-stretched elementor-section-boxed elementor-section-height-default elementor-section-items-middle\" data-id=\"0f4aad4\" data-element_type=\"section\" data-settings=\"{&quot;stretch_section&quot;:&quot;section-stretched&quot;,&quot;background_background&quot;:&quot;classic&quot;}\">\n\t\t\t\t\t\t<div class=\"elementor-container elementor-column-gap-default\">\n\t\t\t\t\t<div class=\"elementor-column elementor-col-100 elementor-top-column elementor-element elementor-element-9a5c600\" data-id=\"9a5c600\" data-element_type=\"column\">\n\t\t\t<div class=\"elementor-widget-wrap elementor-element-populated\">\n\t\t\t\t\t\t\t\t<div class=\"elementor-element elementor-element-b38a2bf elementor-widget elementor-widget-text-editor\" data-id=\"b38a2bf\" data-element_type=\"widget\" data-widget_type=\"text-editor.default\">\n\t\t\t\t<div class=\"elementor-widget-container\">\n\t\t\t<style>\/*! elementor - v3.7.8 - 02-10-2022 *\/\n.elementor-widget-text-editor.elementor-drop-cap-view-stacked .elementor-drop-cap{background-color:#818a91;color:#fff}.elementor-widget-text-editor.elementor-drop-cap-view-framed .elementor-drop-cap{color:#818a91;border:3px solid;background-color:transparent}.elementor-widget-text-editor:not(.elementor-drop-cap-view-default) .elementor-drop-cap{margin-top:8px}.elementor-widget-text-editor:not(.elementor-drop-cap-view-default) .elementor-drop-cap-letter{width:1em;height:1em}.elementor-widget-text-editor .elementor-drop-cap{float:left;text-align:center;line-height:1;font-size:50px}.elementor-widget-text-editor .elementor-drop-cap-letter{display:inline-block}<\/style>\t\t\t\t<h2><span style=\"color: #fff;\">AENEAS\u2019IN ROTASI MANIFESTOSU<\/span><\/h2>\n<h4 class=\"MsoNormal\" style=\"text-align: justify;\"><span style=\"color: #fff;\"><i>K\u00fclt\u00fcr Rotas\u0131 De\u011ferlerinin Tan\u0131t\u0131m Kart\u0131<\/i><\/span><\/h4>\t\t\t\t\t\t<\/div>\n\t\t\t\t<\/div>\n\t\t\t\t\t<\/div>\n\t\t<\/div>\n\t\t\t\t\t\t\t<\/div>\n\t\t<\/section>\n\t\t\t\t<section class=\"elementor-section elementor-top-section elementor-element elementor-element-d3e5c3c elementor-section-stretched elementor-section-boxed elementor-section-height-default elementor-section-height-default\" data-id=\"d3e5c3c\" data-element_type=\"section\" data-settings=\"{&quot;stretch_section&quot;:&quot;section-stretched&quot;}\">\n\t\t\t\t\t\t<div class=\"elementor-container elementor-column-gap-wider\">\n\t\t\t\t\t<div class=\"elementor-column elementor-col-100 elementor-top-column elementor-element elementor-element-d6df846\" data-id=\"d6df846\" data-element_type=\"column\">\n\t\t\t<div class=\"elementor-widget-wrap elementor-element-populated\">\n\t\t\t\t\t\t\t\t<section class=\"elementor-section elementor-inner-section elementor-element elementor-element-e098026 elementor-section-boxed elementor-section-height-default elementor-section-height-default\" data-id=\"e098026\" data-element_type=\"section\">\n\t\t\t\t\t\t<div class=\"elementor-container elementor-column-gap-default\">\n\t\t\t\t\t<div class=\"elementor-column elementor-col-100 elementor-inner-column elementor-element elementor-element-9285098\" data-id=\"9285098\" data-element_type=\"column\">\n\t\t\t<div class=\"elementor-widget-wrap elementor-element-populated\">\n\t\t\t\t\t\t\t\t<div class=\"elementor-element elementor-element-55b54ee elementor-widget elementor-widget-text-editor\" data-id=\"55b54ee\" data-element_type=\"widget\" data-widget_type=\"text-editor.default\">\n\t\t\t\t<div class=\"elementor-widget-container\">\n\t\t\t\t\t\t\t<h3><strong>Aeneas s\u00f6zc\u00fckleri:<\/strong><\/h3><p><strong>Aeneas s\u00f6zc\u00fckleri:<\/strong><\/p><p><strong>1 | \u00c7evre<\/strong><\/p><p>Ben Ven\u00fcs\u2019\u00fcn ve \u00e7oban Ankhises\u2019in o\u011fluyum. Beni ormanlar\u0131n tanr\u0131lar\u0131 olan periler b\u00fcy\u00fctt\u00fc. Medeniyetleri besleyen sanatlar asil sanatlard\u0131r. Do\u011fay\u0131 ve onun mucizelerini koruyal\u0131m.<\/p><p><strong>2 | \u015eehir<\/strong><\/p><p>Ben \u015fehrime hayran\u0131m; , tanr\u0131lar ve halklar\u0131 taraf\u0131ndan sevilen \u015fehrime.<\/p><p><strong>3 | S\u00fcrg\u00fcn<\/strong><\/p><p>D\u00fcnya beni s\u00fcrg\u00fcn etti. \u015eehrim y\u0131k\u0131ld\u0131. \u015eimdi gitme zaman\u0131, hadi yola \u00e7\u0131kal\u0131m.<\/p><p><strong>4 | Yolculuk<\/strong><\/p><p>Yeni bir \u015fehir aray\u0131\u015f\u0131 i\u00e7in yap\u0131lan yolculuk belirsiz. \u0130da Da\u011f\u0131\u2019n\u0131n kutsal a\u011fa\u00e7lar\u0131ndan yap\u0131lan gemilerle seyir halindeyiz.<\/p><p><strong>5 | Su ve Deniz<\/strong><\/p><p>Bizi denize tanr\u0131lar itti. Bilgi ve cesaret dayana\u011f\u0131m\u0131z olacak. Yolculu\u011fumuzu ve var\u0131\u015f noktam\u0131z\u0131 su belirledi.<\/p><p><strong>6 | Kar\u015f\u0131la\u015fma<\/strong><\/p><p>\u00c7ok insanlarla kar\u015f\u0131la\u015ft\u0131m: beni a\u011f\u0131rlayanlar, tan\u0131d\u0131klar\u0131m, yard\u0131m ettiklerim.<\/p><p><strong>7 | Sanatlar ve Oyunlar<\/strong><\/p><p>G\u00fczelli\u011fe \u015fekil veren sanatlar ne ho\u015ftur. Oyunlarla da bar\u0131\u015f\u0131 ve sevgiyi kutlar\u0131z.<\/p><p><strong>8 | Gelecek<\/strong><\/p><p>Evlatlar\u0131m\u0131z\u0131 bar\u0131\u015f i\u00e7inde refaha kavu\u015fturacak ve y\u00fcceltecek \u015fehirler kuruyoruz.<\/p><p><strong>9 | Uzla\u015fma<\/strong><\/p><p>Tanr\u0131lar bizi sava\u015fa itti. Dostlar ve d\u00fc\u015fmanlar ac\u0131y\u0131 ve ihtiya\u00e7lar\u0131 payla\u015f\u0131rken karde\u015f olurlar.<\/p><p><strong>10 | Aile ve ev<\/strong><\/p><p>Yolculu\u011fumuzda ailemiz ve Palladium bizimle beraber. \u015eehrin kutsal ate\u015fini ve yuvan\u0131n koruyucusu sevgilerin bek\u00e7ili\u011fini yap\u0131yoruz.<\/p>\t\t\t\t\t\t<\/div>\n\t\t\t\t<\/div>\n\t\t\t\t\t<\/div>\n\t\t<\/div>\n\t\t\t\t\t\t\t<\/div>\n\t\t<\/section>\n\t\t\t\t<section class=\"elementor-section elementor-inner-section elementor-element elementor-element-25360e1 elementor-section-boxed elementor-section-height-default elementor-section-height-default\" data-id=\"25360e1\" data-element_type=\"section\">\n\t\t\t\t\t\t<div class=\"elementor-container elementor-column-gap-default\">\n\t\t\t\t\t<div class=\"elementor-column elementor-col-100 elementor-inner-column elementor-element elementor-element-104566d\" data-id=\"104566d\" data-element_type=\"column\">\n\t\t\t<div class=\"elementor-widget-wrap elementor-element-populated\">\n\t\t\t\t\t\t\t\t<div class=\"elementor-element elementor-element-060b9c7 elementor-widget elementor-widget-text-editor\" data-id=\"060b9c7\" data-element_type=\"widget\" data-widget_type=\"text-editor.default\">\n\t\t\t\t<div class=\"elementor-widget-container\">\n\t\t\t\t\t\t\t<h2><span class=\"themecolor\">Video<\/span><\/h2>\t\t\t\t\t\t<\/div>\n\t\t\t\t<\/div>\n\t\t\t\t<div class=\"elementor-element elementor-element-c47dfb5 elementor-aspect-ratio-169 elementor-widget elementor-widget-video\" data-id=\"c47dfb5\" data-element_type=\"widget\" data-settings=\"{&quot;video_type&quot;:&quot;hosted&quot;,&quot;show_image_overlay&quot;:&quot;yes&quot;,&quot;image_overlay&quot;:{&quot;url&quot;:&quot;https:\\\/\\\/ariste.aeneasroute.org\\\/ariste\\\/wp-content\\\/uploads\\\/2022\\\/01\\\/vlcsnap-2022-01-24-10h13m11s613.png&quot;,&quot;id&quot;:410,&quot;alt&quot;:&quot;&quot;,&quot;source&quot;:&quot;library&quot;},&quot;controls&quot;:&quot;yes&quot;,&quot;aspect_ratio&quot;:&quot;169&quot;}\" data-widget_type=\"video.default\">\n\t\t\t\t<div class=\"elementor-widget-container\">\n\t\t\t<style>\/*! elementor - v3.7.8 - 02-10-2022 *\/\n.elementor-widget-video .elementor-widget-container{overflow:hidden;-webkit-transform:translateZ(0);transform:translateZ(0)}.elementor-widget-video .elementor-open-inline .elementor-custom-embed-image-overlay{position:absolute;top:0;left:0;width:100%;height:100%;background-size:cover;background-position:50%}.elementor-widget-video .elementor-custom-embed-image-overlay{cursor:pointer;text-align:center}.elementor-widget-video .elementor-custom-embed-image-overlay:hover .elementor-custom-embed-play i{opacity:1}.elementor-widget-video .elementor-custom-embed-image-overlay img{display:block;width:100%}.elementor-widget-video .e-hosted-video .elementor-video{-o-object-fit:cover;object-fit:cover}.e-container>.elementor-widget-video{width:var(--container-widget-width,100%)}<\/style>\t\t<div class=\"e-hosted-video elementor-wrapper elementor-fit-aspect-ratio elementor-open-inline\">\n\t\t\t\t\t<video class=\"elementor-video\" src=\"https:\/\/ariste.aeneasroute.org\/ariste\/wp-content\/uploads\/video\/Video_Sezione Explore_Manifesto_della_Rotta_Enea.mp4\" controls=\"\" controlsList=\"nodownload\"><\/video>\n\t\t\t\t\t\t<div class=\"elementor-custom-embed-image-overlay\" style=\"background-image: url(https:\/\/ariste.aeneasroute.org\/ariste\/wp-content\/uploads\/2022\/01\/vlcsnap-2022-01-24-10h13m11s613.png);\">\n\t\t\t\t\t\t\t\t\t\t\t\t\t\t\t\t<div class=\"elementor-custom-embed-play\" role=\"button\" aria-label=\"Videoyu oynat\" tabindex=\"0\">\n\t\t\t\t\t\t\t<i aria-hidden=\"true\" class=\"eicon-play\"><\/i>\t\t\t\t\t\t\t<span class=\"elementor-screen-only\">Videoyu oynat<\/span>\n\t\t\t\t\t\t<\/div>\n\t\t\t\t\t\t\t\t\t<\/div>\n\t\t\t\t\t<\/div>\n\t\t\t\t<\/div>\n\t\t\t\t<\/div>\n\t\t\t\t\t<\/div>\n\t\t<\/div>\n\t\t\t\t\t\t\t<\/div>\n\t\t<\/section>\n\t\t\t\t\t<\/div>\n\t\t<\/div>\n\t\t\t\t\t\t\t<\/div>\n\t\t<\/section>\n\t\t\t\t\t\t\t<\/div>\n\t\t","protected":false},"excerpt":{"rendered":"<p>AENEAS\u2019IN ROTASI MANIFESTOSU K\u00fclt\u00fcr Rotas\u0131 De\u011ferlerinin Tan\u0131t\u0131m Kart\u0131 Aeneas s\u00f6zc\u00fckleri: Aeneas s\u00f6zc\u00fckleri: 1 | \u00c7evre Ben Ven\u00fcs\u2019\u00fcn ve \u00e7oban Ankhises\u2019in o\u011fluyum. Beni ormanlar\u0131n tanr\u0131lar\u0131 olan periler<span class=\"excerpt-hellip\"> [\u2026]<\/span><\/p>\n","protected":false},"author":1,"featured_media":0,"parent":0,"menu_order":0,"comment_status":"closed","ping_status":"closed","template":"","meta":{"footnotes":""},"class_list":["post-1441","page","type-page","status-publish","hentry"],"_links":{"self":[{"href":"https:\/\/ariste.aeneasroute.org\/tr\/wp-json\/wp\/v2\/pages\/1441","targetHints":{"allow":["GET"]}}],"collection":[{"href":"https:\/\/ariste.aeneasroute.org\/tr\/wp-json\/wp\/v2\/pages"}],"about":[{"href":"https:\/\/ariste.aeneasroute.org\/tr\/wp-json\/wp\/v2\/types\/page"}],"author":[{"embeddable":true,"href":"https:\/\/ariste.aeneasroute.org\/tr\/wp-json\/wp\/v2\/users\/1"}],"replies":[{"embeddable":true,"href":"https:\/\/ariste.aeneasroute.org\/tr\/wp-json\/wp\/v2\/comments?post=1441"}],"version-history":[{"count":7,"href":"https:\/\/ariste.aeneasroute.org\/tr\/wp-json\/wp\/v2\/pages\/1441\/revisions"}],"predecessor-version":[{"id":1622,"href":"https:\/\/ariste.aeneasroute.org\/tr\/wp-json\/wp\/v2\/pages\/1441\/revisions\/1622"}],"wp:attachment":[{"href":"https:\/\/ariste.aeneasroute.org\/tr\/wp-json\/wp\/v2\/media?parent=1441"}],"curies":[{"name":"wp","href":"https:\/\/api.w.org\/{rel}","templated":true}]}}