{"id":1448,"date":"2022-04-05T11:49:41","date_gmt":"2022-04-05T09:49:41","guid":{"rendered":"https:\/\/ariste.aeneasroute.org\/ariste\/?page_id=1448"},"modified":"2022-06-23T16:34:39","modified_gmt":"2022-06-23T14:34:39","slug":"sicilyada-bir-macera","status":"publish","type":"page","link":"https:\/\/ariste.aeneasroute.org\/tr\/sicilyada-bir-macera\/","title":{"rendered":"Sicilya\u2019da bir macera"},"content":{"rendered":"\t\t<div data-elementor-type=\"wp-page\" data-elementor-id=\"1448\" class=\"elementor elementor-1448\">\n\t\t\t\t\t\t\t\t\t<section class=\"elementor-section elementor-top-section elementor-element elementor-element-0f4aad4 elementor-section-height-full elementor-section-stretched elementor-section-boxed elementor-section-height-default elementor-section-items-middle\" data-id=\"0f4aad4\" data-element_type=\"section\" data-settings=\"{&quot;stretch_section&quot;:&quot;section-stretched&quot;,&quot;background_background&quot;:&quot;classic&quot;}\">\n\t\t\t\t\t\t<div class=\"elementor-container elementor-column-gap-default\">\n\t\t\t\t\t<div class=\"elementor-column elementor-col-100 elementor-top-column elementor-element elementor-element-9a5c600\" data-id=\"9a5c600\" data-element_type=\"column\">\n\t\t\t<div class=\"elementor-widget-wrap elementor-element-populated\">\n\t\t\t\t\t\t\t\t<div class=\"elementor-element elementor-element-b38a2bf elementor-widget elementor-widget-text-editor\" data-id=\"b38a2bf\" data-element_type=\"widget\" data-widget_type=\"text-editor.default\">\n\t\t\t\t<div class=\"elementor-widget-container\">\n\t\t\t<style>\/*! elementor - v3.7.8 - 02-10-2022 *\/\n.elementor-widget-text-editor.elementor-drop-cap-view-stacked .elementor-drop-cap{background-color:#818a91;color:#fff}.elementor-widget-text-editor.elementor-drop-cap-view-framed .elementor-drop-cap{color:#818a91;border:3px solid;background-color:transparent}.elementor-widget-text-editor:not(.elementor-drop-cap-view-default) .elementor-drop-cap{margin-top:8px}.elementor-widget-text-editor:not(.elementor-drop-cap-view-default) .elementor-drop-cap-letter{width:1em;height:1em}.elementor-widget-text-editor .elementor-drop-cap{float:left;text-align:center;line-height:1;font-size:50px}.elementor-widget-text-editor .elementor-drop-cap-letter{display:inline-block}<\/style>\t\t\t\t<h2><span style=\"color: #ffffff;\">S\u0130CI\u0130LYA\u2019DA B\u0130R MACERA<\/span><\/h2>\n<h4 class=\"MsoNormal\" style=\"text-align: justify;\"><span style=\"color: #ffffff;\"><i>Bar\u0131\u015f ve Ho\u015fg\u00f6r\u00fc<\/i><\/span><\/h4>\t\t\t\t\t\t<\/div>\n\t\t\t\t<\/div>\n\t\t\t\t\t<\/div>\n\t\t<\/div>\n\t\t\t\t\t\t\t<\/div>\n\t\t<\/section>\n\t\t\t\t<section class=\"elementor-section elementor-top-section elementor-element elementor-element-d3e5c3c elementor-section-stretched elementor-section-boxed elementor-section-height-default elementor-section-height-default\" data-id=\"d3e5c3c\" data-element_type=\"section\" data-settings=\"{&quot;stretch_section&quot;:&quot;section-stretched&quot;}\">\n\t\t\t\t\t\t<div class=\"elementor-container elementor-column-gap-wider\">\n\t\t\t\t\t<div class=\"elementor-column elementor-col-100 elementor-top-column elementor-element elementor-element-d6df846\" data-id=\"d6df846\" data-element_type=\"column\">\n\t\t\t<div class=\"elementor-widget-wrap elementor-element-populated\">\n\t\t\t\t\t\t\t\t<section class=\"elementor-section elementor-inner-section elementor-element elementor-element-e098026 elementor-section-boxed elementor-section-height-default elementor-section-height-default\" data-id=\"e098026\" data-element_type=\"section\">\n\t\t\t\t\t\t<div class=\"elementor-container elementor-column-gap-default\">\n\t\t\t\t\t<div class=\"elementor-column elementor-col-100 elementor-inner-column elementor-element elementor-element-9285098\" data-id=\"9285098\" data-element_type=\"column\">\n\t\t\t<div class=\"elementor-widget-wrap elementor-element-populated\">\n\t\t\t\t\t\t\t\t<div class=\"elementor-element elementor-element-55b54ee elementor-widget elementor-widget-text-editor\" data-id=\"55b54ee\" data-element_type=\"widget\" data-widget_type=\"text-editor.default\">\n\t\t\t\t<div class=\"elementor-widget-container\">\n\t\t\t\t\t\t\t<h3><strong>S\u0130CI\u0130LYA\u2019DA B\u0130R MACERA<\/strong><\/h3><p>Aeneid\u2019in ikinci kitab\u0131nda, <strong>Aeneas\u2019\u0131n Truval\u0131lar\u0131n h\u00fcz\u00fcnl\u00fc sonunu Dido\u2019ya anlatmas\u0131yla<\/strong> ilgili k\u0131sm\u0131 yazarken, Vergilius, Ankhises\u2019in o\u011flunun \u015fehir alevler i\u00e7indeyken veya ya\u015fl\u0131-gen\u00e7 demeden insanlar k\u0131l\u0131\u00e7tan ge\u00e7irilirken duydu\u011fu <strong>\u00f6fkeyi ve \u00fcmitsizli\u011fi<\/strong> Aeneas\u2019\u0131n kendi a\u011fz\u0131ndan betimlemektedir. <strong>Aeneas <\/strong>o anda m\u00fcmk\u00fcn oldu\u011funca \u00e7ok d\u00fc\u015fman \u00f6ld\u00fcrerek intikam almak istemekte ve kendisi de \u00f6l\u00fcm\u00fc aramaktad\u0131r. Ona gelecek i\u00e7in bir umut vaad eden kar\u0131s\u0131 Creusa olacakt\u0131r. O gece anlat\u0131l\u0131rken Yunanl\u0131lara kar\u015f\u0131 duyulan kinin ve intikam arzusunun tohumlar\u0131 at\u0131lmaktad\u0131r.<\/p><p>Aeneas\u2019\u0131n uzun g\u00f6\u00e7 yolculu\u011fu s\u0131ras\u0131nda d\u00fc\u015fman, yani bir Yunanl\u0131 tekrar yoluna \u00e7\u0131kar. Bu, Yunanl\u0131lar\u0131n en ac\u0131mas\u0131z\u0131 olan <strong>Ulysses<\/strong>\u2019in yolda\u015f\u0131 \u0130taka\u2019l\u0131 <strong>Akhemenides\u2019tir<\/strong>. Truval\u0131lar karaya Sicilya adas\u0131ndaki Etna da\u011f\u0131 eteklerinde ayak basar (III Kitap, 564 ve izleyen b\u00f6l\u00fcmler). Ulysses\u2019te oradan ge\u00e7mi\u015ftir (Odysseia IX Kitap). Kurnazl\u0131\u011f\u0131zya Pseidon\u2019un o\u011flu dev <strong>Polifemus<\/strong>\u2019u k\u00f6r etmeyi ba\u015farm\u0131\u015f, arkada\u015flar\u0131yla kapat\u0131ld\u0131klar\u0131 ma\u011faradan \u00e7\u0131karak deniz yoluyla ka\u00e7abilmi\u015flerdir. Ama k\u0131y\u0131ya en son ula\u015fabilen Akhemenides arkada\u015flar\u0131yla birlikte kendini gemiye atmay\u0131 ba\u015faramam\u0131\u015f ve uzun s\u00fcre Etna Da\u011f\u0131 eteklerindeki ormanlarda ya\u015fam\u0131\u015ft\u0131r. \u00dcst\u00fc ba\u015f\u0131 parampar\u00e7a, yorgun ve zay\u0131f durumdad\u0131r. Aeneas ve arkada\u015flar\u0131 i\u00e7in Truva\u2019n\u0131n yak\u0131lmas\u0131n\u0131n \u00f6c\u00fcn\u00fc almak i\u00e7in bundan daha g\u00fczel bir f\u0131rsat var m\u0131d\u0131r?<\/p><p><img loading=\"lazy\" decoding=\"async\" class=\"alignnone wp-image-494 size-large\" src=\"https:\/\/ariste.aeneasroute.org\/ariste\/wp-content\/uploads\/2022\/04\/Pagina-Unavventura-in-Sicilia_Immagine-1-1024x576.jpg\" alt=\"\" width=\"1024\" height=\"576\" srcset=\"https:\/\/ariste.aeneasroute.org\/ariste\/wp-content\/uploads\/2022\/04\/Pagina-Unavventura-in-Sicilia_Immagine-1-1024x576.jpg 1024w, https:\/\/ariste.aeneasroute.org\/ariste\/wp-content\/uploads\/2022\/04\/Pagina-Unavventura-in-Sicilia_Immagine-1-300x169.jpg 300w, https:\/\/ariste.aeneasroute.org\/ariste\/wp-content\/uploads\/2022\/04\/Pagina-Unavventura-in-Sicilia_Immagine-1-768x432.jpg 768w, https:\/\/ariste.aeneasroute.org\/ariste\/wp-content\/uploads\/2022\/04\/Pagina-Unavventura-in-Sicilia_Immagine-1-1536x864.jpg 1536w, https:\/\/ariste.aeneasroute.org\/ariste\/wp-content\/uploads\/2022\/04\/Pagina-Unavventura-in-Sicilia_Immagine-1-260x146.jpg 260w, https:\/\/ariste.aeneasroute.org\/ariste\/wp-content\/uploads\/2022\/04\/Pagina-Unavventura-in-Sicilia_Immagine-1-50x28.jpg 50w, https:\/\/ariste.aeneasroute.org\/ariste\/wp-content\/uploads\/2022\/04\/Pagina-Unavventura-in-Sicilia_Immagine-1-133x75.jpg 133w, https:\/\/ariste.aeneasroute.org\/ariste\/wp-content\/uploads\/2022\/04\/Pagina-Unavventura-in-Sicilia_Immagine-1-1200x675.jpg 1200w, https:\/\/ariste.aeneasroute.org\/ariste\/wp-content\/uploads\/2022\/04\/Pagina-Unavventura-in-Sicilia_Immagine-1.jpg 1920w\" sizes=\"auto, (max-width: 1024px) 100vw, 1024px\" \/><\/p><p>\u00a9 Unsplash\u2019tan Carla Vinci foto\u011fraf\u0131<\/p><p>Ama Truval\u0131lar onu bir d\u00fc\u015fman gibi de\u011fil, <strong>gurbetteki yorgun ve bitkin bir adam<\/strong> olarak g\u00f6r\u00fcrler.<\/p><p>Aeneas\u2019\u0131n babas\u0131 ya\u015fl\u0131 <strong>Ankhises<\/strong> Akhemenides\u2019in tahmin etmeyece\u011fi bir davran\u0131\u015fta bulunur<strong>. Elini uzatarak<\/strong> Ulysses\u2019in arkada\u015f\u0131n\u0131n aya\u011fa kalkmas\u0131na yard\u0131m eder.<\/p><p>\u201cbabas\u0131 Ankhises hi\u00e7 teredd\u00fct etmeden elini gence uzatt\u0131 ve bu bar\u0131\u015f i\u015fareti ile onu ba\u011fr\u0131na bast\u0131.\u201d (III Kitap, 610-611).<\/p><p>Akhemenides kendi hik\u00e2yesini anlat\u0131rken itirafta bulunur. Truval\u0131lar ise ortak bir ac\u0131y\u0131 payla\u015fanlarda oldu\u011fu gibi insanl\u0131k hissi intikam hissine a\u011f\u0131r basar.<\/p><p>Ama tam bar\u0131\u015f hamlesi tamamlan\u0131rken, da\u011fdan Polifemos\u2019un a\u015fa\u011f\u0131 sahile do\u011fru indi\u011fi g\u00f6r\u00fcl\u00fcr. Yeni bir \u00f6l\u00fcm tehlikesi do\u011fmu\u015ftur ve ka\u00e7mak laz\u0131md\u0131r.<\/p><p>\u201cBize yakaran g\u00f6zlerle bakan bu adam\u0131 da aram\u0131za al\u0131p, korkudan titreyerek ka\u00e7t\u0131k ve sessizce palamar\u0131 kestik; denize ula\u015f\u0131nca da b\u00fct\u00fcn g\u00fcc\u00fcm\u00fcz\u00fc k\u00fcreklere verdik.\u201d (III. Kitap, 366-368).<\/p><p>\u00a9 Kapak resmi: Unsplash\u2019ta Giuseppe Famiani foto\u011fraf\u0131<\/p>\t\t\t\t\t\t<\/div>\n\t\t\t\t<\/div>\n\t\t\t\t\t<\/div>\n\t\t<\/div>\n\t\t\t\t\t\t\t<\/div>\n\t\t<\/section>\n\t\t\t\t\t<\/div>\n\t\t<\/div>\n\t\t\t\t\t\t\t<\/div>\n\t\t<\/section>\n\t\t\t\t\t\t\t<\/div>\n\t\t","protected":false},"excerpt":{"rendered":"<p>S\u0130CI\u0130LYA\u2019DA B\u0130R MACERA Bar\u0131\u015f ve Ho\u015fg\u00f6r\u00fc S\u0130CI\u0130LYA\u2019DA B\u0130R MACERA Aeneid\u2019in ikinci kitab\u0131nda, Aeneas\u2019\u0131n Truval\u0131lar\u0131n h\u00fcz\u00fcnl\u00fc sonunu Dido\u2019ya anlatmas\u0131yla ilgili k\u0131sm\u0131 yazarken, Vergilius, Ankhises\u2019in o\u011flunun \u015fehir alevler<span class=\"excerpt-hellip\"> [\u2026]<\/span><\/p>\n","protected":false},"author":1,"featured_media":0,"parent":0,"menu_order":0,"comment_status":"closed","ping_status":"closed","template":"","meta":{"footnotes":""},"class_list":["post-1448","page","type-page","status-publish","hentry"],"_links":{"self":[{"href":"https:\/\/ariste.aeneasroute.org\/tr\/wp-json\/wp\/v2\/pages\/1448","targetHints":{"allow":["GET"]}}],"collection":[{"href":"https:\/\/ariste.aeneasroute.org\/tr\/wp-json\/wp\/v2\/pages"}],"about":[{"href":"https:\/\/ariste.aeneasroute.org\/tr\/wp-json\/wp\/v2\/types\/page"}],"author":[{"embeddable":true,"href":"https:\/\/ariste.aeneasroute.org\/tr\/wp-json\/wp\/v2\/users\/1"}],"replies":[{"embeddable":true,"href":"https:\/\/ariste.aeneasroute.org\/tr\/wp-json\/wp\/v2\/comments?post=1448"}],"version-history":[{"count":10,"href":"https:\/\/ariste.aeneasroute.org\/tr\/wp-json\/wp\/v2\/pages\/1448\/revisions"}],"predecessor-version":[{"id":1625,"href":"https:\/\/ariste.aeneasroute.org\/tr\/wp-json\/wp\/v2\/pages\/1448\/revisions\/1625"}],"wp:attachment":[{"href":"https:\/\/ariste.aeneasroute.org\/tr\/wp-json\/wp\/v2\/media?parent=1448"}],"curies":[{"name":"wp","href":"https:\/\/api.w.org\/{rel}","templated":true}]}}