{"id":1455,"date":"2022-04-05T11:58:17","date_gmt":"2022-04-05T09:58:17","guid":{"rendered":"https:\/\/ariste.aeneasroute.org\/ariste\/?page_id=1455"},"modified":"2022-06-23T16:44:13","modified_gmt":"2022-06-23T14:44:13","slug":"degisken-duygular","status":"publish","type":"page","link":"https:\/\/ariste.aeneasroute.org\/tr\/degisken-duygular\/","title":{"rendered":"De\u011fi\u015fken Duygular"},"content":{"rendered":"\t\t<div data-elementor-type=\"wp-page\" data-elementor-id=\"1455\" class=\"elementor elementor-1455\">\n\t\t\t\t\t\t\t\t\t<section class=\"elementor-section elementor-top-section elementor-element elementor-element-0f4aad4 elementor-section-height-full elementor-section-stretched elementor-section-boxed elementor-section-height-default elementor-section-items-middle\" data-id=\"0f4aad4\" data-element_type=\"section\" data-settings=\"{&quot;stretch_section&quot;:&quot;section-stretched&quot;,&quot;background_background&quot;:&quot;classic&quot;}\">\n\t\t\t\t\t\t<div class=\"elementor-container elementor-column-gap-default\">\n\t\t\t\t\t<div class=\"elementor-column elementor-col-100 elementor-top-column elementor-element elementor-element-9a5c600\" data-id=\"9a5c600\" data-element_type=\"column\">\n\t\t\t<div class=\"elementor-widget-wrap elementor-element-populated\">\n\t\t\t\t\t\t\t\t<div class=\"elementor-element elementor-element-b38a2bf elementor-widget elementor-widget-text-editor\" data-id=\"b38a2bf\" data-element_type=\"widget\" data-widget_type=\"text-editor.default\">\n\t\t\t\t<div class=\"elementor-widget-container\">\n\t\t\t<style>\/*! elementor - v3.7.8 - 02-10-2022 *\/\n.elementor-widget-text-editor.elementor-drop-cap-view-stacked .elementor-drop-cap{background-color:#818a91;color:#fff}.elementor-widget-text-editor.elementor-drop-cap-view-framed .elementor-drop-cap{color:#818a91;border:3px solid;background-color:transparent}.elementor-widget-text-editor:not(.elementor-drop-cap-view-default) .elementor-drop-cap{margin-top:8px}.elementor-widget-text-editor:not(.elementor-drop-cap-view-default) .elementor-drop-cap-letter{width:1em;height:1em}.elementor-widget-text-editor .elementor-drop-cap{float:left;text-align:center;line-height:1;font-size:50px}.elementor-widget-text-editor .elementor-drop-cap-letter{display:inline-block}<\/style>\t\t\t\t<h2><span style=\"color: #ffffff;\">DE\u011e\u0130\u015eKEN DUYGULAR<\/span><\/h2>\n<h4 class=\"MsoNormal\" style=\"text-align: justify;\"><span style=\"color: #ffffff;\"><i>Aeneas: sava\u015f, aile, \u00f6fke ve \u00fcmit<\/i><\/span><\/h4>\t\t\t\t\t\t<\/div>\n\t\t\t\t<\/div>\n\t\t\t\t\t<\/div>\n\t\t<\/div>\n\t\t\t\t\t\t\t<\/div>\n\t\t<\/section>\n\t\t\t\t<section class=\"elementor-section elementor-top-section elementor-element elementor-element-d3e5c3c elementor-section-stretched elementor-section-boxed elementor-section-height-default elementor-section-height-default\" data-id=\"d3e5c3c\" data-element_type=\"section\" data-settings=\"{&quot;stretch_section&quot;:&quot;section-stretched&quot;}\">\n\t\t\t\t\t\t<div class=\"elementor-container elementor-column-gap-wider\">\n\t\t\t\t\t<div class=\"elementor-column elementor-col-100 elementor-top-column elementor-element elementor-element-d6df846\" data-id=\"d6df846\" data-element_type=\"column\">\n\t\t\t<div class=\"elementor-widget-wrap elementor-element-populated\">\n\t\t\t\t\t\t\t\t<section class=\"elementor-section elementor-inner-section elementor-element elementor-element-e098026 elementor-section-boxed elementor-section-height-default elementor-section-height-default\" data-id=\"e098026\" data-element_type=\"section\">\n\t\t\t\t\t\t<div class=\"elementor-container elementor-column-gap-default\">\n\t\t\t\t\t<div class=\"elementor-column elementor-col-100 elementor-inner-column elementor-element elementor-element-9285098\" data-id=\"9285098\" data-element_type=\"column\">\n\t\t\t<div class=\"elementor-widget-wrap elementor-element-populated\">\n\t\t\t\t\t\t\t\t<div class=\"elementor-element elementor-element-55b54ee elementor-widget elementor-widget-text-editor\" data-id=\"55b54ee\" data-element_type=\"widget\" data-widget_type=\"text-editor.default\">\n\t\t\t\t<div class=\"elementor-widget-container\">\n\t\t\t\t\t\t\t<h3><strong>DE\u011e\u0130\u015eKEN DUYGULAR<\/strong><\/h3><p>Truva kenti\u2019nin imha edilmesinden sonra Truval\u0131lara yeni bir vatan bulmak i\u00e7in uzun g\u00f6\u00e7 yolculu\u011fuyla ba\u015flayan <strong>Aeneas<\/strong> Maceras\u0131, Aeneid Destan\u0131 kahraman\u0131n\u0131n bir yanda <strong>ailesine olan sadakatini<\/strong>, di\u011fer yanda da birbiriyle \u00e7arp\u0131\u015fan tutkular\u0131 ve duygular\u0131n\u0131n y\u00f6n verdi\u011fi bir mecraya giriyor. <strong>Vergilius bu duygu karma\u015fas\u0131n\u0131 ikinci kitab\u0131nda<\/strong> okuyucuya aktar\u0131rken, Truva filosunun f\u0131rt\u0131nada batmas\u0131 sonras\u0131nda Aeneas, Kartaca Krall\u0131\u011f\u0131\u2019nda misafir edildi\u011fi s\u0131rada, \u015fehrinin y\u0131k\u0131l\u0131\u015f\u0131n\u0131 ve son gece ba\u015f\u0131ndan ge\u00e7en olaylar\u0131n deh\u015fetini Dido\u2019ya anlat\u0131rken kulland\u0131\u011f\u0131 ifadelere yer veriyor.<\/p><p>Aeneas, <strong>Akhilleus\u2019un <\/strong><strong>o\u011flu olan<\/strong> ama babas\u0131ndan daha zalim ve de\u011fersiz birisi olan <strong>Pyrrhus<\/strong> taraf\u0131ndan <strong>Priamos<\/strong>\u2019un o\u011fullar\u0131ndan <strong>Polydor<\/strong>\u2019un babas\u0131n\u0131n g\u00f6zleri \u00f6n\u00fcnde katledili\u015fini hen\u00fcz g\u00f6rm\u00fc\u015ft\u00fcr. Priamos bunun \u00fczerine umutlar\u0131n\u0131 yitirir ve kendisi de Pyrrhus taraf\u0131ndan \u00f6ld\u00fcr\u00fclmeyi bekler.<\/p><p>Sava\u015f\u0131n ve nefretin yaratt\u0131\u011f\u0131 deh\u015fet ile ya\u015fl\u0131 Priamos\u2019un ve gen\u00e7 o\u011flunun \u00f6l\u00fcm\u00fc kar\u015f\u0131s\u0131nda Aeneas art\u0131k ailesini kurtarmaya karar verir. Ama <strong>Ankhises<\/strong> \u015fehrin yak\u0131l\u0131p y\u0131k\u0131lmas\u0131ndan sonra art\u0131k ya\u015famay\u0131 arzu etmemektedir. Ailenin en ya\u015fl\u0131s\u0131 olan Ankhises orada kalmak ve \u00f6l\u00fcm\u00fc beklemek ister. Ama Aeneas babas\u0131n\u0131 almadan gitmeyecektir. Babas\u0131ndan ayr\u0131lmak ve onu terk etmek istemedi\u011finden, o da d\u00fc\u015fmana kar\u015f\u0131 at\u0131lmaya haz\u0131rd\u0131r. O an akl\u0131na Helen\u2019i cezaland\u0131rmak gibi ac\u0131mas\u0131z bir d\u00fc\u015f\u00fcnce de saplan\u0131r. <strong>\u015eimdi \u00fcmitsizli\u011fin ve \u00f6fkenin a\u011f\u0131r bast\u0131\u011f\u0131 bir and\u0131r<\/strong> ve o an, Aeneas\u2019\u0131n kendisini kaybederek ailesinin ve her \u015feyin sonunu getirece\u011fi an\u0131n bir saniye \u00f6ncesidir.<\/p><p><img loading=\"lazy\" decoding=\"async\" class=\"alignnone wp-image-505 size-large\" src=\"https:\/\/ariste.aeneasroute.org\/ariste\/wp-content\/uploads\/2022\/04\/Pagina-Lalternarsi-delle-emozioni_Immagine-1-1024x576.jpg\" alt=\"\" width=\"1024\" height=\"576\" srcset=\"https:\/\/ariste.aeneasroute.org\/ariste\/wp-content\/uploads\/2022\/04\/Pagina-Lalternarsi-delle-emozioni_Immagine-1-1024x576.jpg 1024w, https:\/\/ariste.aeneasroute.org\/ariste\/wp-content\/uploads\/2022\/04\/Pagina-Lalternarsi-delle-emozioni_Immagine-1-300x169.jpg 300w, https:\/\/ariste.aeneasroute.org\/ariste\/wp-content\/uploads\/2022\/04\/Pagina-Lalternarsi-delle-emozioni_Immagine-1-768x432.jpg 768w, https:\/\/ariste.aeneasroute.org\/ariste\/wp-content\/uploads\/2022\/04\/Pagina-Lalternarsi-delle-emozioni_Immagine-1-1536x864.jpg 1536w, https:\/\/ariste.aeneasroute.org\/ariste\/wp-content\/uploads\/2022\/04\/Pagina-Lalternarsi-delle-emozioni_Immagine-1-260x146.jpg 260w, https:\/\/ariste.aeneasroute.org\/ariste\/wp-content\/uploads\/2022\/04\/Pagina-Lalternarsi-delle-emozioni_Immagine-1-50x28.jpg 50w, https:\/\/ariste.aeneasroute.org\/ariste\/wp-content\/uploads\/2022\/04\/Pagina-Lalternarsi-delle-emozioni_Immagine-1-133x75.jpg 133w, https:\/\/ariste.aeneasroute.org\/ariste\/wp-content\/uploads\/2022\/04\/Pagina-Lalternarsi-delle-emozioni_Immagine-1-1200x675.jpg 1200w, https:\/\/ariste.aeneasroute.org\/ariste\/wp-content\/uploads\/2022\/04\/Pagina-Lalternarsi-delle-emozioni_Immagine-1.jpg 1920w\" sizes=\"auto, (max-width: 1024px) 100vw, 1024px\" \/><\/p><p>O anda <strong>Aeneas\u2019\u0131n kar\u0131s\u0131 ve gen\u00e7 Ascanius\u2019un annesi olan Creusa<\/strong> at\u0131l\u0131r: Aeneas\u2019\u0131n \u00f6n\u00fcne ge\u00e7er ve o\u011flunu da \u00f6n\u00fcne atarak: <em>\u00d6lmeye gidiyorsan, bizi de ayn\u0131 kadere g\u00f6t\u00fcr<\/em>\u201d diye hayk\u0131r\u0131r (II,675).<\/p><p>Ac\u0131n\u0131n k\u00f6r etti\u011fi Aeneas\u2019\u0131n g\u00f6remedi\u011fi bir ihtimal daha vard\u0131r: Creusa yine hayk\u0131r\u0131r: \u201c<em>Ama silaha sar\u0131lmakta bir umut \u0131\u015f\u0131\u011f\u0131 g\u00f6r\u00fcyorsan, \u00f6nce evini savun. K\u00fc\u00e7\u00fck o\u011flumuzu, baban\u0131 ve kar\u0131n olarak beni kimlerin eline terk etmek istiyorsun?<\/em>\u201d (II, 676-678).<\/p><p>Creusa\u2019n\u0131n yakar\u0131\u015f\u0131 \u00fczerine bir mucize ger\u00e7ekle\u015fir: Bu insanlar\u0131n kalbini ve akl\u0131n\u0131 ayd\u0131nlatan<strong> bir umut \u0131\u015f\u0131\u011f\u0131d\u0131r.<\/strong><\/p><p>\u201c<em>Lulo\u2019nun ba\u015f\u0131nda ince bir alev ve bir \u0131\u015f\u0131k par\u0131lt\u0131s\u0131 belirdi, bu alevle yumu\u015fak sa\u00e7lar\u0131 tutu\u015ftu ve alev \u015fakaklar\u0131na do\u011fru yay\u0131lmaya ba\u015flad\u0131.<\/em>\u201d (II, 681-684).<\/p><p><img loading=\"lazy\" decoding=\"async\" class=\"alignnone wp-image-506 size-large\" src=\"https:\/\/ariste.aeneasroute.org\/ariste\/wp-content\/uploads\/2022\/04\/Pagina-Lalternarsi-delle-emozioni_Immagine-2-1024x576.jpg\" alt=\"\" width=\"1024\" height=\"576\" srcset=\"https:\/\/ariste.aeneasroute.org\/ariste\/wp-content\/uploads\/2022\/04\/Pagina-Lalternarsi-delle-emozioni_Immagine-2-1024x576.jpg 1024w, https:\/\/ariste.aeneasroute.org\/ariste\/wp-content\/uploads\/2022\/04\/Pagina-Lalternarsi-delle-emozioni_Immagine-2-300x169.jpg 300w, https:\/\/ariste.aeneasroute.org\/ariste\/wp-content\/uploads\/2022\/04\/Pagina-Lalternarsi-delle-emozioni_Immagine-2-768x432.jpg 768w, https:\/\/ariste.aeneasroute.org\/ariste\/wp-content\/uploads\/2022\/04\/Pagina-Lalternarsi-delle-emozioni_Immagine-2-1536x864.jpg 1536w, https:\/\/ariste.aeneasroute.org\/ariste\/wp-content\/uploads\/2022\/04\/Pagina-Lalternarsi-delle-emozioni_Immagine-2-260x146.jpg 260w, https:\/\/ariste.aeneasroute.org\/ariste\/wp-content\/uploads\/2022\/04\/Pagina-Lalternarsi-delle-emozioni_Immagine-2-50x28.jpg 50w, https:\/\/ariste.aeneasroute.org\/ariste\/wp-content\/uploads\/2022\/04\/Pagina-Lalternarsi-delle-emozioni_Immagine-2-133x75.jpg 133w, https:\/\/ariste.aeneasroute.org\/ariste\/wp-content\/uploads\/2022\/04\/Pagina-Lalternarsi-delle-emozioni_Immagine-2-1200x675.jpg 1200w, https:\/\/ariste.aeneasroute.org\/ariste\/wp-content\/uploads\/2022\/04\/Pagina-Lalternarsi-delle-emozioni_Immagine-2.jpg 1920w\" sizes=\"auto, (max-width: 1024px) 100vw, 1024px\" \/><\/p><p class=\"MsoNormal\"><i><span lang=\"TR\">\u00a9 Unsplash\u2019ta Cristofer Maximilian foto\u011fraf\u0131<\/span><\/i><\/p><p>Ankhises bu mucizevi kehanetin anlam\u0131n\u0131 idrak eder ve Zeus\u2019dan bu \u0131\u015f\u0131kl\u0131 kehaneti do\u011frulamas\u0131n\u0131 ister.<\/p><p>Onun s\u00f6zleri bitti\u011finde bir g\u00f6k g\u00fcr\u00fclt\u00fcs\u00fc e\u015fli\u011finde \u201c<em>g\u00f6ky\u00fcz\u00fcnden arkas\u0131nda \u0131\u015f\u0131kl\u0131 bir iz b\u0131rakarak bir y\u0131ld\u0131z d\u00fc\u015fer ve karanl\u0131klar i\u00e7inde ilerler. \u00c7at\u0131n\u0131n kenar\u0131n\u0131 te\u011fet ge\u00e7erek, b\u00fcy\u00fck bir par\u0131lt\u0131yla \u0130da Da\u011f\u0131 ormanlar\u0131 i\u00e7inde kaybolurken bize gidece\u011fimiz yolu g\u00f6stermektedir<\/em>\u201d (II, 692-696).<\/p><p><img loading=\"lazy\" decoding=\"async\" class=\"alignnone wp-image-507 size-large\" src=\"https:\/\/ariste.aeneasroute.org\/ariste\/wp-content\/uploads\/2022\/04\/Pagina-Lalternarsi-delle-emozioni_Immagine-3-1024x576.jpg\" alt=\"\" width=\"1024\" height=\"576\" srcset=\"https:\/\/ariste.aeneasroute.org\/ariste\/wp-content\/uploads\/2022\/04\/Pagina-Lalternarsi-delle-emozioni_Immagine-3-1024x576.jpg 1024w, https:\/\/ariste.aeneasroute.org\/ariste\/wp-content\/uploads\/2022\/04\/Pagina-Lalternarsi-delle-emozioni_Immagine-3-300x169.jpg 300w, https:\/\/ariste.aeneasroute.org\/ariste\/wp-content\/uploads\/2022\/04\/Pagina-Lalternarsi-delle-emozioni_Immagine-3-768x432.jpg 768w, https:\/\/ariste.aeneasroute.org\/ariste\/wp-content\/uploads\/2022\/04\/Pagina-Lalternarsi-delle-emozioni_Immagine-3-1536x864.jpg 1536w, https:\/\/ariste.aeneasroute.org\/ariste\/wp-content\/uploads\/2022\/04\/Pagina-Lalternarsi-delle-emozioni_Immagine-3-260x146.jpg 260w, https:\/\/ariste.aeneasroute.org\/ariste\/wp-content\/uploads\/2022\/04\/Pagina-Lalternarsi-delle-emozioni_Immagine-3-50x28.jpg 50w, https:\/\/ariste.aeneasroute.org\/ariste\/wp-content\/uploads\/2022\/04\/Pagina-Lalternarsi-delle-emozioni_Immagine-3-133x75.jpg 133w, https:\/\/ariste.aeneasroute.org\/ariste\/wp-content\/uploads\/2022\/04\/Pagina-Lalternarsi-delle-emozioni_Immagine-3-1200x675.jpg 1200w, https:\/\/ariste.aeneasroute.org\/ariste\/wp-content\/uploads\/2022\/04\/Pagina-Lalternarsi-delle-emozioni_Immagine-3.jpg 1920w\" sizes=\"auto, (max-width: 1024px) 100vw, 1024px\" \/><\/p><p><strong>Yeni bir vatan aray\u0131\u015f\u0131yla ba\u015flayan yolculuk<\/strong> Aeneas\u2019\u0131 Latium k\u0131y\u0131lar\u0131na kadar g\u00f6t\u00fcrecek, Truval\u0131lar ise Do\u011fu Akdeniz\u2019den \u0130spanya\u2019ya, Afrika sahillerinden \u0130ngiltere\u2019ye kadar uzanan b\u00fcy\u00fck bir krall\u0131\u011f\u0131n do\u011fu\u015funda rol oynayacaklard\u0131r. <strong>B\u00fct\u00fcn bunlar Creusa\u2019n\u0131n g\u00fc\u00e7l\u00fc karakterinden, Ankhises\u2019in bilgeli\u011finden ve umut \u0131\u015f\u0131\u011f\u0131ndan kaynaklanm\u0131\u015ft\u0131r<\/strong>.<\/p>\t\t\t\t\t\t<\/div>\n\t\t\t\t<\/div>\n\t\t\t\t\t<\/div>\n\t\t<\/div>\n\t\t\t\t\t\t\t<\/div>\n\t\t<\/section>\n\t\t\t\t\t<\/div>\n\t\t<\/div>\n\t\t\t\t\t\t\t<\/div>\n\t\t<\/section>\n\t\t\t\t\t\t\t<\/div>\n\t\t","protected":false},"excerpt":{"rendered":"<p>DE\u011e\u0130\u015eKEN DUYGULAR Aeneas: sava\u015f, aile, \u00f6fke ve \u00fcmit DE\u011e\u0130\u015eKEN DUYGULAR Truva kenti\u2019nin imha edilmesinden sonra Truval\u0131lara yeni bir vatan bulmak i\u00e7in uzun g\u00f6\u00e7 yolculu\u011fuyla ba\u015flayan Aeneas<span class=\"excerpt-hellip\"> [\u2026]<\/span><\/p>\n","protected":false},"author":1,"featured_media":0,"parent":0,"menu_order":0,"comment_status":"closed","ping_status":"closed","template":"","meta":{"footnotes":""},"class_list":["post-1455","page","type-page","status-publish","hentry"],"_links":{"self":[{"href":"https:\/\/ariste.aeneasroute.org\/tr\/wp-json\/wp\/v2\/pages\/1455","targetHints":{"allow":["GET"]}}],"collection":[{"href":"https:\/\/ariste.aeneasroute.org\/tr\/wp-json\/wp\/v2\/pages"}],"about":[{"href":"https:\/\/ariste.aeneasroute.org\/tr\/wp-json\/wp\/v2\/types\/page"}],"author":[{"embeddable":true,"href":"https:\/\/ariste.aeneasroute.org\/tr\/wp-json\/wp\/v2\/users\/1"}],"replies":[{"embeddable":true,"href":"https:\/\/ariste.aeneasroute.org\/tr\/wp-json\/wp\/v2\/comments?post=1455"}],"version-history":[{"count":9,"href":"https:\/\/ariste.aeneasroute.org\/tr\/wp-json\/wp\/v2\/pages\/1455\/revisions"}],"predecessor-version":[{"id":1633,"href":"https:\/\/ariste.aeneasroute.org\/tr\/wp-json\/wp\/v2\/pages\/1455\/revisions\/1633"}],"wp:attachment":[{"href":"https:\/\/ariste.aeneasroute.org\/tr\/wp-json\/wp\/v2\/media?parent=1455"}],"curies":[{"name":"wp","href":"https:\/\/api.w.org\/{rel}","templated":true}]}}