{"id":1461,"date":"2022-04-05T12:07:05","date_gmt":"2022-04-05T10:07:05","guid":{"rendered":"https:\/\/ariste.aeneasroute.org\/ariste\/?page_id=1461"},"modified":"2022-06-23T16:47:03","modified_gmt":"2022-06-23T14:47:03","slug":"aeneasin-dogumu","status":"publish","type":"page","link":"https:\/\/ariste.aeneasroute.org\/tr\/aeneasin-dogumu\/","title":{"rendered":"Aeneas\u2019\u0131n do\u011fumu"},"content":{"rendered":"\t\t<div data-elementor-type=\"wp-page\" data-elementor-id=\"1461\" class=\"elementor elementor-1461\">\n\t\t\t\t\t\t\t\t\t<section class=\"elementor-section elementor-top-section elementor-element elementor-element-0f4aad4 elementor-section-height-full elementor-section-stretched elementor-section-boxed elementor-section-height-default elementor-section-items-middle\" data-id=\"0f4aad4\" data-element_type=\"section\" data-settings=\"{&quot;stretch_section&quot;:&quot;section-stretched&quot;,&quot;background_background&quot;:&quot;classic&quot;}\">\n\t\t\t\t\t\t<div class=\"elementor-container elementor-column-gap-default\">\n\t\t\t\t\t<div class=\"elementor-column elementor-col-100 elementor-top-column elementor-element elementor-element-9a5c600\" data-id=\"9a5c600\" data-element_type=\"column\">\n\t\t\t<div class=\"elementor-widget-wrap elementor-element-populated\">\n\t\t\t\t\t\t\t\t<div class=\"elementor-element elementor-element-b38a2bf elementor-widget elementor-widget-text-editor\" data-id=\"b38a2bf\" data-element_type=\"widget\" data-widget_type=\"text-editor.default\">\n\t\t\t\t<div class=\"elementor-widget-container\">\n\t\t\t<style>\/*! elementor - v3.7.8 - 02-10-2022 *\/\n.elementor-widget-text-editor.elementor-drop-cap-view-stacked .elementor-drop-cap{background-color:#818a91;color:#fff}.elementor-widget-text-editor.elementor-drop-cap-view-framed .elementor-drop-cap{color:#818a91;border:3px solid;background-color:transparent}.elementor-widget-text-editor:not(.elementor-drop-cap-view-default) .elementor-drop-cap{margin-top:8px}.elementor-widget-text-editor:not(.elementor-drop-cap-view-default) .elementor-drop-cap-letter{width:1em;height:1em}.elementor-widget-text-editor .elementor-drop-cap{float:left;text-align:center;line-height:1;font-size:50px}.elementor-widget-text-editor .elementor-drop-cap-letter{display:inline-block}<\/style>\t\t\t\t<h2><span style=\"color: #ffffff;\">AENEAS\u2019IN DO\u011eUMU<\/span><\/h2><h4 class=\"MsoNormal\" style=\"text-align: justify;\"><span style=\"color: #ffffff;\"><i>Ascanius\u2019un Dedesi ve Ninesi<\/i><\/span><\/h4>\t\t\t\t\t\t<\/div>\n\t\t\t\t<\/div>\n\t\t\t\t\t<\/div>\n\t\t<\/div>\n\t\t\t\t\t\t\t<\/div>\n\t\t<\/section>\n\t\t\t\t<section class=\"elementor-section elementor-top-section elementor-element elementor-element-d3e5c3c elementor-section-stretched elementor-section-boxed elementor-section-height-default elementor-section-height-default\" data-id=\"d3e5c3c\" data-element_type=\"section\" data-settings=\"{&quot;stretch_section&quot;:&quot;section-stretched&quot;}\">\n\t\t\t\t\t\t<div class=\"elementor-container elementor-column-gap-wider\">\n\t\t\t\t\t<div class=\"elementor-column elementor-col-100 elementor-top-column elementor-element elementor-element-d6df846\" data-id=\"d6df846\" data-element_type=\"column\">\n\t\t\t<div class=\"elementor-widget-wrap elementor-element-populated\">\n\t\t\t\t\t\t\t\t<section class=\"elementor-section elementor-inner-section elementor-element elementor-element-e098026 elementor-section-boxed elementor-section-height-default elementor-section-height-default\" data-id=\"e098026\" data-element_type=\"section\">\n\t\t\t\t\t\t<div class=\"elementor-container elementor-column-gap-default\">\n\t\t\t\t\t<div class=\"elementor-column elementor-col-100 elementor-inner-column elementor-element elementor-element-9285098\" data-id=\"9285098\" data-element_type=\"column\">\n\t\t\t<div class=\"elementor-widget-wrap elementor-element-populated\">\n\t\t\t\t\t\t\t\t<div class=\"elementor-element elementor-element-55b54ee elementor-widget elementor-widget-text-editor\" data-id=\"55b54ee\" data-element_type=\"widget\" data-widget_type=\"text-editor.default\">\n\t\t\t\t<div class=\"elementor-widget-container\">\n\t\t\t\t\t\t\t<h3><strong>AENEAS\u2019IN DO\u011eUMU<\/strong><\/h3>\n<p>Mitolojiden <strong>Aeneas\u2019\u0131n \u00e7oban Ankhises ile tanr\u0131\u00e7a Afrodit\u2019in o\u011flu olarak bir yar\u0131 tanr\u0131<\/strong> oldu\u011funu biliyoruz.<\/p>\n<p>Bu durumda Ankhises ve Afrodite, Aeneas\u2019\u0131n o\u011flu <strong>gen\u00e7 Ascanius\u2019un<\/strong> dedesi ve babaannesidir.<\/p>\n<p>Yunan mitolojisi (Homeros\u2019un Afrodit\u2019e ilahisi) bu tanr\u0131\u00e7an\u0131n ger\u00e7ek kimli\u011fini a\u00e7\u0131klamak istemedi\u011fini, bu nedenle gen\u00e7 ve yak\u0131\u015f\u0131kl\u0131 Ankhises\u2019e kendisini bir Frikya Prensesi olarak tan\u0131tt\u0131\u011f\u0131n\u0131 anlatmaktad\u0131r. Bu kand\u0131rmaca tutar ve Olimpos\u2019un tanr\u0131\u00e7alar\u0131n\u0131n en g\u00fczeli kendi kimli\u011fini herkesten saklad\u0131\u011f\u0131 gibi, Zeus\u2019un k\u0131skan\u00e7l\u0131\u011f\u0131ndan da korur.<\/p>\n<p>Bu \u015fekilde gen\u00e7 \u00e7obanla birlikte bir gece ge\u00e7irir ve ger\u00e7ek kimli\u011fini ancak birle\u015fmelerinden sonra a\u00e7\u0131klar. Bu birliktelikten Aeneas do\u011far.<\/p>\n<p><img loading=\"lazy\" decoding=\"async\" class=\"alignnone wp-image-513 size-large\" src=\"https:\/\/ariste.aeneasroute.org\/ariste\/wp-content\/uploads\/2022\/04\/Pagina-La-nascita-di-Enea_Immagine-1-1024x577.jpg\" alt=\"\" width=\"1024\" height=\"577\" srcset=\"https:\/\/ariste.aeneasroute.org\/ariste\/wp-content\/uploads\/2022\/04\/Pagina-La-nascita-di-Enea_Immagine-1-1024x577.jpg 1024w, https:\/\/ariste.aeneasroute.org\/ariste\/wp-content\/uploads\/2022\/04\/Pagina-La-nascita-di-Enea_Immagine-1-300x169.jpg 300w, https:\/\/ariste.aeneasroute.org\/ariste\/wp-content\/uploads\/2022\/04\/Pagina-La-nascita-di-Enea_Immagine-1-768x432.jpg 768w, https:\/\/ariste.aeneasroute.org\/ariste\/wp-content\/uploads\/2022\/04\/Pagina-La-nascita-di-Enea_Immagine-1-1536x865.jpg 1536w, https:\/\/ariste.aeneasroute.org\/ariste\/wp-content\/uploads\/2022\/04\/Pagina-La-nascita-di-Enea_Immagine-1-260x146.jpg 260w, https:\/\/ariste.aeneasroute.org\/ariste\/wp-content\/uploads\/2022\/04\/Pagina-La-nascita-di-Enea_Immagine-1-50x28.jpg 50w, https:\/\/ariste.aeneasroute.org\/ariste\/wp-content\/uploads\/2022\/04\/Pagina-La-nascita-di-Enea_Immagine-1-133x75.jpg 133w, https:\/\/ariste.aeneasroute.org\/ariste\/wp-content\/uploads\/2022\/04\/Pagina-La-nascita-di-Enea_Immagine-1-1200x675.jpg 1200w, https:\/\/ariste.aeneasroute.org\/ariste\/wp-content\/uploads\/2022\/04\/Pagina-La-nascita-di-Enea_Immagine-1.jpg 1920w\" sizes=\"auto, (max-width: 1024px) 100vw, 1024px\" \/><\/p>\n<p class=\"MsoNormal\"><i><span lang=\"TR\">\u00a9 Unsplash\u2019ta tabitha turner foto\u011fraf\u0131<\/span><\/i><\/p>\n<p>Ne var ki, Afrodit ile birlikte olmas\u0131 zavall\u0131 ve cahil Ankhises\u2019in ba\u015f\u0131na t\u00fcrl\u00fc i\u015fler a\u00e7ar. Bir yemek s\u0131ras\u0131nda, \u015farab\u0131n da verdi\u011fi sarho\u015fluklar masa arkada\u015flar\u0131na bu gizli birlikte olmay\u0131 anlat\u0131r. Olay Zeus\u2019un kula\u011f\u0131na gider ve k\u0131skan\u00e7l\u0131\u011f\u0131n da etkisiyle onu a\u011f\u0131r ve biz insanlar\u0131n kanaatince haks\u0131z \u015fekilde cezaland\u0131r\u0131r. Verdi\u011fi ceza Ankhises \u00fczerine bir y\u0131ld\u0131r\u0131m d\u00fc\u015f\u00fcrmek olur ve bu \u015fekilde onu iki b\u00fckl\u00fcm k\u00f6t\u00fcr\u00fcm biri haline getirir.<\/p>\n<p>Zaten Ankhises ad\u0131 da, Yunan etimolojisine g\u00f6re \u201ciki b\u00fckl\u00fcm\u201d anlam\u0131na gelmektedir ve ald\u0131\u011f\u0131 cezan\u0131n sonucudur.<\/p>\n<p><img loading=\"lazy\" decoding=\"async\" class=\"alignnone wp-image-517 size-large\" src=\"https:\/\/ariste.aeneasroute.org\/ariste\/wp-content\/uploads\/2022\/04\/Pagina-La-nascita-di-Enea_Immagine-2-1024x586.jpg\" alt=\"\" width=\"1024\" height=\"586\" srcset=\"https:\/\/ariste.aeneasroute.org\/ariste\/wp-content\/uploads\/2022\/04\/Pagina-La-nascita-di-Enea_Immagine-2-1024x586.jpg 1024w, https:\/\/ariste.aeneasroute.org\/ariste\/wp-content\/uploads\/2022\/04\/Pagina-La-nascita-di-Enea_Immagine-2-300x172.jpg 300w, https:\/\/ariste.aeneasroute.org\/ariste\/wp-content\/uploads\/2022\/04\/Pagina-La-nascita-di-Enea_Immagine-2-768x440.jpg 768w, https:\/\/ariste.aeneasroute.org\/ariste\/wp-content\/uploads\/2022\/04\/Pagina-La-nascita-di-Enea_Immagine-2-1536x879.jpg 1536w, https:\/\/ariste.aeneasroute.org\/ariste\/wp-content\/uploads\/2022\/04\/Pagina-La-nascita-di-Enea_Immagine-2-255x146.jpg 255w, https:\/\/ariste.aeneasroute.org\/ariste\/wp-content\/uploads\/2022\/04\/Pagina-La-nascita-di-Enea_Immagine-2-50x29.jpg 50w, https:\/\/ariste.aeneasroute.org\/ariste\/wp-content\/uploads\/2022\/04\/Pagina-La-nascita-di-Enea_Immagine-2-131x75.jpg 131w, https:\/\/ariste.aeneasroute.org\/ariste\/wp-content\/uploads\/2022\/04\/Pagina-La-nascita-di-Enea_Immagine-2.jpg 1920w\" sizes=\"auto, (max-width: 1024px) 100vw, 1024px\" \/><\/p>\n<p class=\"MsoNormal\"><i><span lang=\"TR\">\u00a9 Wikimedia Commons\u2019tan al\u0131nt\u0131 resim<\/span><\/i><\/p>\n<p>Olimpos tanr\u0131lar\u0131 ger\u00e7ekten de daha geli\u015fmi\u015f insan topluluklar\u0131n\u0131 y\u00f6netenlerin adalet ve \u00f6l\u00e7\u00fcl\u00fcl\u00fck kavramlar\u0131ndan uzak, anla\u015f\u0131lmas\u0131 g\u00fc\u00e7 tanr\u0131lard\u0131r.<\/p>\n<p>\u00c7ok say\u0131da bilim insan\u0131 y\u00fczy\u0131llar boyunca antik d\u00f6nemlerden bug\u00fcne ula\u015fan klasik mitoslar\u0131n bir\u00e7ok versiyonu \u00fczerinde \u00e7al\u0131\u015fm\u0131\u015f ve tanr\u0131lar\u0131n tabiat\u0131n\u0131 \u00e7\u00f6zmeye \u00e7al\u0131\u015fm\u0131\u015flard\u0131r.<\/p>\n<p><img loading=\"lazy\" decoding=\"async\" class=\"alignnone wp-image-518 size-large\" src=\"https:\/\/ariste.aeneasroute.org\/ariste\/wp-content\/uploads\/2022\/04\/Pagina-La-nascita-di-Enea_Immagine-3-1024x600.jpg\" alt=\"\" width=\"1024\" height=\"600\" srcset=\"https:\/\/ariste.aeneasroute.org\/ariste\/wp-content\/uploads\/2022\/04\/Pagina-La-nascita-di-Enea_Immagine-3-1024x600.jpg 1024w, https:\/\/ariste.aeneasroute.org\/ariste\/wp-content\/uploads\/2022\/04\/Pagina-La-nascita-di-Enea_Immagine-3-300x176.jpg 300w, https:\/\/ariste.aeneasroute.org\/ariste\/wp-content\/uploads\/2022\/04\/Pagina-La-nascita-di-Enea_Immagine-3-768x450.jpg 768w, https:\/\/ariste.aeneasroute.org\/ariste\/wp-content\/uploads\/2022\/04\/Pagina-La-nascita-di-Enea_Immagine-3-249x146.jpg 249w, https:\/\/ariste.aeneasroute.org\/ariste\/wp-content\/uploads\/2022\/04\/Pagina-La-nascita-di-Enea_Immagine-3-50x29.jpg 50w, https:\/\/ariste.aeneasroute.org\/ariste\/wp-content\/uploads\/2022\/04\/Pagina-La-nascita-di-Enea_Immagine-3-128x75.jpg 128w, https:\/\/ariste.aeneasroute.org\/ariste\/wp-content\/uploads\/2022\/04\/Pagina-La-nascita-di-Enea_Immagine-3.jpg 1228w\" sizes=\"auto, (max-width: 1024px) 100vw, 1024px\" \/><\/p>\n<p>Ankhises ve Afrodit\u2019in birlikteli\u011fi temas\u0131n\u0131 i\u015fleyen eserlerden en \u00f6nemlisi <strong>b\u00fcy\u00fck ressam Annibale Carraci<\/strong>\u2019ye sipari\u015f edilen ve ressam\u0131n <strong>1597 ile 1600 y\u0131llar\u0131 aras\u0131nda Roma\u2019daki Farnese Saray\u0131\u2019n\u0131n<\/strong> duvarlar\u0131n\u0131 di\u011fer baz\u0131 fresklerle beraber s\u00fcslemek amac\u0131yla resmetti\u011fi tablodur.&nbsp; \u201cAscanius\u2019un Atalar\u0131 \u201dn\u0131 g\u00f6steren bu tablo ger\u00e7ekten harikulade bir eserdir. Resimde Ankhises ve Afrodit yatakta iken a\u015fk tanr\u0131s\u0131 Eros\u2019ta gayet memnun onlara e\u015flik etmektedir.&nbsp; Carracci tablosunda Ankhises\u2019i Eros\u2019un bak\u0131\u015flar\u0131 alt\u0131nda Afrodit\u2019in ayakkab\u0131s\u0131n\u0131 \u00e7\u0131kar\u0131rken tasvir etmi\u015ftir.<\/p>\n<p>Baz\u0131 bilim insanlar\u0131 duvara boyanm\u0131\u015f bu tablo ile <strong>Kardinal Edoardo Farnese\u2019nin karde\u015fi Ranuce Farnese ile Margherita Aldobrandini<\/strong> <strong>aras\u0131ndaki evlilikle<\/strong> ili\u015fkilendirmek istemi\u015flerdir. Tablodaki <em>\u201cGenus unde Latinum\u201d <\/em>(Aeneis, I, 6) (Latinlerden t\u00fcreyen soy) yaz\u0131s\u0131 iki asil aile aras\u0131ndaki evlilik ile B\u00fcy\u00fck Roma aras\u0131ndaki ili\u015fkiye isnatta bulunmaktad\u0131r. Kimileri bunda ironik bir anlam oldu\u011funu da d\u00fc\u015f\u00fcnm\u00fc\u015fler, Afrodit ile Ankhises aras\u0131nda Troas b\u00f6lgesinde o gece ya\u015fanan birlikteli\u011fin yeni evli \u00e7ifte u\u011fur getirmesi i\u00e7in bu yaz\u0131n\u0131n yaz\u0131ld\u0131\u011f\u0131n\u0131 iddia etmi\u015flerdir.<\/p>\n<p class=\"MsoNormal\"><i><span lang=\"TR\">\u00a9 Kapak resmi: Emir Da\u011fc\u0131 Unsplash\nfoto\u011fraf\u0131<o:p><\/o:p><\/span><\/i><\/p>\t\t\t\t\t\t<\/div>\n\t\t\t\t<\/div>\n\t\t\t\t<div class=\"elementor-element elementor-element-8a1f335 elementor-widget elementor-widget-text-editor\" data-id=\"8a1f335\" data-element_type=\"widget\" data-widget_type=\"text-editor.default\">\n\t\t\t\t<div class=\"elementor-widget-container\">\n\t\t\t\t\t\t\t\t\t\t\t\t\t<\/div>\n\t\t\t\t<\/div>\n\t\t\t\t\t<\/div>\n\t\t<\/div>\n\t\t\t\t\t\t\t<\/div>\n\t\t<\/section>\n\t\t\t\t\t<\/div>\n\t\t<\/div>\n\t\t\t\t\t\t\t<\/div>\n\t\t<\/section>\n\t\t\t\t\t\t\t<\/div>\n\t\t","protected":false},"excerpt":{"rendered":"<p>AENEAS\u2019IN DO\u011eUMU Ascanius\u2019un Dedesi ve Ninesi AENEAS\u2019IN DO\u011eUMU Mitolojiden Aeneas\u2019\u0131n \u00e7oban Ankhises ile tanr\u0131\u00e7a Afrodit\u2019in o\u011flu olarak bir yar\u0131 tanr\u0131 oldu\u011funu biliyoruz. Bu durumda Ankhises ve<span class=\"excerpt-hellip\"> [\u2026]<\/span><\/p>\n","protected":false},"author":1,"featured_media":0,"parent":0,"menu_order":0,"comment_status":"closed","ping_status":"closed","template":"","meta":{"footnotes":""},"class_list":["post-1461","page","type-page","status-publish","hentry"],"_links":{"self":[{"href":"https:\/\/ariste.aeneasroute.org\/tr\/wp-json\/wp\/v2\/pages\/1461","targetHints":{"allow":["GET"]}}],"collection":[{"href":"https:\/\/ariste.aeneasroute.org\/tr\/wp-json\/wp\/v2\/pages"}],"about":[{"href":"https:\/\/ariste.aeneasroute.org\/tr\/wp-json\/wp\/v2\/types\/page"}],"author":[{"embeddable":true,"href":"https:\/\/ariste.aeneasroute.org\/tr\/wp-json\/wp\/v2\/users\/1"}],"replies":[{"embeddable":true,"href":"https:\/\/ariste.aeneasroute.org\/tr\/wp-json\/wp\/v2\/comments?post=1461"}],"version-history":[{"count":8,"href":"https:\/\/ariste.aeneasroute.org\/tr\/wp-json\/wp\/v2\/pages\/1461\/revisions"}],"predecessor-version":[{"id":1634,"href":"https:\/\/ariste.aeneasroute.org\/tr\/wp-json\/wp\/v2\/pages\/1461\/revisions\/1634"}],"wp:attachment":[{"href":"https:\/\/ariste.aeneasroute.org\/tr\/wp-json\/wp\/v2\/media?parent=1461"}],"curies":[{"name":"wp","href":"https:\/\/api.w.org\/{rel}","templated":true}]}}