{"id":1468,"date":"2022-04-21T11:40:02","date_gmt":"2022-04-21T09:40:02","guid":{"rendered":"https:\/\/ariste.aeneasroute.org\/ariste\/?page_id=1468"},"modified":"2022-06-23T17:27:21","modified_gmt":"2022-06-23T15:27:21","slug":"aeneasin-yolculugu","status":"publish","type":"page","link":"https:\/\/ariste.aeneasroute.org\/tr\/aeneasin-yolculugu\/","title":{"rendered":"Aeneas\u2019\u0131n yolculu\u011fu"},"content":{"rendered":"\t\t<div data-elementor-type=\"wp-page\" data-elementor-id=\"1468\" class=\"elementor elementor-1468\">\n\t\t\t\t\t\t\t\t\t<section class=\"elementor-section elementor-top-section elementor-element elementor-element-0f4aad4 elementor-section-height-full elementor-section-stretched elementor-section-boxed elementor-section-height-default elementor-section-items-middle\" data-id=\"0f4aad4\" data-element_type=\"section\" data-settings=\"{&quot;stretch_section&quot;:&quot;section-stretched&quot;,&quot;background_background&quot;:&quot;classic&quot;}\">\n\t\t\t\t\t\t<div class=\"elementor-container elementor-column-gap-default\">\n\t\t\t\t\t<div class=\"elementor-column elementor-col-100 elementor-top-column elementor-element elementor-element-9a5c600\" data-id=\"9a5c600\" data-element_type=\"column\">\n\t\t\t<div class=\"elementor-widget-wrap elementor-element-populated\">\n\t\t\t\t\t\t\t\t<div class=\"elementor-element elementor-element-b38a2bf elementor-widget elementor-widget-text-editor\" data-id=\"b38a2bf\" data-element_type=\"widget\" data-widget_type=\"text-editor.default\">\n\t\t\t\t<div class=\"elementor-widget-container\">\n\t\t\t<style>\/*! elementor - v3.7.8 - 02-10-2022 *\/\n.elementor-widget-text-editor.elementor-drop-cap-view-stacked .elementor-drop-cap{background-color:#818a91;color:#fff}.elementor-widget-text-editor.elementor-drop-cap-view-framed .elementor-drop-cap{color:#818a91;border:3px solid;background-color:transparent}.elementor-widget-text-editor:not(.elementor-drop-cap-view-default) .elementor-drop-cap{margin-top:8px}.elementor-widget-text-editor:not(.elementor-drop-cap-view-default) .elementor-drop-cap-letter{width:1em;height:1em}.elementor-widget-text-editor .elementor-drop-cap{float:left;text-align:center;line-height:1;font-size:50px}.elementor-widget-text-editor .elementor-drop-cap-letter{display:inline-block}<\/style>\t\t\t\t<h2><span style=\"color: #ffffff;\">AENEAS\u2019IN YOLCULU\u011eU<\/span><\/h2>\n<h4 class=\"MsoNormal\" style=\"text-align: justify;\"><span style=\"color: #ffffff;\"><i>Tarih ve Efsanenin Tabiat Ve K\u00fclt\u00fcr ile B\u00fct\u00fcnle\u015fti\u011fi Ola\u011fan\u00fcst\u00fc Bir Yolculuk<\/i><\/span><\/h4>\t\t\t\t\t\t<\/div>\n\t\t\t\t<\/div>\n\t\t\t\t\t<\/div>\n\t\t<\/div>\n\t\t\t\t\t\t\t<\/div>\n\t\t<\/section>\n\t\t\t\t<section class=\"elementor-section elementor-top-section elementor-element elementor-element-d3e5c3c elementor-section-stretched elementor-section-boxed elementor-section-height-default elementor-section-height-default\" data-id=\"d3e5c3c\" data-element_type=\"section\" data-settings=\"{&quot;stretch_section&quot;:&quot;section-stretched&quot;}\">\n\t\t\t\t\t\t<div class=\"elementor-container elementor-column-gap-wider\">\n\t\t\t\t\t<div class=\"elementor-column elementor-col-100 elementor-top-column elementor-element elementor-element-d6df846\" data-id=\"d6df846\" data-element_type=\"column\">\n\t\t\t<div class=\"elementor-widget-wrap elementor-element-populated\">\n\t\t\t\t\t\t\t\t<section class=\"elementor-section elementor-inner-section elementor-element elementor-element-e098026 elementor-section-boxed elementor-section-height-default elementor-section-height-default\" data-id=\"e098026\" data-element_type=\"section\">\n\t\t\t\t\t\t<div class=\"elementor-container elementor-column-gap-default\">\n\t\t\t\t\t<div class=\"elementor-column elementor-col-100 elementor-inner-column elementor-element elementor-element-9285098\" data-id=\"9285098\" data-element_type=\"column\">\n\t\t\t<div class=\"elementor-widget-wrap elementor-element-populated\">\n\t\t\t\t\t\t\t\t<div class=\"elementor-element elementor-element-55b54ee elementor-widget elementor-widget-text-editor\" data-id=\"55b54ee\" data-element_type=\"widget\" data-widget_type=\"text-editor.default\">\n\t\t\t\t<div class=\"elementor-widget-container\">\n\t\t\t\t\t\t\t<h3>AENEAS\u2019IN YOLCULU\u011eU<\/h3><p>Vergilius\u2019un Aeneid destan\u0131nda anlat\u0131lan Aeneas\u2019\u0131n yolculu\u011fu <strong>Akdeniz \u00fczerinden do\u011fudan bat\u0131ya do\u011fru ger\u00e7ekle\u015fiyor<\/strong>. Alevler i\u00e7indeki Truva\u2019dan ka\u00e7t\u0131ktan sonra, Aeneas yan\u0131ndaki k\u00fc\u00e7\u00fck arkada\u015f grubuyla \u0130da Da\u011f\u0131 \u00fczerinden \u00f6nce T\u00fcrkiye\u2019deki Alt\u0131noluk (Antandros) k\u0131y\u0131lar\u0131na ula\u015f\u0131r. Uzun yolculuklardan sonra Latium k\u0131y\u0131lar\u0131na vard\u0131\u011f\u0131nda hedefine ancak ula\u015facakt\u0131r. Aeneas burada Lavinium \u015fehrini kuracak ve \u00a0Aeneas\u2019\u0131n o\u011flu Ascanius, Alban tepelerinde efsanevi Alba Longa Krall\u0131\u011f\u0131\u2019n\u0131 kurarak, kendi soyundan gelen Romulus ise efsaneye g\u00f6re Roma\u2019n\u0131n kurucusu ve ilk kral\u0131 olacakt\u0131r.<\/p><p>Aeneas\u2019\u0131n Akdeniz\u2019de bir\u00e7ok yerde mola vererek yapt\u0131\u011f\u0131 yolculuk be\u015f \u00fclkeden ge\u00e7mi\u015ftir: <strong>T\u00fcrkiye, Yunanistan, Arnavutluk, Tunus, \u0130talya<\/strong>. <strong>Ayr\u0131ca tam yirmibir yerle\u015fim yerine u\u011franm\u0131\u015f olup<\/strong>, bunlar\u0131n be\u015f tanesi UNESCO alan\u0131d\u0131r (Truva, Delo, Butrinto, Kartaca, Roma). Asl\u0131nda u\u011frad\u0131klar\u0131 b\u00fct\u00fcn yerler ola\u011fan\u00fcst\u00fc g\u00fczellikte yerlerdir: <strong>Truva, Antandros (Alt\u0131noluk), Ainos-Enez<\/strong> \u2013 T\u00fcrkiye\u2019dekiler, <strong>Delos, Girit Strofades adalar\u0131, Lefkada<\/strong>\u2013 Yunanistan\u2019dakiler, <strong>Butrinto<\/strong> \u2013 Arnavutluk\u2019taki, <strong>Castro, Drepanon<\/strong> \u2013 \u0130talya\u2019daki, <strong>Kartaca<\/strong> \u2013 Tunus\u2019taki, <strong>Cuma- Pozzuoli, Gaeta, Lavinium, Roma<\/strong> \u2013 \u0130talya\u2019daki duraklard\u0131r.<\/p><p>Aeneas taraf\u0131ndan yap\u0131lan yolculuk sadece Roma\u2019n\u0131n do\u011fu\u015funu Truval\u0131 kahraman\u0131n soyuna ba\u011flayan bir efsane de\u011fil, ayn\u0131 zamanda tercih veya ihtiya\u00e7 nedeniyle yerini yurdunu her an de\u011fi\u015ftirmeye, evim diyebilece\u011fi ve refah i\u00e7inde bir hayat s\u00fcrmek isteyece\u011fi yerler arayan, yan\u0131nda sevgi ve bilgi g\u00f6t\u00fcren <strong>insano\u011flunun tarihinden<\/strong> s\u00f6z eden <strong>ideal bir yolculuk<\/strong> hikayesidir. K\u00fclt\u00fcrel bir rotad\u0131r, \u00e7\u00fcnk\u00fc arkeolojisi, do\u011fas\u0131 ve edebiyat\u0131yla hepimizin i\u00e7inde bir par\u00e7a kendimizi bulabilece\u011fimiz, ilgi uyand\u0131ran bir hikaye anlat\u0131r.<\/p>\t\t\t\t\t\t<\/div>\n\t\t\t\t<\/div>\n\t\t\t\t<div class=\"elementor-element elementor-element-1b8373a elementor-widget elementor-widget-text-editor\" data-id=\"1b8373a\" data-element_type=\"widget\" data-widget_type=\"text-editor.default\">\n\t\t\t\t<div class=\"elementor-widget-container\">\n\t\t\t\t\t\t\t<p><img loading=\"lazy\" decoding=\"async\" class=\"alignnone size-full wp-image-986\" src=\"https:\/\/ariste.aeneasroute.org\/ariste\/wp-content\/uploads\/2022\/04\/Mappa-Rotta-di-Enea.png\" alt=\"\" width=\"1920\" height=\"1166\" srcset=\"https:\/\/ariste.aeneasroute.org\/ariste\/wp-content\/uploads\/2022\/04\/Mappa-Rotta-di-Enea.png 1920w, https:\/\/ariste.aeneasroute.org\/ariste\/wp-content\/uploads\/2022\/04\/Mappa-Rotta-di-Enea-300x182.png 300w, https:\/\/ariste.aeneasroute.org\/ariste\/wp-content\/uploads\/2022\/04\/Mappa-Rotta-di-Enea-1024x622.png 1024w, https:\/\/ariste.aeneasroute.org\/ariste\/wp-content\/uploads\/2022\/04\/Mappa-Rotta-di-Enea-768x466.png 768w, https:\/\/ariste.aeneasroute.org\/ariste\/wp-content\/uploads\/2022\/04\/Mappa-Rotta-di-Enea-1536x933.png 1536w, https:\/\/ariste.aeneasroute.org\/ariste\/wp-content\/uploads\/2022\/04\/Mappa-Rotta-di-Enea-240x146.png 240w, https:\/\/ariste.aeneasroute.org\/ariste\/wp-content\/uploads\/2022\/04\/Mappa-Rotta-di-Enea-50x30.png 50w, https:\/\/ariste.aeneasroute.org\/ariste\/wp-content\/uploads\/2022\/04\/Mappa-Rotta-di-Enea-123x75.png 123w\" sizes=\"auto, (max-width: 1920px) 100vw, 1920px\" \/><\/p>\t\t\t\t\t\t<\/div>\n\t\t\t\t<\/div>\n\t\t\t\t<div class=\"elementor-element elementor-element-816e4e5 elementor-widget elementor-widget-text-editor\" data-id=\"816e4e5\" data-element_type=\"widget\" data-widget_type=\"text-editor.default\">\n\t\t\t\t<div class=\"elementor-widget-container\">\n\t\t\t\t\t\t\t<h3>YOLCULU\u011eUN A\u015eAMALARI<\/h3><p>Vergilius\u2019un anlat\u0131s\u0131 Aeneas ve arkada\u015flar\u0131yla ba\u015flar. Truva\u2019n\u0131n d\u00fc\u015f\u00fc\u015f\u00fcnden tam yedi y\u0131l sonra, \u015fimdi tanr\u0131\u00e7a Hera taraf\u0131ndan g\u00f6nderilen korkun\u00e7 bir f\u0131rt\u0131nan\u0131n ortas\u0131ndad\u0131rlar ve bu f\u0131rt\u0131na onlar\u0131 Afrika k\u0131y\u0131lar\u0131na s\u00fcr\u00fckler. Orada Kartaca krali\u00e7esi Dido taraf\u0131ndan a\u011f\u0131rlan\u0131rlar.<\/p><p>Burada Aeneas Dido\u2019dan gelen talep \u00fczerine o ana kadar ya\u015fad\u0131\u011f\u0131 maceralar\u0131 ve yolculu\u011fun a\u015famalar\u0131n\u0131 anlatmaya ba\u015flar ve \u00f6nce Yunanl\u0131lar taraf\u0131ndan <strong>Truva \u015fehrinin y\u0131k\u0131ld\u0131\u011f\u0131 geceden<\/strong>, kendisinin ve ailesinin alevler aras\u0131ndan ka\u00e7mak zorunda kald\u0131klar\u0131ndan bahsederek s\u00f6ze girer. B\u00f6ylece Akdeniz\u2019e uzun g\u00f6\u00e7leri ba\u015flam\u0131\u015ft\u0131r: Aeneas taraf\u0131ndan <strong>\u0130da Da\u011f\u0131<\/strong> kutsal a\u011fa\u00e7lar\u0131ndan in\u015fa edilen gemilerle <strong>Antandros<\/strong> liman\u0131ndan yola \u00e7\u0131km\u0131\u015flar, <strong>Trakya\u2019dan Delos Adas\u0131<\/strong>\u2019na ge\u00e7ip burada gidecekleri yerler hakk\u0131nda kehanette bulunmas\u0131 i\u00e7in Apollon\u2019un kahinine dan\u0131\u015fm\u0131\u015flard\u0131r.<\/p><p>Apollon taraf\u0131ndan belirtildi\u011fi \u015fekliyle \u201ceski atalar\u0131n\u0131\u201d aray\u0131\u015f yolculu\u011funda Aeneas\u2019\u0131n babas\u0131 Ankhises Truva soyunun ilk \u00fcyesinin Girit Adas\u0131\u2019nda do\u011fmu\u015f olmas\u0131ndan dolay\u0131 kaderlerinin onlar\u0131 o adaya s\u00fcr\u00fckledi\u011fi yanl\u0131\u015f d\u00fc\u015f\u00fcncesine kap\u0131lm\u0131\u015f ve filo Ege Denizi\u2019nde, \u00f6nceGirit Adas\u0131\u2019na y\u00f6nelmi\u015ftir. , \u00e7\u00fcnk\u00fc Daha sonra yolculuk \u0130yon Denizi\u2019ndeki Strofades adalar\u0131na, sonra da Arnavutluk\u2019taki Butrint istikametine d\u00f6ner. Tehlikeli Sicilya bo\u011faz\u0131 ve Cariddi b\u00f6lgesini ge\u00e7me te\u015febb\u00fcsleri Etna Da\u011f\u0131 yak\u0131nlar\u0131nda ya\u015fayan Sikloplar taraf\u0131ndan engellense de, zor bela ka\u00e7may\u0131 ba\u015far\u0131rlar. B\u00f6ylece Aeneas ve arkada\u015flar\u0131 Sicilya\u2019n\u0131n bat\u0131 burnundaki Deprano\u2019ya var\u0131r ve ya\u015fl\u0131 Ankhises burada \u00f6l\u00fcr.<\/p><p>Dido\u2019nun kraliyetindeki Afrika k\u0131y\u0131lar\u0131nda verilen uzun mola sonras\u0131 Aeneas tekrar yola \u00e7\u0131kar. Siciliya Deprano\u2019ya tekrar u\u011frayarak burada bir mola verilir ve Ankhises an\u0131s\u0131na \u00f6l\u00fcm\u00fcnden tam bir y\u0131l sonra oyunlar organize edilir. Mola bitince Aeneas ve arkada\u015flar\u0131 rotay\u0131 Latium k\u0131y\u0131lar\u0131na \u00e7evirirler, Campania b\u00f6lgesindeki <strong>Cumae<\/strong>\u2019den ge\u00e7erlerken Truval\u0131 kahraman\u0131m\u0131z bu kez gelece\u011fini \u00f6\u011frenmek ve Sybilla ile birlikte yer alt\u0131 d\u00fcnyas\u0131na inmek i\u00e7in onun kahinine dan\u0131\u015f\u0131r. Yeralt\u0131 d\u00fcnyas\u0131nda babas\u0131 Ankhises ile kar\u015f\u0131la\u015f\u0131r, babas\u0131na onu ve soyunu bekleyen \u015fanl\u0131 gelecekten bahseder. Buradan \u00e7\u0131karak tekrar denize a\u00e7\u0131l\u0131rlar ve nihayet antik Latium b\u00f6lgesi k\u0131y\u0131lar\u0131na var\u0131rlar. Burada Truval\u0131lar ile Latinler aras\u0131nda ger\u00e7ekle\u015fen \u015fiddetli sava\u015f sonras\u0131nda Aeneas Latin kral\u0131n\u0131n k\u0131z\u0131 Lavinia ile evlenir ve antik Lavinium \u015fehrini kurar.<\/p><p>G\u00f6r\u00fcld\u00fc\u011f\u00fc gibi Vergilius\u2019un destan\u0131ndaki Aeneas\u2019\u0131n yolculu\u011fu, Homeros\u2019un \u0130lyada destan\u0131nda anlat\u0131lan Truva sava\u015f\u0131 ve kahramanlar\u0131 ile do\u011frudan ili\u015fki i\u00e7inde olan bir anlat\u0131d\u0131r. Ama Aeneas kuvvete ve kurnazl\u0131\u011fa ba\u015fvuran bir kahraman de\u011fildir. <strong>O, ortakla\u015fa geni\u015fleyen ve o zamanlar bilinen d\u00fcnyan\u0131n \u00e7o\u011funa ula\u015fan Akdeniz k\u00fclt\u00fcr\u00fcyle kar\u015f\u0131la\u015fman\u0131n ve yay\u0131lmas\u0131n\u0131n empati kahraman\u0131d\u0131r<\/strong>. Farkl\u0131 k\u00fclt\u00fcrlerle kar\u015f\u0131la\u015fma s\u00fcrecinde Aeneas\u2019\u0131n \u00fcstlendi\u011fi rol, b\u00f6ylece Avrupa ve Akdeniz ortak kimli\u011finin geli\u015fmesinde bir sembol haline gelmi\u015ftir.<\/p>\t\t\t\t\t\t<\/div>\n\t\t\t\t<\/div>\n\t\t\t\t\t<\/div>\n\t\t<\/div>\n\t\t\t\t\t\t\t<\/div>\n\t\t<\/section>\n\t\t\t\t\t<\/div>\n\t\t<\/div>\n\t\t\t\t\t\t\t<\/div>\n\t\t<\/section>\n\t\t\t\t\t\t\t<\/div>\n\t\t","protected":false},"excerpt":{"rendered":"<p>AENEAS\u2019IN YOLCULU\u011eU Tarih ve Efsanenin Tabiat Ve K\u00fclt\u00fcr ile B\u00fct\u00fcnle\u015fti\u011fi Ola\u011fan\u00fcst\u00fc Bir Yolculuk AENEAS\u2019IN YOLCULU\u011eU Vergilius\u2019un Aeneid destan\u0131nda anlat\u0131lan Aeneas\u2019\u0131n yolculu\u011fu Akdeniz \u00fczerinden do\u011fudan bat\u0131ya do\u011fru<span class=\"excerpt-hellip\"> [\u2026]<\/span><\/p>\n","protected":false},"author":1,"featured_media":0,"parent":0,"menu_order":0,"comment_status":"closed","ping_status":"closed","template":"","meta":{"footnotes":""},"class_list":["post-1468","page","type-page","status-publish","hentry"],"_links":{"self":[{"href":"https:\/\/ariste.aeneasroute.org\/tr\/wp-json\/wp\/v2\/pages\/1468","targetHints":{"allow":["GET"]}}],"collection":[{"href":"https:\/\/ariste.aeneasroute.org\/tr\/wp-json\/wp\/v2\/pages"}],"about":[{"href":"https:\/\/ariste.aeneasroute.org\/tr\/wp-json\/wp\/v2\/types\/page"}],"author":[{"embeddable":true,"href":"https:\/\/ariste.aeneasroute.org\/tr\/wp-json\/wp\/v2\/users\/1"}],"replies":[{"embeddable":true,"href":"https:\/\/ariste.aeneasroute.org\/tr\/wp-json\/wp\/v2\/comments?post=1468"}],"version-history":[{"count":7,"href":"https:\/\/ariste.aeneasroute.org\/tr\/wp-json\/wp\/v2\/pages\/1468\/revisions"}],"predecessor-version":[{"id":1680,"href":"https:\/\/ariste.aeneasroute.org\/tr\/wp-json\/wp\/v2\/pages\/1468\/revisions\/1680"}],"wp:attachment":[{"href":"https:\/\/ariste.aeneasroute.org\/tr\/wp-json\/wp\/v2\/media?parent=1468"}],"curies":[{"name":"wp","href":"https:\/\/api.w.org\/{rel}","templated":true}]}}