{"id":1474,"date":"2020-02-19T08:52:18","date_gmt":"2020-02-19T07:52:18","guid":{"rendered":"https:\/\/ariste.aeneasroute.org\/ariste\/?page_id=1474"},"modified":"2022-06-22T10:05:56","modified_gmt":"2022-06-22T08:05:56","slug":"home","status":"publish","type":"page","link":"https:\/\/ariste.aeneasroute.org\/tr\/","title":{"rendered":"Home"},"content":{"rendered":"\t\t<div data-elementor-type=\"wp-page\" data-elementor-id=\"1474\" class=\"elementor elementor-1474\">\n\t\t\t\t\t\t\t\t\t<section class=\"elementor-section elementor-top-section elementor-element elementor-element-2fb47ea elementor-section-full_width elementor-section-content-middle elementor-section-stretched elementor-section-height-default elementor-section-height-default\" data-id=\"2fb47ea\" data-element_type=\"section\" data-settings=\"{&quot;stretch_section&quot;:&quot;section-stretched&quot;,&quot;background_background&quot;:&quot;classic&quot;}\">\n\t\t\t\t\t\t<div class=\"elementor-container elementor-column-gap-default\">\n\t\t\t\t\t<div class=\"elementor-column elementor-col-50 elementor-top-column elementor-element elementor-element-3eb1dcb\" data-id=\"3eb1dcb\" data-element_type=\"column\">\n\t\t\t<div class=\"elementor-widget-wrap elementor-element-populated\">\n\t\t\t\t\t\t\t\t<div class=\"elementor-element elementor-element-8090131 elementor-widget elementor-widget-text-editor\" data-id=\"8090131\" data-element_type=\"widget\" data-widget_type=\"text-editor.default\">\n\t\t\t\t<div class=\"elementor-widget-container\">\n\t\t\t<style>\/*! elementor - v3.7.8 - 02-10-2022 *\/\n.elementor-widget-text-editor.elementor-drop-cap-view-stacked .elementor-drop-cap{background-color:#818a91;color:#fff}.elementor-widget-text-editor.elementor-drop-cap-view-framed .elementor-drop-cap{color:#818a91;border:3px solid;background-color:transparent}.elementor-widget-text-editor:not(.elementor-drop-cap-view-default) .elementor-drop-cap{margin-top:8px}.elementor-widget-text-editor:not(.elementor-drop-cap-view-default) .elementor-drop-cap-letter{width:1em;height:1em}.elementor-widget-text-editor .elementor-drop-cap{float:left;text-align:center;line-height:1;font-size:50px}.elementor-widget-text-editor .elementor-drop-cap-letter{display:inline-block}<\/style>\t\t\t\t<h5>AENEAS\u2019IN \u0130Z\u0130NDE PROJES\u0130<\/h5>\n<h4><span style=\"color: #33949c;\">Aeneas\u2019\u0131n \u0130zinde: \u0130talya ile T\u00fcrkiye Aras\u0131nda Ortak K\u00fclt\u00fcr Miras\u0131<\/span> T.C. K\u00fclt\u00fcr ve Turizm Bakanl\u0131\u011f\u0131 taraf\u0131ndan Avrupa Birli\u011fi\u2019nin mali deste\u011fi ile hayata ge\u00e7irilen<span class=\"themecolor\"> \u201cOrtak K\u00fclt\u00fcr Miras\u0131: T\u00fcrkiye ve AB Aras\u0131nda Koruma ve Diyalog-II (CCH-II) Hibe Program\u0131\u201d<\/span> kapsam\u0131nda hibe deste\u011fi alm\u0131\u015ft\u0131r. <span class=\"themecolor\">\u201cOrtak K\u00fclt\u00fcr Miras\u0131: T\u00fcrkiye ve AB Aras\u0131nda Koruma ve Diyalog-II (CCH-II) Hibe Program\u0131\u201d<\/span>n\u0131n S\u00f6zle\u015fme Makam\u0131, Merkezi Finans ve \u0130hale Birimi olup. T\u00fcrkiye ve AB kurulu\u015flar\u0131 aras\u0131nda ortakla\u015fa uygulanan ortak k\u00fclt\u00fcrel miras faaliyetlerinin te\u015fvik edilmesini ve geli\u015ftirilmesini ama\u00e7lamaktad\u0131r. Bu hibe program\u0131n\u0131n genel hedefi, k\u00fclt\u00fcr, sanat ve k\u00fclt\u00fcrel miras yoluyla sivil toplum diyalo\u011funun, k\u00fclt\u00fcrel miras konusunda uluslararas\u0131 i\u015fbirli\u011finin geli\u015ftirilmesi ve T\u00fcrkiye\u2019de k\u00fclt\u00fcrel de\u011ferlerin te\u015fvik edilmesidir.<\/h4>\t\t\t\t\t\t<\/div>\n\t\t\t\t<\/div>\n\t\t\t\t<section class=\"elementor-section elementor-inner-section elementor-element elementor-element-27fb15f elementor-section-content-middle elementor-section-boxed elementor-section-height-default elementor-section-height-default\" data-id=\"27fb15f\" data-element_type=\"section\">\n\t\t\t\t\t\t<div class=\"elementor-container elementor-column-gap-default\">\n\t\t\t\t\t<div class=\"elementor-column elementor-col-50 elementor-inner-column elementor-element elementor-element-1e9b9f4\" data-id=\"1e9b9f4\" data-element_type=\"column\">\n\t\t\t<div class=\"elementor-widget-wrap elementor-element-populated\">\n\t\t\t\t\t\t\t\t<div class=\"elementor-element elementor-element-73a7383 elementor-widget elementor-widget-text-editor\" data-id=\"73a7383\" data-element_type=\"widget\" data-widget_type=\"text-editor.default\">\n\t\t\t\t<div class=\"elementor-widget-container\">\n\t\t\t\t\t\t\t<h4><a href=\"https:\/\/ariste.aeneasroute.org\/ariste\/associazione-rotta-di-enea\/\"><u>Devamini Oku<\/u><\/a><\/h4>\t\t\t\t\t\t<\/div>\n\t\t\t\t<\/div>\n\t\t\t\t\t<\/div>\n\t\t<\/div>\n\t\t\t\t<div class=\"elementor-column elementor-col-50 elementor-inner-column elementor-element elementor-element-fc30b58\" data-id=\"fc30b58\" data-element_type=\"column\">\n\t\t\t<div class=\"elementor-widget-wrap elementor-element-populated\">\n\t\t\t\t\t\t\t\t<div class=\"elementor-element elementor-element-7924a16 elementor-widget elementor-widget-text-editor\" data-id=\"7924a16\" data-element_type=\"widget\" data-widget_type=\"text-editor.default\">\n\t\t\t\t<div class=\"elementor-widget-container\">\n\t\t\t\t\t\t\t\t\t\t\t\t\t<\/div>\n\t\t\t\t<\/div>\n\t\t\t\t\t<\/div>\n\t\t<\/div>\n\t\t\t\t\t\t\t<\/div>\n\t\t<\/section>\n\t\t\t\t\t<\/div>\n\t\t<\/div>\n\t\t\t\t<div class=\"elementor-column elementor-col-50 elementor-top-column elementor-element elementor-element-5b1b569\" data-id=\"5b1b569\" data-element_type=\"column\">\n\t\t\t<div class=\"elementor-widget-wrap elementor-element-populated\">\n\t\t\t\t\t\t\t\t<div class=\"elementor-element elementor-element-f8e8263 elementor-widget elementor-widget-image\" data-id=\"f8e8263\" data-element_type=\"widget\" data-widget_type=\"image.default\">\n\t\t\t\t<div class=\"elementor-widget-container\">\n\t\t\t<style>\/*! elementor - v3.7.8 - 02-10-2022 *\/\n.elementor-widget-image{text-align:center}.elementor-widget-image a{display:inline-block}.elementor-widget-image a img[src$=\".svg\"]{width:48px}.elementor-widget-image img{vertical-align:middle;display:inline-block}<\/style>\t\t\t\t\t\t\t\t\t\t\t\t<img loading=\"lazy\" decoding=\"async\" width=\"1024\" height=\"881\" src=\"https:\/\/ariste.aeneasroute.org\/ariste\/wp-content\/uploads\/2022\/01\/aenea-1024x881.png\" class=\"attachment-large size-large\" alt=\"\" srcset=\"https:\/\/ariste.aeneasroute.org\/ariste\/wp-content\/uploads\/2022\/01\/aenea-1024x881.png 1024w, https:\/\/ariste.aeneasroute.org\/ariste\/wp-content\/uploads\/2022\/01\/aenea-300x258.png 300w, https:\/\/ariste.aeneasroute.org\/ariste\/wp-content\/uploads\/2022\/01\/aenea-768x661.png 768w, https:\/\/ariste.aeneasroute.org\/ariste\/wp-content\/uploads\/2022\/01\/aenea-170x146.png 170w, https:\/\/ariste.aeneasroute.org\/ariste\/wp-content\/uploads\/2022\/01\/aenea-50x43.png 50w, https:\/\/ariste.aeneasroute.org\/ariste\/wp-content\/uploads\/2022\/01\/aenea-87x75.png 87w, https:\/\/ariste.aeneasroute.org\/ariste\/wp-content\/uploads\/2022\/01\/aenea.png 1063w\" sizes=\"auto, (max-width: 1024px) 100vw, 1024px\" \/>\t\t\t\t\t\t\t\t\t\t\t\t\t\t\t<\/div>\n\t\t\t\t<\/div>\n\t\t\t\t\t<\/div>\n\t\t<\/div>\n\t\t\t\t\t\t\t<\/div>\n\t\t<\/section>\n\t\t\t\t<section class=\"elementor-section elementor-top-section elementor-element elementor-element-f910631 elementor-section-full_width elementor-section-stretched elementor-section-height-default elementor-section-height-default\" data-id=\"f910631\" data-element_type=\"section\" data-settings=\"{&quot;stretch_section&quot;:&quot;section-stretched&quot;}\">\n\t\t\t\t\t\t<div class=\"elementor-container elementor-column-gap-wider\">\n\t\t\t\t\t<div class=\"elementor-column elementor-col-100 elementor-top-column elementor-element elementor-element-9084b4c\" data-id=\"9084b4c\" data-element_type=\"column\">\n\t\t\t<div class=\"elementor-widget-wrap elementor-element-populated\">\n\t\t\t\t\t\t\t\t<div class=\"elementor-element elementor-element-477cf34 elementor-widget elementor-widget-mfn_slider\" data-id=\"477cf34\" data-element_type=\"widget\" data-widget_type=\"mfn_slider.default\">\n\t\t\t\t<div class=\"elementor-widget-container\">\n\t\t\t<div class=\"content_slider center hide-arrows\"><ul class=\"content_slider_ul\"><li class=\"content_slider_li_1\"><a href=\"https:\/\/ariste.aeneasroute.org\/ariste\/tr\/edremit\/\" ><img loading=\"lazy\" decoding=\"async\" width=\"1280\" height=\"720\" src=\"https:\/\/ariste.aeneasroute.org\/ariste\/wp-content\/uploads\/2020\/02\/Gallery_Edremit_immagine-3.jpg\" class=\"scale-with-grid wp-post-image\" alt=\"\" srcset=\"https:\/\/ariste.aeneasroute.org\/ariste\/wp-content\/uploads\/2020\/02\/Gallery_Edremit_immagine-3.jpg 1280w, https:\/\/ariste.aeneasroute.org\/ariste\/wp-content\/uploads\/2020\/02\/Gallery_Edremit_immagine-3-300x169.jpg 300w, https:\/\/ariste.aeneasroute.org\/ariste\/wp-content\/uploads\/2020\/02\/Gallery_Edremit_immagine-3-1024x576.jpg 1024w, https:\/\/ariste.aeneasroute.org\/ariste\/wp-content\/uploads\/2020\/02\/Gallery_Edremit_immagine-3-768x432.jpg 768w, https:\/\/ariste.aeneasroute.org\/ariste\/wp-content\/uploads\/2020\/02\/Gallery_Edremit_immagine-3-260x146.jpg 260w, https:\/\/ariste.aeneasroute.org\/ariste\/wp-content\/uploads\/2020\/02\/Gallery_Edremit_immagine-3-50x28.jpg 50w, https:\/\/ariste.aeneasroute.org\/ariste\/wp-content\/uploads\/2020\/02\/Gallery_Edremit_immagine-3-133x75.jpg 133w, https:\/\/ariste.aeneasroute.org\/ariste\/wp-content\/uploads\/2020\/02\/Gallery_Edremit_immagine-3-1200x675.jpg 1200w\" sizes=\"auto, (max-width: 1280px) 100vw, 1280px\" \/><\/a><\/li><li class=\"content_slider_li_2\"><a href=\"https:\/\/ariste.aeneasroute.org\/ariste\/tr\/edremit\/\" ><img loading=\"lazy\" decoding=\"async\" width=\"1280\" height=\"720\" src=\"https:\/\/ariste.aeneasroute.org\/ariste\/wp-content\/uploads\/2022\/01\/Gallery_Edremit_immagine-7.jpg\" class=\"scale-with-grid wp-post-image\" alt=\"\" srcset=\"https:\/\/ariste.aeneasroute.org\/ariste\/wp-content\/uploads\/2022\/01\/Gallery_Edremit_immagine-7.jpg 1280w, https:\/\/ariste.aeneasroute.org\/ariste\/wp-content\/uploads\/2022\/01\/Gallery_Edremit_immagine-7-300x169.jpg 300w, https:\/\/ariste.aeneasroute.org\/ariste\/wp-content\/uploads\/2022\/01\/Gallery_Edremit_immagine-7-1024x576.jpg 1024w, https:\/\/ariste.aeneasroute.org\/ariste\/wp-content\/uploads\/2022\/01\/Gallery_Edremit_immagine-7-768x432.jpg 768w, https:\/\/ariste.aeneasroute.org\/ariste\/wp-content\/uploads\/2022\/01\/Gallery_Edremit_immagine-7-260x146.jpg 260w, https:\/\/ariste.aeneasroute.org\/ariste\/wp-content\/uploads\/2022\/01\/Gallery_Edremit_immagine-7-50x28.jpg 50w, https:\/\/ariste.aeneasroute.org\/ariste\/wp-content\/uploads\/2022\/01\/Gallery_Edremit_immagine-7-133x75.jpg 133w, https:\/\/ariste.aeneasroute.org\/ariste\/wp-content\/uploads\/2022\/01\/Gallery_Edremit_immagine-7-1200x675.jpg 1200w\" sizes=\"auto, (max-width: 1280px) 100vw, 1280px\" \/><\/a><\/li><li class=\"content_slider_li_3\"><a href=\"https:\/\/ariste.aeneasroute.org\/ariste\/tr\/edremit\/\" ><img loading=\"lazy\" decoding=\"async\" width=\"1280\" height=\"720\" src=\"https:\/\/ariste.aeneasroute.org\/ariste\/wp-content\/uploads\/2020\/02\/Gallery_Edremit_immagine-2.jpg\" class=\"scale-with-grid wp-post-image\" alt=\"\" srcset=\"https:\/\/ariste.aeneasroute.org\/ariste\/wp-content\/uploads\/2020\/02\/Gallery_Edremit_immagine-2.jpg 1280w, https:\/\/ariste.aeneasroute.org\/ariste\/wp-content\/uploads\/2020\/02\/Gallery_Edremit_immagine-2-300x169.jpg 300w, https:\/\/ariste.aeneasroute.org\/ariste\/wp-content\/uploads\/2020\/02\/Gallery_Edremit_immagine-2-1024x576.jpg 1024w, https:\/\/ariste.aeneasroute.org\/ariste\/wp-content\/uploads\/2020\/02\/Gallery_Edremit_immagine-2-768x432.jpg 768w, https:\/\/ariste.aeneasroute.org\/ariste\/wp-content\/uploads\/2020\/02\/Gallery_Edremit_immagine-2-260x146.jpg 260w, https:\/\/ariste.aeneasroute.org\/ariste\/wp-content\/uploads\/2020\/02\/Gallery_Edremit_immagine-2-50x28.jpg 50w, https:\/\/ariste.aeneasroute.org\/ariste\/wp-content\/uploads\/2020\/02\/Gallery_Edremit_immagine-2-133x75.jpg 133w, https:\/\/ariste.aeneasroute.org\/ariste\/wp-content\/uploads\/2020\/02\/Gallery_Edremit_immagine-2-1200x675.jpg 1200w\" sizes=\"auto, (max-width: 1280px) 100vw, 1280px\" \/><\/a><\/li><\/ul><div class=\"slider_pager slider_pagination\"><\/div><\/div>\n\t\t<\/div>\n\t\t\t\t<\/div>\n\t\t\t\t\t<\/div>\n\t\t<\/div>\n\t\t\t\t\t\t\t<\/div>\n\t\t<\/section>\n\t\t\t\t\t\t\t<\/div>\n\t\t","protected":false},"excerpt":{"rendered":"<p>AENEAS\u2019IN \u0130Z\u0130NDE PROJES\u0130 Aeneas\u2019\u0131n \u0130zinde: \u0130talya ile T\u00fcrkiye Aras\u0131nda Ortak K\u00fclt\u00fcr Miras\u0131 T.C. K\u00fclt\u00fcr ve Turizm Bakanl\u0131\u011f\u0131 taraf\u0131ndan Avrupa Birli\u011fi\u2019nin mali deste\u011fi ile hayata ge\u00e7irilen \u201cOrtak<span class=\"excerpt-hellip\"> [\u2026]<\/span><\/p>\n","protected":false},"author":1,"featured_media":0,"parent":0,"menu_order":0,"comment_status":"closed","ping_status":"closed","template":"","meta":{"footnotes":""},"class_list":["post-1474","page","type-page","status-publish","hentry"],"_links":{"self":[{"href":"https:\/\/ariste.aeneasroute.org\/tr\/wp-json\/wp\/v2\/pages\/1474","targetHints":{"allow":["GET"]}}],"collection":[{"href":"https:\/\/ariste.aeneasroute.org\/tr\/wp-json\/wp\/v2\/pages"}],"about":[{"href":"https:\/\/ariste.aeneasroute.org\/tr\/wp-json\/wp\/v2\/types\/page"}],"author":[{"embeddable":true,"href":"https:\/\/ariste.aeneasroute.org\/tr\/wp-json\/wp\/v2\/users\/1"}],"replies":[{"embeddable":true,"href":"https:\/\/ariste.aeneasroute.org\/tr\/wp-json\/wp\/v2\/comments?post=1474"}],"version-history":[{"count":11,"href":"https:\/\/ariste.aeneasroute.org\/tr\/wp-json\/wp\/v2\/pages\/1474\/revisions"}],"predecessor-version":[{"id":1574,"href":"https:\/\/ariste.aeneasroute.org\/tr\/wp-json\/wp\/v2\/pages\/1474\/revisions\/1574"}],"wp:attachment":[{"href":"https:\/\/ariste.aeneasroute.org\/tr\/wp-json\/wp\/v2\/media?parent=1474"}],"curies":[{"name":"wp","href":"https:\/\/api.w.org\/{rel}","templated":true}]}}