{"id":1720,"date":"2022-07-19T16:42:11","date_gmt":"2022-07-19T14:42:11","guid":{"rendered":"https:\/\/ariste.aeneasroute.org\/?page_id=1720"},"modified":"2022-12-01T14:19:48","modified_gmt":"2022-12-01T13:19:48","slug":"arkeolojik-sempozyum-bildirileri","status":"publish","type":"page","link":"https:\/\/ariste.aeneasroute.org\/tr\/arkeolojik-sempozyum-bildirileri\/","title":{"rendered":"Arkeolojik Sempozyum Bildirileri"},"content":{"rendered":"\t\t<div data-elementor-type=\"wp-page\" data-elementor-id=\"1720\" class=\"elementor elementor-1720\">\n\t\t\t\t\t\t\t\t\t<section class=\"elementor-section elementor-top-section elementor-element elementor-element-0f4aad4 elementor-section-height-full elementor-section-stretched elementor-section-boxed elementor-section-height-default elementor-section-items-middle\" data-id=\"0f4aad4\" data-element_type=\"section\" data-settings=\"{&quot;stretch_section&quot;:&quot;section-stretched&quot;,&quot;background_background&quot;:&quot;classic&quot;}\">\n\t\t\t\t\t\t<div class=\"elementor-container elementor-column-gap-default\">\n\t\t\t\t\t<div class=\"elementor-column elementor-col-100 elementor-top-column elementor-element elementor-element-9a5c600\" data-id=\"9a5c600\" data-element_type=\"column\">\n\t\t\t<div class=\"elementor-widget-wrap elementor-element-populated\">\n\t\t\t\t\t\t\t\t<div class=\"elementor-element elementor-element-b38a2bf elementor-widget elementor-widget-text-editor\" data-id=\"b38a2bf\" data-element_type=\"widget\" data-widget_type=\"text-editor.default\">\n\t\t\t\t<div class=\"elementor-widget-container\">\n\t\t\t<style>\/*! elementor - v3.7.8 - 02-10-2022 *\/\n.elementor-widget-text-editor.elementor-drop-cap-view-stacked .elementor-drop-cap{background-color:#818a91;color:#fff}.elementor-widget-text-editor.elementor-drop-cap-view-framed .elementor-drop-cap{color:#818a91;border:3px solid;background-color:transparent}.elementor-widget-text-editor:not(.elementor-drop-cap-view-default) .elementor-drop-cap{margin-top:8px}.elementor-widget-text-editor:not(.elementor-drop-cap-view-default) .elementor-drop-cap-letter{width:1em;height:1em}.elementor-widget-text-editor .elementor-drop-cap{float:left;text-align:center;line-height:1;font-size:50px}.elementor-widget-text-editor .elementor-drop-cap-letter{display:inline-block}<\/style>\t\t\t\t<h2><span style=\"color: #ffffff;\">Arkeolojik Sempozyum Bildirileri <\/span><\/h2>\n<h4 class=\"MsoNormal\" style=\"text-align: justify;\"><span style=\"color: #ffffff;\"><i>Troas Ve Latium B\u00f6lgesindeki Aeneas; Mitoloji Ve Arkeoloji<\/i><\/span><\/h4>\t\t\t\t\t\t<\/div>\n\t\t\t\t<\/div>\n\t\t\t\t\t<\/div>\n\t\t<\/div>\n\t\t\t\t\t\t\t<\/div>\n\t\t<\/section>\n\t\t\t\t<section class=\"elementor-section elementor-top-section elementor-element elementor-element-d3e5c3c elementor-section-stretched elementor-section-boxed elementor-section-height-default elementor-section-height-default\" data-id=\"d3e5c3c\" data-element_type=\"section\" data-settings=\"{&quot;stretch_section&quot;:&quot;section-stretched&quot;}\">\n\t\t\t\t\t\t<div class=\"elementor-container elementor-column-gap-wider\">\n\t\t\t\t\t<div class=\"elementor-column elementor-col-100 elementor-top-column elementor-element elementor-element-d6df846\" data-id=\"d6df846\" data-element_type=\"column\">\n\t\t\t<div class=\"elementor-widget-wrap elementor-element-populated\">\n\t\t\t\t\t\t\t\t<section class=\"elementor-section elementor-inner-section elementor-element elementor-element-e098026 elementor-section-boxed elementor-section-height-default elementor-section-height-default\" data-id=\"e098026\" data-element_type=\"section\">\n\t\t\t\t\t\t<div class=\"elementor-container elementor-column-gap-default\">\n\t\t\t\t\t<div class=\"elementor-column elementor-col-100 elementor-inner-column elementor-element elementor-element-9285098\" data-id=\"9285098\" data-element_type=\"column\">\n\t\t\t<div class=\"elementor-widget-wrap elementor-element-populated\">\n\t\t\t\t\t\t\t\t<div class=\"elementor-element elementor-element-55b54ee elementor-widget elementor-widget-text-editor\" data-id=\"55b54ee\" data-element_type=\"widget\" data-widget_type=\"text-editor.default\">\n\t\t\t\t<div class=\"elementor-widget-container\">\n\t\t\t\t\t\t\t<h3><strong>Arkeolojik Sempozyum Bildirileri <\/strong><\/h3><p><strong>26 Ekim 2021 tarihinde Edremit&#8217;te (T\u00fcrkiye) d\u00fczenlenen \u201cTroas ve Latium B\u00f6lgesindeki Aeneas; Mitoloji ve Arkeoloji\u201d Uluslararas\u0131 Arkeoloji Sempozyumun \u201cAeneas\u2019\u0131n \u0130zinde\u201d projesinin ana faaliyetlerden biridir. T\u00fcrk ve \u0130talyan arkeologlar\u0131n kat\u0131l\u0131m\u0131 g\u00f6ren Sempozyumun esnas\u0131nda Latium ve Troas b\u00f6lgesinde bulunan Aeneas miras\u0131n\u0131n arkeolojik ve mitolojik d\u00fczeyde benzerlikleri inceleyerek \u00fczerinde ortak sunumlar ve ara\u015ft\u0131rmalar ger\u00e7ekle\u015ftirildi. <\/strong>Etkinli\u011fe T\u00fcrkiye Cumhuriyeti K\u00fclt\u00fcr Bakanl\u0131\u011f\u0131, Bal\u0131kesir Valili\u011fi, T\u00fcrkiye Cumhuriyeti K\u00fclt\u00fcr ve Turizm Bakanl\u0131\u011f\u0131 K\u00fclt\u00fcr Varl\u0131klar\u0131 ve M\u00fczeler Genel M\u00fcd\u00fcrl\u00fc\u011f\u00fc, EPA B\u00fcro \u00dcyesi T\u00fcrkiye Temsilcisi, Bal\u0131kesir il ve K\u00fclt\u00fcr M\u00fcd\u00fcrl\u00fc\u011f\u00fc, \u00c7anakkale K\u00fclt\u00fcr ve Turizm M\u00fcd\u00fcrl\u00fc\u011f\u00fc, Bal\u0131kesir M\u00fczeler M\u00fcd\u00fcrl\u00fc\u011f\u00fc, G\u00fcney Marmara Kalk\u0131nma Ajans\u0131, Troya Arkeolojik Alan\u0131 (UNESCO) Ba\u015fkan\u0131 ve Ba\u015fkan Yard\u0131mc\u0131s\u0131, Troya Arkeoloji M\u00fcze M\u00fcd\u00fcr\u00fc, Antandros arkeolojik kaz\u0131 alanine ekip \u00fcyesi, Colosseum Arkeoloji Park\u0131 (UNESCO) Direkt\u00f6r\u00fc, Butrint Arkeoloji Park\u0131 (UNESCO) Direkt\u00f6r\u00fc, Lavinium Arkeolojik Sitesi Direkt\u00f6r\u00fc, \u0130talya Cumhuriyeti MiC K\u00fclt\u00fcr Bakanl\u0131\u011f\u0131 temsilcisi, Bal\u0131kesir B\u00fcy\u00fck\u015fehir Belediyesi, Edremit Belediyesi, \u00c7anakkale Belediyesi, T\u00fcrkiye Cumhuriyeti K\u00fclt\u00fcr ve Turizm Bakanl\u0131\u011f\u0131, T\u00fcrkiye Turizm Tan\u0131tma ve Geli\u015ftirme Ajans\u0131, Bal\u0131kesir \u00dcniversitesi, \u00c7anakkale \u00dcniversitesi ve Roma Sapienza \u00dcniversitesi ile birlikte 80 ki\u015fiden fazla kat\u0131l\u0131m sa\u011flam\u0131\u015ft\u0131r. Uluslararas\u0131 Sempozyumu\u2019n program\u0131 iki oturumdan olu\u015fmu\u015ftur. Alfonsina Russo&#8217;nun moderat\u00f6rl\u00fc\u011f\u00fcnde d\u00fczenlenen ilk oturum olan \u201cTroas B\u00f6lgesi: Ka\u00e7\u0131\u015f ve Ayr\u0131l\u0131\u015f\u201d esnas\u0131nda T\u00fcrk Akademisyenlerin katk\u0131lar\u0131 ile Aeneas efsanesin arkeolojik, tarihi ve peyzaj miras\u0131na b\u0131rakt\u0131\u011f\u0131 izinleri konusunda konu\u015fmalar\u0131 yap\u0131lm\u0131\u015ft\u0131r. \u0130kinci oturum ise Prof. R\u00fcstem Aslan&#8217;\u0131n moderat\u00f6rl\u00fc\u011f\u00fcnde d\u00fczenlenen ikici oturum olan\u00a0 \u201cAeneas&#8217;\u0131n Latium&#8217;a Geli\u015fi\u201d esnas\u0131nda Aeneas efsanenin Troas ve Latium b\u00f6lgelerin yerel antik topluluklar aras\u0131nda yaratt\u0131\u011f\u0131 k\u00fclt\u00fcrel, tarihi, arkeolojik benzerlikleri konusunda \u0130talyan akademisyenler taraf\u0131ndan sunumlar yap\u0131lm\u0131\u015ft\u0131r.<\/p>\t\t\t\t\t\t<\/div>\n\t\t\t\t<\/div>\n\t\t\t\t<div class=\"elementor-element elementor-element-a6e1ba9 elementor-widget elementor-widget-text-editor\" data-id=\"a6e1ba9\" data-element_type=\"widget\" data-widget_type=\"text-editor.default\">\n\t\t\t\t<div class=\"elementor-widget-container\">\n\t\t\t\t\t\t\t<h3><strong>Arkeoljik Sempozyum Bildirileri Oku<\/strong>&gt;&gt;<\/h3>\n<ul>\n \t<li><a href=\"https:\/\/ariste.aeneasroute.org\/ariste\/wp-content\/uploads\/2022\/07\/01-ON-THE-STEPS-OF-AENEAS-ENEA.pdf\" target=\"_blank\" rel=\"noopener\"><strong>Selman Hasan Arslan &#8211; Tamer Acar &#8211; Giovanni Cafiero: \u201cAeneas\u2019\u0131n \u0130zinde: T\u00fcrkiye ve \u0130talya aras\u0131nda Ortak K\u00fclt\u00fcr Miras\u0131. A\u00e7\u0131l\u0131\u015f konu\u015fmalar\u0131, 26 Ekim 2021\u201d. <\/strong><\/a><\/li>\n \t<li><a href=\"https:\/\/ariste.aeneasroute.org\/ariste\/wp-content\/uploads\/2022\/07\/02-INTRODUCTION-ENEA-2.pdf\" target=\"_blank\" rel=\"noopener\"><strong> Sandra Gatti: \u201cGiri\u015f\u201d<\/strong><\/a><\/li>\n \t<li><a href=\"https:\/\/ariste.aeneasroute.org\/ariste\/wp-content\/uploads\/2022\/12\/Troya-Nasil-Romanin-Ana-Kenti-Oldu.pdf\" target=\"_blank\" rel=\"noopener\"><strong> Dr. R\u00fcstem Aslan: \u201cTroya Nas\u0131l Roma\u2019n\u0131n Ana Kenti Oldu?\u201d<\/strong><\/a><\/li>\n \t<li><a href=\"https:\/\/ariste.aeneasroute.org\/ariste\/wp-content\/uploads\/2022\/12\/ReyhanKorpe-Dardanos-Prensi.pdf\" target=\"_blank\" rel=\"noopener\"><strong> Dr. Rehyan K\u00f6rpe: \u201cDARDANOS PRENS\u0130 AENEAS: TROYA M\u0130TOLOJ\u0130S\u0130NDEK\u0130 YER\u0130 VE ANT\u0130K \u00c7A\u011eDA TROYA\u2019DAK\u0130 YANSIMALARI\u201d <\/strong><\/a><\/li>\n \t<li><a href=\"https:\/\/ariste.aeneasroute.org\/ariste\/wp-content\/uploads\/2022\/12\/Aeneas-Diplomasisi.pdf\" target=\"_blank\" rel=\"noopener\"><strong>Ridvan G\u00f6lc\u00fcck: \u201cAeneas\u2019\u0131n Diplomasi\u201d<\/strong><\/a><\/li>\n \t<li><a href=\"https:\/\/ariste.aeneasroute.org\/ariste\/wp-content\/uploads\/2022\/12\/Antandros-Literatur-Taramasi.pdf\" target=\"_blank\" rel=\"noopener\"><strong>Aytekin Yilmaz: \u201cAntandros Literat\u00fcr Taramas\u0131 ve Yaz\u0131t Analizi\u201d<\/strong><\/a><\/li>\n \t<li><a href=\"https:\/\/ariste.aeneasroute.org\/ariste\/wp-content\/uploads\/2022\/07\/07-Lentano-ENEA-7.pdf\" target=\"_blank\" rel=\"noopener\"><strong> Dr. Mario Lentano: \u201cAnkises, Aeneas ve Roma\u2019n\u0131n gelece\u011fi\u201d. <\/strong><\/a><\/li>\n \t<li><a href=\"https:\/\/ariste.aeneasroute.org\/ariste\/wp-content\/uploads\/2022\/07\/08-Jaia-ENEA-8.pdf\" target=\"_blank\" rel=\"noopener\"><strong> Dr. Alessandro Maria Jaia: \u201cAeneas ve Lavinium\u2019um Truval\u0131 topografi\u201d<\/strong><\/a><\/li>\n \t<li><a href=\"https:\/\/ariste.aeneasroute.org\/ariste\/wp-content\/uploads\/2022\/07\/09-Gatti-ENEA-9.pdf\" target=\"_blank\" rel=\"noopener\"><strong>Sandra Gatti: \u201cLatium\u2019daki Aeneas\u2019\u0131n yerleri; arkeolojik ve mitoloji\u201d<\/strong><\/a><\/li>\n \t<li><a href=\"https:\/\/ariste.aeneasroute.org\/ariste\/wp-content\/uploads\/2022\/07\/10-Russo-ENEA-10.pdf\" target=\"_blank\" rel=\"noopener\"><strong> Alfonsina Russo: \u201cRoma\u2019daki Aeneas\u2019\u0131n yerleri\u201d<\/strong><\/a><\/li>\n \t<li><a href=\"https:\/\/ariste.aeneasroute.org\/ariste\/wp-content\/uploads\/2022\/07\/11-Fortuna-ENEA-11.pdf\" target=\"_blank\" rel=\"noopener\"><strong> Daniele Fortuna: \u201cAvrupa\u2019n\u0131n G\u00f6rsel Sanat Eserlerinde \u201cTroya\u2019dan Ka\u00e7an Aenas\u2019\u0131n \u0130konografi \u201d<\/strong><\/a><\/li>\n \t<li><a href=\"https:\/\/ariste.aeneasroute.org\/ariste\/wp-content\/uploads\/2022\/07\/ENEA.pdf\" target=\"_blank\" rel=\"noopener\"><strong>\n<\/strong><strong>\u201cTroas Ve Latium B\u00f6lgesindeki Aeneas; Mitoloji Ve Arkeoloji\u201d b\u00fct\u00fcn bildirimleri (tek dosya) <\/strong><\/a><\/li>\n<\/ul>\t\t\t\t\t\t<\/div>\n\t\t\t\t<\/div>\n\t\t\t\t\t<\/div>\n\t\t<\/div>\n\t\t\t\t\t\t\t<\/div>\n\t\t<\/section>\n\t\t\t\t\t<\/div>\n\t\t<\/div>\n\t\t\t\t\t\t\t<\/div>\n\t\t<\/section>\n\t\t\t\t\t\t\t<\/div>\n\t\t","protected":false},"excerpt":{"rendered":"<p>Arkeolojik Sempozyum Bildirileri Troas Ve Latium B\u00f6lgesindeki Aeneas; Mitoloji Ve Arkeoloji Arkeolojik Sempozyum Bildirileri 26 Ekim 2021 tarihinde Edremit&#8217;te (T\u00fcrkiye) d\u00fczenlenen \u201cTroas ve Latium B\u00f6lgesindeki Aeneas;<span class=\"excerpt-hellip\"> [\u2026]<\/span><\/p>\n","protected":false},"author":1,"featured_media":0,"parent":0,"menu_order":0,"comment_status":"closed","ping_status":"closed","template":"","meta":{"footnotes":""},"class_list":["post-1720","page","type-page","status-publish","hentry"],"_links":{"self":[{"href":"https:\/\/ariste.aeneasroute.org\/tr\/wp-json\/wp\/v2\/pages\/1720","targetHints":{"allow":["GET"]}}],"collection":[{"href":"https:\/\/ariste.aeneasroute.org\/tr\/wp-json\/wp\/v2\/pages"}],"about":[{"href":"https:\/\/ariste.aeneasroute.org\/tr\/wp-json\/wp\/v2\/types\/page"}],"author":[{"embeddable":true,"href":"https:\/\/ariste.aeneasroute.org\/tr\/wp-json\/wp\/v2\/users\/1"}],"replies":[{"embeddable":true,"href":"https:\/\/ariste.aeneasroute.org\/tr\/wp-json\/wp\/v2\/comments?post=1720"}],"version-history":[{"count":19,"href":"https:\/\/ariste.aeneasroute.org\/tr\/wp-json\/wp\/v2\/pages\/1720\/revisions"}],"predecessor-version":[{"id":1939,"href":"https:\/\/ariste.aeneasroute.org\/tr\/wp-json\/wp\/v2\/pages\/1720\/revisions\/1939"}],"wp:attachment":[{"href":"https:\/\/ariste.aeneasroute.org\/tr\/wp-json\/wp\/v2\/media?parent=1720"}],"curies":[{"name":"wp","href":"https:\/\/api.w.org\/{rel}","templated":true}]}}