{"id":891,"date":"2022-04-07T16:58:26","date_gmt":"2022-04-07T14:58:26","guid":{"rendered":"https:\/\/ariste.aeneasroute.org\/ariste\/?page_id=891"},"modified":"2022-06-23T17:10:53","modified_gmt":"2022-06-23T15:10:53","slug":"edremit-belediyesi","status":"publish","type":"page","link":"https:\/\/ariste.aeneasroute.org\/tr\/edremit-belediyesi\/","title":{"rendered":"Edremit Belediyesi"},"content":{"rendered":"\t\t<div data-elementor-type=\"wp-page\" data-elementor-id=\"891\" class=\"elementor elementor-891\">\n\t\t\t\t\t\t\t\t\t<section class=\"elementor-section elementor-top-section elementor-element elementor-element-0f4aad4 elementor-section-height-full elementor-section-stretched elementor-section-boxed elementor-section-height-default elementor-section-items-middle\" data-id=\"0f4aad4\" data-element_type=\"section\" data-settings=\"{&quot;stretch_section&quot;:&quot;section-stretched&quot;,&quot;background_background&quot;:&quot;classic&quot;}\">\n\t\t\t\t\t\t<div class=\"elementor-container elementor-column-gap-default\">\n\t\t\t\t\t<div class=\"elementor-column elementor-col-100 elementor-top-column elementor-element elementor-element-9a5c600\" data-id=\"9a5c600\" data-element_type=\"column\">\n\t\t\t<div class=\"elementor-widget-wrap elementor-element-populated\">\n\t\t\t\t\t\t\t\t<div class=\"elementor-element elementor-element-b38a2bf elementor-widget elementor-widget-text-editor\" data-id=\"b38a2bf\" data-element_type=\"widget\" data-widget_type=\"text-editor.default\">\n\t\t\t\t<div class=\"elementor-widget-container\">\n\t\t\t<style>\/*! elementor - v3.7.8 - 02-10-2022 *\/\n.elementor-widget-text-editor.elementor-drop-cap-view-stacked .elementor-drop-cap{background-color:#818a91;color:#fff}.elementor-widget-text-editor.elementor-drop-cap-view-framed .elementor-drop-cap{color:#818a91;border:3px solid;background-color:transparent}.elementor-widget-text-editor:not(.elementor-drop-cap-view-default) .elementor-drop-cap{margin-top:8px}.elementor-widget-text-editor:not(.elementor-drop-cap-view-default) .elementor-drop-cap-letter{width:1em;height:1em}.elementor-widget-text-editor .elementor-drop-cap{float:left;text-align:center;line-height:1;font-size:50px}.elementor-widget-text-editor .elementor-drop-cap-letter{display:inline-block}<\/style>\t\t\t\t<h2><span style=\"color: #ffffff;\">EDREM\u0130T BELED\u0130YES\u0130<\/span><\/h2>\t\t\t\t\t\t<\/div>\n\t\t\t\t<\/div>\n\t\t\t\t\t<\/div>\n\t\t<\/div>\n\t\t\t\t\t\t\t<\/div>\n\t\t<\/section>\n\t\t\t\t<section class=\"elementor-section elementor-top-section elementor-element elementor-element-d3e5c3c elementor-section-stretched elementor-section-boxed elementor-section-height-default elementor-section-height-default\" data-id=\"d3e5c3c\" data-element_type=\"section\" data-settings=\"{&quot;stretch_section&quot;:&quot;section-stretched&quot;}\">\n\t\t\t\t\t\t<div class=\"elementor-container elementor-column-gap-wider\">\n\t\t\t\t\t<div class=\"elementor-column elementor-col-100 elementor-top-column elementor-element elementor-element-d6df846\" data-id=\"d6df846\" data-element_type=\"column\">\n\t\t\t<div class=\"elementor-widget-wrap elementor-element-populated\">\n\t\t\t\t\t\t\t\t<section class=\"elementor-section elementor-inner-section elementor-element elementor-element-e098026 elementor-section-boxed elementor-section-height-default elementor-section-height-default\" data-id=\"e098026\" data-element_type=\"section\">\n\t\t\t\t\t\t<div class=\"elementor-container elementor-column-gap-default\">\n\t\t\t\t\t<div class=\"elementor-column elementor-col-100 elementor-inner-column elementor-element elementor-element-9285098\" data-id=\"9285098\" data-element_type=\"column\">\n\t\t\t<div class=\"elementor-widget-wrap elementor-element-populated\">\n\t\t\t\t\t\t\t\t<div class=\"elementor-element elementor-element-55b54ee elementor-widget elementor-widget-text-editor\" data-id=\"55b54ee\" data-element_type=\"widget\" data-widget_type=\"text-editor.default\">\n\t\t\t\t<div class=\"elementor-widget-container\">\n\t\t\t\t\t\t\t<h3><img loading=\"lazy\" decoding=\"async\" class=\"alignnone size-full wp-image-315\" src=\"https:\/\/ariste.aeneasroute.org\/ariste\/wp-content\/uploads\/2022\/01\/Edremit.png\" alt=\"\" width=\"184\" height=\"223\" srcset=\"https:\/\/ariste.aeneasroute.org\/ariste\/wp-content\/uploads\/2022\/01\/Edremit.png 184w, https:\/\/ariste.aeneasroute.org\/ariste\/wp-content\/uploads\/2022\/01\/Edremit-120x146.png 120w, https:\/\/ariste.aeneasroute.org\/ariste\/wp-content\/uploads\/2022\/01\/Edremit-41x50.png 41w, https:\/\/ariste.aeneasroute.org\/ariste\/wp-content\/uploads\/2022\/01\/Edremit-62x75.png 62w\" sizes=\"auto, (max-width: 184px) 100vw, 184px\" \/><\/h3><h3>EDREM\u0130T BELED\u0130YES\u0130<\/h3><p><strong>Edremit Belediyesi<\/strong>, Aeneas Rotas\u0131 Derne\u011fi\u2019nin kurucusudur ve dernek kapsam\u0131nda geli\u015ftirilen Yerel Y\u00f6netimler Stratejik Komitesi\u2019nde koordinat\u00f6r rol\u00fcn\u00fc \u00fcstlenmektedir. Antandros \u00d6ren Yeri\u2019ne ev sahipli\u011fi yapan Edremit \u015eehri, Avrupa Konseyi taraf\u0131ndan tescillenmi\u015f Aeneas Rotas\u0131\u2019n\u0131n en \u00f6nemli ortaklar\u0131ndan biri ve 2017 y\u0131l\u0131ndan bu yana Avrupa ve T\u00fcrkiye aras\u0131ndaki k\u00fclt\u00fcr miras \u00f6gelerinden birisi olan Aeneas Efsanesi\u2019ni yayg\u0131nla\u015ft\u0131rmak i\u00e7in yo\u011fun bir \u00e7al\u0131\u015fma y\u00fcr\u00fctmektedir.<\/p><p>Edremit Belediyesi 2018 y\u0131l\u0131ndan bu yana <strong>ALDA (Avrupa Yerel Demokrasi Derne\u011fi)<\/strong>\u2019nin \u00fcyesidir, bu kapsamda geli\u015ftirilen ve te\u015fvik edilen yerel demokrasi politikalar\u0131 nedeniyle Avrupa Konseyi ve Avrupa Konseyi Yerel ve B\u00f6lgesel Y\u00f6netimler Kongresi\u2019ne ba\u011fl\u0131 olan ALDA Edremit\u2019te T\u00fcrkiye\u2019nin ilk Yerel Demokrasi Ajans\u0131n\u0131 (LDA Edremit) kurmaya karar vermi\u015ftir. 15 Ekim 2021 tarihinde Edremit kentinde ALDA ile di\u011fer ulusal ve uluslararas\u0131 \u00fcyelerle birlikte orta\u011f\u0131 oldu\u011fu LDA Edremit\u2019in (Edremit Yerel Demokrasi Ajans\u0131) Mutabakat Metni imzalanm\u0131\u015ft\u0131r. Edremit Belediyesi, Avrupa\u2019da yerel demokrasinin geli\u015fmesinde aktif bir rol oynad\u0131\u011f\u0131 ve ALDA a\u011f\u0131na ba\u011fl\u0131l\u0131\u011f\u0131 nedeniyle 2020 y\u0131l\u0131nda Avrupa Konseyi B\u00f6lgesel ve Yerel Y\u00f6netimler Kongresi\u2019nden \u201cBelediyeler \u00a0ve B\u00f6lgeler Aras\u0131 Ortakl\u0131k Diplomas\u0131\u201d alm\u0131\u015ft\u0131r.<\/p><p>Edremit \u015fehri, Kongre taraf\u0131ndan geli\u015ftirilen Avrupa Yerel Demokrasi Haftas\u0131 kutlamalar\u0131 kapsam\u0131nda 2017, 2018, 2019, 2021 ve 2022 y\u0131l\u0131nda Avrupa Konseyi Yerel ve B\u00f6lgesel Y\u00f6netimler Kongresi taraf\u0131ndan \u201cPartner \u015eehir\u201d unvan\u0131na lay\u0131k g\u00f6r\u00fcld\u00fc. Buna ek olarak, 2018 y\u0131l\u0131nda prestijli Avrupa \u00d6d\u00fcl\u00fc\u2019n\u00fcn ilk ad\u0131m\u0131 olan Avrupa Diplomas\u0131 kazand\u0131ktan sonra, 2019 y\u0131l\u0131nda \u201c\u015eeref Bayra\u011f\u0131\u201d \u00f6d\u00fcl\u00fcn\u00fc alan T\u00fcrkiye\u2019nin tek \u015fehri olup, ard\u0131ndan 2021 y\u0131l\u0131nda Avrupa Konseyi Parlamenterler Meclisi taraf\u0131ndan \u00f6d\u00fcl\u00fcn 3 ad\u0131m\u0131 olan \u201c\u015eeref Plaketi\u201d \u00f6d\u00fcl\u00fcn\u00fc almaya hak kazanm\u0131\u015ft\u0131r.<\/p>\t\t\t\t\t\t<\/div>\n\t\t\t\t<\/div>\n\t\t\t\t\t<\/div>\n\t\t<\/div>\n\t\t\t\t\t\t\t<\/div>\n\t\t<\/section>\n\t\t\t\t<section class=\"elementor-section elementor-inner-section elementor-element elementor-element-37003d1 elementor-section-boxed elementor-section-height-default elementor-section-height-default\" data-id=\"37003d1\" data-element_type=\"section\">\n\t\t\t\t\t\t<div class=\"elementor-container elementor-column-gap-default\">\n\t\t\t\t\t<div class=\"elementor-column elementor-col-100 elementor-inner-column elementor-element elementor-element-727883c\" data-id=\"727883c\" data-element_type=\"column\">\n\t\t\t<div class=\"elementor-widget-wrap elementor-element-populated\">\n\t\t\t\t\t\t\t\t<div class=\"elementor-element elementor-element-5a77ceb elementor-widget elementor-widget-text-editor\" data-id=\"5a77ceb\" data-element_type=\"widget\" data-widget_type=\"text-editor.default\">\n\t\t\t\t<div class=\"elementor-widget-container\">\n\t\t\t\t\t\t\t<h2>Daha fazla bilgi i\u00e7in<\/h2>\n<h4><a style=\"text-align: justify; letter-spacing: 0px;\" href=\"http:\/\/www.edremit.bel.tr\/\">Edremit Belediyesi<\/a><\/h4>\n<h4><\/h4>\t\t\t\t\t\t<\/div>\n\t\t\t\t<\/div>\n\t\t\t\t\t<\/div>\n\t\t<\/div>\n\t\t\t\t\t\t\t<\/div>\n\t\t<\/section>\n\t\t\t\t\t<\/div>\n\t\t<\/div>\n\t\t\t\t\t\t\t<\/div>\n\t\t<\/section>\n\t\t\t\t\t\t\t<\/div>\n\t\t","protected":false},"excerpt":{"rendered":"<p>EDREM\u0130T BELED\u0130YES\u0130 EDREM\u0130T BELED\u0130YES\u0130 Edremit Belediyesi, Aeneas Rotas\u0131 Derne\u011fi\u2019nin kurucusudur ve dernek kapsam\u0131nda geli\u015ftirilen Yerel Y\u00f6netimler Stratejik Komitesi\u2019nde koordinat\u00f6r rol\u00fcn\u00fc \u00fcstlenmektedir. Antandros \u00d6ren Yeri\u2019ne ev sahipli\u011fi<span class=\"excerpt-hellip\"> [\u2026]<\/span><\/p>\n","protected":false},"author":1,"featured_media":0,"parent":0,"menu_order":0,"comment_status":"closed","ping_status":"closed","template":"","meta":{"footnotes":""},"class_list":["post-891","page","type-page","status-publish","hentry"],"_links":{"self":[{"href":"https:\/\/ariste.aeneasroute.org\/tr\/wp-json\/wp\/v2\/pages\/891","targetHints":{"allow":["GET"]}}],"collection":[{"href":"https:\/\/ariste.aeneasroute.org\/tr\/wp-json\/wp\/v2\/pages"}],"about":[{"href":"https:\/\/ariste.aeneasroute.org\/tr\/wp-json\/wp\/v2\/types\/page"}],"author":[{"embeddable":true,"href":"https:\/\/ariste.aeneasroute.org\/tr\/wp-json\/wp\/v2\/users\/1"}],"replies":[{"embeddable":true,"href":"https:\/\/ariste.aeneasroute.org\/tr\/wp-json\/wp\/v2\/comments?post=891"}],"version-history":[{"count":14,"href":"https:\/\/ariste.aeneasroute.org\/tr\/wp-json\/wp\/v2\/pages\/891\/revisions"}],"predecessor-version":[{"id":1664,"href":"https:\/\/ariste.aeneasroute.org\/tr\/wp-json\/wp\/v2\/pages\/891\/revisions\/1664"}],"wp:attachment":[{"href":"https:\/\/ariste.aeneasroute.org\/tr\/wp-json\/wp\/v2\/media?parent=891"}],"curies":[{"name":"wp","href":"https:\/\/api.w.org\/{rel}","templated":true}]}}